{"id":10,"date":"2021-01-27T12:49:30","date_gmt":"2021-01-27T10:49:30","guid":{"rendered":"http:\/\/investors.orthexgroup.com\/?page_id=10"},"modified":"2026-03-17T10:00:07","modified_gmt":"2026-03-17T08:00:07","slug":"etusivu","status":"publish","type":"page","link":"https:\/\/investors.orthexgroup.com\/fi\/","title":{"rendered":"Sijoittajat"},"content":{"rendered":"\n<p>Tervetuloa Orthexin Sijoittajat-sivuille!<\/p>\n\n\n\n<p>Orthex on Pohjoismaiden johtavia kodintuoteyhti\u00f6it\u00e4. Yhti\u00f6n tavoitteena on tehd\u00e4 tuotteillaan kuluttajien arjesta helpompaa. Orthexin p\u00e4\u00e4kuluttajabr\u00e4ndit ovat s\u00e4ilytystuotteissa SmartStore\u2122, keitti\u00f6tarvikkeissa GastroMax\u2122 sek\u00e4 kodin ja puutarhan tuotteissa Orthex\u2122. Vastuullisuudessa Orthex pyrkii olemaan toimialansa suunnann\u00e4ytt\u00e4j\u00e4.<\/p>\n\n\n\n<p>Orthexin liikevaihto vuonna 2025 oli 87,2 miljoonaa euroa ja liikevoitto 9,8 miljoonaa euroa. Yhti\u00f6ll\u00e4 on myynti\u00e4 yli 40 maassa, ja myyntiorganisaatiot Suomessa, Ruotsissa, Norjassa, Tanskassa, Saksassa, Ranskassa, Isossa-Britanniassa ja Benelux-maissa.<\/p>\n\n\n\n<p>Orthexin osakkeet on listattu Nasdaq Helsingin p\u00f6rssilistalla.<\/p>\n\n\n\n<p><\/p>\n\n\n\n\n<div class=\"custom-block large-text-block\">\n    <a href=\"https:\/\/investors.orthexgroup.com\/wp-content\/uploads\/2026\/03\/Orthex_Vuosi-_ja_vastuullisuusraportti_2025.pdf\" class=\"text\" >Orthex Oyj:n vuosi- ja vastuullisuusraportti 2025<\/a><\/div>\n\n\n<div class=\"custom-block newest-releases row\">\n            <div class=\"col-12\">\n            <h2>Uusimmat tiedotteet<\/h2>\n        <\/div>\n                        <div class=\"col-md-6 list-item\">\n                        <a href=\"https:\/\/investors.orthexgroup.com\/fi\/media\/?release=837FE4F0BBA7D4B3&#038;category=all\" aria-label=\"Avaa tiedote.\" class=\"item-content\">\n                            <p class=\"date\">25.03.2026 | 16:00<\/p>\n                            <h2 class=\"item-title\">Orthex Oyj: Arvopaperimarkkinalain 9 luvun 10 pyk\u00e4l\u00e4n mukainen ilmoitus omistusosuuden muutoksesta (Handelsbanken)<\/h2>\n                            <p class=\"categories\">P\u00f6rssitiedotteet \/ Stock exchange releases, Liputusilmoitukset \/ Flaggings<\/p>                        <\/a>\n                    <\/div>\n                                    <div class=\"col-md-6 list-item\">\n                        <a href=\"https:\/\/investors.orthexgroup.com\/fi\/media\/?release=C7B1085B0807C3B3&#038;category=all\" aria-label=\"Avaa tiedote.\" class=\"item-content\">\n                            <p class=\"date\">17.03.2026 | 12:00<\/p>\n                            <h2 class=\"item-title\">Orthex Oyj: Kutsu varsinaiseen yhti\u00f6kokoukseen 2026<\/h2>\n                            <p class=\"categories\">P\u00f6rssitiedotteet \/ Stock exchange releases<\/p>                        <\/a>\n                    <\/div>\n                                    <div class=\"col-md-6 list-item\">\n                        <a href=\"https:\/\/investors.orthexgroup.com\/fi\/media\/?release=7941C3EBF915E22B&#038;category=all\" aria-label=\"Avaa tiedote.\" class=\"item-content\">\n                            <p class=\"date\">17.03.2026 | 10:05<\/p>\n                            <h2 class=\"item-title\">Orthexin vastuullisuusraportti 2025 julkaistu: edistyst\u00e4 kaikilla vastuullisuuden keskeisill\u00e4 osa-alueilla<\/h2>\n                            <p class=\"categories\">Lehdist\u00f6tiedotteet \/ Press releases<\/p>                        <\/a>\n                    <\/div>\n                                    <div class=\"col-md-6 list-item\">\n                        <a href=\"https:\/\/investors.orthexgroup.com\/fi\/media\/?release=8B61BEDA8B40F38F&#038;category=all\" aria-label=\"Avaa tiedote.\" class=\"item-content\">\n                            <p class=\"date\">17.03.2026 | 10:00<\/p>\n                            <h2 class=\"item-title\">Orthex Oyj: Vuosi- ja vastuullisuusraportti 2025 julkaistu<\/h2>\n                            <p class=\"categories\">P\u00f6rssitiedotteet \/ Stock exchange releases<\/p>                        <\/a>\n                    <\/div>\n                        <div class=\"col-12 see-all\">\n            <p><a href=\"https:\/\/investors.orthexgroup.com\/fi\/media\/\" >Kaikki tiedotteet ><\/a><\/p>\n        <\/div>\n    <\/div>\n\n\n\n<div class=\"custom-block newsletter-form-block\" id=\"newsletter\">\n    <div class=\"container\">\n        <div class=\"row\"><h2 class=\"form-title col-12\">Tilaa tiedotteet s\u00e4hk\u00f6postiisi<\/h2><\/div>\n            <form class=\"newsletter-form row\" method=\"post\" action=\"https:\/\/publish.ne.cision.com\/Subscription\/SubscribeWithCaptcha\" name=\"PageForm\">\n                                <input type=\"hidden\" name=\"subscriptionUniqueIdentifier\" value=\"30a33a62cc\" \/>\n                \n                                <input type=\"hidden\" name=\"Replylanguage\" value=\"fi\">\n\n                                <input type=\"hidden\" name=\"redirectUrlSubscriptionSuccess\" value=\"https:\/\/investors.orthexgroup.com\/fi\/wp-json\/wp\/v2\/pages\/10?sub=success\" \/>\n                <input type=\"hidden\" name=\"redirectUrlSubscriptionFailed\" value=\"https:\/\/investors.orthexgroup.com\/fi\/wp-json\/wp\/v2\/pages\/10\" \/>\n\n                                <div class=\"col-md-6 col-lg-4\">\n                    <div class=\"form-check\">\n                        <input type=\"checkbox\" class=\"form-check-input\" name=\"Language\" value=\"en\" id=\"LanguageEn\" \/>\n                        <label class=\"form-check-label\" for=\"LanguageEn\">Englanniksi<\/label>\n                    <\/div>\n                    <div class=\"form-check\">\n                        <input type=\"checkbox\" class=\"form-check-input\" name=\"Language\" value=\"fi\" id=\"LanguageFi\" \/>\n                        <label class=\"form-check-label\" for=\"LanguageFi\">Suomeksi<\/label>\n                    <\/div>\n                <\/div>\n\n                                <div class=\"col-md-6 col-lg-4\">\n                    <div class=\"form-check\">\n                        <input type=\"checkbox\" class=\"form-check-input\" name=\"customcategory\" value=\"066d132f,99dea7dd,636c802e,5e377580,61229a6b\" id=\"category_0\" \/>\n                        <label class=\"form-check-label\" for=\"category_0\">Kaikki tiedotteet<\/label>\n                    <\/div>\n                    <div class=\"form-check\">\n                        <input type=\"checkbox\" class=\"form-check-input\" name=\"customcategory\" value=\"066d132f\" id=\"category_1\" \/>\n                        <label class=\"form-check-label\" for=\"category_1\">P\u00f6rssitiedotteet<\/label>\n                    <\/div>\n                    <div class=\"form-check\">\n                        <input type=\"checkbox\" class=\"form-check-input\" name=\"customcategory\" value=\"99dea7dd\" id=\"category_2\" \/>\n                        <label class=\"form-check-label\" for=\"category_2\">Johdon liiketoimet<\/label>\n                    <\/div>\n                    <div class=\"form-check\">\n                        <input type=\"checkbox\" class=\"form-check-input\" name=\"customcategory\" value=\"636c802e\" id=\"category_3\" \/>\n                        <label class=\"form-check-label\" for=\"category_3\">Liputusilmoitukset<\/label>\n                    <\/div>\n                    <div class=\"form-check\">\n                        <input type=\"checkbox\" class=\"form-check-input\" name=\"customcategory\" value=\"5e377580\" id=\"category_4\" \/>\n                        <label class=\"form-check-label\" for=\"category_4\">Lehdist\u00f6tiedotteet<\/label>\n                    <\/div>\n                    <!-- <div class=\"form-check\">\n                        <input type=\"checkbox\" class=\"form-check-input\" name=\"customcategory\" value=\"61229a6b\" id=\"category_5\" \/>\n                        <label class=\"form-check-label\" for=\"category_5\"><\/label>\n                    <\/div> -->\n                <\/div>\n\n\n                <div class=\"col-lg-8 text-wrap\">\n                                        <div class=\"form-group row align-items-center\">\n                        <label for=\"name\" class=\"col-md-3 col-form-label\">Nimi<\/label>\n                        <div class=\"col-md-9\">\n                            <input type=\"text\" name=\"Name\" class=\"form-control\" placeholder=\"Etunimi Sukunimi\" size=\"30\" id=\"name\" \/>\n                        <\/div>\n                    <\/div>\n                    \n                                        <div class=\"form-group row align-items-center\">\n                        <label for=\"email\" class=\"col-md-3 col-form-label\">S\u00e4hk\u00f6posti*<\/label>\n                        <div class=\"col-md-9\">\n                            <input type=\"text\" name=\"Email\" placeholder=\"etunimi.sukunimi@email.com\" id=\"email\" class=\"form-control\" required \/>\n                        <\/div>\n                    <\/div>\n                <\/div>\n\n                                <div class=\"col-12\">\n                    <div class=\"g-recaptcha\" data-sitekey=\"6LfZkqIaAAAAAO7YNwzVdgOBmiSUFbaa7WO9tk8A\" data-callback=\"recaptchaCallback\" data-hl=\"en\"><\/div>\n                                            <br>\n                        <div class=\"form-check\">\n                            <input type=\"checkbox\" class=\"form-check-input\" name=\"privacyPolicy\" id=\"privacyPolicy\" required onclick=\"privacyChange();\"\/>\n                            <label class=\"form-check-label\" for=\"privacyPolicy\">\n                            Olen lukenut ja hyv\u00e4ksyn <a href=\"https:\/\/investors.orthexgroup.com\/fi\/tietosuoja\/\" target=\"_blank\">tietosuojaselosteen<\/a>.                            <\/label>\n                        <\/div>\n                                        <button type=\"submit\" disabled class=\"button submitBtn\">L\u00e4het\u00e4<\/button>\n                <\/div>\n            <\/form>\n            <script>\n                let privacy = false;\n                let recaptcha = false;\n                \n                function recaptchaCallback() {\n                    recaptcha = true;\n                    handleButton();\n                };\n                \n                function privacyChange() {\n                    privacy = !privacy;\n                    handleButton();\n                };\n                \n                function handleButton() {\n                    if(privacy && recaptcha) {\n                        jQuery('.submitBtn').removeAttr('disabled');\n                    }\n                    else {\n                        jQuery('.submitBtn').attr('disabled', 'disabled');\n                    }\n                }\n            <\/script>\n            <\/div>\n<\/div>\n\n\n\n<p><\/p>\n\n\n<div class=\"custom-block link-boxes\">\n            <div class=\"links\">\n            <a class=\"box\" href=\"https:\/\/investors.orthexgroup.com\/fi\/toimitusjohtajan-katsaus\/\"><h1 class=\"title\">Toimitusjohtajan katsaus<\/h1><span class=\"link\">Lue lis\u00e4\u00e4<\/span><\/a><a class=\"box\" href=\"https:\/\/investors.orthexgroup.com\/fi\/raportit-ja-esitykset\/\"><h1 class=\"title\">Raportit ja esitykset<\/h1><span class=\"link\">Lue lis\u00e4\u00e4<\/span><\/a><a class=\"box\" href=\"https:\/\/investors.orthexgroup.com\/fi\/orthex-yhtiona\/strategia\/\"><h1 class=\"title\">Strategia<\/h1><span class=\"link\">Tutustu Orthexin strategiaan<\/span><\/a><a class=\"box\" href=\"https:\/\/investors.orthexgroup.com\/fi\/sijoittajasuhteet\/sijoittajakalenteri\/\"><h1 class=\"title\">Sijoittajakalenteri<\/h1><span class=\"link\">Taloudellinen tiedottaminen ja tapahtumat<\/span><\/a>        <\/div>\n    <\/div>\n","protected":false},"excerpt":{"rendered":"<p>Tervetuloa Orthexin Sijoittajat-sivuille! Orthex on Pohjoismaiden johtavia kodintuoteyhti\u00f6it\u00e4. Yhti\u00f6n tavoitteena on tehd\u00e4 tuotteillaan kuluttajien arjesta&hellip;<\/p>\n","protected":false},"author":1,"featured_media":0,"parent":0,"menu_order":0,"comment_status":"closed","ping_status":"closed","template":"","meta":{"_acf_changed":false,"footnotes":""},"class_list":["post-10","page","type-page","status-publish","hentry"],"acf":[],"yoast_head":"<!-- This site is optimized with the Yoast SEO plugin v27.1.1 - https:\/\/yoast.com\/product\/yoast-seo-wordpress\/ -->\n<title>Orthex sijoittajille - Orthex Group - Yhti\u00f6n verkkosivut<\/title>\n<meta name=\"description\" content=\"Tervetuloa Orthex Sijoittajat-sivuille. T\u00e4\u00e4lt\u00e4 l\u00f6yd\u00e4t ajantasaista tietoa sijoittajille. Orthex on Pohjoismaiden johtavia kodintuoteyhti\u00f6it\u00e4.\" \/>\n<meta name=\"robots\" content=\"index, follow, max-snippet:-1, max-image-preview:large, max-video-preview:-1\" \/>\n<link rel=\"canonical\" href=\"https:\/\/investors.orthexgroup.com\/fi\/\" \/>\n<meta property=\"og:locale\" content=\"fi_FI\" \/>\n<meta property=\"og:type\" content=\"article\" \/>\n<meta property=\"og:title\" content=\"Orthex sijoittajille - Orthex Group - Yhti\u00f6n verkkosivut\" \/>\n<meta property=\"og:description\" content=\"Tervetuloa Orthex Sijoittajat-sivuille. T\u00e4\u00e4lt\u00e4 l\u00f6yd\u00e4t ajantasaista tietoa sijoittajille. Orthex on Pohjoismaiden johtavia kodintuoteyhti\u00f6it\u00e4.\" \/>\n<meta property=\"og:url\" content=\"https:\/\/investors.orthexgroup.com\/fi\/\" \/>\n<meta property=\"og:site_name\" content=\"Orthex Group\" \/>\n<meta property=\"article:modified_time\" content=\"2026-03-17T08:00:07+00:00\" \/>\n<meta name=\"twitter:card\" content=\"summary_large_image\" \/>\n<meta name=\"twitter:label1\" content=\"Arvioitu lukuaika\" \/>\n\t<meta name=\"twitter:data1\" content=\"2 minuuttia\" \/>\n<script type=\"application\/ld+json\" class=\"yoast-schema-graph\">{\"@context\":\"https:\/\/schema.org\",\"@graph\":[{\"@type\":\"WebPage\",\"@id\":\"https:\/\/investors.orthexgroup.com\/fi\/\",\"url\":\"https:\/\/investors.orthexgroup.com\/fi\/\",\"name\":\"Orthex sijoittajille - Orthex Group - Yhti\u00f6n verkkosivut\",\"isPartOf\":{\"@id\":\"https:\/\/investors.orthexgroup.com\/fi\/#website\"},\"datePublished\":\"2021-01-27T10:49:30+00:00\",\"dateModified\":\"2026-03-17T08:00:07+00:00\",\"description\":\"Tervetuloa Orthex Sijoittajat-sivuille. T\u00e4\u00e4lt\u00e4 l\u00f6yd\u00e4t ajantasaista tietoa sijoittajille. Orthex on Pohjoismaiden johtavia kodintuoteyhti\u00f6it\u00e4.\",\"breadcrumb\":{\"@id\":\"https:\/\/investors.orthexgroup.com\/fi\/#breadcrumb\"},\"inLanguage\":\"fi\",\"potentialAction\":[{\"@type\":\"ReadAction\",\"target\":[\"https:\/\/investors.orthexgroup.com\/fi\/\"]}]},{\"@type\":\"BreadcrumbList\",\"@id\":\"https:\/\/investors.orthexgroup.com\/fi\/#breadcrumb\",\"itemListElement\":[{\"@type\":\"ListItem\",\"position\":1,\"name\":\"Etusivu\",\"item\":\"https:\/\/investors.orthexgroup.com\/fi\/\"},{\"@type\":\"ListItem\",\"position\":2,\"name\":\"Sijoittajat\"}]},{\"@type\":\"WebSite\",\"@id\":\"https:\/\/investors.orthexgroup.com\/fi\/#website\",\"url\":\"https:\/\/investors.orthexgroup.com\/fi\/\",\"name\":\"Orthex Group\",\"description\":\"Tietoa Orthex Group Oyn listautumisannista\",\"publisher\":{\"@id\":\"https:\/\/investors.orthexgroup.com\/fi\/#organization\"},\"potentialAction\":[{\"@type\":\"SearchAction\",\"target\":{\"@type\":\"EntryPoint\",\"urlTemplate\":\"https:\/\/investors.orthexgroup.com\/fi\/?s={search_term_string}\"},\"query-input\":{\"@type\":\"PropertyValueSpecification\",\"valueRequired\":true,\"valueName\":\"search_term_string\"}}],\"inLanguage\":\"fi\"},{\"@type\":\"Organization\",\"@id\":\"https:\/\/investors.orthexgroup.com\/fi\/#organization\",\"name\":\"Orthex Group\",\"url\":\"https:\/\/investors.orthexgroup.com\/fi\/\",\"logo\":{\"@type\":\"ImageObject\",\"inLanguage\":\"fi\",\"@id\":\"https:\/\/investors.orthexgroup.com\/fi\/#\/schema\/logo\/image\/\",\"url\":\"https:\/\/investors.orthexgroup.com\/wp-content\/uploads\/2021\/01\/orthex-group-logo.svg\",\"contentUrl\":\"https:\/\/investors.orthexgroup.com\/wp-content\/uploads\/2021\/01\/orthex-group-logo.svg\",\"width\":129,\"height\":57,\"caption\":\"Orthex Group\"},\"image\":{\"@id\":\"https:\/\/investors.orthexgroup.com\/fi\/#\/schema\/logo\/image\/\"}}]}<\/script>\n<!-- \/ Yoast SEO plugin. -->","yoast_head_json":{"title":"Orthex sijoittajille - Orthex Group - Yhti\u00f6n verkkosivut","description":"Tervetuloa Orthex Sijoittajat-sivuille. T\u00e4\u00e4lt\u00e4 l\u00f6yd\u00e4t ajantasaista tietoa sijoittajille. Orthex on Pohjoismaiden johtavia kodintuoteyhti\u00f6it\u00e4.","robots":{"index":"index","follow":"follow","max-snippet":"max-snippet:-1","max-image-preview":"max-image-preview:large","max-video-preview":"max-video-preview:-1"},"canonical":"https:\/\/investors.orthexgroup.com\/fi\/","og_locale":"fi_FI","og_type":"article","og_title":"Orthex sijoittajille - Orthex Group - Yhti\u00f6n verkkosivut","og_description":"Tervetuloa Orthex Sijoittajat-sivuille. T\u00e4\u00e4lt\u00e4 l\u00f6yd\u00e4t ajantasaista tietoa sijoittajille. Orthex on Pohjoismaiden johtavia kodintuoteyhti\u00f6it\u00e4.","og_url":"https:\/\/investors.orthexgroup.com\/fi\/","og_site_name":"Orthex Group","article_modified_time":"2026-03-17T08:00:07+00:00","twitter_card":"summary_large_image","twitter_misc":{"Arvioitu lukuaika":"2 minuuttia"},"schema":{"@context":"https:\/\/schema.org","@graph":[{"@type":"WebPage","@id":"https:\/\/investors.orthexgroup.com\/fi\/","url":"https:\/\/investors.orthexgroup.com\/fi\/","name":"Orthex sijoittajille - Orthex Group - Yhti\u00f6n verkkosivut","isPartOf":{"@id":"https:\/\/investors.orthexgroup.com\/fi\/#website"},"datePublished":"2021-01-27T10:49:30+00:00","dateModified":"2026-03-17T08:00:07+00:00","description":"Tervetuloa Orthex Sijoittajat-sivuille. T\u00e4\u00e4lt\u00e4 l\u00f6yd\u00e4t ajantasaista tietoa sijoittajille. Orthex on Pohjoismaiden johtavia kodintuoteyhti\u00f6it\u00e4.","breadcrumb":{"@id":"https:\/\/investors.orthexgroup.com\/fi\/#breadcrumb"},"inLanguage":"fi","potentialAction":[{"@type":"ReadAction","target":["https:\/\/investors.orthexgroup.com\/fi\/"]}]},{"@type":"BreadcrumbList","@id":"https:\/\/investors.orthexgroup.com\/fi\/#breadcrumb","itemListElement":[{"@type":"ListItem","position":1,"name":"Etusivu","item":"https:\/\/investors.orthexgroup.com\/fi\/"},{"@type":"ListItem","position":2,"name":"Sijoittajat"}]},{"@type":"WebSite","@id":"https:\/\/investors.orthexgroup.com\/fi\/#website","url":"https:\/\/investors.orthexgroup.com\/fi\/","name":"Orthex Group","description":"Tietoa Orthex Group Oyn listautumisannista","publisher":{"@id":"https:\/\/investors.orthexgroup.com\/fi\/#organization"},"potentialAction":[{"@type":"SearchAction","target":{"@type":"EntryPoint","urlTemplate":"https:\/\/investors.orthexgroup.com\/fi\/?s={search_term_string}"},"query-input":{"@type":"PropertyValueSpecification","valueRequired":true,"valueName":"search_term_string"}}],"inLanguage":"fi"},{"@type":"Organization","@id":"https:\/\/investors.orthexgroup.com\/fi\/#organization","name":"Orthex Group","url":"https:\/\/investors.orthexgroup.com\/fi\/","logo":{"@type":"ImageObject","inLanguage":"fi","@id":"https:\/\/investors.orthexgroup.com\/fi\/#\/schema\/logo\/image\/","url":"https:\/\/investors.orthexgroup.com\/wp-content\/uploads\/2021\/01\/orthex-group-logo.svg","contentUrl":"https:\/\/investors.orthexgroup.com\/wp-content\/uploads\/2021\/01\/orthex-group-logo.svg","width":129,"height":57,"caption":"Orthex Group"},"image":{"@id":"https:\/\/investors.orthexgroup.com\/fi\/#\/schema\/logo\/image\/"}}]}},"_links":{"self":[{"href":"https:\/\/investors.orthexgroup.com\/fi\/wp-json\/wp\/v2\/pages\/10","targetHints":{"allow":["GET"]}}],"collection":[{"href":"https:\/\/investors.orthexgroup.com\/fi\/wp-json\/wp\/v2\/pages"}],"about":[{"href":"https:\/\/investors.orthexgroup.com\/fi\/wp-json\/wp\/v2\/types\/page"}],"author":[{"embeddable":true,"href":"https:\/\/investors.orthexgroup.com\/fi\/wp-json\/wp\/v2\/users\/1"}],"replies":[{"embeddable":true,"href":"https:\/\/investors.orthexgroup.com\/fi\/wp-json\/wp\/v2\/comments?post=10"}],"version-history":[{"count":14,"href":"https:\/\/investors.orthexgroup.com\/fi\/wp-json\/wp\/v2\/pages\/10\/revisions"}],"predecessor-version":[{"id":6461,"href":"https:\/\/investors.orthexgroup.com\/fi\/wp-json\/wp\/v2\/pages\/10\/revisions\/6461"}],"wp:attachment":[{"href":"https:\/\/investors.orthexgroup.com\/fi\/wp-json\/wp\/v2\/media?parent=10"}],"curies":[{"name":"wp","href":"https:\/\/api.w.org\/{rel}","templated":true}]}}