{"id":1733,"date":"2021-04-08T16:01:02","date_gmt":"2021-04-08T13:01:02","guid":{"rendered":"https:\/\/investors.orthexgroup.com\/?page_id=1733"},"modified":"2024-11-12T15:53:53","modified_gmt":"2024-11-12T13:53:53","slug":"tietosuoja","status":"publish","type":"page","link":"https:\/\/investors.orthexgroup.com\/fi\/tietosuoja\/","title":{"rendered":"Tietosuoja"},"content":{"rendered":"\n<p>Orthex Group on sitoutunut suojaamaan yksityisyytt\u00e4si. K\u00e4sittelemme henkil\u00f6tietojasi vain sovellettavien tietosuojaa ja yksityisyydensuojaa koskevien lakien sek\u00e4 hyvien tietoturvak\u00e4yt\u00e4nt\u00f6jen mukaisesti. Alla olevissa tietosuojaselosteissa kerromme, miten k\u00e4sittelemme henkil\u00f6tietojasi ja mit\u00e4 oikeuksia sinulla henkil\u00f6tietojesi k\u00e4sittelyyn liittyen on.<\/p>\n\n\n\n<p><a href=\"https:\/\/www.orthexgroup.fi\/content\/66-evasteseloste\" target=\"_blank\" rel=\"noreferrer noopener\">Ev\u00e4steselosteessa<\/a> kerromme verkkosivuillamme vierailijoiden ev\u00e4stetietojen k\u00e4yt\u00f6st\u00e4. Voit valita verkkosivuille saapuessasi mitk\u00e4 ev\u00e4steet sallit sivun p\u00e4\u00e4lle aukeavassa ev\u00e4steasetukset-ikkunassa. Voit muuttaa asetuksiasi milloin vain valitsemalla \u201dEv\u00e4steasetukset\u201d sivuston alareunassa tai klikkaamalla py\u00f6re\u00e4t\u00e4 ikonia sivun oikeassa alareunassa.<\/p>\n\n\n\n<p>Kaikissa tietosuojaan liittyviss\u00e4 asioissa pyyd\u00e4mme sinua ottamaan meihin yhteytt\u00e4 s\u00e4hk\u00f6postitse osoitteella tietosuoja(at)orthexgoup.com.<\/p>\n\n\n<div class=\"custom-block downloads\">\n    <h2 class=\"block-title h2\">Tietosuojaselosteet<\/h2><ul class=\"links\"><li class=\"single-row\"><a href=\"https:\/\/investors.orthexgroup.com\/wp-content\/uploads\/2022\/06\/Orthex-Oyj-Tietosuojaseloste-Tiedotteiden-tilaajat.pdf\" class=\"link\">Orthex Oyj &#8211; Tietosuojaseloste &#8211; Tiedotteiden tilaajat<\/a><a href=\"https:\/\/investors.orthexgroup.com\/wp-content\/uploads\/2022\/06\/Orthex-Oyj-Tietosuojaseloste-Tiedotteiden-tilaajat.pdf\" class=\"download\" download><\/a><\/li><li class=\"single-row\"><a href=\"https:\/\/investors.orthexgroup.com\/wp-content\/uploads\/2022\/06\/Orthex-Oyj-Tietosuojaseloste-Osakkeenomistajat.pdf\" class=\"link\">Orthex Oyj &#8211; Tietosuojaseloste &#8211; Osakkeenomistajat<\/a><a href=\"https:\/\/investors.orthexgroup.com\/wp-content\/uploads\/2022\/06\/Orthex-Oyj-Tietosuojaseloste-Osakkeenomistajat.pdf\" class=\"download\" download><\/a><\/li><li class=\"single-row\"><a href=\"https:\/\/investors.orthexgroup.com\/wp-content\/uploads\/2023\/01\/Orthex-Oyj-Tietosuojaseloste-Ilmoituskanavan-kayttajat.pdf\" class=\"link\">Orthex Oyj &#8211; Tietosuojaseloste &#8211; Ilmoituskanavan k\u00e4ytt\u00e4j\u00e4t<\/a><a href=\"https:\/\/investors.orthexgroup.com\/wp-content\/uploads\/2023\/01\/Orthex-Oyj-Tietosuojaseloste-Ilmoituskanavan-kayttajat.pdf\" class=\"download\" download><\/a><\/li><li class=\"single-row\"><a href=\"https:\/\/investors.orthexgroup.com\/wp-content\/uploads\/2022\/06\/Orthex-Oyj-Tietosuojaseloste-Johtohenkilot-ja-heidan-lahipiiriinsa-kuuluvat-henkilot.pdf\" class=\"link\">Orthex Oyj &#8211; Tietosuojaseloste &#8211; Johtohenkil\u00f6t ja heid\u00e4n l\u00e4hipiiriins\u00e4 kuuluvat henkil\u00f6t<\/a><a href=\"https:\/\/investors.orthexgroup.com\/wp-content\/uploads\/2022\/06\/Orthex-Oyj-Tietosuojaseloste-Johtohenkilot-ja-heidan-lahipiiriinsa-kuuluvat-henkilot.pdf\" class=\"download\" download><\/a><\/li><li class=\"single-row\"><a href=\"https:\/\/investors.orthexgroup.com\/wp-content\/uploads\/2022\/06\/Orthex-Oyj-Tietosuojaseloste-Taloudellisen-tiedon-saajat.pdf\" class=\"link\">Orthex Oyj &#8211; Tietosuojaseloste &#8211; Taloudellisen tiedon saajat<\/a><a href=\"https:\/\/investors.orthexgroup.com\/wp-content\/uploads\/2022\/06\/Orthex-Oyj-Tietosuojaseloste-Taloudellisen-tiedon-saajat.pdf\" class=\"download\" download><\/a><\/li><li class=\"single-row\"><a href=\"https:\/\/investors.orthexgroup.com\/wp-content\/uploads\/2022\/06\/Orthex-Oyj-Tietosuojaseloste-Sisapiirilaiset.pdf\" class=\"link\">Orthex Oyj &#8211; Tietosuojaseloste &#8211; Sis\u00e4piiril\u00e4iset<\/a><a href=\"https:\/\/investors.orthexgroup.com\/wp-content\/uploads\/2022\/06\/Orthex-Oyj-Tietosuojaseloste-Sisapiirilaiset.pdf\" class=\"download\" download><\/a><\/li><\/ul><\/div>\n\n\n<div class=\"custom-block downloads\">\n    <h2 class=\"block-title h2\">Arkisto<\/h2><ul class=\"links\"><li class=\"single-row\"><a href=\"https:\/\/investors.orthexgroup.com\/wp-content\/uploads\/2021\/12\/Privacy-policy_whistleblowing_FI.pdf\" class=\"link\">Ilmoituskanavaa koskeva tietosuojaseloste 2021<\/a><a href=\"https:\/\/investors.orthexgroup.com\/wp-content\/uploads\/2021\/12\/Privacy-policy_whistleblowing_FI.pdf\" class=\"download\" download><\/a><\/li><li class=\"single-row\"><a href=\"https:\/\/investors.orthexgroup.com\/wp-content\/uploads\/2023\/01\/Orthex-Oyj-Tietosuojaseloste-Ilmoituskanavan-kayttajat-31.5.2022.pdf\" class=\"link\">Orthex Oyj &#8211; Tietosuojaseloste &#8211; Ilmoituskanavan k\u00e4ytt\u00e4j\u00e4t (31.5.2022)<\/a><a href=\"https:\/\/investors.orthexgroup.com\/wp-content\/uploads\/2023\/01\/Orthex-Oyj-Tietosuojaseloste-Ilmoituskanavan-kayttajat-31.5.2022.pdf\" class=\"download\" download><\/a><\/li><li class=\"single-row\"><\/li><\/ul><\/div>\n","protected":false},"excerpt":{"rendered":"<p>Orthex Group on sitoutunut suojaamaan yksityisyytt\u00e4si. K\u00e4sittelemme henkil\u00f6tietojasi vain sovellettavien tietosuojaa ja yksityisyydensuojaa koskevien lakien&hellip;<\/p>\n","protected":false},"author":5,"featured_media":0,"parent":0,"menu_order":0,"comment_status":"closed","ping_status":"closed","template":"","meta":{"_acf_changed":false,"footnotes":""},"class_list":["post-1733","page","type-page","status-publish","hentry"],"acf":[],"yoast_head":"<!-- This site is optimized with the Yoast SEO plugin v27.1.1 - https:\/\/yoast.com\/product\/yoast-seo-wordpress\/ -->\n<title>Tietosuoja - Orthex Group<\/title>\n<meta name=\"robots\" content=\"index, follow, max-snippet:-1, max-image-preview:large, max-video-preview:-1\" \/>\n<link rel=\"canonical\" href=\"https:\/\/investors.orthexgroup.com\/fi\/tietosuoja\/\" \/>\n<meta property=\"og:locale\" content=\"fi_FI\" \/>\n<meta property=\"og:type\" content=\"article\" \/>\n<meta property=\"og:title\" content=\"Tietosuoja - Orthex Group\" \/>\n<meta property=\"og:description\" content=\"Orthex Group on sitoutunut suojaamaan yksityisyytt\u00e4si. K\u00e4sittelemme henkil\u00f6tietojasi vain sovellettavien tietosuojaa ja yksityisyydensuojaa koskevien lakien&hellip;\" \/>\n<meta property=\"og:url\" content=\"https:\/\/investors.orthexgroup.com\/fi\/tietosuoja\/\" \/>\n<meta property=\"og:site_name\" content=\"Orthex Group\" \/>\n<meta property=\"article:modified_time\" content=\"2024-11-12T13:53:53+00:00\" \/>\n<meta name=\"twitter:card\" content=\"summary_large_image\" \/>\n<meta name=\"twitter:label1\" content=\"Arvioitu lukuaika\" \/>\n\t<meta name=\"twitter:data1\" content=\"1 minuutti\" \/>\n<script type=\"application\/ld+json\" class=\"yoast-schema-graph\">{\"@context\":\"https:\/\/schema.org\",\"@graph\":[{\"@type\":\"WebPage\",\"@id\":\"https:\/\/investors.orthexgroup.com\/fi\/tietosuoja\/\",\"url\":\"https:\/\/investors.orthexgroup.com\/fi\/tietosuoja\/\",\"name\":\"Tietosuoja - Orthex Group\",\"isPartOf\":{\"@id\":\"https:\/\/investors.orthexgroup.com\/fi\/#website\"},\"datePublished\":\"2021-04-08T13:01:02+00:00\",\"dateModified\":\"2024-11-12T13:53:53+00:00\",\"breadcrumb\":{\"@id\":\"https:\/\/investors.orthexgroup.com\/fi\/tietosuoja\/#breadcrumb\"},\"inLanguage\":\"fi\",\"potentialAction\":[{\"@type\":\"ReadAction\",\"target\":[\"https:\/\/investors.orthexgroup.com\/fi\/tietosuoja\/\"]}]},{\"@type\":\"BreadcrumbList\",\"@id\":\"https:\/\/investors.orthexgroup.com\/fi\/tietosuoja\/#breadcrumb\",\"itemListElement\":[{\"@type\":\"ListItem\",\"position\":1,\"name\":\"Etusivu\",\"item\":\"https:\/\/investors.orthexgroup.com\/fi\/\"},{\"@type\":\"ListItem\",\"position\":2,\"name\":\"Tietosuoja\"}]},{\"@type\":\"WebSite\",\"@id\":\"https:\/\/investors.orthexgroup.com\/fi\/#website\",\"url\":\"https:\/\/investors.orthexgroup.com\/fi\/\",\"name\":\"Orthex Group\",\"description\":\"Tietoa Orthex Group Oyn listautumisannista\",\"publisher\":{\"@id\":\"https:\/\/investors.orthexgroup.com\/fi\/#organization\"},\"potentialAction\":[{\"@type\":\"SearchAction\",\"target\":{\"@type\":\"EntryPoint\",\"urlTemplate\":\"https:\/\/investors.orthexgroup.com\/fi\/?s={search_term_string}\"},\"query-input\":{\"@type\":\"PropertyValueSpecification\",\"valueRequired\":true,\"valueName\":\"search_term_string\"}}],\"inLanguage\":\"fi\"},{\"@type\":\"Organization\",\"@id\":\"https:\/\/investors.orthexgroup.com\/fi\/#organization\",\"name\":\"Orthex Group\",\"url\":\"https:\/\/investors.orthexgroup.com\/fi\/\",\"logo\":{\"@type\":\"ImageObject\",\"inLanguage\":\"fi\",\"@id\":\"https:\/\/investors.orthexgroup.com\/fi\/#\/schema\/logo\/image\/\",\"url\":\"https:\/\/investors.orthexgroup.com\/wp-content\/uploads\/2021\/01\/orthex-group-logo.svg\",\"contentUrl\":\"https:\/\/investors.orthexgroup.com\/wp-content\/uploads\/2021\/01\/orthex-group-logo.svg\",\"width\":129,\"height\":57,\"caption\":\"Orthex Group\"},\"image\":{\"@id\":\"https:\/\/investors.orthexgroup.com\/fi\/#\/schema\/logo\/image\/\"}}]}<\/script>\n<!-- \/ Yoast SEO plugin. -->","yoast_head_json":{"title":"Tietosuoja - Orthex Group","robots":{"index":"index","follow":"follow","max-snippet":"max-snippet:-1","max-image-preview":"max-image-preview:large","max-video-preview":"max-video-preview:-1"},"canonical":"https:\/\/investors.orthexgroup.com\/fi\/tietosuoja\/","og_locale":"fi_FI","og_type":"article","og_title":"Tietosuoja - Orthex Group","og_description":"Orthex Group on sitoutunut suojaamaan yksityisyytt\u00e4si. K\u00e4sittelemme henkil\u00f6tietojasi vain sovellettavien tietosuojaa ja yksityisyydensuojaa koskevien lakien&hellip;","og_url":"https:\/\/investors.orthexgroup.com\/fi\/tietosuoja\/","og_site_name":"Orthex Group","article_modified_time":"2024-11-12T13:53:53+00:00","twitter_card":"summary_large_image","twitter_misc":{"Arvioitu lukuaika":"1 minuutti"},"schema":{"@context":"https:\/\/schema.org","@graph":[{"@type":"WebPage","@id":"https:\/\/investors.orthexgroup.com\/fi\/tietosuoja\/","url":"https:\/\/investors.orthexgroup.com\/fi\/tietosuoja\/","name":"Tietosuoja - Orthex Group","isPartOf":{"@id":"https:\/\/investors.orthexgroup.com\/fi\/#website"},"datePublished":"2021-04-08T13:01:02+00:00","dateModified":"2024-11-12T13:53:53+00:00","breadcrumb":{"@id":"https:\/\/investors.orthexgroup.com\/fi\/tietosuoja\/#breadcrumb"},"inLanguage":"fi","potentialAction":[{"@type":"ReadAction","target":["https:\/\/investors.orthexgroup.com\/fi\/tietosuoja\/"]}]},{"@type":"BreadcrumbList","@id":"https:\/\/investors.orthexgroup.com\/fi\/tietosuoja\/#breadcrumb","itemListElement":[{"@type":"ListItem","position":1,"name":"Etusivu","item":"https:\/\/investors.orthexgroup.com\/fi\/"},{"@type":"ListItem","position":2,"name":"Tietosuoja"}]},{"@type":"WebSite","@id":"https:\/\/investors.orthexgroup.com\/fi\/#website","url":"https:\/\/investors.orthexgroup.com\/fi\/","name":"Orthex Group","description":"Tietoa Orthex Group Oyn listautumisannista","publisher":{"@id":"https:\/\/investors.orthexgroup.com\/fi\/#organization"},"potentialAction":[{"@type":"SearchAction","target":{"@type":"EntryPoint","urlTemplate":"https:\/\/investors.orthexgroup.com\/fi\/?s={search_term_string}"},"query-input":{"@type":"PropertyValueSpecification","valueRequired":true,"valueName":"search_term_string"}}],"inLanguage":"fi"},{"@type":"Organization","@id":"https:\/\/investors.orthexgroup.com\/fi\/#organization","name":"Orthex Group","url":"https:\/\/investors.orthexgroup.com\/fi\/","logo":{"@type":"ImageObject","inLanguage":"fi","@id":"https:\/\/investors.orthexgroup.com\/fi\/#\/schema\/logo\/image\/","url":"https:\/\/investors.orthexgroup.com\/wp-content\/uploads\/2021\/01\/orthex-group-logo.svg","contentUrl":"https:\/\/investors.orthexgroup.com\/wp-content\/uploads\/2021\/01\/orthex-group-logo.svg","width":129,"height":57,"caption":"Orthex Group"},"image":{"@id":"https:\/\/investors.orthexgroup.com\/fi\/#\/schema\/logo\/image\/"}}]}},"_links":{"self":[{"href":"https:\/\/investors.orthexgroup.com\/fi\/wp-json\/wp\/v2\/pages\/1733","targetHints":{"allow":["GET"]}}],"collection":[{"href":"https:\/\/investors.orthexgroup.com\/fi\/wp-json\/wp\/v2\/pages"}],"about":[{"href":"https:\/\/investors.orthexgroup.com\/fi\/wp-json\/wp\/v2\/types\/page"}],"author":[{"embeddable":true,"href":"https:\/\/investors.orthexgroup.com\/fi\/wp-json\/wp\/v2\/users\/5"}],"replies":[{"embeddable":true,"href":"https:\/\/investors.orthexgroup.com\/fi\/wp-json\/wp\/v2\/comments?post=1733"}],"version-history":[{"count":5,"href":"https:\/\/investors.orthexgroup.com\/fi\/wp-json\/wp\/v2\/pages\/1733\/revisions"}],"predecessor-version":[{"id":5408,"href":"https:\/\/investors.orthexgroup.com\/fi\/wp-json\/wp\/v2\/pages\/1733\/revisions\/5408"}],"wp:attachment":[{"href":"https:\/\/investors.orthexgroup.com\/fi\/wp-json\/wp\/v2\/media?parent=1733"}],"curies":[{"name":"wp","href":"https:\/\/api.w.org\/{rel}","templated":true}]}}