{"id":1884,"date":"2021-05-05T15:12:59","date_gmt":"2021-05-05T12:12:59","guid":{"rendered":"https:\/\/investors.orthexgroup.com\/?page_id=1884"},"modified":"2026-03-05T10:14:26","modified_gmt":"2026-03-05T08:14:26","slug":"toimitusjohtajan-katsaus","status":"publish","type":"page","link":"https:\/\/investors.orthexgroup.com\/fi\/toimitusjohtajan-katsaus\/","title":{"rendered":"Orthexin toimitusjohtajan katsaus"},"content":{"rendered":"\n<h3 class=\"wp-block-heading\">Tilinp\u00e4\u00e4t\u00f6stiedotteesta 2025: Vakaa kannattavuus heikossa markkinatilanteessa<\/h3>\n\n\n\n<div class=\"wp-block-columns is-layout-flex wp-container-core-columns-is-layout-9d6595d7 wp-block-columns-is-layout-flex\">\n<div class=\"wp-block-column is-layout-flow wp-block-column-is-layout-flow\" style=\"flex-basis:33.33%\">\n<figure class=\"wp-block-image size-full\"><img loading=\"lazy\" decoding=\"async\" width=\"424\" height=\"636\" src=\"https:\/\/investors.orthexgroup.com\/wp-content\/uploads\/2025\/05\/image.png\" alt=\"\" class=\"wp-image-5804\" srcset=\"https:\/\/investors.orthexgroup.com\/wp-content\/uploads\/2025\/05\/image.png 424w, https:\/\/investors.orthexgroup.com\/wp-content\/uploads\/2025\/05\/image-200x300.png 200w, https:\/\/investors.orthexgroup.com\/wp-content\/uploads\/2025\/05\/image-180x270.png 180w, https:\/\/investors.orthexgroup.com\/wp-content\/uploads\/2025\/05\/image-333x500.png 333w, https:\/\/investors.orthexgroup.com\/wp-content\/uploads\/2025\/05\/image-173x260.png 173w\" sizes=\"auto, (max-width: 424px) 85vw, 424px\" \/><figcaption class=\"wp-element-caption\">Alexander Rosenlew<\/figcaption><\/figure>\n<\/div>\n\n\n\n<div class=\"wp-block-column is-layout-flow wp-block-column-is-layout-flow\" style=\"flex-basis:66.66%\">\n<p><\/p>\n\n\n\n<p><strong>Alexander Rosenlew, toimitusjohtaja<\/strong><br>\u201dOrthexin liikevaihto vuoden 2025 nelj\u00e4nnell\u00e4 vuosinelj\u00e4nneksell\u00e4 laski 6,6 % verrattuna edellisvuoden viimeisen nelj\u00e4nneksen enn\u00e4tyskorkeaan liikevaihtoon ja oli 22,3 milj. euroa (23,9). Liikevaihdon lasku johtuu p\u00e4\u00e4osin siit\u00e4, ett\u00e4 tavarantoimitukset kolmannen nelj\u00e4nneksen lopulla olivat suuria ja ennakkotoimituksia vuoden 2026 alun kampanjoita varten oli vuoden lopulla v\u00e4hemm\u00e4n. Valuuttakurssineutraali liikevaihto laski 9,4 %. Koko vuoden liikevaihto laski 2,8 % ja oli 87,2 milj. euroa (89,7). Myynnin lasku johtuu erityisesti varovaisesta kulutusk\u00e4ytt\u00e4ytymisest\u00e4. Varsinkin vuoden alussa jouduimme lis\u00e4ksi rajoittamaan toimituksia muutamille asiakkaille, joilla oli taloudellisia haasteita.<\/p>\n<\/div>\n<\/div>\n\n\n\n<p>Alhaisemmasta myynnist\u00e4 huolimatta Orthexin kannattavuus parani verrattuna vuoden 2024 nelj\u00e4nteen vuosinelj\u00e4nnekseen ja oikaistu EBITA-marginaali oli 13,6 % (12,7) ja oikaistu EBITA 3,0 milj. euroa (3,0). Koko vuoden 2025 oikaistu EBITA-marginaali pysyi vakaana alhaisemmasta myynnist\u00e4 huolimatta ja oli 11,3 % (11,4). Oikaistu EBITA laski hieman edellisvuoteen verrattuna ja oli 9,8 milj. euroa (10,2). Kannattavuuden kehitykseen vaikuttivat tiukka kustannusten hallinta ja tasapaino volyymipainotteisten kampanjoiden ja kannattavamman perusmyynnin v\u00e4lill\u00e4. Tulosta paransivat my\u00f6s vakaat ja loppuvuotta kohden laskusuunnassa olleet raaka-aineiden hinnat. Koska myynti ei kasvanut, kannattavuuden varmistaminen vaati toimenpiteiden suunnittelua ja m\u00e4\u00e4r\u00e4tietoista toteuttamista vuoden aikana kustannusten nousun kompensoimiseksi ja katteiden turvaamiseksi.<\/p>\n\n\n\n<p>Nelj\u00e4nnen vuosinelj\u00e4nneksen rahavirta kasvoi 5,3 % ja oli 2,5 milj. euroa (2,4). Koko vuoden liiketoiminnan rahavirta kasvoi 4,5 % ja oli 12,3 milj. euroa (11,8). Nettovelan suhde oikaistuun EBITDA:an (velkaantumisaste) laski hyv\u00e4lle tasolle ja oli vuoden lopussa 1,1x (1,4x). Meill\u00e4 on hyv\u00e4 valmius mahdollisiin strategisiin investointeihin vuonna 2026.<\/p>\n\n\n\n<p>Nelj\u00e4nnen vuosinelj\u00e4nneksen laskutettu myynti Pohjoismaissa laski 6,1 % 17,4 milj. euroon (18,5). Pohjoismaiden myynti laski, koska vuoden 2025 lopun ennakkotoimitukset vuoden 2026 alun kampanjoita varten olivat pienemm\u00e4t kuin vertailukauden lopun toimitukset. Muun Euroopan myynti laski 4,6 % 5,4 milj. euroon (5,7). Muutamilla strategisilla markkinoilla kasvu oli vahvaa, mutta yksi suurempi asiakas v\u00e4hensi kampanjatilauksiaan nelj\u00e4nnell\u00e4 vuosinelj\u00e4nneksell\u00e4.<\/p>\n\n\n\n<p>S\u00e4ilytys on suurin tuoteryhm\u00e4mme sek\u00e4 Pohjoismaissa ett\u00e4 Muualla Euroopassa. Pohjoismaiden myynnin negatiivinen kehitys vaikutti S\u00e4ilytys-tuoteryhm\u00e4n laskutettuun myyntiin, joka heikkeni 6,9 % verrattuna viime vuoden viimeiseen nelj\u00e4nnekseen ja oli 17,3 milj. euroa (18,6). Keitti\u00f6-tuoteryhm\u00e4n laskutetusta myynnist\u00e4 suurin osa tulee Pohjoismaista, ja Keitti\u00f6-tuoteryhm\u00e4n myynti heikkeni 3,1 % 4,3 milj. euroon (4,4). Pienemm\u00e4n Koti ja puutarha -tuoteryhm\u00e4n myynti pysyi samalla tasolla ja oli 1,4 milj. euroa (1,4).<\/p>\n\n\n\n<p>Orthex osallistui Suomen vastuullisin tuote -kilpailuun, jonka voittajat ilmoitettiin marraskuussa. Olen eritt\u00e4in iloinen, ett\u00e4 kierr\u00e4tysmuovista tehty Paulina-altakasteluruukkumme voitti Koti&amp;vapaa-aika kategorian. Orthex on k\u00e4ytt\u00e4nyt kierr\u00e4tysmuovia tuotteissaan 1990-luvulta alkaen ja nyky\u00e4\u00e4n mm. kaikki kukkaruukkumme ja parvekelaatikkomme tehd\u00e4\u00e4n siit\u00e4.<\/p>\n\n\n\n<p>Vuonna 2025 keskityimme vahvistamaan myym\u00e4l\u00e4n\u00e4kyvyytt\u00e4 kulutuskysynn\u00e4n her\u00e4ttelemiseksi. Hyv\u00e4 esimerkki t\u00e4st\u00e4 ovat ne yli 400 SmartStore\u2122 ja GastroMax\u2122 -myym\u00e4l\u00e4esillepanoa, jotka rakensimme suurimmissa v\u00e4hitt\u00e4ismyyntiketjuissa ymp\u00e4ri Eurooppaa ja Pohjoismaita. N\u00e4m\u00e4 myym\u00e4l\u00e4toimenpiteet auttoivat vauhdittamaan ulosmyynti\u00e4 ja ostajien aktiivisuutta. Olemme lis\u00e4nneet paikallisia, Ranskaan ja Saksaan keskittyvi\u00e4 resursseja. Tavoitteenamme on, ett\u00e4 vahvistunut kansainv\u00e4linen sitoutuminen vauhdittaa kasvuamme Pohjoismaiden ulkopuolella. Pohjoismaiden ulkopuolisten markkinoiden osuus Orthexin laskutetusta myynnist\u00e4 vuonna 2025 oli 23,1 % (22,9).<\/p>\n\n\n\n<p>Vuoden 2025 liiketoimintaymp\u00e4rist\u00f6\u00e4 leimasivat varovainen kulutusk\u00e4ytt\u00e4ytyminen ja asiakkaiden ep\u00e4varmuus. Vaikka inflaatiopaineet hellittiv\u00e4t ja korkotasot vakiintuivat vuoden aikana, sill\u00e4 ei ollut huomattavaa vaikutusta kysynt\u00e4\u00e4n. Olemme hy\u00f6dynt\u00e4neet t\u00e4m\u00e4n ajan tehokkaasti ja hioneet markkinoillemenostrategiaamme sek\u00e4 sis\u00e4isi\u00e4 toimintojamme. Olemme v\u00e4hent\u00e4neet monimutkaisuutta, vahvistaneet kaupallisia tiimej\u00e4mme ja parantaneet ty\u00f6kalujamme. Vahvan uutuustuotevalikoiman, klassikkosuosikkien ja hyvin selke\u00e4n etenemissuunnitelman ansiosta l\u00e4hdemme vuoteen 2026 p\u00e4\u00e4tt\u00e4v\u00e4isesti ja luottavaisin mielin.<\/p>\n\n\n\n<p>Olen \u00e4\u00e4rett\u00f6m\u00e4n ylpe\u00e4 ty\u00f6ntekij\u00f6idemme tiimity\u00f6st\u00e4, yritteli\u00e4isyydest\u00e4 ja sitoutumisesta, jota he ovat osoittaneet kasvustrategiamme rakentamisessa, sopeuttamisessa ja toteuttamisessa. Kiit\u00e4n syd\u00e4mellisesti kaikkia orthexlaisia heid\u00e4n merkitt\u00e4v\u00e4st\u00e4 panoksestaan l\u00e4pi vuoden. Haluan osoittaa kiitokseni my\u00f6s kaikille asiakkaillemme ja sidosryhmillemme. Tavoitteemme on olla alan paras kumppani liiketoiminnan kasvattamisessa.<\/p>\n\n\n\n<p>Hallitus on p\u00e4\u00e4tt\u00e4nyt ehdottaa edellisvuotta suurempaa osinkoa ja ehdottaa 0,23 euron osakekohtaista osinkoa (0,22), eli yhteens\u00e4 4,1 milj. euroa (3,9) ja 60,3 % (63,9) nettotuloksesta.\u201d<\/p>\n\n\n<div class=\"custom-block image-and-text has-link\">\n   <div class=\"text\">\n        <h2 class=\"title\">Taloudelliset raportit ja esitykset<\/h2>            <div class=\"link-wrap\">\n                <a href=\"https:\/\/investors.orthexgroup.com\/fi\/raportit-ja-esitykset\/\" class=\"button link\" >Kaikki raportit ja esitykset<\/a>            <\/div>\n            <\/div>\n    \n    <\/div>\n\n\n\n<p><\/p>\n","protected":false},"excerpt":{"rendered":"<p>Tilinp\u00e4\u00e4t\u00f6stiedotteesta 2025: Vakaa kannattavuus heikossa markkinatilanteessa Alexander Rosenlew, toimitusjohtaja\u201dOrthexin liikevaihto vuoden 2025 nelj\u00e4nnell\u00e4 vuosinelj\u00e4nneksell\u00e4 laski&hellip;<\/p>\n","protected":false},"author":6,"featured_media":0,"parent":0,"menu_order":0,"comment_status":"closed","ping_status":"closed","template":"","meta":{"_acf_changed":false,"footnotes":""},"class_list":["post-1884","page","type-page","status-publish","hentry"],"acf":[],"yoast_head":"<!-- This site is optimized with the Yoast SEO plugin v27.1.1 - https:\/\/yoast.com\/product\/yoast-seo-wordpress\/ -->\n<title>Orthexin toimitusjohtajan katsaus - Orthex Group<\/title>\n<meta name=\"description\" content=\"Lue t\u00e4\u00e4lt\u00e4 Orthexin toimitusjohtajan Alexander Rosenlewin viimeisin katsaus yhti\u00f6n tilanteeseen.\" \/>\n<meta name=\"robots\" content=\"index, follow, max-snippet:-1, max-image-preview:large, max-video-preview:-1\" \/>\n<link rel=\"canonical\" href=\"https:\/\/investors.orthexgroup.com\/fi\/toimitusjohtajan-katsaus\/\" \/>\n<meta property=\"og:locale\" content=\"fi_FI\" \/>\n<meta property=\"og:type\" content=\"article\" \/>\n<meta property=\"og:title\" content=\"Orthexin toimitusjohtajan katsaus - Orthex Group\" \/>\n<meta property=\"og:description\" content=\"Lue t\u00e4\u00e4lt\u00e4 Orthexin toimitusjohtajan Alexander Rosenlewin viimeisin katsaus yhti\u00f6n tilanteeseen.\" \/>\n<meta property=\"og:url\" content=\"https:\/\/investors.orthexgroup.com\/fi\/toimitusjohtajan-katsaus\/\" \/>\n<meta property=\"og:site_name\" content=\"Orthex Group\" \/>\n<meta property=\"article:modified_time\" content=\"2026-03-05T08:14:26+00:00\" \/>\n<meta property=\"og:image\" content=\"https:\/\/investors.orthexgroup.com\/wp-content\/uploads\/2025\/05\/image.png\" \/>\n\t<meta property=\"og:image:width\" content=\"424\" \/>\n\t<meta property=\"og:image:height\" content=\"636\" \/>\n\t<meta property=\"og:image:type\" content=\"image\/png\" \/>\n<meta name=\"twitter:card\" content=\"summary_large_image\" \/>\n<meta name=\"twitter:label1\" content=\"Arvioitu lukuaika\" \/>\n\t<meta name=\"twitter:data1\" content=\"4 minuuttia\" \/>\n<script type=\"application\/ld+json\" class=\"yoast-schema-graph\">{\"@context\":\"https:\/\/schema.org\",\"@graph\":[{\"@type\":\"WebPage\",\"@id\":\"https:\/\/investors.orthexgroup.com\/fi\/toimitusjohtajan-katsaus\/\",\"url\":\"https:\/\/investors.orthexgroup.com\/fi\/toimitusjohtajan-katsaus\/\",\"name\":\"Orthexin toimitusjohtajan katsaus - Orthex Group\",\"isPartOf\":{\"@id\":\"https:\/\/investors.orthexgroup.com\/fi\/#website\"},\"primaryImageOfPage\":{\"@id\":\"https:\/\/investors.orthexgroup.com\/fi\/toimitusjohtajan-katsaus\/#primaryimage\"},\"image\":{\"@id\":\"https:\/\/investors.orthexgroup.com\/fi\/toimitusjohtajan-katsaus\/#primaryimage\"},\"thumbnailUrl\":\"https:\/\/investors.orthexgroup.com\/wp-content\/uploads\/2025\/05\/image.png\",\"datePublished\":\"2021-05-05T12:12:59+00:00\",\"dateModified\":\"2026-03-05T08:14:26+00:00\",\"description\":\"Lue t\u00e4\u00e4lt\u00e4 Orthexin toimitusjohtajan Alexander Rosenlewin viimeisin katsaus yhti\u00f6n tilanteeseen.\",\"breadcrumb\":{\"@id\":\"https:\/\/investors.orthexgroup.com\/fi\/toimitusjohtajan-katsaus\/#breadcrumb\"},\"inLanguage\":\"fi\",\"potentialAction\":[{\"@type\":\"ReadAction\",\"target\":[\"https:\/\/investors.orthexgroup.com\/fi\/toimitusjohtajan-katsaus\/\"]}]},{\"@type\":\"ImageObject\",\"inLanguage\":\"fi\",\"@id\":\"https:\/\/investors.orthexgroup.com\/fi\/toimitusjohtajan-katsaus\/#primaryimage\",\"url\":\"https:\/\/investors.orthexgroup.com\/wp-content\/uploads\/2025\/05\/image.png\",\"contentUrl\":\"https:\/\/investors.orthexgroup.com\/wp-content\/uploads\/2025\/05\/image.png\"},{\"@type\":\"BreadcrumbList\",\"@id\":\"https:\/\/investors.orthexgroup.com\/fi\/toimitusjohtajan-katsaus\/#breadcrumb\",\"itemListElement\":[{\"@type\":\"ListItem\",\"position\":1,\"name\":\"Etusivu\",\"item\":\"https:\/\/investors.orthexgroup.com\/fi\/\"},{\"@type\":\"ListItem\",\"position\":2,\"name\":\"Orthexin toimitusjohtajan katsaus\"}]},{\"@type\":\"WebSite\",\"@id\":\"https:\/\/investors.orthexgroup.com\/fi\/#website\",\"url\":\"https:\/\/investors.orthexgroup.com\/fi\/\",\"name\":\"Orthex Group\",\"description\":\"Tietoa Orthex Group Oyn listautumisannista\",\"publisher\":{\"@id\":\"https:\/\/investors.orthexgroup.com\/fi\/#organization\"},\"potentialAction\":[{\"@type\":\"SearchAction\",\"target\":{\"@type\":\"EntryPoint\",\"urlTemplate\":\"https:\/\/investors.orthexgroup.com\/fi\/?s={search_term_string}\"},\"query-input\":{\"@type\":\"PropertyValueSpecification\",\"valueRequired\":true,\"valueName\":\"search_term_string\"}}],\"inLanguage\":\"fi\"},{\"@type\":\"Organization\",\"@id\":\"https:\/\/investors.orthexgroup.com\/fi\/#organization\",\"name\":\"Orthex Group\",\"url\":\"https:\/\/investors.orthexgroup.com\/fi\/\",\"logo\":{\"@type\":\"ImageObject\",\"inLanguage\":\"fi\",\"@id\":\"https:\/\/investors.orthexgroup.com\/fi\/#\/schema\/logo\/image\/\",\"url\":\"https:\/\/investors.orthexgroup.com\/wp-content\/uploads\/2021\/01\/orthex-group-logo.svg\",\"contentUrl\":\"https:\/\/investors.orthexgroup.com\/wp-content\/uploads\/2021\/01\/orthex-group-logo.svg\",\"width\":129,\"height\":57,\"caption\":\"Orthex Group\"},\"image\":{\"@id\":\"https:\/\/investors.orthexgroup.com\/fi\/#\/schema\/logo\/image\/\"}}]}<\/script>\n<!-- \/ Yoast SEO plugin. -->","yoast_head_json":{"title":"Orthexin toimitusjohtajan katsaus - Orthex Group","description":"Lue t\u00e4\u00e4lt\u00e4 Orthexin toimitusjohtajan Alexander Rosenlewin viimeisin katsaus yhti\u00f6n tilanteeseen.","robots":{"index":"index","follow":"follow","max-snippet":"max-snippet:-1","max-image-preview":"max-image-preview:large","max-video-preview":"max-video-preview:-1"},"canonical":"https:\/\/investors.orthexgroup.com\/fi\/toimitusjohtajan-katsaus\/","og_locale":"fi_FI","og_type":"article","og_title":"Orthexin toimitusjohtajan katsaus - Orthex Group","og_description":"Lue t\u00e4\u00e4lt\u00e4 Orthexin toimitusjohtajan Alexander Rosenlewin viimeisin katsaus yhti\u00f6n tilanteeseen.","og_url":"https:\/\/investors.orthexgroup.com\/fi\/toimitusjohtajan-katsaus\/","og_site_name":"Orthex Group","article_modified_time":"2026-03-05T08:14:26+00:00","og_image":[{"width":424,"height":636,"url":"https:\/\/investors.orthexgroup.com\/wp-content\/uploads\/2025\/05\/image.png","type":"image\/png"}],"twitter_card":"summary_large_image","twitter_misc":{"Arvioitu lukuaika":"4 minuuttia"},"schema":{"@context":"https:\/\/schema.org","@graph":[{"@type":"WebPage","@id":"https:\/\/investors.orthexgroup.com\/fi\/toimitusjohtajan-katsaus\/","url":"https:\/\/investors.orthexgroup.com\/fi\/toimitusjohtajan-katsaus\/","name":"Orthexin toimitusjohtajan katsaus - Orthex Group","isPartOf":{"@id":"https:\/\/investors.orthexgroup.com\/fi\/#website"},"primaryImageOfPage":{"@id":"https:\/\/investors.orthexgroup.com\/fi\/toimitusjohtajan-katsaus\/#primaryimage"},"image":{"@id":"https:\/\/investors.orthexgroup.com\/fi\/toimitusjohtajan-katsaus\/#primaryimage"},"thumbnailUrl":"https:\/\/investors.orthexgroup.com\/wp-content\/uploads\/2025\/05\/image.png","datePublished":"2021-05-05T12:12:59+00:00","dateModified":"2026-03-05T08:14:26+00:00","description":"Lue t\u00e4\u00e4lt\u00e4 Orthexin toimitusjohtajan Alexander Rosenlewin viimeisin katsaus yhti\u00f6n tilanteeseen.","breadcrumb":{"@id":"https:\/\/investors.orthexgroup.com\/fi\/toimitusjohtajan-katsaus\/#breadcrumb"},"inLanguage":"fi","potentialAction":[{"@type":"ReadAction","target":["https:\/\/investors.orthexgroup.com\/fi\/toimitusjohtajan-katsaus\/"]}]},{"@type":"ImageObject","inLanguage":"fi","@id":"https:\/\/investors.orthexgroup.com\/fi\/toimitusjohtajan-katsaus\/#primaryimage","url":"https:\/\/investors.orthexgroup.com\/wp-content\/uploads\/2025\/05\/image.png","contentUrl":"https:\/\/investors.orthexgroup.com\/wp-content\/uploads\/2025\/05\/image.png"},{"@type":"BreadcrumbList","@id":"https:\/\/investors.orthexgroup.com\/fi\/toimitusjohtajan-katsaus\/#breadcrumb","itemListElement":[{"@type":"ListItem","position":1,"name":"Etusivu","item":"https:\/\/investors.orthexgroup.com\/fi\/"},{"@type":"ListItem","position":2,"name":"Orthexin toimitusjohtajan katsaus"}]},{"@type":"WebSite","@id":"https:\/\/investors.orthexgroup.com\/fi\/#website","url":"https:\/\/investors.orthexgroup.com\/fi\/","name":"Orthex Group","description":"Tietoa Orthex Group Oyn listautumisannista","publisher":{"@id":"https:\/\/investors.orthexgroup.com\/fi\/#organization"},"potentialAction":[{"@type":"SearchAction","target":{"@type":"EntryPoint","urlTemplate":"https:\/\/investors.orthexgroup.com\/fi\/?s={search_term_string}"},"query-input":{"@type":"PropertyValueSpecification","valueRequired":true,"valueName":"search_term_string"}}],"inLanguage":"fi"},{"@type":"Organization","@id":"https:\/\/investors.orthexgroup.com\/fi\/#organization","name":"Orthex Group","url":"https:\/\/investors.orthexgroup.com\/fi\/","logo":{"@type":"ImageObject","inLanguage":"fi","@id":"https:\/\/investors.orthexgroup.com\/fi\/#\/schema\/logo\/image\/","url":"https:\/\/investors.orthexgroup.com\/wp-content\/uploads\/2021\/01\/orthex-group-logo.svg","contentUrl":"https:\/\/investors.orthexgroup.com\/wp-content\/uploads\/2021\/01\/orthex-group-logo.svg","width":129,"height":57,"caption":"Orthex Group"},"image":{"@id":"https:\/\/investors.orthexgroup.com\/fi\/#\/schema\/logo\/image\/"}}]}},"_links":{"self":[{"href":"https:\/\/investors.orthexgroup.com\/fi\/wp-json\/wp\/v2\/pages\/1884","targetHints":{"allow":["GET"]}}],"collection":[{"href":"https:\/\/investors.orthexgroup.com\/fi\/wp-json\/wp\/v2\/pages"}],"about":[{"href":"https:\/\/investors.orthexgroup.com\/fi\/wp-json\/wp\/v2\/types\/page"}],"author":[{"embeddable":true,"href":"https:\/\/investors.orthexgroup.com\/fi\/wp-json\/wp\/v2\/users\/6"}],"replies":[{"embeddable":true,"href":"https:\/\/investors.orthexgroup.com\/fi\/wp-json\/wp\/v2\/comments?post=1884"}],"version-history":[{"count":10,"href":"https:\/\/investors.orthexgroup.com\/fi\/wp-json\/wp\/v2\/pages\/1884\/revisions"}],"predecessor-version":[{"id":6387,"href":"https:\/\/investors.orthexgroup.com\/fi\/wp-json\/wp\/v2\/pages\/1884\/revisions\/6387"}],"wp:attachment":[{"href":"https:\/\/investors.orthexgroup.com\/fi\/wp-json\/wp\/v2\/media?parent=1884"}],"curies":[{"name":"wp","href":"https:\/\/api.w.org\/{rel}","templated":true}]}}