{"id":2079,"date":"2021-06-08T14:55:26","date_gmt":"2021-06-08T11:55:26","guid":{"rendered":"https:\/\/investors.orthexgroup.com\/?page_id=2079"},"modified":"2022-01-31T10:36:55","modified_gmt":"2022-01-31T08:36:55","slug":"ylimaarainenyhtiokokous2021","status":"publish","type":"page","link":"https:\/\/investors.orthexgroup.com\/fi\/ylimaarainenyhtiokokous2021\/","title":{"rendered":"Ylim\u00e4\u00e4r\u00e4inen yhti\u00f6kokous 2021"},"content":{"rendered":"\n<p>Orthex Oyj:n ylim\u00e4\u00e4r\u00e4inen yhti\u00f6kokous pidettiin perjantaina 2.7.2021 klo 15.00.<\/p>\n\n\n\n<p><strong>Yhti\u00f6kokouksen materiaali:<\/strong><\/p>\n\n\n\n<p><a href=\"https:\/\/investors.orthexgroup.com\/fi\/media\/?release=8DD7AE078052542E&amp;category=all\" target=\"_blank\" rel=\"noreferrer noopener\">Tiedote, ylim\u00e4\u00e4r\u00e4isen yhti\u00f6kokouksen p\u00e4\u00e4t\u00f6kset 2.7.2021<\/a><\/p>\n\n\n\n<p><a href=\"https:\/\/investors.orthexgroup.com\/wp-content\/uploads\/2021\/07\/ORTHEX-OYJ-yhtiokokous-2.7.2021.pdf\" target=\"_blank\" rel=\"noreferrer noopener\">Ylim\u00e4\u00e4r\u00e4isen yhti\u00f6kokouksen p\u00f6yt\u00e4kirja 2.7.2021<\/a> <\/p>\n\n\n\n<p><a href=\"https:\/\/egm.apk.fi\/eGM\/gm\/222062280772_fi\/faces\/jsp\/login\/login.xhtml\" target=\"_blank\" rel=\"noreferrer noopener\">Ilmoittautuminen<\/a><\/p>\n\n\n\n<p>Tutustu ilmoittautumiseen liittyv\u00e4\u00e4n <a href=\"https:\/\/investors.orthexgroup.com\/wp-content\/uploads\/2021\/06\/Yhtiokokous-tietosuojaseloste-FIN.pdf\" target=\"_blank\" rel=\"noreferrer noopener\">tietosuojaselosteeseen<\/a>.<\/p>\n\n\n\n<p><a href=\"https:\/\/investors.orthexgroup.com\/wp-content\/uploads\/2021\/06\/Ylimaarainen-yhtiokokous-2.7..2021-kutsu_updated-1.pdf\" target=\"_blank\" rel=\"noreferrer noopener\">Kutsu<\/a><\/p>\n\n\n\n<p><a href=\"https:\/\/investors.orthexgroup.com\/wp-content\/uploads\/2021\/06\/CV-Jens-Peter-Poulsen-FIN.pdf\" target=\"_blank\" rel=\"noreferrer noopener\">CV &#8211; <\/a><a href=\"https:\/\/investors.orthexgroup.com\/wp-content\/uploads\/2021\/06\/CV-Jens-Peter-Poulsen-ENG.pdf\" target=\"_blank\" rel=\"noreferrer noopener\">Jens-Peter Poulsen<\/a> <\/p>\n\n\n\n<p><a href=\"https:\/\/investors.orthexgroup.com\/fi\/media\/?release=3EA38E3AF99AFA1E&amp;category=all\" target=\"_blank\" rel=\"noreferrer noopener\">Tiedote, kutsu ylim\u00e4\u00e4r\u00e4iseen yhti\u00f6kokoukseen<\/a><\/p>\n","protected":false},"excerpt":{"rendered":"<p>Orthex Oyj:n ylim\u00e4\u00e4r\u00e4inen yhti\u00f6kokous pidettiin perjantaina 2.7.2021 klo 15.00. Yhti\u00f6kokouksen materiaali: Tiedote, ylim\u00e4\u00e4r\u00e4isen yhti\u00f6kokouksen p\u00e4\u00e4t\u00f6kset&hellip;<\/p>\n","protected":false},"author":5,"featured_media":0,"parent":0,"menu_order":0,"comment_status":"closed","ping_status":"closed","template":"","meta":{"_acf_changed":false,"footnotes":""},"class_list":["post-2079","page","type-page","status-publish","hentry"],"acf":[],"yoast_head":"<!-- This site is optimized with the Yoast SEO plugin v27.1.1 - https:\/\/yoast.com\/product\/yoast-seo-wordpress\/ -->\n<title>Ylim\u00e4\u00e4r\u00e4inen yhti\u00f6kokous 2021 - Orthex Group<\/title>\n<meta name=\"robots\" content=\"index, follow, max-snippet:-1, max-image-preview:large, max-video-preview:-1\" \/>\n<link rel=\"canonical\" href=\"https:\/\/investors.orthexgroup.com\/fi\/ylimaarainenyhtiokokous2021\/\" \/>\n<meta property=\"og:locale\" content=\"fi_FI\" \/>\n<meta property=\"og:type\" content=\"article\" \/>\n<meta property=\"og:title\" content=\"Ylim\u00e4\u00e4r\u00e4inen yhti\u00f6kokous 2021 - Orthex Group\" \/>\n<meta property=\"og:description\" content=\"Orthex Oyj:n ylim\u00e4\u00e4r\u00e4inen yhti\u00f6kokous pidettiin perjantaina 2.7.2021 klo 15.00. Yhti\u00f6kokouksen materiaali: Tiedote, ylim\u00e4\u00e4r\u00e4isen yhti\u00f6kokouksen p\u00e4\u00e4t\u00f6kset&hellip;\" \/>\n<meta property=\"og:url\" content=\"https:\/\/investors.orthexgroup.com\/fi\/ylimaarainenyhtiokokous2021\/\" \/>\n<meta property=\"og:site_name\" content=\"Orthex Group\" \/>\n<meta property=\"article:modified_time\" content=\"2022-01-31T08:36:55+00:00\" \/>\n<meta name=\"twitter:card\" content=\"summary_large_image\" \/>\n<meta name=\"twitter:label1\" content=\"Arvioitu lukuaika\" \/>\n\t<meta name=\"twitter:data1\" content=\"1 minuutti\" \/>\n<script type=\"application\/ld+json\" class=\"yoast-schema-graph\">{\"@context\":\"https:\/\/schema.org\",\"@graph\":[{\"@type\":\"WebPage\",\"@id\":\"https:\/\/investors.orthexgroup.com\/fi\/ylimaarainenyhtiokokous2021\/\",\"url\":\"https:\/\/investors.orthexgroup.com\/fi\/ylimaarainenyhtiokokous2021\/\",\"name\":\"Ylim\u00e4\u00e4r\u00e4inen yhti\u00f6kokous 2021 - Orthex Group\",\"isPartOf\":{\"@id\":\"https:\/\/investors.orthexgroup.com\/fi\/#website\"},\"datePublished\":\"2021-06-08T11:55:26+00:00\",\"dateModified\":\"2022-01-31T08:36:55+00:00\",\"breadcrumb\":{\"@id\":\"https:\/\/investors.orthexgroup.com\/fi\/ylimaarainenyhtiokokous2021\/#breadcrumb\"},\"inLanguage\":\"fi\",\"potentialAction\":[{\"@type\":\"ReadAction\",\"target\":[\"https:\/\/investors.orthexgroup.com\/fi\/ylimaarainenyhtiokokous2021\/\"]}]},{\"@type\":\"BreadcrumbList\",\"@id\":\"https:\/\/investors.orthexgroup.com\/fi\/ylimaarainenyhtiokokous2021\/#breadcrumb\",\"itemListElement\":[{\"@type\":\"ListItem\",\"position\":1,\"name\":\"Etusivu\",\"item\":\"https:\/\/investors.orthexgroup.com\/fi\/\"},{\"@type\":\"ListItem\",\"position\":2,\"name\":\"Ylim\u00e4\u00e4r\u00e4inen yhti\u00f6kokous 2021\"}]},{\"@type\":\"WebSite\",\"@id\":\"https:\/\/investors.orthexgroup.com\/fi\/#website\",\"url\":\"https:\/\/investors.orthexgroup.com\/fi\/\",\"name\":\"Orthex Group\",\"description\":\"Tietoa Orthex Group Oyn listautumisannista\",\"publisher\":{\"@id\":\"https:\/\/investors.orthexgroup.com\/fi\/#organization\"},\"potentialAction\":[{\"@type\":\"SearchAction\",\"target\":{\"@type\":\"EntryPoint\",\"urlTemplate\":\"https:\/\/investors.orthexgroup.com\/fi\/?s={search_term_string}\"},\"query-input\":{\"@type\":\"PropertyValueSpecification\",\"valueRequired\":true,\"valueName\":\"search_term_string\"}}],\"inLanguage\":\"fi\"},{\"@type\":\"Organization\",\"@id\":\"https:\/\/investors.orthexgroup.com\/fi\/#organization\",\"name\":\"Orthex Group\",\"url\":\"https:\/\/investors.orthexgroup.com\/fi\/\",\"logo\":{\"@type\":\"ImageObject\",\"inLanguage\":\"fi\",\"@id\":\"https:\/\/investors.orthexgroup.com\/fi\/#\/schema\/logo\/image\/\",\"url\":\"https:\/\/investors.orthexgroup.com\/wp-content\/uploads\/2021\/01\/orthex-group-logo.svg\",\"contentUrl\":\"https:\/\/investors.orthexgroup.com\/wp-content\/uploads\/2021\/01\/orthex-group-logo.svg\",\"width\":129,\"height\":57,\"caption\":\"Orthex Group\"},\"image\":{\"@id\":\"https:\/\/investors.orthexgroup.com\/fi\/#\/schema\/logo\/image\/\"}}]}<\/script>\n<!-- \/ Yoast SEO plugin. -->","yoast_head_json":{"title":"Ylim\u00e4\u00e4r\u00e4inen yhti\u00f6kokous 2021 - Orthex Group","robots":{"index":"index","follow":"follow","max-snippet":"max-snippet:-1","max-image-preview":"max-image-preview:large","max-video-preview":"max-video-preview:-1"},"canonical":"https:\/\/investors.orthexgroup.com\/fi\/ylimaarainenyhtiokokous2021\/","og_locale":"fi_FI","og_type":"article","og_title":"Ylim\u00e4\u00e4r\u00e4inen yhti\u00f6kokous 2021 - Orthex Group","og_description":"Orthex Oyj:n ylim\u00e4\u00e4r\u00e4inen yhti\u00f6kokous pidettiin perjantaina 2.7.2021 klo 15.00. Yhti\u00f6kokouksen materiaali: Tiedote, ylim\u00e4\u00e4r\u00e4isen yhti\u00f6kokouksen p\u00e4\u00e4t\u00f6kset&hellip;","og_url":"https:\/\/investors.orthexgroup.com\/fi\/ylimaarainenyhtiokokous2021\/","og_site_name":"Orthex Group","article_modified_time":"2022-01-31T08:36:55+00:00","twitter_card":"summary_large_image","twitter_misc":{"Arvioitu lukuaika":"1 minuutti"},"schema":{"@context":"https:\/\/schema.org","@graph":[{"@type":"WebPage","@id":"https:\/\/investors.orthexgroup.com\/fi\/ylimaarainenyhtiokokous2021\/","url":"https:\/\/investors.orthexgroup.com\/fi\/ylimaarainenyhtiokokous2021\/","name":"Ylim\u00e4\u00e4r\u00e4inen yhti\u00f6kokous 2021 - Orthex Group","isPartOf":{"@id":"https:\/\/investors.orthexgroup.com\/fi\/#website"},"datePublished":"2021-06-08T11:55:26+00:00","dateModified":"2022-01-31T08:36:55+00:00","breadcrumb":{"@id":"https:\/\/investors.orthexgroup.com\/fi\/ylimaarainenyhtiokokous2021\/#breadcrumb"},"inLanguage":"fi","potentialAction":[{"@type":"ReadAction","target":["https:\/\/investors.orthexgroup.com\/fi\/ylimaarainenyhtiokokous2021\/"]}]},{"@type":"BreadcrumbList","@id":"https:\/\/investors.orthexgroup.com\/fi\/ylimaarainenyhtiokokous2021\/#breadcrumb","itemListElement":[{"@type":"ListItem","position":1,"name":"Etusivu","item":"https:\/\/investors.orthexgroup.com\/fi\/"},{"@type":"ListItem","position":2,"name":"Ylim\u00e4\u00e4r\u00e4inen yhti\u00f6kokous 2021"}]},{"@type":"WebSite","@id":"https:\/\/investors.orthexgroup.com\/fi\/#website","url":"https:\/\/investors.orthexgroup.com\/fi\/","name":"Orthex Group","description":"Tietoa Orthex Group Oyn listautumisannista","publisher":{"@id":"https:\/\/investors.orthexgroup.com\/fi\/#organization"},"potentialAction":[{"@type":"SearchAction","target":{"@type":"EntryPoint","urlTemplate":"https:\/\/investors.orthexgroup.com\/fi\/?s={search_term_string}"},"query-input":{"@type":"PropertyValueSpecification","valueRequired":true,"valueName":"search_term_string"}}],"inLanguage":"fi"},{"@type":"Organization","@id":"https:\/\/investors.orthexgroup.com\/fi\/#organization","name":"Orthex Group","url":"https:\/\/investors.orthexgroup.com\/fi\/","logo":{"@type":"ImageObject","inLanguage":"fi","@id":"https:\/\/investors.orthexgroup.com\/fi\/#\/schema\/logo\/image\/","url":"https:\/\/investors.orthexgroup.com\/wp-content\/uploads\/2021\/01\/orthex-group-logo.svg","contentUrl":"https:\/\/investors.orthexgroup.com\/wp-content\/uploads\/2021\/01\/orthex-group-logo.svg","width":129,"height":57,"caption":"Orthex Group"},"image":{"@id":"https:\/\/investors.orthexgroup.com\/fi\/#\/schema\/logo\/image\/"}}]}},"_links":{"self":[{"href":"https:\/\/investors.orthexgroup.com\/fi\/wp-json\/wp\/v2\/pages\/2079","targetHints":{"allow":["GET"]}}],"collection":[{"href":"https:\/\/investors.orthexgroup.com\/fi\/wp-json\/wp\/v2\/pages"}],"about":[{"href":"https:\/\/investors.orthexgroup.com\/fi\/wp-json\/wp\/v2\/types\/page"}],"author":[{"embeddable":true,"href":"https:\/\/investors.orthexgroup.com\/fi\/wp-json\/wp\/v2\/users\/5"}],"replies":[{"embeddable":true,"href":"https:\/\/investors.orthexgroup.com\/fi\/wp-json\/wp\/v2\/comments?post=2079"}],"version-history":[{"count":5,"href":"https:\/\/investors.orthexgroup.com\/fi\/wp-json\/wp\/v2\/pages\/2079\/revisions"}],"predecessor-version":[{"id":2559,"href":"https:\/\/investors.orthexgroup.com\/fi\/wp-json\/wp\/v2\/pages\/2079\/revisions\/2559"}],"wp:attachment":[{"href":"https:\/\/investors.orthexgroup.com\/fi\/wp-json\/wp\/v2\/media?parent=2079"}],"curies":[{"name":"wp","href":"https:\/\/api.w.org\/{rel}","templated":true}]}}