{"id":2090,"date":"2021-06-10T10:07:12","date_gmt":"2021-06-10T07:07:12","guid":{"rendered":"https:\/\/investors.orthexgroup.com\/?page_id=2090"},"modified":"2026-01-23T13:03:00","modified_gmt":"2026-01-23T11:03:00","slug":"nimitystoimikunta","status":"publish","type":"page","link":"https:\/\/investors.orthexgroup.com\/fi\/nimitystoimikunta\/","title":{"rendered":"Nimitystoimikunta"},"content":{"rendered":"\n<h3 class=\"wp-block-heading\">Orthex Oyj:n osakkeenomistajien nimitystoimikunta<\/h3>\n\n\n\n<p>Orthex Oyj:n ylim\u00e4\u00e4r\u00e4inen yhti\u00f6kokous 5.3.2021 p\u00e4\u00e4tti perustaa <a href=\"https:\/\/investors.orthexgroup.com\/fi\/osake\/osakkeenomistajat\/\">osakkeenomistajien<\/a> nimitystoimikunnan. Nimitystoimikunta valmistelee ja esittelee vuosittain <a href=\"https:\/\/investors.orthexgroup.com\/fi\/hallinnointi\/hallitus\/\">hallituksen j\u00e4seni\u00e4<\/a> ja hallituspalkkioita koskevat ehdotukset varsinaiselle <a href=\"https:\/\/investors.orthexgroup.com\/fi\/hallinnointi\/yhtiokokous\/\">yhti\u00f6kokoukselle<\/a>. Nimitystoimikunnan teht\u00e4viin kuuluu my\u00f6s hallituksen j\u00e4senten seuraajaehdokkaiden etsiminen.<br><br>Ylim\u00e4\u00e4r\u00e4inen yhti\u00f6kokous vahvisti osakkeenomistajien nimitystoimikunnan ty\u00f6j\u00e4rjestyksen, jossa on s\u00e4\u00e4nn\u00f6kset toimikunnan j\u00e4senten nimitt\u00e4misest\u00e4, kokoonpanosta sek\u00e4 teht\u00e4vist\u00e4 ja velvollisuuksista. Nimitystoimikunta on perustettu toistaiseksi ja voidaan lakkauttaa vain yhti\u00f6kokouksen p\u00e4\u00e4t\u00f6ksell\u00e4.<br><br>Nimitystoimikuntaan nimet\u00e4\u00e4n vuosittain yhti\u00f6n nelj\u00e4n suurimman osakkeenomistajan edustajat. Hallituksen puheenjohtaja toimii nimitystoimikunnan asiantuntijaj\u00e4senen\u00e4. Nimitystoimikunnan j\u00e4senten toimikausi p\u00e4\u00e4ttyy vuosittain uuden nimitystoimikunnan tultua nimitetyksi.<br><br>Nimitt\u00e4miseen oikeutetut yhti\u00f6n suurimmat osakkeenomistajat m\u00e4\u00e4r\u00e4ytyv\u00e4t vuosittain yhti\u00f6n osakasluetteloon elokuun&nbsp;31.&nbsp;p\u00e4iv\u00e4n\u00e4 merkittyjen omistustietojen perusteella. Yhti\u00f6n osakasluetteloa yll\u00e4pit\u00e4\u00e4 Euroclear Finland Oy ja se sis\u00e4lt\u00e4\u00e4 vain suomalaiseen arvo-osuusj\u00e4rjestelm\u00e4\u00e4n suoraan rekister\u00f6ityneet osakkeenomistajat. Voidakseen tulla valituksi nimitystoimikuntaan hallintarekister\u00f6idyn osakkeenomistajan on rekister\u00f6it\u00e4v\u00e4 omistuksensa suomalaiseen arvo-osuusj\u00e4rjestelm\u00e4\u00e4n ainakin yll\u00e4 mainituksi m\u00e4\u00e4r\u00e4ytymisp\u00e4iv\u00e4ksi.<\/p>\n\n\n<div class=\"custom-block link-boxes\">\n            <div class=\"links\">\n            <a class=\"box\" href=\"https:\/\/investors.orthexgroup.com\/wp-content\/uploads\/2022\/09\/Orthex-Oyj-Nimitystoimikunnan-tyojarjestys-1.pdf\"><h1 class=\"title\">Ty\u00f6j\u00e4rjestys<\/h1><span class=\"link\">Osakkeenomistajien nimitystoimikunnan ty\u00f6j\u00e4rjestys<\/span><\/a><a class=\"box\" href=\"https:\/\/investors.orthexgroup.com\/fi\/osake\/osakkeenomistajat\/\"><h1 class=\"title\">Osakkeenomistajat<\/h1><span class=\"link\">Suurimmat osakkeenomistajat<\/span><\/a>        <\/div>\n    <\/div>\n\n\n\n<p>Mik\u00e4li osakkeenomistaja, jolla on arvopaperimarkkinalain mukainen velvollisuus lukea omistukseensa my\u00f6s muiden tahojen ilmoittamia omistuksia ilmoittaessaan omistusosuutensa muutoksista (<a href=\"https:\/\/investors.orthexgroup.com\/fi\/osake\/liputusilmoitukset\/\">liputusilmoitus<\/a>), esitt\u00e4\u00e4 viimeist\u00e4\u00e4n 31.8. yhti\u00f6n hallituksen puheenjohtajalle asiaa koskevan kirjallisen pyynn\u00f6n, lasketaan t\u00e4llaisen osakkeenomistajan ja muiden tahojen omistukset yhteen suurimpien osakkeenomistajien omistusosuuksien m\u00e4\u00e4rittelyss\u00e4.<\/p>\n\n\n\n<p>Mik\u00e4li kahdella tai useammalla osakkeenomistajalla on sama m\u00e4\u00e4r\u00e4 osakkeita siten, ett\u00e4 nelj\u00e4\u00e4 suurinta osakkeenomistajaa ei voida m\u00e4\u00e4ritell\u00e4, ratkaistaan n\u00e4iden osakkeenomistajien asema nelj\u00e4n suurimman joukossa arvalla.<br><br>Toimitusjohtaja pyyt\u00e4\u00e4 nelj\u00e4\u00e4 suurinta osakkeenomistajaa kutakin nime\u00e4m\u00e4\u00e4n yhden j\u00e4senen nimitystoimikuntaan.&nbsp;Mik\u00e4li osakkeenomistaja ei halua k\u00e4ytt\u00e4\u00e4 nime\u00e4missoikeuttaan, oikeus siirtyy seuraavaksi suurimmalle osakkeenomistajalle, jolla muutoin ei olisi nime\u00e4misoikeutta.<\/p>\n\n\n\n<h3 class=\"wp-block-heading\">Nimitystoimikunnan kokoonpano <\/h3>\n\n\n\n<p>Nelj\u00e4 suurinta osakkeenomistajaa yhti\u00f6n 31.8.2025 p\u00e4iv\u00e4tyn osakasluettelon perusteella olivat Conficap Oy, Alexander Rosenlew, Keskin\u00e4inen El\u00e4kevakuutusyhti\u00f6 Ilmarinen ja Aktia Rahastoyhti\u00f6 Oy. N\u00e4iden osakkeenomistajien edustajina nimitystoimikunnassa ovat seuraavat henkil\u00f6t:<strong>&nbsp;&nbsp;<\/strong><\/p>\n\n\n\n<ul class=\"wp-block-list\">\n<li><strong>Erik Toivanen<\/strong>, Conficap Oy:n toimitusjohtaja&nbsp;<\/li>\n\n\n\n<li><strong>Alexander Rosenlew<\/strong><\/li>\n\n\n\n<li><strong>Annika Ekman<\/strong>, Keskin\u00e4inen El\u00e4kevakuutusyhti\u00f6 Ilmarisen sijoitusjohtaja<\/li>\n\n\n\n<li><strong>Niina Arkko<\/strong>, Aktia Rahastoyhti\u00f6 Oy:n vastuullisuusjohtaja.<\/li>\n<\/ul>\n\n\n\n<p>Nimitystoimikunnan asiantuntijaj\u00e4sen on Orthex Oyj:n hallituksen puheenjohtaja<strong> Sanna Suvanto-Harsaae.<\/strong><\/p>\n\n\n\n<p>Osakkeenomistajien nimitystoimikunta valitsee keskuudestaan puheenjohtajan. Nimitystoimikunnan puheenjohtajaksi on valittu <strong>Erik Toivanen<\/strong>. Nimitystoimikunta toimittaa Orthexin hallituksen kokoonpanoa ja hallituspalkkioita koskevat ehdotuksensa yhti\u00f6n hallitukselle vuosittain 31. tammikuuta menness\u00e4. Ehdotukset julkaistaan p\u00f6rssitiedotteella ja sis\u00e4llytet\u00e4\u00e4n yhti\u00f6kokouskutsuun.<\/p>\n\n\n<div class=\"custom-block link-boxes\">\n            <div class=\"links\">\n            <a class=\"box\" href=\"https:\/\/investors.orthexgroup.com\/fi\/hallinnointi\/yhtiokokous\/\"><h1 class=\"title\">Yhti\u00f6kokous<\/h1><span class=\"link\">Osakkeenomistajat k\u00e4ytt\u00e4v\u00e4t p\u00e4\u00e4t\u00f6svaltaansa yhti\u00f6kokouksessa<\/span><\/a><a class=\"box\" href=\"https:\/\/investors.orthexgroup.com\/fi\/media\/?release=2BAD9B0354C8A92E&#038;category=all\"><h1 class=\"title\">P\u00f6rssitiedotteet<\/h1><span class=\"link\">Osakkeenomistajien nimitystoimikunnan ehdotukset yhti\u00f6kokoukselle 2026<\/span><\/a>        <\/div>\n    <\/div>\n","protected":false},"excerpt":{"rendered":"<p>Orthex Oyj:n osakkeenomistajien nimitystoimikunta Orthex Oyj:n ylim\u00e4\u00e4r\u00e4inen yhti\u00f6kokous 5.3.2021 p\u00e4\u00e4tti perustaa osakkeenomistajien nimitystoimikunnan. Nimitystoimikunta valmistelee&hellip;<\/p>\n","protected":false},"author":5,"featured_media":0,"parent":0,"menu_order":0,"comment_status":"closed","ping_status":"closed","template":"","meta":{"_acf_changed":false,"footnotes":""},"class_list":["post-2090","page","type-page","status-publish","hentry"],"acf":[],"yoast_head":"<!-- This site is optimized with the Yoast SEO plugin v27.1.1 - https:\/\/yoast.com\/product\/yoast-seo-wordpress\/ -->\n<title>Orthex Nimitystoimikunta - Orthex Group<\/title>\n<meta name=\"description\" content=\"Orthex Oyj:n ylim\u00e4\u00e4r\u00e4inen yhti\u00f6kokous 5.3.2021 p\u00e4\u00e4tti perustaa osakkeenomistajien nimitystoimikunnan. Tutustu nimitystoimikunnan teht\u00e4viin.\" \/>\n<meta name=\"robots\" content=\"index, follow, max-snippet:-1, max-image-preview:large, max-video-preview:-1\" \/>\n<link rel=\"canonical\" href=\"https:\/\/investors.orthexgroup.com\/fi\/nimitystoimikunta\/\" \/>\n<meta property=\"og:locale\" content=\"fi_FI\" \/>\n<meta property=\"og:type\" content=\"article\" \/>\n<meta property=\"og:title\" content=\"Orthex Nimitystoimikunta - Orthex Group\" \/>\n<meta property=\"og:description\" content=\"Orthex Oyj:n ylim\u00e4\u00e4r\u00e4inen yhti\u00f6kokous 5.3.2021 p\u00e4\u00e4tti perustaa osakkeenomistajien nimitystoimikunnan. Tutustu nimitystoimikunnan teht\u00e4viin.\" \/>\n<meta property=\"og:url\" content=\"https:\/\/investors.orthexgroup.com\/fi\/nimitystoimikunta\/\" \/>\n<meta property=\"og:site_name\" content=\"Orthex Group\" \/>\n<meta property=\"article:modified_time\" content=\"2026-01-23T11:03:00+00:00\" \/>\n<meta name=\"twitter:card\" content=\"summary_large_image\" \/>\n<meta name=\"twitter:label1\" content=\"Arvioitu lukuaika\" \/>\n\t<meta name=\"twitter:data1\" content=\"3 minuuttia\" \/>\n<script type=\"application\/ld+json\" class=\"yoast-schema-graph\">{\"@context\":\"https:\/\/schema.org\",\"@graph\":[{\"@type\":\"WebPage\",\"@id\":\"https:\/\/investors.orthexgroup.com\/fi\/nimitystoimikunta\/\",\"url\":\"https:\/\/investors.orthexgroup.com\/fi\/nimitystoimikunta\/\",\"name\":\"Orthex Nimitystoimikunta - Orthex Group\",\"isPartOf\":{\"@id\":\"https:\/\/investors.orthexgroup.com\/fi\/#website\"},\"datePublished\":\"2021-06-10T07:07:12+00:00\",\"dateModified\":\"2026-01-23T11:03:00+00:00\",\"description\":\"Orthex Oyj:n ylim\u00e4\u00e4r\u00e4inen yhti\u00f6kokous 5.3.2021 p\u00e4\u00e4tti perustaa osakkeenomistajien nimitystoimikunnan. Tutustu nimitystoimikunnan teht\u00e4viin.\",\"breadcrumb\":{\"@id\":\"https:\/\/investors.orthexgroup.com\/fi\/nimitystoimikunta\/#breadcrumb\"},\"inLanguage\":\"fi\",\"potentialAction\":[{\"@type\":\"ReadAction\",\"target\":[\"https:\/\/investors.orthexgroup.com\/fi\/nimitystoimikunta\/\"]}]},{\"@type\":\"BreadcrumbList\",\"@id\":\"https:\/\/investors.orthexgroup.com\/fi\/nimitystoimikunta\/#breadcrumb\",\"itemListElement\":[{\"@type\":\"ListItem\",\"position\":1,\"name\":\"Etusivu\",\"item\":\"https:\/\/investors.orthexgroup.com\/fi\/\"},{\"@type\":\"ListItem\",\"position\":2,\"name\":\"Nimitystoimikunta\"}]},{\"@type\":\"WebSite\",\"@id\":\"https:\/\/investors.orthexgroup.com\/fi\/#website\",\"url\":\"https:\/\/investors.orthexgroup.com\/fi\/\",\"name\":\"Orthex Group\",\"description\":\"Tietoa Orthex Group Oyn listautumisannista\",\"publisher\":{\"@id\":\"https:\/\/investors.orthexgroup.com\/fi\/#organization\"},\"potentialAction\":[{\"@type\":\"SearchAction\",\"target\":{\"@type\":\"EntryPoint\",\"urlTemplate\":\"https:\/\/investors.orthexgroup.com\/fi\/?s={search_term_string}\"},\"query-input\":{\"@type\":\"PropertyValueSpecification\",\"valueRequired\":true,\"valueName\":\"search_term_string\"}}],\"inLanguage\":\"fi\"},{\"@type\":\"Organization\",\"@id\":\"https:\/\/investors.orthexgroup.com\/fi\/#organization\",\"name\":\"Orthex Group\",\"url\":\"https:\/\/investors.orthexgroup.com\/fi\/\",\"logo\":{\"@type\":\"ImageObject\",\"inLanguage\":\"fi\",\"@id\":\"https:\/\/investors.orthexgroup.com\/fi\/#\/schema\/logo\/image\/\",\"url\":\"https:\/\/investors.orthexgroup.com\/wp-content\/uploads\/2021\/01\/orthex-group-logo.svg\",\"contentUrl\":\"https:\/\/investors.orthexgroup.com\/wp-content\/uploads\/2021\/01\/orthex-group-logo.svg\",\"width\":129,\"height\":57,\"caption\":\"Orthex Group\"},\"image\":{\"@id\":\"https:\/\/investors.orthexgroup.com\/fi\/#\/schema\/logo\/image\/\"}}]}<\/script>\n<!-- \/ Yoast SEO plugin. -->","yoast_head_json":{"title":"Orthex Nimitystoimikunta - Orthex Group","description":"Orthex Oyj:n ylim\u00e4\u00e4r\u00e4inen yhti\u00f6kokous 5.3.2021 p\u00e4\u00e4tti perustaa osakkeenomistajien nimitystoimikunnan. Tutustu nimitystoimikunnan teht\u00e4viin.","robots":{"index":"index","follow":"follow","max-snippet":"max-snippet:-1","max-image-preview":"max-image-preview:large","max-video-preview":"max-video-preview:-1"},"canonical":"https:\/\/investors.orthexgroup.com\/fi\/nimitystoimikunta\/","og_locale":"fi_FI","og_type":"article","og_title":"Orthex Nimitystoimikunta - Orthex Group","og_description":"Orthex Oyj:n ylim\u00e4\u00e4r\u00e4inen yhti\u00f6kokous 5.3.2021 p\u00e4\u00e4tti perustaa osakkeenomistajien nimitystoimikunnan. Tutustu nimitystoimikunnan teht\u00e4viin.","og_url":"https:\/\/investors.orthexgroup.com\/fi\/nimitystoimikunta\/","og_site_name":"Orthex Group","article_modified_time":"2026-01-23T11:03:00+00:00","twitter_card":"summary_large_image","twitter_misc":{"Arvioitu lukuaika":"3 minuuttia"},"schema":{"@context":"https:\/\/schema.org","@graph":[{"@type":"WebPage","@id":"https:\/\/investors.orthexgroup.com\/fi\/nimitystoimikunta\/","url":"https:\/\/investors.orthexgroup.com\/fi\/nimitystoimikunta\/","name":"Orthex Nimitystoimikunta - Orthex Group","isPartOf":{"@id":"https:\/\/investors.orthexgroup.com\/fi\/#website"},"datePublished":"2021-06-10T07:07:12+00:00","dateModified":"2026-01-23T11:03:00+00:00","description":"Orthex Oyj:n ylim\u00e4\u00e4r\u00e4inen yhti\u00f6kokous 5.3.2021 p\u00e4\u00e4tti perustaa osakkeenomistajien nimitystoimikunnan. Tutustu nimitystoimikunnan teht\u00e4viin.","breadcrumb":{"@id":"https:\/\/investors.orthexgroup.com\/fi\/nimitystoimikunta\/#breadcrumb"},"inLanguage":"fi","potentialAction":[{"@type":"ReadAction","target":["https:\/\/investors.orthexgroup.com\/fi\/nimitystoimikunta\/"]}]},{"@type":"BreadcrumbList","@id":"https:\/\/investors.orthexgroup.com\/fi\/nimitystoimikunta\/#breadcrumb","itemListElement":[{"@type":"ListItem","position":1,"name":"Etusivu","item":"https:\/\/investors.orthexgroup.com\/fi\/"},{"@type":"ListItem","position":2,"name":"Nimitystoimikunta"}]},{"@type":"WebSite","@id":"https:\/\/investors.orthexgroup.com\/fi\/#website","url":"https:\/\/investors.orthexgroup.com\/fi\/","name":"Orthex Group","description":"Tietoa Orthex Group Oyn listautumisannista","publisher":{"@id":"https:\/\/investors.orthexgroup.com\/fi\/#organization"},"potentialAction":[{"@type":"SearchAction","target":{"@type":"EntryPoint","urlTemplate":"https:\/\/investors.orthexgroup.com\/fi\/?s={search_term_string}"},"query-input":{"@type":"PropertyValueSpecification","valueRequired":true,"valueName":"search_term_string"}}],"inLanguage":"fi"},{"@type":"Organization","@id":"https:\/\/investors.orthexgroup.com\/fi\/#organization","name":"Orthex Group","url":"https:\/\/investors.orthexgroup.com\/fi\/","logo":{"@type":"ImageObject","inLanguage":"fi","@id":"https:\/\/investors.orthexgroup.com\/fi\/#\/schema\/logo\/image\/","url":"https:\/\/investors.orthexgroup.com\/wp-content\/uploads\/2021\/01\/orthex-group-logo.svg","contentUrl":"https:\/\/investors.orthexgroup.com\/wp-content\/uploads\/2021\/01\/orthex-group-logo.svg","width":129,"height":57,"caption":"Orthex Group"},"image":{"@id":"https:\/\/investors.orthexgroup.com\/fi\/#\/schema\/logo\/image\/"}}]}},"_links":{"self":[{"href":"https:\/\/investors.orthexgroup.com\/fi\/wp-json\/wp\/v2\/pages\/2090","targetHints":{"allow":["GET"]}}],"collection":[{"href":"https:\/\/investors.orthexgroup.com\/fi\/wp-json\/wp\/v2\/pages"}],"about":[{"href":"https:\/\/investors.orthexgroup.com\/fi\/wp-json\/wp\/v2\/types\/page"}],"author":[{"embeddable":true,"href":"https:\/\/investors.orthexgroup.com\/fi\/wp-json\/wp\/v2\/users\/5"}],"replies":[{"embeddable":true,"href":"https:\/\/investors.orthexgroup.com\/fi\/wp-json\/wp\/v2\/comments?post=2090"}],"version-history":[{"count":6,"href":"https:\/\/investors.orthexgroup.com\/fi\/wp-json\/wp\/v2\/pages\/2090\/revisions"}],"predecessor-version":[{"id":6304,"href":"https:\/\/investors.orthexgroup.com\/fi\/wp-json\/wp\/v2\/pages\/2090\/revisions\/6304"}],"wp:attachment":[{"href":"https:\/\/investors.orthexgroup.com\/fi\/wp-json\/wp\/v2\/media?parent=2090"}],"curies":[{"name":"wp","href":"https:\/\/api.w.org\/{rel}","templated":true}]}}