{"id":2354,"date":"2021-11-12T13:46:27","date_gmt":"2021-11-12T11:46:27","guid":{"rendered":"https:\/\/investors.orthexgroup.com\/?page_id=2354"},"modified":"2025-08-05T10:09:38","modified_gmt":"2025-08-05T07:09:38","slug":"hallituksen-monimuotoisuus","status":"publish","type":"page","link":"https:\/\/investors.orthexgroup.com\/fi\/hallituksen-monimuotoisuus\/","title":{"rendered":"Orthexin hallituksen monimuotoisuus"},"content":{"rendered":"\n<p>Orthex pit\u00e4\u00e4 monimuotoisuutta t\u00e4rke\u00e4n\u00e4 ja luonnollisena l\u00e4hestymistapana toiminnassaan.<\/p>\n\n\n\n<p><a href=\"https:\/\/investors.orthexgroup.com\/fi\/hallinnointi\/hallitus\/\">Orthexin hallitus<\/a> on hyv\u00e4ksynyt hallituksen monimuotoisuutta koskevat periaatteet, joita <a href=\"https:\/\/investors.orthexgroup.com\/fi\/nimitystoimikunta\/\">osakkeenomistajien nimitystoimikunta<\/a> noudattaa valmistellessaan hallituksen kokoonpanoa koskevaa ehdotustaan <a href=\"https:\/\/investors.orthexgroup.com\/fi\/hallinnointi\/yhtiokokous\/\">yhti\u00f6kokoukselle<\/a>. Monimuotoisuutta koskevien periaatteiden tarkoituksena on osaltaan varmistaa se, ett\u00e4 hallituksen osaaminen ja kokemus kokonaisuutena sek\u00e4 kokoonpanon monipuolisuus riitt\u00e4v\u00e4ll\u00e4 tavalla vastaavat Orthexin toiminnan tarpeita.<\/p>\n\n\n<div class=\"custom-block link-boxes\">\n            <div class=\"links\">\n            <a class=\"box\" href=\"https:\/\/investors.orthexgroup.com\/wp-content\/uploads\/2024\/12\/Orthex-Hallituksen-monimuotoisuutta-koskevat-periaatteet-9.12.2024.pdf\"><h1 class=\"title\">Hallituksen monimuotoisuutta koskevat periaatteet<\/h1><span class=\"link\">Lue lis\u00e4\u00e4<\/span><\/a><a class=\"box\" href=\"https:\/\/investors.orthexgroup.com\/fi\/nimitystoimikunta\/\"><h1 class=\"title\">Osakkeenomistajien nimitystoimikunta<\/h1><span class=\"link\">Lue lis\u00e4\u00e4<\/span><\/a>        <\/div>\n    <\/div>\n","protected":false},"excerpt":{"rendered":"<p>Orthex pit\u00e4\u00e4 monimuotoisuutta t\u00e4rke\u00e4n\u00e4 ja luonnollisena l\u00e4hestymistapana toiminnassaan. Orthexin hallitus on hyv\u00e4ksynyt hallituksen monimuotoisuutta koskevat&hellip;<\/p>\n","protected":false},"author":5,"featured_media":0,"parent":0,"menu_order":0,"comment_status":"closed","ping_status":"closed","template":"","meta":{"_acf_changed":false,"footnotes":""},"class_list":["post-2354","page","type-page","status-publish","hentry"],"acf":[],"yoast_head":"<!-- This site is optimized with the Yoast SEO plugin v27.4 - https:\/\/yoast.com\/product\/yoast-seo-wordpress\/ -->\n<title>Orthexin hallituksen monimuotoisuus - Orthex Group<\/title>\n<meta name=\"description\" content=\"Orthexin hallituksen monimuotoisuus luo pohjan laajalle osaamiselle. Tutustu monimuotoisuutta koskeviin periaatteisiin.\" \/>\n<meta name=\"robots\" content=\"index, follow, max-snippet:-1, max-image-preview:large, max-video-preview:-1\" \/>\n<link rel=\"canonical\" href=\"https:\/\/investors.orthexgroup.com\/fi\/hallituksen-monimuotoisuus\/\" \/>\n<meta property=\"og:locale\" content=\"fi_FI\" \/>\n<meta property=\"og:type\" content=\"article\" \/>\n<meta property=\"og:title\" content=\"Orthexin hallituksen monimuotoisuus - Orthex Group\" \/>\n<meta property=\"og:description\" content=\"Orthexin hallituksen monimuotoisuus luo pohjan laajalle osaamiselle. Tutustu monimuotoisuutta koskeviin periaatteisiin.\" \/>\n<meta property=\"og:url\" content=\"https:\/\/investors.orthexgroup.com\/fi\/hallituksen-monimuotoisuus\/\" \/>\n<meta property=\"og:site_name\" content=\"Orthex Group\" \/>\n<meta property=\"article:modified_time\" content=\"2025-08-05T07:09:38+00:00\" \/>\n<meta name=\"twitter:card\" content=\"summary_large_image\" \/>\n<meta name=\"twitter:label1\" content=\"Arvioitu lukuaika\" \/>\n\t<meta name=\"twitter:data1\" content=\"1 minuutti\" \/>\n<script type=\"application\/ld+json\" class=\"yoast-schema-graph\">{\"@context\":\"https:\\\/\\\/schema.org\",\"@graph\":[{\"@type\":\"WebPage\",\"@id\":\"https:\\\/\\\/investors.orthexgroup.com\\\/fi\\\/hallituksen-monimuotoisuus\\\/\",\"url\":\"https:\\\/\\\/investors.orthexgroup.com\\\/fi\\\/hallituksen-monimuotoisuus\\\/\",\"name\":\"Orthexin hallituksen monimuotoisuus - Orthex Group\",\"isPartOf\":{\"@id\":\"https:\\\/\\\/investors.orthexgroup.com\\\/fi\\\/#website\"},\"datePublished\":\"2021-11-12T11:46:27+00:00\",\"dateModified\":\"2025-08-05T07:09:38+00:00\",\"description\":\"Orthexin hallituksen monimuotoisuus luo pohjan laajalle osaamiselle. Tutustu monimuotoisuutta koskeviin periaatteisiin.\",\"breadcrumb\":{\"@id\":\"https:\\\/\\\/investors.orthexgroup.com\\\/fi\\\/hallituksen-monimuotoisuus\\\/#breadcrumb\"},\"inLanguage\":\"fi\",\"potentialAction\":[{\"@type\":\"ReadAction\",\"target\":[\"https:\\\/\\\/investors.orthexgroup.com\\\/fi\\\/hallituksen-monimuotoisuus\\\/\"]}]},{\"@type\":\"BreadcrumbList\",\"@id\":\"https:\\\/\\\/investors.orthexgroup.com\\\/fi\\\/hallituksen-monimuotoisuus\\\/#breadcrumb\",\"itemListElement\":[{\"@type\":\"ListItem\",\"position\":1,\"name\":\"Etusivu\",\"item\":\"https:\\\/\\\/investors.orthexgroup.com\\\/fi\\\/\"},{\"@type\":\"ListItem\",\"position\":2,\"name\":\"Orthexin hallituksen monimuotoisuus\"}]},{\"@type\":\"WebSite\",\"@id\":\"https:\\\/\\\/investors.orthexgroup.com\\\/fi\\\/#website\",\"url\":\"https:\\\/\\\/investors.orthexgroup.com\\\/fi\\\/\",\"name\":\"Orthex Group\",\"description\":\"Tietoa Orthex Group Oyn listautumisannista\",\"publisher\":{\"@id\":\"https:\\\/\\\/investors.orthexgroup.com\\\/fi\\\/#organization\"},\"potentialAction\":[{\"@type\":\"SearchAction\",\"target\":{\"@type\":\"EntryPoint\",\"urlTemplate\":\"https:\\\/\\\/investors.orthexgroup.com\\\/fi\\\/?s={search_term_string}\"},\"query-input\":{\"@type\":\"PropertyValueSpecification\",\"valueRequired\":true,\"valueName\":\"search_term_string\"}}],\"inLanguage\":\"fi\"},{\"@type\":\"Organization\",\"@id\":\"https:\\\/\\\/investors.orthexgroup.com\\\/fi\\\/#organization\",\"name\":\"Orthex Group\",\"url\":\"https:\\\/\\\/investors.orthexgroup.com\\\/fi\\\/\",\"logo\":{\"@type\":\"ImageObject\",\"inLanguage\":\"fi\",\"@id\":\"https:\\\/\\\/investors.orthexgroup.com\\\/fi\\\/#\\\/schema\\\/logo\\\/image\\\/\",\"url\":\"https:\\\/\\\/investors.orthexgroup.com\\\/wp-content\\\/uploads\\\/2021\\\/01\\\/orthex-group-logo.svg\",\"contentUrl\":\"https:\\\/\\\/investors.orthexgroup.com\\\/wp-content\\\/uploads\\\/2021\\\/01\\\/orthex-group-logo.svg\",\"width\":129,\"height\":57,\"caption\":\"Orthex Group\"},\"image\":{\"@id\":\"https:\\\/\\\/investors.orthexgroup.com\\\/fi\\\/#\\\/schema\\\/logo\\\/image\\\/\"}}]}<\/script>\n<!-- \/ Yoast SEO plugin. -->","yoast_head_json":{"title":"Orthexin hallituksen monimuotoisuus - Orthex Group","description":"Orthexin hallituksen monimuotoisuus luo pohjan laajalle osaamiselle. Tutustu monimuotoisuutta koskeviin periaatteisiin.","robots":{"index":"index","follow":"follow","max-snippet":"max-snippet:-1","max-image-preview":"max-image-preview:large","max-video-preview":"max-video-preview:-1"},"canonical":"https:\/\/investors.orthexgroup.com\/fi\/hallituksen-monimuotoisuus\/","og_locale":"fi_FI","og_type":"article","og_title":"Orthexin hallituksen monimuotoisuus - Orthex Group","og_description":"Orthexin hallituksen monimuotoisuus luo pohjan laajalle osaamiselle. Tutustu monimuotoisuutta koskeviin periaatteisiin.","og_url":"https:\/\/investors.orthexgroup.com\/fi\/hallituksen-monimuotoisuus\/","og_site_name":"Orthex Group","article_modified_time":"2025-08-05T07:09:38+00:00","twitter_card":"summary_large_image","twitter_misc":{"Arvioitu lukuaika":"1 minuutti"},"schema":{"@context":"https:\/\/schema.org","@graph":[{"@type":"WebPage","@id":"https:\/\/investors.orthexgroup.com\/fi\/hallituksen-monimuotoisuus\/","url":"https:\/\/investors.orthexgroup.com\/fi\/hallituksen-monimuotoisuus\/","name":"Orthexin hallituksen monimuotoisuus - Orthex Group","isPartOf":{"@id":"https:\/\/investors.orthexgroup.com\/fi\/#website"},"datePublished":"2021-11-12T11:46:27+00:00","dateModified":"2025-08-05T07:09:38+00:00","description":"Orthexin hallituksen monimuotoisuus luo pohjan laajalle osaamiselle. Tutustu monimuotoisuutta koskeviin periaatteisiin.","breadcrumb":{"@id":"https:\/\/investors.orthexgroup.com\/fi\/hallituksen-monimuotoisuus\/#breadcrumb"},"inLanguage":"fi","potentialAction":[{"@type":"ReadAction","target":["https:\/\/investors.orthexgroup.com\/fi\/hallituksen-monimuotoisuus\/"]}]},{"@type":"BreadcrumbList","@id":"https:\/\/investors.orthexgroup.com\/fi\/hallituksen-monimuotoisuus\/#breadcrumb","itemListElement":[{"@type":"ListItem","position":1,"name":"Etusivu","item":"https:\/\/investors.orthexgroup.com\/fi\/"},{"@type":"ListItem","position":2,"name":"Orthexin hallituksen monimuotoisuus"}]},{"@type":"WebSite","@id":"https:\/\/investors.orthexgroup.com\/fi\/#website","url":"https:\/\/investors.orthexgroup.com\/fi\/","name":"Orthex Group","description":"Tietoa Orthex Group Oyn listautumisannista","publisher":{"@id":"https:\/\/investors.orthexgroup.com\/fi\/#organization"},"potentialAction":[{"@type":"SearchAction","target":{"@type":"EntryPoint","urlTemplate":"https:\/\/investors.orthexgroup.com\/fi\/?s={search_term_string}"},"query-input":{"@type":"PropertyValueSpecification","valueRequired":true,"valueName":"search_term_string"}}],"inLanguage":"fi"},{"@type":"Organization","@id":"https:\/\/investors.orthexgroup.com\/fi\/#organization","name":"Orthex Group","url":"https:\/\/investors.orthexgroup.com\/fi\/","logo":{"@type":"ImageObject","inLanguage":"fi","@id":"https:\/\/investors.orthexgroup.com\/fi\/#\/schema\/logo\/image\/","url":"https:\/\/investors.orthexgroup.com\/wp-content\/uploads\/2021\/01\/orthex-group-logo.svg","contentUrl":"https:\/\/investors.orthexgroup.com\/wp-content\/uploads\/2021\/01\/orthex-group-logo.svg","width":129,"height":57,"caption":"Orthex Group"},"image":{"@id":"https:\/\/investors.orthexgroup.com\/fi\/#\/schema\/logo\/image\/"}}]}},"_links":{"self":[{"href":"https:\/\/investors.orthexgroup.com\/fi\/wp-json\/wp\/v2\/pages\/2354","targetHints":{"allow":["GET"]}}],"collection":[{"href":"https:\/\/investors.orthexgroup.com\/fi\/wp-json\/wp\/v2\/pages"}],"about":[{"href":"https:\/\/investors.orthexgroup.com\/fi\/wp-json\/wp\/v2\/types\/page"}],"author":[{"embeddable":true,"href":"https:\/\/investors.orthexgroup.com\/fi\/wp-json\/wp\/v2\/users\/5"}],"replies":[{"embeddable":true,"href":"https:\/\/investors.orthexgroup.com\/fi\/wp-json\/wp\/v2\/comments?post=2354"}],"version-history":[{"count":5,"href":"https:\/\/investors.orthexgroup.com\/fi\/wp-json\/wp\/v2\/pages\/2354\/revisions"}],"predecessor-version":[{"id":5887,"href":"https:\/\/investors.orthexgroup.com\/fi\/wp-json\/wp\/v2\/pages\/2354\/revisions\/5887"}],"wp:attachment":[{"href":"https:\/\/investors.orthexgroup.com\/fi\/wp-json\/wp\/v2\/media?parent=2354"}],"curies":[{"name":"wp","href":"https:\/\/api.w.org\/{rel}","templated":true}]}}