{"id":2448,"date":"2021-12-14T13:48:52","date_gmt":"2021-12-14T11:48:52","guid":{"rendered":"https:\/\/investors.orthexgroup.com\/?page_id=2448"},"modified":"2025-08-05T11:42:33","modified_gmt":"2025-08-05T08:42:33","slug":"ilmoituskanava","status":"publish","type":"page","link":"https:\/\/investors.orthexgroup.com\/fi\/hallinnointi\/ilmoituskanava\/","title":{"rendered":"Orthexin ilmoituskanava"},"content":{"rendered":"\n<p>Orthex Groupin toiminta perustuu etiikkaan ja korkeaan moraaliin, l\u00e4pin\u00e4kyvyyteen ja vastuullisuuteen sek\u00e4 soveltuvan s\u00e4\u00e4ntelyn ja <a href=\"https:\/\/investors.orthexgroup.com\/fi\/hallinnointi\/code-of-conduct\/\" target=\"_blank\" rel=\"noreferrer noopener\">Orthexin eettisten toimintaperiaatteiden (Code of Conduct)<\/a> ja muiden politiikoiden noudattamiseen.<\/p>\n\n\n\n<p>Ilmoituskanava on yksi keino yll\u00e4pit\u00e4\u00e4 tervett\u00e4 yritys- ja liiketoimintakulttuuria. Kaikkia Orthex Groupin ty\u00f6ntekij\u00f6it\u00e4 ja muita sidosryhmiin kuuluvia henkil\u00f6it\u00e4 kannustetaan ilmoittamaan huolenaiheista, jotka koskevat lakien ja s\u00e4\u00e4nn\u00f6sten tai yhti\u00f6n politiikoiden ja ohjeiden vastaista toimintaa. On t\u00e4rke\u00e4\u00e4, ett\u00e4 kaikista huolenaiheista ilmoitetaan. Se on tehokkain tapa puuttua mahdollisiin rikkomuksiin ja tukea Orthexin asemaa luotettavana yrityksen\u00e4. Orthex ottaa kaikki huolenaiheet ep\u00e4illyist\u00e4 rikkomuksista vakavasti.<\/p>\n\n\n\n<p>Jos huolenaiheesi liittyy Orthexin tuotteisiin, voit antaa niihin liittyv\u00e4\u00e4 palautetta <a href=\"https:\/\/www.orthexgroup.fi\/content\/18-contact-form\">t\u00e4\u00e4ll\u00e4<\/a>.<\/p>\n\n\n\n<h2 class=\"wp-block-heading\">Kuinka ilmoitat huolenaiheesi vaatimustenvastaisesta toiminnasta?<\/h2>\n\n\n\n<p>Aiheellinen rikkomus- tai v\u00e4\u00e4rink\u00e4yt\u00f6sep\u00e4ily riitt\u00e4\u00e4 syyksi ilmoituksen tekemiseen. Kuvaile huolenaiheitasi ja niihin johtaneita olosuhteita omin sanoin. Sinun ei tarvitse esitt\u00e4\u00e4 todisteita ilmoituksen tai tutkinnan tueksi.<\/p>\n\n\n\n<p>Orthexin ty\u00f6ntekij\u00e4t voivat ilmoittaa huolenaiheistaan nimett\u00f6m\u00e4sti k\u00e4ytt\u00e4m\u00e4ll\u00e4 yhti\u00f6n intranetsivuilla olevaa sis\u00e4ist\u00e4 ilmoituskanavaa (Whistleblowing channel).<\/p>\n\n\n\n<p>Orthexin ulkoiset sidosryhm\u00e4t kuten osakkeenomistajat, asiakkaat, toimittajat ja muut yhteisty\u00f6kumppanit voivat ilmoittaa huolenaiheistaan l\u00e4hett\u00e4m\u00e4ll\u00e4 s\u00e4hk\u00f6postin osoitteeseen<\/p>\n\n\n\n<ul class=\"wp-block-list\">\n<li>whistleblow(at)orthexgroup.com<\/li>\n<\/ul>\n\n\n\n<p>S\u00e4hk\u00f6posti-ilmoituksen voi tehd\u00e4 anonyymisti l\u00e4hett\u00e4m\u00e4ll\u00e4 sen s\u00e4hk\u00f6postiosoitteesta, josta ilmoittajan henkil\u00f6llisyys ei k\u00e4y ilmi, tarkempia ohjeita alla.<\/p>\n\n\n\n<ul class=\"wp-block-list\">\n<li>Yksil\u00f6i ja selit\u00e4 huolenaiheesi riitt\u00e4v\u00e4n yksityiskohtaisesti tutkinnan mahdollistamiseksi.<\/li>\n\n\n\n<li>Huolta tukemaan ei tarvita vahvoja todisteita, mutta kaikki viestit on toimitettava vilpitt\u00f6m\u00e4ss\u00e4 mieless\u00e4.<\/li>\n\n\n\n<li>Voit paljastaa henkil\u00f6llisyytesi tai l\u00e4hett\u00e4\u00e4 viestisi nimett\u00f6m\u00e4sti.<\/li>\n\n\n\n<li>Kaikki viestit tutkitaan luottamuksellisesti noudattaen menettely\u00e4, joka on m\u00e4\u00e4ritelty yhti\u00f6n hallituksen hyv\u00e4ksym\u00e4ss\u00e4 ilmoituskanavaa koskevassa ohjeessa.<\/li>\n<\/ul>\n\n\n\n<p>Ilmoittajaa ja h\u00e4nen henkil\u00f6tietojaan ja ilmoituksen aihetta suojataan aina voimassa olevan ilmoittajansuojelu-, tietosuoja- ja tietoturvalains\u00e4\u00e4d\u00e4nn\u00f6n mukaisesti.<\/p>\n\n\n\n<p>Voit l\u00e4hett\u00e4\u00e4 anonyymin s\u00e4hk\u00f6postin helposti k\u00e4ytt\u00e4m\u00e4ll\u00e4 esimerkiksi Guerrilla Mail -palvelua, joka ei vaadi kirjautumista tai rekister\u00f6itymist\u00e4: &nbsp;<\/p>\n\n\n<ol>\n<li>Avaa&nbsp;Guerrilla Mail selaimessasi.<\/li>\n<li>Satunnainen osoitteesi on valmiina.<\/li>\n<li>Valitse&nbsp;<strong>Compose <\/strong>kirjoittaaksesi viestin.<\/li>\n<li>Kirjoita vastaanottajan s\u00e4hk\u00f6postiosoite, aihe ja viesti.<\/li>\n<li>Voit liitt\u00e4\u00e4 viestiin my\u00f6s tiedoston (<strong>Choose File<\/strong>).<\/li>\n<li>Valitse&nbsp;<strong>Send <\/strong>ja kuittaa I\u2019m not a robot -varmenne, niin viesti l\u00e4hetet\u00e4\u00e4n.<\/li>\n<\/ol>\n\n\n<h2 class=\"wp-block-heading\">Oikeuskanslerinviraston keskitetty ulkoinen ilmoituskanava<\/h2>\n\n\n\n<p>Voit tehd\u00e4 ilmoituksen ep\u00e4illyst\u00e4 lain rikkomisesta my\u00f6s oikeuskanslerinviraston keskitetyn ulkoisen ilmoituskanavan kautta, jos<\/p>\n\n\n<ul>\n<li>sinulla ei ole mahdollisuutta tehd\u00e4 ilmoitusta yhti\u00f6n sis\u00e4iseen ilmoituskanavaan<\/li>\n<li>sinulla on perusteltu syy uskoa, ett\u00e4 sis\u00e4isen ilmoituksen perusteella ei ole ryhdytty m\u00e4\u00e4r\u00e4ajassa toimenpiteisiin tai ett\u00e4 sen perusteella rikkomiseen ei voida puuttua tehokkaasti tai<\/li>\n<li>sinulla on perusteltu syy uskoa olevasi vaarassa joutua vastatoimien kohteeksi ilmoituksen takia ja<\/li>\n<li>ilmoittajansuojelun kolme yleist\u00e4 edellytyst\u00e4 t\u00e4yttyv\u00e4t.<\/li>\n<\/ul>\n\n\n<p>Ilmoittajansuojelun kolme yleist\u00e4 edellytyst\u00e4 ovat:<\/p>\n\n\n<ul>\n<li>Ilmoittajalla on ilmoittamishetkell\u00e4 perusteltu syy uskoa, ett\u00e4 rikkomista koskeva tieto pit\u00e4\u00e4 paikkansa.<\/li>\n<li>Rikkomista koskeva tieto kuuluu ilmoittajansuojelulain soveltamisalaan.<\/li>\n<li>Ilmoittaja ilmoittaa ty\u00f6ns\u00e4 yhteydess\u00e4 havaitusta v\u00e4\u00e4rink\u00e4yt\u00f6ksest\u00e4.<\/li>\n<\/ul>\n\n\n<p>Ilmoittajansuojelun edellytyksist\u00e4 ja ilmoituksen tekemisest\u00e4 keskitetyn ulkoisen ilmoituskanavan kautta l\u00f6ytyy lis\u00e4tietoa oikeuskanslerinviraston verkkosivuilta <a href=\"https:\/\/oikeuskansleri.fi\/keskitetty-ulkoinen-ilmoituskanava\">Oikeuskanslerinviraston keskitetty ulkoinen ilmoituskanava | Valtioneuvoston oikeuskansleri<\/a><\/p>\n\n\n\n<h2 class=\"wp-block-heading has-text-align-center\">Kiitos, ett\u00e4 tuot huolenaiheesi esiin!<\/h2>\n\n\n\n<p><\/p>\n\n\n<div class=\"custom-block link-boxes\">\n            <div class=\"links\">\n            <a class=\"box\" href=\"https:\/\/investors.orthexgroup.com\/fi\/hallinnointi\/code-of-conduct\/\"><h1 class=\"title\">Eettiset toimintaperiaatteet<\/h1><span class=\"link\">Lue lis\u00e4\u00e4<\/span><\/a><a class=\"box\" href=\"https:\/\/investors.orthexgroup.com\/fi\/tietosuoja\/\"><h1 class=\"title\">Tietosuojaseloste<\/h1><span class=\"link\">Ilmoituskanavan k\u00e4ytt\u00e4j\u00e4t<\/span><\/a>        <\/div>\n    <\/div>\n","protected":false},"excerpt":{"rendered":"<p>Orthex Groupin toiminta perustuu etiikkaan ja korkeaan moraaliin, l\u00e4pin\u00e4kyvyyteen ja vastuullisuuteen sek\u00e4 soveltuvan s\u00e4\u00e4ntelyn ja&hellip;<\/p>\n","protected":false},"author":10,"featured_media":0,"parent":691,"menu_order":0,"comment_status":"closed","ping_status":"closed","template":"","meta":{"_acf_changed":false,"footnotes":""},"class_list":["post-2448","page","type-page","status-publish","hentry"],"acf":[],"yoast_head":"<!-- This site is optimized with the Yoast SEO plugin v27.1.1 - https:\/\/yoast.com\/product\/yoast-seo-wordpress\/ -->\n<title>Orthexin ilmoituskanava - Orthex Group<\/title>\n<meta name=\"description\" content=\"Orthexin ilmoituskanava mahdollistaa ep\u00e4eettisten toimien turvallisen ja luottamuksellisen ilmoittamisen. Tutustu ohjeisiin t\u00e4\u00e4ll\u00e4.\" \/>\n<meta name=\"robots\" content=\"index, follow, max-snippet:-1, max-image-preview:large, max-video-preview:-1\" \/>\n<link rel=\"canonical\" href=\"https:\/\/investors.orthexgroup.com\/fi\/hallinnointi\/ilmoituskanava\/\" \/>\n<meta property=\"og:locale\" content=\"fi_FI\" \/>\n<meta property=\"og:type\" content=\"article\" \/>\n<meta property=\"og:title\" content=\"Orthexin ilmoituskanava - Orthex Group\" \/>\n<meta property=\"og:description\" content=\"Orthexin ilmoituskanava mahdollistaa ep\u00e4eettisten toimien turvallisen ja luottamuksellisen ilmoittamisen. Tutustu ohjeisiin t\u00e4\u00e4ll\u00e4.\" \/>\n<meta property=\"og:url\" content=\"https:\/\/investors.orthexgroup.com\/fi\/hallinnointi\/ilmoituskanava\/\" \/>\n<meta property=\"og:site_name\" content=\"Orthex Group\" \/>\n<meta property=\"article:modified_time\" content=\"2025-08-05T08:42:33+00:00\" \/>\n<meta name=\"twitter:card\" content=\"summary_large_image\" \/>\n<meta name=\"twitter:label1\" content=\"Arvioitu lukuaika\" \/>\n\t<meta name=\"twitter:data1\" content=\"2 minuuttia\" \/>\n<script type=\"application\/ld+json\" class=\"yoast-schema-graph\">{\"@context\":\"https:\/\/schema.org\",\"@graph\":[{\"@type\":\"WebPage\",\"@id\":\"https:\/\/investors.orthexgroup.com\/fi\/hallinnointi\/ilmoituskanava\/\",\"url\":\"https:\/\/investors.orthexgroup.com\/fi\/hallinnointi\/ilmoituskanava\/\",\"name\":\"Orthexin ilmoituskanava - Orthex Group\",\"isPartOf\":{\"@id\":\"https:\/\/investors.orthexgroup.com\/fi\/#website\"},\"datePublished\":\"2021-12-14T11:48:52+00:00\",\"dateModified\":\"2025-08-05T08:42:33+00:00\",\"description\":\"Orthexin ilmoituskanava mahdollistaa ep\u00e4eettisten toimien turvallisen ja luottamuksellisen ilmoittamisen. Tutustu ohjeisiin t\u00e4\u00e4ll\u00e4.\",\"breadcrumb\":{\"@id\":\"https:\/\/investors.orthexgroup.com\/fi\/hallinnointi\/ilmoituskanava\/#breadcrumb\"},\"inLanguage\":\"fi\",\"potentialAction\":[{\"@type\":\"ReadAction\",\"target\":[\"https:\/\/investors.orthexgroup.com\/fi\/hallinnointi\/ilmoituskanava\/\"]}]},{\"@type\":\"BreadcrumbList\",\"@id\":\"https:\/\/investors.orthexgroup.com\/fi\/hallinnointi\/ilmoituskanava\/#breadcrumb\",\"itemListElement\":[{\"@type\":\"ListItem\",\"position\":1,\"name\":\"Etusivu\",\"item\":\"https:\/\/investors.orthexgroup.com\/fi\/\"},{\"@type\":\"ListItem\",\"position\":2,\"name\":\"Orthexin hallinnointi\",\"item\":\"https:\/\/investors.orthexgroup.com\/fi\/hallinnointi\/\"},{\"@type\":\"ListItem\",\"position\":3,\"name\":\"Orthexin ilmoituskanava\"}]},{\"@type\":\"WebSite\",\"@id\":\"https:\/\/investors.orthexgroup.com\/fi\/#website\",\"url\":\"https:\/\/investors.orthexgroup.com\/fi\/\",\"name\":\"Orthex Group\",\"description\":\"Tietoa Orthex Group Oyn listautumisannista\",\"publisher\":{\"@id\":\"https:\/\/investors.orthexgroup.com\/fi\/#organization\"},\"potentialAction\":[{\"@type\":\"SearchAction\",\"target\":{\"@type\":\"EntryPoint\",\"urlTemplate\":\"https:\/\/investors.orthexgroup.com\/fi\/?s={search_term_string}\"},\"query-input\":{\"@type\":\"PropertyValueSpecification\",\"valueRequired\":true,\"valueName\":\"search_term_string\"}}],\"inLanguage\":\"fi\"},{\"@type\":\"Organization\",\"@id\":\"https:\/\/investors.orthexgroup.com\/fi\/#organization\",\"name\":\"Orthex Group\",\"url\":\"https:\/\/investors.orthexgroup.com\/fi\/\",\"logo\":{\"@type\":\"ImageObject\",\"inLanguage\":\"fi\",\"@id\":\"https:\/\/investors.orthexgroup.com\/fi\/#\/schema\/logo\/image\/\",\"url\":\"https:\/\/investors.orthexgroup.com\/wp-content\/uploads\/2021\/01\/orthex-group-logo.svg\",\"contentUrl\":\"https:\/\/investors.orthexgroup.com\/wp-content\/uploads\/2021\/01\/orthex-group-logo.svg\",\"width\":129,\"height\":57,\"caption\":\"Orthex Group\"},\"image\":{\"@id\":\"https:\/\/investors.orthexgroup.com\/fi\/#\/schema\/logo\/image\/\"}}]}<\/script>\n<!-- \/ Yoast SEO plugin. -->","yoast_head_json":{"title":"Orthexin ilmoituskanava - Orthex Group","description":"Orthexin ilmoituskanava mahdollistaa ep\u00e4eettisten toimien turvallisen ja luottamuksellisen ilmoittamisen. Tutustu ohjeisiin t\u00e4\u00e4ll\u00e4.","robots":{"index":"index","follow":"follow","max-snippet":"max-snippet:-1","max-image-preview":"max-image-preview:large","max-video-preview":"max-video-preview:-1"},"canonical":"https:\/\/investors.orthexgroup.com\/fi\/hallinnointi\/ilmoituskanava\/","og_locale":"fi_FI","og_type":"article","og_title":"Orthexin ilmoituskanava - Orthex Group","og_description":"Orthexin ilmoituskanava mahdollistaa ep\u00e4eettisten toimien turvallisen ja luottamuksellisen ilmoittamisen. Tutustu ohjeisiin t\u00e4\u00e4ll\u00e4.","og_url":"https:\/\/investors.orthexgroup.com\/fi\/hallinnointi\/ilmoituskanava\/","og_site_name":"Orthex Group","article_modified_time":"2025-08-05T08:42:33+00:00","twitter_card":"summary_large_image","twitter_misc":{"Arvioitu lukuaika":"2 minuuttia"},"schema":{"@context":"https:\/\/schema.org","@graph":[{"@type":"WebPage","@id":"https:\/\/investors.orthexgroup.com\/fi\/hallinnointi\/ilmoituskanava\/","url":"https:\/\/investors.orthexgroup.com\/fi\/hallinnointi\/ilmoituskanava\/","name":"Orthexin ilmoituskanava - Orthex Group","isPartOf":{"@id":"https:\/\/investors.orthexgroup.com\/fi\/#website"},"datePublished":"2021-12-14T11:48:52+00:00","dateModified":"2025-08-05T08:42:33+00:00","description":"Orthexin ilmoituskanava mahdollistaa ep\u00e4eettisten toimien turvallisen ja luottamuksellisen ilmoittamisen. Tutustu ohjeisiin t\u00e4\u00e4ll\u00e4.","breadcrumb":{"@id":"https:\/\/investors.orthexgroup.com\/fi\/hallinnointi\/ilmoituskanava\/#breadcrumb"},"inLanguage":"fi","potentialAction":[{"@type":"ReadAction","target":["https:\/\/investors.orthexgroup.com\/fi\/hallinnointi\/ilmoituskanava\/"]}]},{"@type":"BreadcrumbList","@id":"https:\/\/investors.orthexgroup.com\/fi\/hallinnointi\/ilmoituskanava\/#breadcrumb","itemListElement":[{"@type":"ListItem","position":1,"name":"Etusivu","item":"https:\/\/investors.orthexgroup.com\/fi\/"},{"@type":"ListItem","position":2,"name":"Orthexin hallinnointi","item":"https:\/\/investors.orthexgroup.com\/fi\/hallinnointi\/"},{"@type":"ListItem","position":3,"name":"Orthexin ilmoituskanava"}]},{"@type":"WebSite","@id":"https:\/\/investors.orthexgroup.com\/fi\/#website","url":"https:\/\/investors.orthexgroup.com\/fi\/","name":"Orthex Group","description":"Tietoa Orthex Group Oyn listautumisannista","publisher":{"@id":"https:\/\/investors.orthexgroup.com\/fi\/#organization"},"potentialAction":[{"@type":"SearchAction","target":{"@type":"EntryPoint","urlTemplate":"https:\/\/investors.orthexgroup.com\/fi\/?s={search_term_string}"},"query-input":{"@type":"PropertyValueSpecification","valueRequired":true,"valueName":"search_term_string"}}],"inLanguage":"fi"},{"@type":"Organization","@id":"https:\/\/investors.orthexgroup.com\/fi\/#organization","name":"Orthex Group","url":"https:\/\/investors.orthexgroup.com\/fi\/","logo":{"@type":"ImageObject","inLanguage":"fi","@id":"https:\/\/investors.orthexgroup.com\/fi\/#\/schema\/logo\/image\/","url":"https:\/\/investors.orthexgroup.com\/wp-content\/uploads\/2021\/01\/orthex-group-logo.svg","contentUrl":"https:\/\/investors.orthexgroup.com\/wp-content\/uploads\/2021\/01\/orthex-group-logo.svg","width":129,"height":57,"caption":"Orthex Group"},"image":{"@id":"https:\/\/investors.orthexgroup.com\/fi\/#\/schema\/logo\/image\/"}}]}},"_links":{"self":[{"href":"https:\/\/investors.orthexgroup.com\/fi\/wp-json\/wp\/v2\/pages\/2448","targetHints":{"allow":["GET"]}}],"collection":[{"href":"https:\/\/investors.orthexgroup.com\/fi\/wp-json\/wp\/v2\/pages"}],"about":[{"href":"https:\/\/investors.orthexgroup.com\/fi\/wp-json\/wp\/v2\/types\/page"}],"author":[{"embeddable":true,"href":"https:\/\/investors.orthexgroup.com\/fi\/wp-json\/wp\/v2\/users\/10"}],"replies":[{"embeddable":true,"href":"https:\/\/investors.orthexgroup.com\/fi\/wp-json\/wp\/v2\/comments?post=2448"}],"version-history":[{"count":5,"href":"https:\/\/investors.orthexgroup.com\/fi\/wp-json\/wp\/v2\/pages\/2448\/revisions"}],"predecessor-version":[{"id":5904,"href":"https:\/\/investors.orthexgroup.com\/fi\/wp-json\/wp\/v2\/pages\/2448\/revisions\/5904"}],"up":[{"embeddable":true,"href":"https:\/\/investors.orthexgroup.com\/fi\/wp-json\/wp\/v2\/pages\/691"}],"wp:attachment":[{"href":"https:\/\/investors.orthexgroup.com\/fi\/wp-json\/wp\/v2\/media?parent=2448"}],"curies":[{"name":"wp","href":"https:\/\/api.w.org\/{rel}","templated":true}]}}