{"id":2555,"date":"2022-01-31T10:59:46","date_gmt":"2022-01-31T08:59:46","guid":{"rendered":"https:\/\/investors.orthexgroup.com\/?page_id=2555"},"modified":"2022-09-13T14:14:20","modified_gmt":"2022-09-13T11:14:20","slug":"yk2022","status":"publish","type":"page","link":"https:\/\/investors.orthexgroup.com\/fi\/yk2022\/","title":{"rendered":"Varsinainen yhti\u00f6kokous 2022"},"content":{"rendered":"\n<p>Orthex Oyj:n varsinainen yhti\u00f6kokous pidettiin 6.4.2022 Orthex Oyj:n p\u00e4\u00e4konttorissa Espoossa. Koronaviruspandemian levi\u00e4misen rajoittamiseksi varsinainen yhti\u00f6kokous j\u00e4rjestettiin ilman osakkeenomistajien tai n\u00e4iden asiamiesten l\u00e4sn\u00e4oloa kokouspaikalla. Yhti\u00f6n osakkeenomistajat osallistuivat kokoukseen ja k\u00e4yttiv\u00e4t osakkeenomistajan oikeuksiaan \u00e4\u00e4nest\u00e4m\u00e4ll\u00e4 ennakkoon. Kokouksessa oli edustettuna yhteens\u00e4 35 osakkeenomistajaa, jotka edustivat 10&nbsp;602&nbsp;030 osaketta ja \u00e4\u00e4nt\u00e4. Yhti\u00f6kokous hyv\u00e4ksyi kaikki yhti\u00f6kokoukselle tehdyt ehdotukset.<\/p>\n\n\n<div class=\"custom-block link-boxes\">\n            <div class=\"links\">\n            <a class=\"box\" href=\"https:\/\/investors.orthexgroup.com\/fi\/media\/?release=058AA42DFAF27814&#038;category=all\"><h1 class=\"title\">Orthex Oyj:n varsinaisen yhti\u00f6kokouksen 2022 p\u00e4\u00e4t\u00f6kset<\/h1><span class=\"link\">Lue lis\u00e4\u00e4<\/span><\/a>        <\/div>\n    <\/div>\n\n\n\n<p>Yhti\u00f6kokousasiakirjat, kokouksen p\u00f6yt\u00e4kirja mukaan lukien, ovat saatavilla ja ladattavissa sivun alalaidassa olevista linkeist\u00e4 pdf-muodossa.<\/p>\n\n\n\n<h3 class=\"wp-block-heading\">T\u00e4rkeit\u00e4 p\u00e4iv\u00e4m\u00e4\u00e4ri\u00e4<\/h3>\n\n\n\n<ul class=\"wp-block-list\"><li>9.3.2022 Yhti\u00f6kokouskutsun julkaisu<\/li><li>17.3.2022 klo 12.00 M\u00e4\u00e4r\u00e4aika v\u00e4hint\u00e4\u00e4n 1 % yhti\u00f6n osakkeista omistavien vastaehdotuksille<\/li><li>18.3.2022 Mahdolliset vastaehdotukset n\u00e4ht\u00e4vill\u00e4 t\u00e4ll\u00e4 internetsivulla<\/li><li><strong>18.3.2022 klo 10.00 Ilmoittautuminen ja ennakko\u00e4\u00e4nestys alkavat<\/strong><\/li><li>23.3.2022 M\u00e4\u00e4r\u00e4aika osakkeenomistajien kysymyksille<\/li><li><strong>25.3.2022 Yhti\u00f6kokouksen t\u00e4sm\u00e4ytysp\u00e4iv\u00e4<\/strong><\/li><li>28.3.2022 Vastaukset osakkeenomistajien mahdollisiin kysymyksiin n\u00e4ht\u00e4vill\u00e4 t\u00e4ll\u00e4 internetsivulla (ks. alla)<\/li><li><strong>30.3.2022 klo 10.00 Ilmoittautuminen ja ennakko\u00e4\u00e4nestys p\u00e4\u00e4ttyv\u00e4t <\/strong>(suorarekister\u00f6idyt osakkeenomistajat)<\/li><li><strong>1.4.2022 klo 10.00<\/strong> <strong>Ilmoittautuminen ja ennakko\u00e4\u00e4nestys p\u00e4\u00e4ttyv\u00e4t <\/strong>(hallintarekister\u00f6idyt osakkeenomistajat)<\/li><li><strong>6.4.2022 Varsinainen yhti\u00f6kokous klo 10.00<\/strong><\/li><li>8.4.2022 P\u00e4\u00e4omanpalautuksen ensimm\u00e4isen er\u00e4n t\u00e4sm\u00e4ytysp\u00e4iv\u00e4<\/li><li>20.4.2022 Yhti\u00f6kokouksen p\u00f6yt\u00e4kirja viimeist\u00e4\u00e4n saatavilla t\u00e4ll\u00e4 internetsivulla<\/li><li><strong>21.4.2022 P\u00e4\u00e4omanpalautuksen ensimm\u00e4isen er\u00e4n maksup\u00e4iv\u00e4<\/strong><\/li><li>3.10.2022 P\u00e4\u00e4omanpalautuksen toisen er\u00e4n t\u00e4sm\u00e4ytysp\u00e4iv\u00e4<\/li><li><strong>11.10.2022<\/strong> <strong>P\u00e4\u00e4omanpalautuksen toisen er\u00e4n maksup\u00e4iv\u00e4<\/strong><\/li><\/ul>\n\n\n\n<h3 class=\"wp-block-heading\">Kysymyksien esitt\u00e4minen ennakkoon<\/h3>\n\n\n\n<p>Osakkeenomistajilla oli mahdollisuus esitt\u00e4\u00e4 osakeyhti\u00f6lain 5 luvun 25 \u00a7:ss\u00e4 tarkoitettuja kysymyksi\u00e4 kokouksessa k\u00e4sitelt\u00e4vist\u00e4 asioista. Alla yhti\u00f6n johdon vastaukset esitettyihin kysymyksiin.<\/p>\n\n\n\n<p><a href=\"https:\/\/investors.orthexgroup.com\/wp-content\/uploads\/2022\/03\/Vastaukset-osakkeenomistajien-kysymyksiin-Orthexin-yhtiokokoukseen-2022-liittyen.pdf\" target=\"_blank\" rel=\"noreferrer noopener\">Yhti\u00f6n johdon vastaukset osakkeenomistajien kysymyksiin<\/a><\/p>\n\n\n\n<h3 class=\"wp-block-heading\">Vastaehdotuksien esitt\u00e4minen<\/h3>\n\n\n\n<p>Osakkeenomistajilla, joilla oli v\u00e4hint\u00e4\u00e4n yksi prosentti yhti\u00f6n kaikista osakkeista, oli oikeus tehd\u00e4 \u00e4\u00e4nestykseen otettavia vastaehdotuksia varsinaisen yhti\u00f6kokouksen asialistalla oleviin p\u00e4\u00e4t\u00f6sehdotuksiin. T\u00e4llaisia vastaehdotuksia ei tehty.<\/p>\n\n\n\n<h3 class=\"wp-block-heading\">YHTI\u00d6KOKOUSASIAKIRJAT<\/h3>\n\n\n\n<ul class=\"wp-block-list\"><li><a href=\"https:\/\/investors.orthexgroup.com\/wp-content\/uploads\/2022\/04\/ORTHEX-OYJ-Ptk-varsinainen-yhtiokokous-6.4.2022.pdf\" target=\"_blank\" rel=\"noreferrer noopener\">Varsinaisen yhti\u00f6kokouksen p\u00f6yt\u00e4kirja<\/a><\/li><li><a href=\"https:\/\/investors.orthexgroup.com\/wp-content\/uploads\/2022\/03\/Orthex-kutsu-varsinaiseen-yhtiokokoukseen-2022.pdf\" target=\"_blank\" rel=\"noreferrer noopener\">Yhti\u00f6kokouskutsu<\/a><\/li><li><a href=\"https:\/\/investors.orthexgroup.com\/wp-content\/uploads\/2022\/03\/Orthex_Vuosikertomus_2021.pdf\" target=\"_blank\" rel=\"noreferrer noopener\">Vuosikertomus 2021<\/a><\/li><li><a href=\"https:\/\/investors.orthexgroup.com\/wp-content\/uploads\/2022\/03\/Orthex-Palkitsemispolitiikka-2022.pdf\" target=\"_blank\" rel=\"noreferrer noopener\">Palkitsemispolitiikka<\/a><\/li><li><a href=\"https:\/\/investors.orthexgroup.com\/wp-content\/uploads\/2022\/03\/Orthex_Palkitsemisraportti-2021.pdf\" target=\"_blank\" rel=\"noreferrer noopener\">Palkitsemisraportti 2021<\/a><\/li><li><a href=\"https:\/\/investors.orthexgroup.com\/wp-content\/uploads\/2022\/03\/Tietosuojaseloste-Yhtiokokouksiin-osallistujat.pdf\" target=\"_blank\" rel=\"noreferrer noopener\">Tietosuojaseloste<\/a><\/li><\/ul>\n\n\n\n<p>Orthex Oyj:n vuosikertomus sis\u00e4lt\u00e4\u00e4 tilinp\u00e4\u00e4t\u00f6ksen, toimintakertomuksen ja tilintarkastuskertomuksen sek\u00e4 toimielinten palkitsemisraportin tilikaudelta 2021. Vuosikertomus sis\u00e4lt\u00e4\u00e4 my\u00f6s yhti\u00f6n vastuullisuusraportin sek\u00e4 selvityksen hallinto- ja ohjausj\u00e4rjestelm\u00e4st\u00e4 2021.<\/p>\n\n\n\n<p><\/p>\n","protected":false},"excerpt":{"rendered":"<p>Orthex Oyj:n varsinainen yhti\u00f6kokous pidettiin 6.4.2022 Orthex Oyj:n p\u00e4\u00e4konttorissa Espoossa. Koronaviruspandemian levi\u00e4misen rajoittamiseksi varsinainen yhti\u00f6kokous&hellip;<\/p>\n","protected":false},"author":10,"featured_media":0,"parent":0,"menu_order":0,"comment_status":"closed","ping_status":"closed","template":"","meta":{"_acf_changed":false,"footnotes":""},"class_list":["post-2555","page","type-page","status-publish","hentry"],"acf":[],"yoast_head":"<!-- This site is optimized with the Yoast SEO plugin v27.1.1 - https:\/\/yoast.com\/product\/yoast-seo-wordpress\/ -->\n<title>Varsinainen yhti\u00f6kokous 2022 - Orthex Group<\/title>\n<meta name=\"robots\" content=\"index, follow, max-snippet:-1, max-image-preview:large, max-video-preview:-1\" \/>\n<link rel=\"canonical\" href=\"https:\/\/investors.orthexgroup.com\/fi\/yk2022\/\" \/>\n<meta property=\"og:locale\" content=\"fi_FI\" \/>\n<meta property=\"og:type\" content=\"article\" \/>\n<meta property=\"og:title\" content=\"Varsinainen yhti\u00f6kokous 2022 - Orthex Group\" \/>\n<meta property=\"og:description\" content=\"Orthex Oyj:n varsinainen yhti\u00f6kokous pidettiin 6.4.2022 Orthex Oyj:n p\u00e4\u00e4konttorissa Espoossa. Koronaviruspandemian levi\u00e4misen rajoittamiseksi varsinainen yhti\u00f6kokous&hellip;\" \/>\n<meta property=\"og:url\" content=\"https:\/\/investors.orthexgroup.com\/fi\/yk2022\/\" \/>\n<meta property=\"og:site_name\" content=\"Orthex Group\" \/>\n<meta property=\"article:modified_time\" content=\"2022-09-13T11:14:20+00:00\" \/>\n<meta name=\"twitter:card\" content=\"summary_large_image\" \/>\n<meta name=\"twitter:label1\" content=\"Arvioitu lukuaika\" \/>\n\t<meta name=\"twitter:data1\" content=\"2 minuuttia\" \/>\n<script type=\"application\/ld+json\" class=\"yoast-schema-graph\">{\"@context\":\"https:\/\/schema.org\",\"@graph\":[{\"@type\":\"WebPage\",\"@id\":\"https:\/\/investors.orthexgroup.com\/fi\/yk2022\/\",\"url\":\"https:\/\/investors.orthexgroup.com\/fi\/yk2022\/\",\"name\":\"Varsinainen yhti\u00f6kokous 2022 - Orthex Group\",\"isPartOf\":{\"@id\":\"https:\/\/investors.orthexgroup.com\/fi\/#website\"},\"datePublished\":\"2022-01-31T08:59:46+00:00\",\"dateModified\":\"2022-09-13T11:14:20+00:00\",\"breadcrumb\":{\"@id\":\"https:\/\/investors.orthexgroup.com\/fi\/yk2022\/#breadcrumb\"},\"inLanguage\":\"fi\",\"potentialAction\":[{\"@type\":\"ReadAction\",\"target\":[\"https:\/\/investors.orthexgroup.com\/fi\/yk2022\/\"]}]},{\"@type\":\"BreadcrumbList\",\"@id\":\"https:\/\/investors.orthexgroup.com\/fi\/yk2022\/#breadcrumb\",\"itemListElement\":[{\"@type\":\"ListItem\",\"position\":1,\"name\":\"Etusivu\",\"item\":\"https:\/\/investors.orthexgroup.com\/fi\/\"},{\"@type\":\"ListItem\",\"position\":2,\"name\":\"Varsinainen yhti\u00f6kokous 2022\"}]},{\"@type\":\"WebSite\",\"@id\":\"https:\/\/investors.orthexgroup.com\/fi\/#website\",\"url\":\"https:\/\/investors.orthexgroup.com\/fi\/\",\"name\":\"Orthex Group\",\"description\":\"Tietoa Orthex Group Oyn listautumisannista\",\"publisher\":{\"@id\":\"https:\/\/investors.orthexgroup.com\/fi\/#organization\"},\"potentialAction\":[{\"@type\":\"SearchAction\",\"target\":{\"@type\":\"EntryPoint\",\"urlTemplate\":\"https:\/\/investors.orthexgroup.com\/fi\/?s={search_term_string}\"},\"query-input\":{\"@type\":\"PropertyValueSpecification\",\"valueRequired\":true,\"valueName\":\"search_term_string\"}}],\"inLanguage\":\"fi\"},{\"@type\":\"Organization\",\"@id\":\"https:\/\/investors.orthexgroup.com\/fi\/#organization\",\"name\":\"Orthex Group\",\"url\":\"https:\/\/investors.orthexgroup.com\/fi\/\",\"logo\":{\"@type\":\"ImageObject\",\"inLanguage\":\"fi\",\"@id\":\"https:\/\/investors.orthexgroup.com\/fi\/#\/schema\/logo\/image\/\",\"url\":\"https:\/\/investors.orthexgroup.com\/wp-content\/uploads\/2021\/01\/orthex-group-logo.svg\",\"contentUrl\":\"https:\/\/investors.orthexgroup.com\/wp-content\/uploads\/2021\/01\/orthex-group-logo.svg\",\"width\":129,\"height\":57,\"caption\":\"Orthex Group\"},\"image\":{\"@id\":\"https:\/\/investors.orthexgroup.com\/fi\/#\/schema\/logo\/image\/\"}}]}<\/script>\n<!-- \/ Yoast SEO plugin. -->","yoast_head_json":{"title":"Varsinainen yhti\u00f6kokous 2022 - Orthex Group","robots":{"index":"index","follow":"follow","max-snippet":"max-snippet:-1","max-image-preview":"max-image-preview:large","max-video-preview":"max-video-preview:-1"},"canonical":"https:\/\/investors.orthexgroup.com\/fi\/yk2022\/","og_locale":"fi_FI","og_type":"article","og_title":"Varsinainen yhti\u00f6kokous 2022 - Orthex Group","og_description":"Orthex Oyj:n varsinainen yhti\u00f6kokous pidettiin 6.4.2022 Orthex Oyj:n p\u00e4\u00e4konttorissa Espoossa. Koronaviruspandemian levi\u00e4misen rajoittamiseksi varsinainen yhti\u00f6kokous&hellip;","og_url":"https:\/\/investors.orthexgroup.com\/fi\/yk2022\/","og_site_name":"Orthex Group","article_modified_time":"2022-09-13T11:14:20+00:00","twitter_card":"summary_large_image","twitter_misc":{"Arvioitu lukuaika":"2 minuuttia"},"schema":{"@context":"https:\/\/schema.org","@graph":[{"@type":"WebPage","@id":"https:\/\/investors.orthexgroup.com\/fi\/yk2022\/","url":"https:\/\/investors.orthexgroup.com\/fi\/yk2022\/","name":"Varsinainen yhti\u00f6kokous 2022 - Orthex Group","isPartOf":{"@id":"https:\/\/investors.orthexgroup.com\/fi\/#website"},"datePublished":"2022-01-31T08:59:46+00:00","dateModified":"2022-09-13T11:14:20+00:00","breadcrumb":{"@id":"https:\/\/investors.orthexgroup.com\/fi\/yk2022\/#breadcrumb"},"inLanguage":"fi","potentialAction":[{"@type":"ReadAction","target":["https:\/\/investors.orthexgroup.com\/fi\/yk2022\/"]}]},{"@type":"BreadcrumbList","@id":"https:\/\/investors.orthexgroup.com\/fi\/yk2022\/#breadcrumb","itemListElement":[{"@type":"ListItem","position":1,"name":"Etusivu","item":"https:\/\/investors.orthexgroup.com\/fi\/"},{"@type":"ListItem","position":2,"name":"Varsinainen yhti\u00f6kokous 2022"}]},{"@type":"WebSite","@id":"https:\/\/investors.orthexgroup.com\/fi\/#website","url":"https:\/\/investors.orthexgroup.com\/fi\/","name":"Orthex Group","description":"Tietoa Orthex Group Oyn listautumisannista","publisher":{"@id":"https:\/\/investors.orthexgroup.com\/fi\/#organization"},"potentialAction":[{"@type":"SearchAction","target":{"@type":"EntryPoint","urlTemplate":"https:\/\/investors.orthexgroup.com\/fi\/?s={search_term_string}"},"query-input":{"@type":"PropertyValueSpecification","valueRequired":true,"valueName":"search_term_string"}}],"inLanguage":"fi"},{"@type":"Organization","@id":"https:\/\/investors.orthexgroup.com\/fi\/#organization","name":"Orthex Group","url":"https:\/\/investors.orthexgroup.com\/fi\/","logo":{"@type":"ImageObject","inLanguage":"fi","@id":"https:\/\/investors.orthexgroup.com\/fi\/#\/schema\/logo\/image\/","url":"https:\/\/investors.orthexgroup.com\/wp-content\/uploads\/2021\/01\/orthex-group-logo.svg","contentUrl":"https:\/\/investors.orthexgroup.com\/wp-content\/uploads\/2021\/01\/orthex-group-logo.svg","width":129,"height":57,"caption":"Orthex Group"},"image":{"@id":"https:\/\/investors.orthexgroup.com\/fi\/#\/schema\/logo\/image\/"}}]}},"_links":{"self":[{"href":"https:\/\/investors.orthexgroup.com\/fi\/wp-json\/wp\/v2\/pages\/2555","targetHints":{"allow":["GET"]}}],"collection":[{"href":"https:\/\/investors.orthexgroup.com\/fi\/wp-json\/wp\/v2\/pages"}],"about":[{"href":"https:\/\/investors.orthexgroup.com\/fi\/wp-json\/wp\/v2\/types\/page"}],"author":[{"embeddable":true,"href":"https:\/\/investors.orthexgroup.com\/fi\/wp-json\/wp\/v2\/users\/10"}],"replies":[{"embeddable":true,"href":"https:\/\/investors.orthexgroup.com\/fi\/wp-json\/wp\/v2\/comments?post=2555"}],"version-history":[{"count":5,"href":"https:\/\/investors.orthexgroup.com\/fi\/wp-json\/wp\/v2\/pages\/2555\/revisions"}],"predecessor-version":[{"id":3675,"href":"https:\/\/investors.orthexgroup.com\/fi\/wp-json\/wp\/v2\/pages\/2555\/revisions\/3675"}],"wp:attachment":[{"href":"https:\/\/investors.orthexgroup.com\/fi\/wp-json\/wp\/v2\/media?parent=2555"}],"curies":[{"name":"wp","href":"https:\/\/api.w.org\/{rel}","templated":true}]}}