{"id":3950,"date":"2023-01-25T14:59:05","date_gmt":"2023-01-25T12:59:05","guid":{"rendered":"https:\/\/investors.orthexgroup.com\/?page_id=3950"},"modified":"2023-04-24T09:29:49","modified_gmt":"2023-04-24T06:29:49","slug":"yk2023","status":"publish","type":"page","link":"https:\/\/investors.orthexgroup.com\/fi\/hallinnointi\/yhtiokokous\/yk2023\/","title":{"rendered":"Varsinainen yhti\u00f6kokous 2023"},"content":{"rendered":"\n<p>Orthex Oyj:n varsinainen yhti\u00f6kokous pidettiin 18.4.2023 Orthex Oyj:n p\u00e4\u00e4konttorissa Espoossa. Yhti\u00f6n osakkeenomistajat osallistuivat kokoukseen paikan p\u00e4\u00e4ll\u00e4 tai \u00e4\u00e4nest\u00e4m\u00e4ll\u00e4 ennakkoon. Kokouksessa oli edustettuna 33 osakkeenomistajaa, jotka edustivat yhteens\u00e4 10 413 455 osaketta ja \u00e4\u00e4nt\u00e4. Yhti\u00f6kokous hyv\u00e4ksyi kaikki yhti\u00f6kokoukselle tehdyt ehdotukset.<\/p>\n\n\n<div class=\"custom-block link-boxes\">\n            <div class=\"links\">\n            <a class=\"box\" href=\"https:\/\/investors.orthexgroup.com\/fi\/media\/?release=048DDA555267E1FE&#038;category=all\"><h1 class=\"title\">Varsinaisen yhti\u00f6kokouksen p\u00e4\u00e4t\u00f6kset<\/h1><span class=\"link\">Lue lis\u00e4\u00e4<\/span><\/a>        <\/div>\n    <\/div>\n\n\n\n<p>Yhti\u00f6kokousasiakirjat, mukaan lukien yhti\u00f6kokouksen p\u00f6yt\u00e4kirja, ovat saatavilla ja ladattavissa sivun alalaidassa olevista linkeist\u00e4 pdf-muodossa.<\/p>\n\n\n\n<h2 class=\"wp-block-heading\">T\u00e4rkeit\u00e4 p\u00e4iv\u00e4m\u00e4\u00e4ri\u00e4<\/h2>\n\n\n\n<div class=\"wp-block-columns is-layout-flex wp-container-core-columns-is-layout-9d6595d7 wp-block-columns-is-layout-flex\">\n<div class=\"wp-block-column is-layout-flow wp-block-column-is-layout-flow\" style=\"flex-basis:100%\">\n<figure class=\"wp-block-table is-style-stripes\"><table><tbody><tr><td>8.3.2023<\/td><td>Yhti\u00f6kokouskutsun julkaisu<\/td><\/tr><tr><td><strong>21.3.2023 klo 10.00<\/strong> <\/td><td><strong>Ilmoittautuminen ja ennakko\u00e4\u00e4nestys alkavat<\/strong><\/td><\/tr><tr><td><strong>4.4.2023<\/strong><\/td><td><strong>Yhti\u00f6kokouksen t\u00e4sm\u00e4ytysp\u00e4iv\u00e4<\/strong><\/td><\/tr><tr><td>10.4.2023<\/td><td>M\u00e4\u00e4r\u00e4aika osakkeenomistajien kirjallisille kysymyksille<\/td><\/tr><tr><td><strong>12.4.2023 klo 10.00<\/strong><\/td><td><strong>Ilmoittautuminen ja ennakko\u00e4\u00e4nestys p\u00e4\u00e4ttyv\u00e4t<\/strong> (suorarekister\u00f6idyt osakkeenomistajat)<\/td><\/tr><tr><td>13.4.2023 klo 10.00<\/td><td>Ilmoittautuminen ja ennakko\u00e4\u00e4nestys p\u00e4\u00e4ttyv\u00e4t (hallintarekister\u00f6idyt osakkeenomistajat)<\/td><\/tr><tr><td>17.4.2023<\/td><td>Vastaukset osakkeenomistajien mahdollisiin kysymyksiin n\u00e4ht\u00e4vill\u00e4 t\u00e4ll\u00e4 internetsivulla<\/td><\/tr><tr><td><strong>18.4.2023<\/strong><\/td><td><strong>Varsinainen yhti\u00f6kokous klo 10.00<\/strong><\/td><\/tr><tr><td>19.4.2023<\/td><td>Osinko irti -p\u00e4iv\u00e4<\/td><\/tr><tr><td>20.4.2023<\/td><td>Osingonmaksun 1. er\u00e4n t\u00e4sm\u00e4ytysp\u00e4iv\u00e4<\/td><\/tr><tr><td><strong>27.4.2023<\/strong><\/td><td><strong>Osingon 1. er\u00e4n maksup\u00e4iv\u00e4 (0,06 euroa)<\/strong><\/td><\/tr><tr><td>2.5.2023<\/td><td>Yhti\u00f6kokouksen p\u00f6yt\u00e4kirja viimeist\u00e4\u00e4n saatavilla t\u00e4ll\u00e4 internetsivulla<\/td><\/tr><tr><td>29.9.2023<\/td><td>Osinko irti -p\u00e4iv\u00e4<\/td><\/tr><tr><td>2.10.2023<\/td><td>Osingon 2. er\u00e4n t\u00e4sm\u00e4ytysp\u00e4iv\u00e4<\/td><\/tr><tr><td><strong>10.10.2023<\/strong><\/td><td><strong>Osingon 2. er\u00e4n maksup\u00e4iv\u00e4<\/strong><\/td><\/tr><\/tbody><\/table><\/figure>\n<\/div>\n<\/div>\n\n\n<div class=\"custom-block downloads\">\n    <h2 class=\"block-title h2\">Yhti\u00f6kokousmateriaalit<\/h2><ul class=\"links\"><li class=\"single-row\"><a href=\"https:\/\/investors.orthexgroup.com\/wp-content\/uploads\/2023\/04\/Orthex-Oyj-Ptk-Varsinainen-yhtiokokous-18.4.2023.pdf\" class=\"link\">Varsinaisen yhti\u00f6kokouksen p\u00f6yt\u00e4kirja<\/a><a href=\"https:\/\/investors.orthexgroup.com\/wp-content\/uploads\/2023\/04\/Orthex-Oyj-Ptk-Varsinainen-yhtiokokous-18.4.2023.pdf\" class=\"download\" download><\/a><\/li><li class=\"single-row\"><a href=\"https:\/\/investors.orthexgroup.com\/wp-content\/uploads\/2023\/03\/Orthex-Kutsu-varsinaiseen-yhtiokokoukseen-2023.pdf\" class=\"link\">Kutsu varsinaiseen yhti\u00f6kokoukseen (pdf)<\/a><a href=\"https:\/\/investors.orthexgroup.com\/wp-content\/uploads\/2023\/03\/Orthex-Kutsu-varsinaiseen-yhtiokokoukseen-2023.pdf\" class=\"download\" download><\/a><\/li><li class=\"single-row\"><a href=\"https:\/\/investors.orthexgroup.com\/wp-content\/uploads\/2023\/03\/Orthex-Palkitsemisraportti-2022.pdf\" class=\"link\">Toimielinten palkitsemisraportti 2022 (pdf)<\/a><a href=\"https:\/\/investors.orthexgroup.com\/wp-content\/uploads\/2023\/03\/Orthex-Palkitsemisraportti-2022.pdf\" class=\"download\" download><\/a><\/li><li class=\"single-row\"><a href=\"https:\/\/investors.orthexgroup.com\/wp-content\/uploads\/2023\/03\/Orthex-Palkitsemispolitiikka-2023.pdf\" class=\"link\">Muutettu toimielinten palkitsemispolitiikka (pdf)<\/a><a href=\"https:\/\/investors.orthexgroup.com\/wp-content\/uploads\/2023\/03\/Orthex-Palkitsemispolitiikka-2023.pdf\" class=\"download\" download><\/a><\/li><li class=\"single-row\"><a href=\"https:\/\/investors.orthexgroup.com\/wp-content\/uploads\/2023\/03\/Orthex-Vuosi-ja-vastuullisuusraportti-2022.pdf\" class=\"link\">Vuosi- ja vastuullisuusraportti 2022 (pdf)<\/a><a href=\"https:\/\/investors.orthexgroup.com\/wp-content\/uploads\/2023\/03\/Orthex-Vuosi-ja-vastuullisuusraportti-2022.pdf\" class=\"download\" download><\/a><\/li><li class=\"single-row\"><\/li><li class=\"single-row\"><a href=\"https:\/\/investors.orthexgroup.com\/wp-content\/uploads\/2022\/03\/Tietosuojaseloste-Yhtiokokouksiin-osallistujat.pdf\" class=\"link\">Tietosuojaseloste (pdf)<\/a><a href=\"https:\/\/investors.orthexgroup.com\/wp-content\/uploads\/2022\/03\/Tietosuojaseloste-Yhtiokokouksiin-osallistujat.pdf\" class=\"download\" download><\/a><\/li><\/ul><\/div>\n\n\n\n<p>Orthex Oyj:n vuosi- ja vastuullisuusraportti sis\u00e4lt\u00e4\u00e4 tilinp\u00e4\u00e4t\u00f6ksen, toimintakertomuksen ja tilintarkastuskertomuksen sek\u00e4 toimielinten palkitsemisraportin vuodelta 2022. Vuosi- ja vastuullisuusraportti sis\u00e4lt\u00e4\u00e4 my\u00f6s yhti\u00f6n selvityksen hallinto- ja ohjausj\u00e4rjestelm\u00e4st\u00e4 2022.<\/p>\n","protected":false},"excerpt":{"rendered":"<p>Orthex Oyj:n varsinainen yhti\u00f6kokous pidettiin 18.4.2023 Orthex Oyj:n p\u00e4\u00e4konttorissa Espoossa. Yhti\u00f6n osakkeenomistajat osallistuivat kokoukseen paikan&hellip;<\/p>\n","protected":false},"author":10,"featured_media":0,"parent":696,"menu_order":0,"comment_status":"closed","ping_status":"closed","template":"","meta":{"_acf_changed":false,"footnotes":""},"class_list":["post-3950","page","type-page","status-publish","hentry"],"acf":[],"yoast_head":"<!-- This site is optimized with the Yoast SEO plugin v27.1.1 - https:\/\/yoast.com\/product\/yoast-seo-wordpress\/ -->\n<title>Varsinainen yhti\u00f6kokous 2023 - Orthex Group<\/title>\n<meta name=\"robots\" content=\"index, follow, max-snippet:-1, max-image-preview:large, max-video-preview:-1\" \/>\n<link rel=\"canonical\" href=\"https:\/\/investors.orthexgroup.com\/fi\/hallinnointi\/yhtiokokous\/yk2023\/\" \/>\n<meta property=\"og:locale\" content=\"fi_FI\" \/>\n<meta property=\"og:type\" content=\"article\" \/>\n<meta property=\"og:title\" content=\"Varsinainen yhti\u00f6kokous 2023 - Orthex Group\" \/>\n<meta property=\"og:description\" content=\"Orthex Oyj:n varsinainen yhti\u00f6kokous pidettiin 18.4.2023 Orthex Oyj:n p\u00e4\u00e4konttorissa Espoossa. Yhti\u00f6n osakkeenomistajat osallistuivat kokoukseen paikan&hellip;\" \/>\n<meta property=\"og:url\" content=\"https:\/\/investors.orthexgroup.com\/fi\/hallinnointi\/yhtiokokous\/yk2023\/\" \/>\n<meta property=\"og:site_name\" content=\"Orthex Group\" \/>\n<meta property=\"article:modified_time\" content=\"2023-04-24T06:29:49+00:00\" \/>\n<meta name=\"twitter:card\" content=\"summary_large_image\" \/>\n<meta name=\"twitter:label1\" content=\"Arvioitu lukuaika\" \/>\n\t<meta name=\"twitter:data1\" content=\"2 minuuttia\" \/>\n<script type=\"application\/ld+json\" class=\"yoast-schema-graph\">{\"@context\":\"https:\/\/schema.org\",\"@graph\":[{\"@type\":\"WebPage\",\"@id\":\"https:\/\/investors.orthexgroup.com\/fi\/hallinnointi\/yhtiokokous\/yk2023\/\",\"url\":\"https:\/\/investors.orthexgroup.com\/fi\/hallinnointi\/yhtiokokous\/yk2023\/\",\"name\":\"Varsinainen yhti\u00f6kokous 2023 - Orthex Group\",\"isPartOf\":{\"@id\":\"https:\/\/investors.orthexgroup.com\/fi\/#website\"},\"datePublished\":\"2023-01-25T12:59:05+00:00\",\"dateModified\":\"2023-04-24T06:29:49+00:00\",\"breadcrumb\":{\"@id\":\"https:\/\/investors.orthexgroup.com\/fi\/hallinnointi\/yhtiokokous\/yk2023\/#breadcrumb\"},\"inLanguage\":\"fi\",\"potentialAction\":[{\"@type\":\"ReadAction\",\"target\":[\"https:\/\/investors.orthexgroup.com\/fi\/hallinnointi\/yhtiokokous\/yk2023\/\"]}]},{\"@type\":\"BreadcrumbList\",\"@id\":\"https:\/\/investors.orthexgroup.com\/fi\/hallinnointi\/yhtiokokous\/yk2023\/#breadcrumb\",\"itemListElement\":[{\"@type\":\"ListItem\",\"position\":1,\"name\":\"Etusivu\",\"item\":\"https:\/\/investors.orthexgroup.com\/fi\/\"},{\"@type\":\"ListItem\",\"position\":2,\"name\":\"Orthexin hallinnointi\",\"item\":\"https:\/\/investors.orthexgroup.com\/fi\/hallinnointi\/\"},{\"@type\":\"ListItem\",\"position\":3,\"name\":\"Orthex Oyj:n yhti\u00f6kokous\",\"item\":\"https:\/\/investors.orthexgroup.com\/fi\/hallinnointi\/yhtiokokous\/\"},{\"@type\":\"ListItem\",\"position\":4,\"name\":\"Varsinainen yhti\u00f6kokous 2023\"}]},{\"@type\":\"WebSite\",\"@id\":\"https:\/\/investors.orthexgroup.com\/fi\/#website\",\"url\":\"https:\/\/investors.orthexgroup.com\/fi\/\",\"name\":\"Orthex Group\",\"description\":\"Tietoa Orthex Group Oyn listautumisannista\",\"publisher\":{\"@id\":\"https:\/\/investors.orthexgroup.com\/fi\/#organization\"},\"potentialAction\":[{\"@type\":\"SearchAction\",\"target\":{\"@type\":\"EntryPoint\",\"urlTemplate\":\"https:\/\/investors.orthexgroup.com\/fi\/?s={search_term_string}\"},\"query-input\":{\"@type\":\"PropertyValueSpecification\",\"valueRequired\":true,\"valueName\":\"search_term_string\"}}],\"inLanguage\":\"fi\"},{\"@type\":\"Organization\",\"@id\":\"https:\/\/investors.orthexgroup.com\/fi\/#organization\",\"name\":\"Orthex Group\",\"url\":\"https:\/\/investors.orthexgroup.com\/fi\/\",\"logo\":{\"@type\":\"ImageObject\",\"inLanguage\":\"fi\",\"@id\":\"https:\/\/investors.orthexgroup.com\/fi\/#\/schema\/logo\/image\/\",\"url\":\"https:\/\/investors.orthexgroup.com\/wp-content\/uploads\/2021\/01\/orthex-group-logo.svg\",\"contentUrl\":\"https:\/\/investors.orthexgroup.com\/wp-content\/uploads\/2021\/01\/orthex-group-logo.svg\",\"width\":129,\"height\":57,\"caption\":\"Orthex Group\"},\"image\":{\"@id\":\"https:\/\/investors.orthexgroup.com\/fi\/#\/schema\/logo\/image\/\"}}]}<\/script>\n<!-- \/ Yoast SEO plugin. -->","yoast_head_json":{"title":"Varsinainen yhti\u00f6kokous 2023 - Orthex Group","robots":{"index":"index","follow":"follow","max-snippet":"max-snippet:-1","max-image-preview":"max-image-preview:large","max-video-preview":"max-video-preview:-1"},"canonical":"https:\/\/investors.orthexgroup.com\/fi\/hallinnointi\/yhtiokokous\/yk2023\/","og_locale":"fi_FI","og_type":"article","og_title":"Varsinainen yhti\u00f6kokous 2023 - Orthex Group","og_description":"Orthex Oyj:n varsinainen yhti\u00f6kokous pidettiin 18.4.2023 Orthex Oyj:n p\u00e4\u00e4konttorissa Espoossa. Yhti\u00f6n osakkeenomistajat osallistuivat kokoukseen paikan&hellip;","og_url":"https:\/\/investors.orthexgroup.com\/fi\/hallinnointi\/yhtiokokous\/yk2023\/","og_site_name":"Orthex Group","article_modified_time":"2023-04-24T06:29:49+00:00","twitter_card":"summary_large_image","twitter_misc":{"Arvioitu lukuaika":"2 minuuttia"},"schema":{"@context":"https:\/\/schema.org","@graph":[{"@type":"WebPage","@id":"https:\/\/investors.orthexgroup.com\/fi\/hallinnointi\/yhtiokokous\/yk2023\/","url":"https:\/\/investors.orthexgroup.com\/fi\/hallinnointi\/yhtiokokous\/yk2023\/","name":"Varsinainen yhti\u00f6kokous 2023 - Orthex Group","isPartOf":{"@id":"https:\/\/investors.orthexgroup.com\/fi\/#website"},"datePublished":"2023-01-25T12:59:05+00:00","dateModified":"2023-04-24T06:29:49+00:00","breadcrumb":{"@id":"https:\/\/investors.orthexgroup.com\/fi\/hallinnointi\/yhtiokokous\/yk2023\/#breadcrumb"},"inLanguage":"fi","potentialAction":[{"@type":"ReadAction","target":["https:\/\/investors.orthexgroup.com\/fi\/hallinnointi\/yhtiokokous\/yk2023\/"]}]},{"@type":"BreadcrumbList","@id":"https:\/\/investors.orthexgroup.com\/fi\/hallinnointi\/yhtiokokous\/yk2023\/#breadcrumb","itemListElement":[{"@type":"ListItem","position":1,"name":"Etusivu","item":"https:\/\/investors.orthexgroup.com\/fi\/"},{"@type":"ListItem","position":2,"name":"Orthexin hallinnointi","item":"https:\/\/investors.orthexgroup.com\/fi\/hallinnointi\/"},{"@type":"ListItem","position":3,"name":"Orthex Oyj:n yhti\u00f6kokous","item":"https:\/\/investors.orthexgroup.com\/fi\/hallinnointi\/yhtiokokous\/"},{"@type":"ListItem","position":4,"name":"Varsinainen yhti\u00f6kokous 2023"}]},{"@type":"WebSite","@id":"https:\/\/investors.orthexgroup.com\/fi\/#website","url":"https:\/\/investors.orthexgroup.com\/fi\/","name":"Orthex Group","description":"Tietoa Orthex Group Oyn listautumisannista","publisher":{"@id":"https:\/\/investors.orthexgroup.com\/fi\/#organization"},"potentialAction":[{"@type":"SearchAction","target":{"@type":"EntryPoint","urlTemplate":"https:\/\/investors.orthexgroup.com\/fi\/?s={search_term_string}"},"query-input":{"@type":"PropertyValueSpecification","valueRequired":true,"valueName":"search_term_string"}}],"inLanguage":"fi"},{"@type":"Organization","@id":"https:\/\/investors.orthexgroup.com\/fi\/#organization","name":"Orthex Group","url":"https:\/\/investors.orthexgroup.com\/fi\/","logo":{"@type":"ImageObject","inLanguage":"fi","@id":"https:\/\/investors.orthexgroup.com\/fi\/#\/schema\/logo\/image\/","url":"https:\/\/investors.orthexgroup.com\/wp-content\/uploads\/2021\/01\/orthex-group-logo.svg","contentUrl":"https:\/\/investors.orthexgroup.com\/wp-content\/uploads\/2021\/01\/orthex-group-logo.svg","width":129,"height":57,"caption":"Orthex Group"},"image":{"@id":"https:\/\/investors.orthexgroup.com\/fi\/#\/schema\/logo\/image\/"}}]}},"_links":{"self":[{"href":"https:\/\/investors.orthexgroup.com\/fi\/wp-json\/wp\/v2\/pages\/3950","targetHints":{"allow":["GET"]}}],"collection":[{"href":"https:\/\/investors.orthexgroup.com\/fi\/wp-json\/wp\/v2\/pages"}],"about":[{"href":"https:\/\/investors.orthexgroup.com\/fi\/wp-json\/wp\/v2\/types\/page"}],"author":[{"embeddable":true,"href":"https:\/\/investors.orthexgroup.com\/fi\/wp-json\/wp\/v2\/users\/10"}],"replies":[{"embeddable":true,"href":"https:\/\/investors.orthexgroup.com\/fi\/wp-json\/wp\/v2\/comments?post=3950"}],"version-history":[{"count":5,"href":"https:\/\/investors.orthexgroup.com\/fi\/wp-json\/wp\/v2\/pages\/3950\/revisions"}],"predecessor-version":[{"id":4431,"href":"https:\/\/investors.orthexgroup.com\/fi\/wp-json\/wp\/v2\/pages\/3950\/revisions\/4431"}],"up":[{"embeddable":true,"href":"https:\/\/investors.orthexgroup.com\/fi\/wp-json\/wp\/v2\/pages\/696"}],"wp:attachment":[{"href":"https:\/\/investors.orthexgroup.com\/fi\/wp-json\/wp\/v2\/media?parent=3950"}],"curies":[{"name":"wp","href":"https:\/\/api.w.org\/{rel}","templated":true}]}}