{"id":5495,"date":"2024-12-05T12:47:09","date_gmt":"2024-12-05T10:47:09","guid":{"rendered":"https:\/\/investors.orthexgroup.com\/?page_id=5495"},"modified":"2025-05-07T08:37:47","modified_gmt":"2025-05-07T05:37:47","slug":"yk2025","status":"publish","type":"page","link":"https:\/\/investors.orthexgroup.com\/fi\/hallinnointi\/yhtiokokous\/yk2025\/","title":{"rendered":"Varsinainen yhti\u00f6kokous 2025"},"content":{"rendered":"\n<p>Orthex Oyj:n varsinainen yhti\u00f6kokous pidettiin 29.4.2025 Orthex Oyj:n p\u00e4\u00e4konttorissa Espoossa. Yhti\u00f6n osakkeenomistajat osallistuivat kokoukseen paikan p\u00e4\u00e4ll\u00e4 tai \u00e4\u00e4nest\u00e4m\u00e4ll\u00e4 ennakkoon. Yhti\u00f6kokous hyv\u00e4ksyi kaikki yhti\u00f6kokoukselle tehdyt ehdotukset.<\/p>\n\n\n<div class=\"custom-block image-and-text has-link\">\n   <div class=\"text\">\n        <h2 class=\"title\">Varsinaisen yhti\u00f6kokouksen 2025 p\u00e4\u00e4t\u00f6kset<\/h2><div class=\"content\"><p>Kokouksessa oli l\u00e4sn\u00e4 tai edustettuna 29 osakkeenomistajaa vastaten 60,7 % kaikista yhti\u00f6n osakkeista ja \u00e4\u00e4nist\u00e4.<\/p>\n<\/div>            <div class=\"link-wrap\">\n                <a href=\"https:\/\/investors.orthexgroup.com\/fi\/media\/?release=F257DC881BC299DE&#038;category=all\" class=\"button link\" >Lue lis\u00e4\u00e4<\/a>            <\/div>\n            <\/div>\n    \n    <img decoding=\"async\" src=\"https:\/\/investors.orthexgroup.com\/wp-content\/uploads\/2024\/04\/yhtiokokous-paatokset-FI-240x300.jpg\" width=\"240\" height=\"300\" class=\"image\" alt=\"Orthex Oyj:n varsinaisen yhti\u00f6kokouksen p\u00e4\u00e4t\u00f6kset\" loading=\"lazy\"><\/div>\n\n\n<div class=\"custom-block image-and-text has-link\">\n   <div class=\"text\">\n        <h2 class=\"title\">Kutsu Orthex Oyj:n varsinaiseen yhti\u00f6kokoukseen 2025<\/h2><div class=\"content\"><p>Hallitus ehdottaa 0,22 euron osakekohtaista osinkoa. Hallituksen muut ehdotukset k\u00e4yv\u00e4t ilmi kokouskutsusta.<\/p>\n<\/div>            <div class=\"link-wrap\">\n                <a href=\"https:\/\/investors.orthexgroup.com\/fi\/media\/?release=F277D1415E1A4F6C&#038;category=all\" class=\"button link\" >Lue Lis\u00e4\u00e4<\/a>            <\/div>\n            <\/div>\n    \n    <img decoding=\"async\" src=\"https:\/\/investors.orthexgroup.com\/wp-content\/uploads\/2024\/03\/yhtiokokous-kutsu-FI-240x300.jpg\" width=\"240\" height=\"300\" class=\"image\" alt=\"\" loading=\"lazy\"><\/div>\n\n\n<div class=\"custom-block image-and-text has-link\">\n   <div class=\"text\">\n        <h2 class=\"title\">Vuosi- ja vastuullisuusraportti 2024<\/h2><div class=\"content\"><p>Orthexin vuosi- ja vastuullisuusraportti sis\u00e4lt\u00e4\u00e4 vuosikatsauksen, vastuullisuusraportin, selvityksen hallinto- ja ohjausj\u00e4rjestelm\u00e4st\u00e4, palkitsemisraportin, hallituksen toimintakertomuksen ja tilinp\u00e4\u00e4t\u00f6ksen vuodelta 2024.<\/p>\n<\/div>            <div class=\"link-wrap\">\n                <a href=\"https:\/\/investors.orthexgroup.com\/wp-content\/uploads\/2025\/03\/Orthex-Vuosi-ja-vastuullisuusraportti-2024.pdf\" target=\"_blank\" rel=\"noopener\" class=\"button link\" >Lue lis\u00e4\u00e4<\/a>            <\/div>\n            <\/div>\n    \n    <img decoding=\"async\" src=\"https:\/\/investors.orthexgroup.com\/wp-content\/uploads\/2025\/03\/Orthex_Vuosikertomus_2024-240x300.jpg\" width=\"240\" height=\"300\" class=\"image\" alt=\"Orthex Vuosikertomus 2024\" loading=\"lazy\"><\/div>\n\n\n\n<h3 class=\"wp-block-heading\">T\u00e4rkeit\u00e4 p\u00e4iv\u00e4m\u00e4\u00e4ri\u00e4<\/h3>\n\n\n\n<figure class=\"wp-block-table is-style-stripes\"><table><tbody><tr><td>12.3.2025<\/td><td>Yhti\u00f6kokouskutsun julkaisu<\/td><\/tr><tr><td><strong>27.3.2025 klo 10.00<\/strong><\/td><td><strong>Ilmoittautuminen ja ennakko\u00e4\u00e4nestys alkavat<\/strong><\/td><\/tr><tr><td>15.4.2025<\/td><td>Yhti\u00f6kokouksen t\u00e4sm\u00e4ytysp\u00e4iv\u00e4<\/td><\/tr><tr><td>23.4.2024 klo 10.00<\/td><td>M\u00e4\u00e4r\u00e4aika osakkeenomistajien kirjallisille kysymyksille<\/td><\/tr><tr><td><strong>23.4.2025 klo 10.00<\/strong><\/td><td><strong>Ilmoittautuminen ja ennakko\u00e4\u00e4nestys p\u00e4\u00e4ttyv\u00e4t <\/strong>(suorarekister\u00f6idyt osakkeenomistajat)<\/td><\/tr><tr><td><strong>24.4.2025 klo 10.00<\/strong><\/td><td><strong>Ilmoittautuminen ja ennakko\u00e4\u00e4nestys p\u00e4\u00e4ttyv\u00e4t <\/strong>(hallintarekister\u00f6idyt osakkeenomistajat)<\/td><\/tr><tr><td>28.4.2025<\/td><td>Vastaukset osakkeenomistajien mahdollisiin kysymyksiin n\u00e4ht\u00e4vill\u00e4 t\u00e4ll\u00e4 internetsivulla<\/td><\/tr><tr><td><strong>29.4.2025<\/strong><\/td><td><strong>Varsinainen yhti\u00f6kokous klo 10.00<\/strong><\/td><\/tr><tr><td>2.5.2025<\/td><td>Osingonmaksun 1. er\u00e4n t\u00e4sm\u00e4ytysp\u00e4iv\u00e4<\/td><\/tr><tr><td><strong>9.5.2025<\/strong><\/td><td><strong>Osingon 1. er\u00e4n (0,11 e\/osake) maksup\u00e4iv\u00e4<\/strong><\/td><\/tr><tr><td>13.5.2025<\/td><td>Yhti\u00f6kokouksen p\u00f6yt\u00e4kirja viimeist\u00e4\u00e4n saatavilla t\u00e4ll\u00e4 internetsivulla<\/td><\/tr><tr><td>1.10.2025<\/td><td>Osingonmaksun 2. er\u00e4n t\u00e4sm\u00e4ytysp\u00e4iv\u00e4<\/td><\/tr><tr><td><strong>8.10.2025<\/strong><\/td><td><strong>Osingon 2. er\u00e4n (0,11 e\/osake) maksup\u00e4iv\u00e4<\/strong><\/td><\/tr><\/tbody><\/table><\/figure>\n\n\n\n<h3 class=\"wp-block-heading\"><strong>Kysymyksien esitt\u00e4minen ennakkoon<\/strong><\/h3>\n\n\n\n<p>Osakkeenomistajilla oli mahdollisuus esitt\u00e4\u00e4 osakeyhti\u00f6lain 5 luvun 25 \u00a7:ss\u00e4 tarkoitettuja kysymyksi\u00e4 kokouksessa k\u00e4sitelt\u00e4vist\u00e4 asioista 23.4.2025 menness\u00e4. Yhti\u00f6n johdon vastaukset esitettyihin kysymyksiin l\u00f6ytyv\u00e4t alla olevasta linkist\u00e4.<\/p>\n\n\n\n<figure class=\"wp-block-table\"><table class=\"has-fixed-layout\"><tbody><tr><td><a href=\"https:\/\/investors.orthexgroup.com\/wp-content\/uploads\/2025\/04\/Orthexyk2025-Vastaukset-osakkeenomistajien-kysymyksiin.pdf\">Vastaukset osakkeenomistajien kysymyksiin<\/a><\/td><\/tr><\/tbody><\/table><\/figure>\n\n\n\n<h2 class=\"wp-block-heading\">Yhti\u00f6kokousasiakirjat<\/h2>\n\n\n\n<figure class=\"wp-block-table\"><table class=\"has-fixed-layout\"><tbody><tr><td><a href=\"https:\/\/investors.orthexgroup.com\/wp-content\/uploads\/2025\/05\/Orthex-Oyj-Poytakirja-Varsinainen-yhtiokokous-29.4.2025_signed.pdf\">Varsinaisen yhti\u00f6kokouksen 2025 p\u00f6yt\u00e4kirja (pdf)<\/a><\/td><td><a href=\"https:\/\/investors.orthexgroup.com\/wp-content\/uploads\/2025\/03\/Orthex-Oyj-Kutsu-varsinaiseen-yhtiokokoukseen-29.4.2025-1.pdf\">Yhti\u00f6kokouskutsu (pdf)<\/a><\/td><\/tr><tr><td><a href=\"https:\/\/investors.orthexgroup.com\/fi\/hallinnointi\/hallitus\/\">Hallituksen j\u00e4senehdokkaat<\/a><\/td><td><a href=\"https:\/\/investors.orthexgroup.com\/fi\/media\/?release=86EC45C6FAF6C7C1&#038;category=all\">Osakkeenomistajien nimitystoimikunnan ehdotukset varsinaiselle yhti\u00f6kokoukselle 2025<\/a><\/td><\/tr><tr><td><a href=\"https:\/\/investors.orthexgroup.com\/wp-content\/uploads\/2025\/03\/Orthex-Palkitsemisraportti-2024.pdf\">Palkitsemisraportti 2024<\/a><\/td><td><a href=\"https:\/\/investors.orthexgroup.com\/wp-content\/uploads\/2022\/03\/Tietosuojaseloste-Yhtiokokouksiin-osallistujat.pdf\">Tietosuojaseloste<\/a><\/td><\/tr><\/tbody><\/table><\/figure>\n\n\n\n<p><\/p>\n","protected":false},"excerpt":{"rendered":"<p>Orthex Oyj:n varsinainen yhti\u00f6kokous pidettiin 29.4.2025 Orthex Oyj:n p\u00e4\u00e4konttorissa Espoossa. Yhti\u00f6n osakkeenomistajat osallistuivat kokoukseen paikan&hellip;<\/p>\n","protected":false},"author":10,"featured_media":0,"parent":696,"menu_order":0,"comment_status":"closed","ping_status":"closed","template":"","meta":{"_acf_changed":false,"footnotes":""},"class_list":["post-5495","page","type-page","status-publish","hentry"],"acf":[],"yoast_head":"<!-- This site is optimized with the Yoast SEO plugin v27.1.1 - https:\/\/yoast.com\/product\/yoast-seo-wordpress\/ -->\n<title>Varsinainen yhti\u00f6kokous 2025 - Orthex Group<\/title>\n<meta name=\"robots\" content=\"index, follow, max-snippet:-1, max-image-preview:large, max-video-preview:-1\" \/>\n<link rel=\"canonical\" href=\"https:\/\/investors.orthexgroup.com\/fi\/hallinnointi\/yhtiokokous\/yk2025\/\" \/>\n<meta property=\"og:locale\" content=\"fi_FI\" \/>\n<meta property=\"og:type\" content=\"article\" \/>\n<meta property=\"og:title\" content=\"Varsinainen yhti\u00f6kokous 2025 - Orthex Group\" \/>\n<meta property=\"og:description\" content=\"Orthex Oyj:n varsinainen yhti\u00f6kokous pidettiin 29.4.2025 Orthex Oyj:n p\u00e4\u00e4konttorissa Espoossa. Yhti\u00f6n osakkeenomistajat osallistuivat kokoukseen paikan&hellip;\" \/>\n<meta property=\"og:url\" content=\"https:\/\/investors.orthexgroup.com\/fi\/hallinnointi\/yhtiokokous\/yk2025\/\" \/>\n<meta property=\"og:site_name\" content=\"Orthex Group\" \/>\n<meta property=\"article:modified_time\" content=\"2025-05-07T05:37:47+00:00\" \/>\n<meta name=\"twitter:card\" content=\"summary_large_image\" \/>\n<meta name=\"twitter:label1\" content=\"Arvioitu lukuaika\" \/>\n\t<meta name=\"twitter:data1\" content=\"2 minuuttia\" \/>\n<script type=\"application\/ld+json\" class=\"yoast-schema-graph\">{\"@context\":\"https:\/\/schema.org\",\"@graph\":[{\"@type\":\"WebPage\",\"@id\":\"https:\/\/investors.orthexgroup.com\/fi\/hallinnointi\/yhtiokokous\/yk2025\/\",\"url\":\"https:\/\/investors.orthexgroup.com\/fi\/hallinnointi\/yhtiokokous\/yk2025\/\",\"name\":\"Varsinainen yhti\u00f6kokous 2025 - Orthex Group\",\"isPartOf\":{\"@id\":\"https:\/\/investors.orthexgroup.com\/fi\/#website\"},\"datePublished\":\"2024-12-05T10:47:09+00:00\",\"dateModified\":\"2025-05-07T05:37:47+00:00\",\"breadcrumb\":{\"@id\":\"https:\/\/investors.orthexgroup.com\/fi\/hallinnointi\/yhtiokokous\/yk2025\/#breadcrumb\"},\"inLanguage\":\"fi\",\"potentialAction\":[{\"@type\":\"ReadAction\",\"target\":[\"https:\/\/investors.orthexgroup.com\/fi\/hallinnointi\/yhtiokokous\/yk2025\/\"]}]},{\"@type\":\"BreadcrumbList\",\"@id\":\"https:\/\/investors.orthexgroup.com\/fi\/hallinnointi\/yhtiokokous\/yk2025\/#breadcrumb\",\"itemListElement\":[{\"@type\":\"ListItem\",\"position\":1,\"name\":\"Etusivu\",\"item\":\"https:\/\/investors.orthexgroup.com\/fi\/\"},{\"@type\":\"ListItem\",\"position\":2,\"name\":\"Orthexin hallinnointi\",\"item\":\"https:\/\/investors.orthexgroup.com\/fi\/hallinnointi\/\"},{\"@type\":\"ListItem\",\"position\":3,\"name\":\"Orthex Oyj:n yhti\u00f6kokous\",\"item\":\"https:\/\/investors.orthexgroup.com\/fi\/hallinnointi\/yhtiokokous\/\"},{\"@type\":\"ListItem\",\"position\":4,\"name\":\"Varsinainen yhti\u00f6kokous 2025\"}]},{\"@type\":\"WebSite\",\"@id\":\"https:\/\/investors.orthexgroup.com\/fi\/#website\",\"url\":\"https:\/\/investors.orthexgroup.com\/fi\/\",\"name\":\"Orthex Group\",\"description\":\"Tietoa Orthex Group Oyn listautumisannista\",\"publisher\":{\"@id\":\"https:\/\/investors.orthexgroup.com\/fi\/#organization\"},\"potentialAction\":[{\"@type\":\"SearchAction\",\"target\":{\"@type\":\"EntryPoint\",\"urlTemplate\":\"https:\/\/investors.orthexgroup.com\/fi\/?s={search_term_string}\"},\"query-input\":{\"@type\":\"PropertyValueSpecification\",\"valueRequired\":true,\"valueName\":\"search_term_string\"}}],\"inLanguage\":\"fi\"},{\"@type\":\"Organization\",\"@id\":\"https:\/\/investors.orthexgroup.com\/fi\/#organization\",\"name\":\"Orthex Group\",\"url\":\"https:\/\/investors.orthexgroup.com\/fi\/\",\"logo\":{\"@type\":\"ImageObject\",\"inLanguage\":\"fi\",\"@id\":\"https:\/\/investors.orthexgroup.com\/fi\/#\/schema\/logo\/image\/\",\"url\":\"https:\/\/investors.orthexgroup.com\/wp-content\/uploads\/2021\/01\/orthex-group-logo.svg\",\"contentUrl\":\"https:\/\/investors.orthexgroup.com\/wp-content\/uploads\/2021\/01\/orthex-group-logo.svg\",\"width\":129,\"height\":57,\"caption\":\"Orthex Group\"},\"image\":{\"@id\":\"https:\/\/investors.orthexgroup.com\/fi\/#\/schema\/logo\/image\/\"}}]}<\/script>\n<!-- \/ Yoast SEO plugin. -->","yoast_head_json":{"title":"Varsinainen yhti\u00f6kokous 2025 - Orthex Group","robots":{"index":"index","follow":"follow","max-snippet":"max-snippet:-1","max-image-preview":"max-image-preview:large","max-video-preview":"max-video-preview:-1"},"canonical":"https:\/\/investors.orthexgroup.com\/fi\/hallinnointi\/yhtiokokous\/yk2025\/","og_locale":"fi_FI","og_type":"article","og_title":"Varsinainen yhti\u00f6kokous 2025 - Orthex Group","og_description":"Orthex Oyj:n varsinainen yhti\u00f6kokous pidettiin 29.4.2025 Orthex Oyj:n p\u00e4\u00e4konttorissa Espoossa. Yhti\u00f6n osakkeenomistajat osallistuivat kokoukseen paikan&hellip;","og_url":"https:\/\/investors.orthexgroup.com\/fi\/hallinnointi\/yhtiokokous\/yk2025\/","og_site_name":"Orthex Group","article_modified_time":"2025-05-07T05:37:47+00:00","twitter_card":"summary_large_image","twitter_misc":{"Arvioitu lukuaika":"2 minuuttia"},"schema":{"@context":"https:\/\/schema.org","@graph":[{"@type":"WebPage","@id":"https:\/\/investors.orthexgroup.com\/fi\/hallinnointi\/yhtiokokous\/yk2025\/","url":"https:\/\/investors.orthexgroup.com\/fi\/hallinnointi\/yhtiokokous\/yk2025\/","name":"Varsinainen yhti\u00f6kokous 2025 - Orthex Group","isPartOf":{"@id":"https:\/\/investors.orthexgroup.com\/fi\/#website"},"datePublished":"2024-12-05T10:47:09+00:00","dateModified":"2025-05-07T05:37:47+00:00","breadcrumb":{"@id":"https:\/\/investors.orthexgroup.com\/fi\/hallinnointi\/yhtiokokous\/yk2025\/#breadcrumb"},"inLanguage":"fi","potentialAction":[{"@type":"ReadAction","target":["https:\/\/investors.orthexgroup.com\/fi\/hallinnointi\/yhtiokokous\/yk2025\/"]}]},{"@type":"BreadcrumbList","@id":"https:\/\/investors.orthexgroup.com\/fi\/hallinnointi\/yhtiokokous\/yk2025\/#breadcrumb","itemListElement":[{"@type":"ListItem","position":1,"name":"Etusivu","item":"https:\/\/investors.orthexgroup.com\/fi\/"},{"@type":"ListItem","position":2,"name":"Orthexin hallinnointi","item":"https:\/\/investors.orthexgroup.com\/fi\/hallinnointi\/"},{"@type":"ListItem","position":3,"name":"Orthex Oyj:n yhti\u00f6kokous","item":"https:\/\/investors.orthexgroup.com\/fi\/hallinnointi\/yhtiokokous\/"},{"@type":"ListItem","position":4,"name":"Varsinainen yhti\u00f6kokous 2025"}]},{"@type":"WebSite","@id":"https:\/\/investors.orthexgroup.com\/fi\/#website","url":"https:\/\/investors.orthexgroup.com\/fi\/","name":"Orthex Group","description":"Tietoa Orthex Group Oyn listautumisannista","publisher":{"@id":"https:\/\/investors.orthexgroup.com\/fi\/#organization"},"potentialAction":[{"@type":"SearchAction","target":{"@type":"EntryPoint","urlTemplate":"https:\/\/investors.orthexgroup.com\/fi\/?s={search_term_string}"},"query-input":{"@type":"PropertyValueSpecification","valueRequired":true,"valueName":"search_term_string"}}],"inLanguage":"fi"},{"@type":"Organization","@id":"https:\/\/investors.orthexgroup.com\/fi\/#organization","name":"Orthex Group","url":"https:\/\/investors.orthexgroup.com\/fi\/","logo":{"@type":"ImageObject","inLanguage":"fi","@id":"https:\/\/investors.orthexgroup.com\/fi\/#\/schema\/logo\/image\/","url":"https:\/\/investors.orthexgroup.com\/wp-content\/uploads\/2021\/01\/orthex-group-logo.svg","contentUrl":"https:\/\/investors.orthexgroup.com\/wp-content\/uploads\/2021\/01\/orthex-group-logo.svg","width":129,"height":57,"caption":"Orthex Group"},"image":{"@id":"https:\/\/investors.orthexgroup.com\/fi\/#\/schema\/logo\/image\/"}}]}},"_links":{"self":[{"href":"https:\/\/investors.orthexgroup.com\/fi\/wp-json\/wp\/v2\/pages\/5495","targetHints":{"allow":["GET"]}}],"collection":[{"href":"https:\/\/investors.orthexgroup.com\/fi\/wp-json\/wp\/v2\/pages"}],"about":[{"href":"https:\/\/investors.orthexgroup.com\/fi\/wp-json\/wp\/v2\/types\/page"}],"author":[{"embeddable":true,"href":"https:\/\/investors.orthexgroup.com\/fi\/wp-json\/wp\/v2\/users\/10"}],"replies":[{"embeddable":true,"href":"https:\/\/investors.orthexgroup.com\/fi\/wp-json\/wp\/v2\/comments?post=5495"}],"version-history":[{"count":5,"href":"https:\/\/investors.orthexgroup.com\/fi\/wp-json\/wp\/v2\/pages\/5495\/revisions"}],"predecessor-version":[{"id":5772,"href":"https:\/\/investors.orthexgroup.com\/fi\/wp-json\/wp\/v2\/pages\/5495\/revisions\/5772"}],"up":[{"embeddable":true,"href":"https:\/\/investors.orthexgroup.com\/fi\/wp-json\/wp\/v2\/pages\/696"}],"wp:attachment":[{"href":"https:\/\/investors.orthexgroup.com\/fi\/wp-json\/wp\/v2\/media?parent=5495"}],"curies":[{"name":"wp","href":"https:\/\/api.w.org\/{rel}","templated":true}]}}