{"id":649,"date":"2021-03-12T13:34:56","date_gmt":"2021-03-12T11:34:56","guid":{"rendered":"https:\/\/investors.orthexgroup.com\/?page_id=649"},"modified":"2024-02-28T15:17:39","modified_gmt":"2024-02-28T13:17:39","slug":"listautuminen","status":"publish","type":"page","link":"https:\/\/investors.orthexgroup.com\/fi\/osake\/listautuminen\/","title":{"rendered":"Listautumisanti 2021"},"content":{"rendered":"\n<p>Orthex on yksi Pohjoismaiden johtavista kodin k\u00e4ytt\u00f6tavarayhti\u00f6ist\u00e4: se suunnittelee, valmistaa ja myy kodin k\u00e4ytt\u00f6tavaroita tavoitteenaan tehd\u00e4 kuluttajien jokap\u00e4iv\u00e4isest\u00e4 el\u00e4m\u00e4st\u00e4 helpompaa. Orthex pyrkii luomaan k\u00e4yt\u00e4nn\u00f6llisi\u00e4, kest\u00e4vi\u00e4 ja korkealaatuisia kodin k\u00e4ytt\u00f6tavaroita ja tarjoaa laajan valikoiman kodin k\u00e4ytt\u00f6tavaroita nelj\u00e4ss\u00e4 tuoteryhm\u00e4ss\u00e4: S\u00e4ilytys, Keitti\u00f6, Koti ja Piha sek\u00e4 Kasvien hoito. Orthex markkinoi ja myy tuotteitaan kolmen p\u00e4\u00e4kuluttajabr\u00e4ndin alla, jotka ovat SmartStore, GastroMax ja Orthex. Vastuullisuudessa Orthex pyrkii olemaan toimialansa edell\u00e4k\u00e4vij\u00e4.<\/p>\n\n\n\n<p><strong>Listautumisanti lyhyesti<\/strong><\/p>\n\n\n\n<p>Orthexin listautumisanti koostui yleis\u00f6annista, instituutioannista ja henkil\u00f6st\u00f6annista. Merkint\u00e4hinta oli yleis\u00f6- ja instituutioannissa 6,82 euroa osakkeelta. Henkil\u00f6st\u00f6annissa merkint\u00e4hinta oli 10 % alhaisempi, eli 6,14 euroa osakkeelta. <\/p>\n\n\n\n<p>Orthexin osakkeenomistajien m\u00e4\u00e4r\u00e4 nousi listautumisannin my\u00f6t\u00e4 yli 21 400 osakkeenomistajaan. Kaupank\u00e4ynti yhti\u00f6n osakkeilla alkoi Nasdaq Helsinki Oy:n prelistalla 25.3.2021 ja p\u00f6rssilistalla 29.3.2021.<\/p>\n\n\n\n<p>Listautumisannissa allokoitiin 1 322 336 osaketta yksityishenkil\u00f6ille ja yhteis\u00f6ille Suomessa ja 10 672 219 osaketta allokoitiin institutionaalisille sijoittajille Suomessa ja kansainv\u00e4lisesti koska lis\u00e4osakeoptio k\u00e4ytettiin t\u00e4ysim\u00e4\u00e4r\u00e4isesti. T\u00e4m\u00e4n lis\u00e4ksi 156 236 osaketta allokoitiin henkil\u00f6st\u00f6annissa merkitsem\u00e4\u00e4n oikeutetuille. <\/p>\n\n\n\n<p>Yhti\u00f6 sai listautumisannista noin 10 miljoonan euron bruttovarat ja myyv\u00e4t osakkeenomistajat yhteens\u00e4 noin 72,8 miljoonan euron bruttovarat. Yhti\u00f6n liikkeeseen laskettujen ja ulkona olevien osakkeiden kokonaism\u00e4\u00e4r\u00e4 nousi 17 758 854 osakkeeseen, kun osakeannissa tarjotut uudet osakkeet rekister\u00f6itiin Patentti- ja rekisterihallituksen yll\u00e4pit\u00e4m\u00e4\u00e4n kaupparekisteriin 24.3.2021.<\/p>\n\n\n\n<p>Yleis\u00f6annissa ja henkil\u00f6st\u00f6annissa allokoidut osakkeet kirjattiin hyv\u00e4ksytyn sitoumuksen tehneiden sijoittajien arvo-osuustileille 25.3.2021. Instituutioannissa allokoidut osakkeet olivat valmiina toimitettaviksi maksua vastaan Euroclear Finland Oy:n kautta 29.3.2021.<\/p>\n\n\n\n<figure class=\"wp-block-table\"><table><tbody><tr><td><strong>T\u00e4rkeit\u00e4 p\u00e4iv\u00e4m\u00e4\u00e4ri\u00e4<\/strong><\/td><td><\/td><\/tr><tr><td>Listautumisannin merkint\u00e4aika alkoi<\/td><td>15.3.2021<\/td><\/tr><tr><td>Yleis\u00f6annin merkint\u00e4aika p\u00e4\u00e4ttyi<\/td><td>22.3.2021 <\/td><\/tr><tr><td>Tiedote listautumisannin lopullisesta tuloksesta<\/td><td>24.3.2021 <\/td><\/tr><tr><td>Kaupank\u00e4ynti osakkeilla alkoi Nasdaq Helsingin prelistalla<\/td><td>25.3.2021 <\/td><\/tr><tr><td>Uudet osakkeet kirjattiin arvo-osuustileille yleis\u00f6annin osalta<\/td><td>25.3.2021 <\/td><\/tr><tr><td>Kaupank\u00e4ynti osakkeilla alkoi Nasdaq Helsingin p\u00f6rssilistalla<\/td><td>29.3.2021 <\/td><\/tr><\/tbody><\/table><\/figure>\n\n\n<div class=\"custom-block downloads\">\n    <h2 class=\"block-title h2\">Materiaalit<\/h2><ul class=\"links\"><li class=\"single-row\"><a href=\"https:\/\/investors.orthexgroup.com\/wp-json\/v1\/download?file=Orthex_Oyj_-_Listalleottoesite.pdf\" class=\"link protected\" >Listalleottoesite<\/a><a href=\"https:\/\/investors.orthexgroup.com\/wp-json\/v1\/download?file=Orthex_Oyj_-_Listalleottoesite.pdf\" class=\"download\"><\/a><\/li><li class=\"single-row\"><a href=\"https:\/\/investors.orthexgroup.com\/wp-json\/v1\/download?file=Orthex_markkinointiesite.pdf\" class=\"link protected\" >Markkinointiesite<\/a><a href=\"https:\/\/investors.orthexgroup.com\/wp-json\/v1\/download?file=Orthex_markkinointiesite.pdf\" class=\"download\"><\/a><\/li><li class=\"single-row\"><a href=\"https:\/\/investors.orthexgroup.com\/wp-content\/uploads\/2021\/03\/Yhtion-tilintarkastettu-konsernitilinpaatos-31.12.2019-paattyneelta-tilikaudelta-ja-tata-koskeva-tilintarkastuskertomus.pdf\" class=\"link\">Yhti\u00f6n tilintarkastettu konsernitilinp\u00e4\u00e4t\u00f6s 2019 p\u00e4\u00e4ttyneelt\u00e4 tilikaudelta ja t\u00e4t\u00e4 koskeva tilintarkastuskertomus<\/a><a href=\"https:\/\/investors.orthexgroup.com\/wp-content\/uploads\/2021\/03\/Yhtion-tilintarkastettu-konsernitilinpaatos-31.12.2019-paattyneelta-tilikaudelta-ja-tata-koskeva-tilintarkastuskertomus.pdf\" class=\"download\" download><\/a><\/li><li class=\"single-row\"><a href=\"https:\/\/investors.orthexgroup.com\/wp-content\/uploads\/2021\/03\/Yhtion-tilintarkastettu-konsernitilinpaatos-31.12.2018-paattyneelta-tilikaudelta-ja-tata-koskeva-tilintarkastuskertomus.pdf\" class=\"link\">Yhti\u00f6n tilintarkastettu konsernitilinp\u00e4\u00e4t\u00f6s 2018 p\u00e4\u00e4ttyneelt\u00e4 tilikaudelta ja t\u00e4t\u00e4 koskeva tilintarkastuskertomus<\/a><a href=\"https:\/\/investors.orthexgroup.com\/wp-content\/uploads\/2021\/03\/Yhtion-tilintarkastettu-konsernitilinpaatos-31.12.2018-paattyneelta-tilikaudelta-ja-tata-koskeva-tilintarkastuskertomus.pdf\" class=\"download\" download><\/a><\/li><li class=\"single-row\"><\/li><\/ul><\/div>\n\n\n\n<h4 class=\"wp-block-heading\">Yhti\u00f6esittelytilaisuuden tallenne (webcast) 15.3.2021<\/h4>\n\n\n\n<figure class=\"wp-block-embed is-type-rich is-provider-upotuksen-k-sittelij wp-block-embed-upotuksen-k-sittelij\"><div class=\"wp-block-embed__wrapper\">\n<div style=\"width: 640px;\" class=\"wp-video\"><video class=\"wp-video-shortcode\" id=\"video-649-1\" width=\"640\" height=\"360\" preload=\"metadata\" controls=\"controls\"><source type=\"video\/mp4\" src=\"https:\/\/investors.orthexgroup.com\/wp-content\/uploads\/2021\/03\/Orhex_company_presentation_video.mp4?_=1\" \/><a href=\"https:\/\/investors.orthexgroup.com\/wp-content\/uploads\/2021\/03\/Orhex_company_presentation_video.mp4\">https:\/\/investors.orthexgroup.com\/wp-content\/uploads\/2021\/03\/Orhex_company_presentation_video.mp4<\/a><\/video><\/div>\n<\/div><\/figure>\n\n\n\n<h2 class=\"wp-block-heading\">Tiedotteet<\/h2>\n\n\n\n<p>8.4.2021&nbsp;<a href=\"https:\/\/investors.orthexgroup.com\/fi\/listautuminen\/lisaosakeoption-kayttaminen\/\" target=\"_blank\" rel=\"noreferrer noopener\">Orthex Oyj:n listautumisannin lis\u00e4osakeoption k\u00e4ytt\u00e4minen ja vakauttamisajan p\u00e4\u00e4tt\u00e4minen<\/a><\/p>\n\n\n\n<p>30.3.2021 <a href=\"https:\/\/investors.orthexgroup.com\/fi\/listautuminen\/suurimmat-osakkeenomistajat\/\" target=\"_blank\" rel=\"noreferrer noopener\">Orthex Oyj:n suurimmat osakkeenomistajat listautumisannin p\u00e4\u00e4ttymisen j\u00e4lkeen<\/a><\/p>\n\n\n\n<p>24.3.2021 <a href=\"https:\/\/investors.orthexgroup.com\/fi\/listautuminen\/listautumisanti-ylimerkitty-ja-listautuminen-toteutetaan-suunnitellusti\/\" target=\"_blank\" rel=\"noreferrer noopener\">Orthex Oyj:n listautumisanti on ylimerkitty ja listautuminen toteutetaan suunnitellusti<\/a><\/p>\n\n\n\n<p>15.3.2021 <a href=\"https:\/\/investors.orthexgroup.com\/fi\/listautuminen\/listalleottohakemus\/\" target=\"_blank\" rel=\"noreferrer noopener\">Orthex Oyj on hakenut osakkeidensa listausta Nasdaq Helsinki Oy:n p\u00f6rssilistalle<\/a><\/p>\n\n\n\n<p>12.3.2021 <a href=\"https:\/\/investors.orthexgroup.com\/fi\/listautuminen\/finanssivalvonta-on-hyvaksynyt-orthex-oyjn-suomenkielisen-listalleottoesitteen\/\" target=\"_blank\" rel=\"noreferrer noopener\">Finanssivalvonta on hyv\u00e4ksynyt Orthex Oyj:n suomenkielisen listalleottoesitteen<\/a><\/p>\n\n\n\n<p>12.3.2021 <a href=\"https:\/\/investors.orthexgroup.com\/fi\/orthex-oyj-julkistaa-suunnitellun-listautumisantinsa-merkintahinnan\/\" target=\"_blank\" rel=\"noreferrer noopener\">Orthex Oyj julkistaa suunnitellun listautumisantinsa merkint\u00e4hinnan <\/a><\/p>\n\n\n\n<p>4.3.2021 <a href=\"https:\/\/investors.orthexgroup.com\/fi\/itf\/\" target=\"_blank\" rel=\"noreferrer noopener\">Orthex suunnittelee listautumisantia ja listautumista Nasdaq Helsinki Oy:n p\u00f6rssilistalle<\/a><\/p>\n","protected":false},"excerpt":{"rendered":"<p>Orthex on yksi Pohjoismaiden johtavista kodin k\u00e4ytt\u00f6tavarayhti\u00f6ist\u00e4: se suunnittelee, valmistaa ja myy kodin k\u00e4ytt\u00f6tavaroita tavoitteenaan&hellip;<\/p>\n","protected":false},"author":1,"featured_media":0,"parent":718,"menu_order":0,"comment_status":"closed","ping_status":"closed","template":"","meta":{"_acf_changed":false,"footnotes":""},"class_list":["post-649","page","type-page","status-publish","hentry"],"acf":[],"yoast_head":"<!-- This site is optimized with the Yoast SEO plugin v27.1.1 - https:\/\/yoast.com\/product\/yoast-seo-wordpress\/ -->\n<title>Listautumisanti 2021 - Orthex Group<\/title>\n<meta name=\"robots\" content=\"index, follow, max-snippet:-1, max-image-preview:large, max-video-preview:-1\" \/>\n<link rel=\"canonical\" href=\"https:\/\/investors.orthexgroup.com\/fi\/osake\/listautuminen\/\" \/>\n<meta property=\"og:locale\" content=\"fi_FI\" \/>\n<meta property=\"og:type\" content=\"article\" \/>\n<meta property=\"og:title\" content=\"Listautumisanti 2021 - Orthex Group\" \/>\n<meta property=\"og:description\" content=\"Orthex on yksi Pohjoismaiden johtavista kodin k\u00e4ytt\u00f6tavarayhti\u00f6ist\u00e4: se suunnittelee, valmistaa ja myy kodin k\u00e4ytt\u00f6tavaroita tavoitteenaan&hellip;\" \/>\n<meta property=\"og:url\" content=\"https:\/\/investors.orthexgroup.com\/fi\/osake\/listautuminen\/\" \/>\n<meta property=\"og:site_name\" content=\"Orthex Group\" \/>\n<meta property=\"article:modified_time\" content=\"2024-02-28T13:17:39+00:00\" \/>\n<meta name=\"twitter:card\" content=\"summary_large_image\" \/>\n<meta name=\"twitter:label1\" content=\"Arvioitu lukuaika\" \/>\n\t<meta name=\"twitter:data1\" content=\"3 minuuttia\" \/>\n<script type=\"application\/ld+json\" class=\"yoast-schema-graph\">{\"@context\":\"https:\/\/schema.org\",\"@graph\":[{\"@type\":\"WebPage\",\"@id\":\"https:\/\/investors.orthexgroup.com\/fi\/osake\/listautuminen\/\",\"url\":\"https:\/\/investors.orthexgroup.com\/fi\/osake\/listautuminen\/\",\"name\":\"Listautumisanti 2021 - Orthex Group\",\"isPartOf\":{\"@id\":\"https:\/\/investors.orthexgroup.com\/fi\/#website\"},\"datePublished\":\"2021-03-12T11:34:56+00:00\",\"dateModified\":\"2024-02-28T13:17:39+00:00\",\"breadcrumb\":{\"@id\":\"https:\/\/investors.orthexgroup.com\/fi\/osake\/listautuminen\/#breadcrumb\"},\"inLanguage\":\"fi\",\"potentialAction\":[{\"@type\":\"ReadAction\",\"target\":[\"https:\/\/investors.orthexgroup.com\/fi\/osake\/listautuminen\/\"]}]},{\"@type\":\"BreadcrumbList\",\"@id\":\"https:\/\/investors.orthexgroup.com\/fi\/osake\/listautuminen\/#breadcrumb\",\"itemListElement\":[{\"@type\":\"ListItem\",\"position\":1,\"name\":\"Etusivu\",\"item\":\"https:\/\/investors.orthexgroup.com\/fi\/\"},{\"@type\":\"ListItem\",\"position\":2,\"name\":\"Orthexin osake\",\"item\":\"https:\/\/investors.orthexgroup.com\/fi\/osake\/\"},{\"@type\":\"ListItem\",\"position\":3,\"name\":\"Listautumisanti 2021\"}]},{\"@type\":\"WebSite\",\"@id\":\"https:\/\/investors.orthexgroup.com\/fi\/#website\",\"url\":\"https:\/\/investors.orthexgroup.com\/fi\/\",\"name\":\"Orthex Group\",\"description\":\"Tietoa Orthex Group Oyn listautumisannista\",\"publisher\":{\"@id\":\"https:\/\/investors.orthexgroup.com\/fi\/#organization\"},\"potentialAction\":[{\"@type\":\"SearchAction\",\"target\":{\"@type\":\"EntryPoint\",\"urlTemplate\":\"https:\/\/investors.orthexgroup.com\/fi\/?s={search_term_string}\"},\"query-input\":{\"@type\":\"PropertyValueSpecification\",\"valueRequired\":true,\"valueName\":\"search_term_string\"}}],\"inLanguage\":\"fi\"},{\"@type\":\"Organization\",\"@id\":\"https:\/\/investors.orthexgroup.com\/fi\/#organization\",\"name\":\"Orthex Group\",\"url\":\"https:\/\/investors.orthexgroup.com\/fi\/\",\"logo\":{\"@type\":\"ImageObject\",\"inLanguage\":\"fi\",\"@id\":\"https:\/\/investors.orthexgroup.com\/fi\/#\/schema\/logo\/image\/\",\"url\":\"https:\/\/investors.orthexgroup.com\/wp-content\/uploads\/2021\/01\/orthex-group-logo.svg\",\"contentUrl\":\"https:\/\/investors.orthexgroup.com\/wp-content\/uploads\/2021\/01\/orthex-group-logo.svg\",\"width\":129,\"height\":57,\"caption\":\"Orthex Group\"},\"image\":{\"@id\":\"https:\/\/investors.orthexgroup.com\/fi\/#\/schema\/logo\/image\/\"}}]}<\/script>\n<!-- \/ Yoast SEO plugin. -->","yoast_head_json":{"title":"Listautumisanti 2021 - Orthex Group","robots":{"index":"index","follow":"follow","max-snippet":"max-snippet:-1","max-image-preview":"max-image-preview:large","max-video-preview":"max-video-preview:-1"},"canonical":"https:\/\/investors.orthexgroup.com\/fi\/osake\/listautuminen\/","og_locale":"fi_FI","og_type":"article","og_title":"Listautumisanti 2021 - Orthex Group","og_description":"Orthex on yksi Pohjoismaiden johtavista kodin k\u00e4ytt\u00f6tavarayhti\u00f6ist\u00e4: se suunnittelee, valmistaa ja myy kodin k\u00e4ytt\u00f6tavaroita tavoitteenaan&hellip;","og_url":"https:\/\/investors.orthexgroup.com\/fi\/osake\/listautuminen\/","og_site_name":"Orthex Group","article_modified_time":"2024-02-28T13:17:39+00:00","twitter_card":"summary_large_image","twitter_misc":{"Arvioitu lukuaika":"3 minuuttia"},"schema":{"@context":"https:\/\/schema.org","@graph":[{"@type":"WebPage","@id":"https:\/\/investors.orthexgroup.com\/fi\/osake\/listautuminen\/","url":"https:\/\/investors.orthexgroup.com\/fi\/osake\/listautuminen\/","name":"Listautumisanti 2021 - Orthex Group","isPartOf":{"@id":"https:\/\/investors.orthexgroup.com\/fi\/#website"},"datePublished":"2021-03-12T11:34:56+00:00","dateModified":"2024-02-28T13:17:39+00:00","breadcrumb":{"@id":"https:\/\/investors.orthexgroup.com\/fi\/osake\/listautuminen\/#breadcrumb"},"inLanguage":"fi","potentialAction":[{"@type":"ReadAction","target":["https:\/\/investors.orthexgroup.com\/fi\/osake\/listautuminen\/"]}]},{"@type":"BreadcrumbList","@id":"https:\/\/investors.orthexgroup.com\/fi\/osake\/listautuminen\/#breadcrumb","itemListElement":[{"@type":"ListItem","position":1,"name":"Etusivu","item":"https:\/\/investors.orthexgroup.com\/fi\/"},{"@type":"ListItem","position":2,"name":"Orthexin osake","item":"https:\/\/investors.orthexgroup.com\/fi\/osake\/"},{"@type":"ListItem","position":3,"name":"Listautumisanti 2021"}]},{"@type":"WebSite","@id":"https:\/\/investors.orthexgroup.com\/fi\/#website","url":"https:\/\/investors.orthexgroup.com\/fi\/","name":"Orthex Group","description":"Tietoa Orthex Group Oyn listautumisannista","publisher":{"@id":"https:\/\/investors.orthexgroup.com\/fi\/#organization"},"potentialAction":[{"@type":"SearchAction","target":{"@type":"EntryPoint","urlTemplate":"https:\/\/investors.orthexgroup.com\/fi\/?s={search_term_string}"},"query-input":{"@type":"PropertyValueSpecification","valueRequired":true,"valueName":"search_term_string"}}],"inLanguage":"fi"},{"@type":"Organization","@id":"https:\/\/investors.orthexgroup.com\/fi\/#organization","name":"Orthex Group","url":"https:\/\/investors.orthexgroup.com\/fi\/","logo":{"@type":"ImageObject","inLanguage":"fi","@id":"https:\/\/investors.orthexgroup.com\/fi\/#\/schema\/logo\/image\/","url":"https:\/\/investors.orthexgroup.com\/wp-content\/uploads\/2021\/01\/orthex-group-logo.svg","contentUrl":"https:\/\/investors.orthexgroup.com\/wp-content\/uploads\/2021\/01\/orthex-group-logo.svg","width":129,"height":57,"caption":"Orthex Group"},"image":{"@id":"https:\/\/investors.orthexgroup.com\/fi\/#\/schema\/logo\/image\/"}}]}},"_links":{"self":[{"href":"https:\/\/investors.orthexgroup.com\/fi\/wp-json\/wp\/v2\/pages\/649","targetHints":{"allow":["GET"]}}],"collection":[{"href":"https:\/\/investors.orthexgroup.com\/fi\/wp-json\/wp\/v2\/pages"}],"about":[{"href":"https:\/\/investors.orthexgroup.com\/fi\/wp-json\/wp\/v2\/types\/page"}],"author":[{"embeddable":true,"href":"https:\/\/investors.orthexgroup.com\/fi\/wp-json\/wp\/v2\/users\/1"}],"replies":[{"embeddable":true,"href":"https:\/\/investors.orthexgroup.com\/fi\/wp-json\/wp\/v2\/comments?post=649"}],"version-history":[{"count":5,"href":"https:\/\/investors.orthexgroup.com\/fi\/wp-json\/wp\/v2\/pages\/649\/revisions"}],"predecessor-version":[{"id":4773,"href":"https:\/\/investors.orthexgroup.com\/fi\/wp-json\/wp\/v2\/pages\/649\/revisions\/4773"}],"up":[{"embeddable":true,"href":"https:\/\/investors.orthexgroup.com\/fi\/wp-json\/wp\/v2\/pages\/718"}],"wp:attachment":[{"href":"https:\/\/investors.orthexgroup.com\/fi\/wp-json\/wp\/v2\/media?parent=649"}],"curies":[{"name":"wp","href":"https:\/\/api.w.org\/{rel}","templated":true}]}}