{"id":661,"date":"2022-04-07T16:00:00","date_gmt":"2022-04-07T13:00:00","guid":{"rendered":"https:\/\/investors.orthexgroup.com\/?page_id=661"},"modified":"2025-11-25T16:06:57","modified_gmt":"2025-11-25T14:06:57","slug":"orthex-sijoituskohteena","status":"publish","type":"page","link":"https:\/\/investors.orthexgroup.com\/fi\/orthex-sijoituskohteena\/","title":{"rendered":"Orthex sijoituskohteena"},"content":{"rendered":"\n<p>Orthex Oyj on suomalainen, Nasdaq Helsinki Oy:ss\u00e4 (Helsingin p\u00f6rssi) listattu julkinen osakeyhti\u00f6, jonka p\u00e4\u00e4konttori on Espoossa. Orthex Oyj on Orthex Groupin emoyhti\u00f6. Orthex listautui Helsingin p\u00f6rssin pre-listalle 25.3.2021. Orthex Oyj:n listautumisanti ylimerkittiin ja listautuminen toteutui suunnitellusti 29.3.2021, jolloin kaupank\u00e4ynti Orthexin osakkeilla Helsingin p\u00f6rssin p\u00e4\u00e4listalla alkoi.<\/p>\n\n\n\n<h2 class=\"wp-block-heading\">Orthexin historia<\/h2>\n\n\n\n<h3 class=\"wp-block-heading\"><strong>Yli 100 vuoden kokemus<\/strong><\/h3>\n\n\n\n<p>Orthex Groupilla on pitk\u00e4t perinteet kotitaloustuotteiden valmistuksessa ja markkinoinnissa. Nyky\u00e4\u00e4n yhten\u00e4 yrityksen\u00e4 toimivaan konserniin kuuluvat Sveico AB (vuodesta 1914), Hammarplast Consumer AB (vuodesta 1947) ja Oy Orthex Ab (vuodesta 1955). Yhdess\u00e4 t\u00e4m\u00e4 tarkoittaa yli 230 vuoden kokemusta korkealaatuisten kotitaloustuotteiden valmistuksesta. Kolme tehdasta toimii edelleen samoilla paikkakunnilla, joissa n\u00e4m\u00e4 kolme yrityst\u00e4 alun perin perustettiin: Gnosj\u00f6 ja Tingsryd Ruotsissa sek\u00e4 Lohja Suomessa.<\/p>\n\n\n<div class=\"wp-block-image\">\n<figure class=\"alignright size-full\"><img loading=\"lazy\" decoding=\"async\" width=\"401\" height=\"600\" src=\"https:\/\/investors.orthexgroup.com\/wp-content\/uploads\/2025\/11\/Ladles-earl-grey-all_600.jpg\" alt=\"\" class=\"wp-image-6158\" srcset=\"https:\/\/investors.orthexgroup.com\/wp-content\/uploads\/2025\/11\/Ladles-earl-grey-all_600.jpg 401w, https:\/\/investors.orthexgroup.com\/wp-content\/uploads\/2025\/11\/Ladles-earl-grey-all_600-201x300.jpg 201w, https:\/\/investors.orthexgroup.com\/wp-content\/uploads\/2025\/11\/Ladles-earl-grey-all_600-180x270.jpg 180w, https:\/\/investors.orthexgroup.com\/wp-content\/uploads\/2025\/11\/Ladles-earl-grey-all_600-334x500.jpg 334w, https:\/\/investors.orthexgroup.com\/wp-content\/uploads\/2025\/11\/Ladles-earl-grey-all_600-174x260.jpg 174w\" sizes=\"auto, (max-width: 401px) 85vw, 401px\" \/><\/figure>\n<\/div>\n\n\n<p>Vuonna 2010 Oy Orthex Ab osti Sveico AB:n. Yritysosto toi konsernille paljon osaamista korkealaatuisten keitti\u00f6tuotteiden valmistuksesta. GastroMax\u2122-keitti\u00f6br\u00e4ndill\u00e4 on pitk\u00e4 historia yhteisty\u00f6st\u00e4 ammattikokkien kanssa tuotekehityksess\u00e4 ja monet kokit k\u00e4ytt\u00e4v\u00e4t tuotteita ty\u00f6ss\u00e4\u00e4n p\u00e4ivitt\u00e4in. Laajasta keitti\u00f6tuotteiden valikoimasta l\u00f6ytyy kaikki, mit\u00e4 kotikokki saattaa tarvita tehd\u00e4kseen ruokaa ammattikokin tavoin.<\/p>\n\n\n\n<p>Orthex Group osti Hammarplast Consumer AB:n vuonna 2011, mik\u00e4 laajensi tuotevalikoimaa entisest\u00e4\u00e4n lis\u00e4\u00e4m\u00e4ll\u00e4 s\u00e4ilytys- ja puutarhatuotteita. SmartStore\u2122 Classic -s\u00e4ilytyslaatikkosarjan lanseerasi alun perin 90-luvun puoliv\u00e4liss\u00e4 Hammarplast. Se on edelleen hyvin suosittu sarja ja Orthex Group kehitt\u00e4\u00e4 konseptia jatkuvasti vastaamaan modernin kodin tarpeita, jotta kaikelle l\u00f6ytyy oma paikkansa.<\/p>\n\n\n\n<h2 class=\"wp-block-heading\"><strong>Orthex t\u00e4n\u00e4\u00e4n<\/strong><\/h2>\n\n\n<div class=\"wp-block-image\">\n<figure class=\"alignleft size-full\"><img loading=\"lazy\" decoding=\"async\" width=\"413\" height=\"600\" src=\"https:\/\/investors.orthexgroup.com\/wp-content\/uploads\/2025\/11\/SmartStore-Classic-Black-Crafts-1_600.jpg\" alt=\"\" class=\"wp-image-6156\" srcset=\"https:\/\/investors.orthexgroup.com\/wp-content\/uploads\/2025\/11\/SmartStore-Classic-Black-Crafts-1_600.jpg 413w, https:\/\/investors.orthexgroup.com\/wp-content\/uploads\/2025\/11\/SmartStore-Classic-Black-Crafts-1_600-207x300.jpg 207w, https:\/\/investors.orthexgroup.com\/wp-content\/uploads\/2025\/11\/SmartStore-Classic-Black-Crafts-1_600-186x270.jpg 186w, https:\/\/investors.orthexgroup.com\/wp-content\/uploads\/2025\/11\/SmartStore-Classic-Black-Crafts-1_600-344x500.jpg 344w, https:\/\/investors.orthexgroup.com\/wp-content\/uploads\/2025\/11\/SmartStore-Classic-Black-Crafts-1_600-179x260.jpg 179w\" sizes=\"auto, (max-width: 413px) 85vw, 413px\" \/><\/figure>\n<\/div>\n\n\n<p>Orthex on Pohjoismaiden johtavia kodintuoteyhti\u00f6it\u00e4. Orthex suunnittelee, valmistaa ja myy kodintuotteita tavoitteenaan tehd\u00e4 kuluttajien arjesta helpompaa: Orthex pyrkii luomaan k\u00e4yt\u00e4nn\u00f6llisi\u00e4, kest\u00e4vi\u00e4 ja korkealaatuisia kodin k\u00e4ytt\u00f6tavaroita. Orthexin tuotteet kattavat monipuolisen valikoiman s\u00e4ilytyslaatikoita, keitti\u00f6tarvikkeita sek\u00e4 tuotteita kotiin ja puutarhaan. Orthex markkinoi ja myy tuotteitaan kolmen p\u00e4\u00e4kuluttajabr\u00e4ndin alla: <a href=\"https:\/\/www.orthexgroup.fi\/content\/39-smartstore\" target=\"_blank\" rel=\"noreferrer noopener\">SmartStore\u2122<\/a>, <a href=\"https:\/\/www.orthexgroup.fi\/content\/42-gastromax\" target=\"_blank\" rel=\"noreferrer noopener\">GastroMax\u2122<\/a> ja <a href=\"https:\/\/www.orthexgroup.fi\/content\/37-orthex\" target=\"_blank\" rel=\"noreferrer noopener\">Orthex\u2122<\/a>. Lis\u00e4ksi se myy keitti\u00f6tarvikkeita K\u00f6kskungen\u2122-br\u00e4ndin alla.<\/p>\n\n\n\n<p>Tutustu tarkemmin <a href=\"https:\/\/investors.orthexgroup.com\/fi\/orthex-sijoituskohteena\/orthexin-liiketoiminta\/\">Orthexin liiketoimintaan t\u00e4st\u00e4<\/a>.<\/p>\n\n\n\n<p><\/p>\n","protected":false},"excerpt":{"rendered":"<p>Orthex Oyj on suomalainen, Nasdaq Helsinki Oy:ss\u00e4 (Helsingin p\u00f6rssi) listattu julkinen osakeyhti\u00f6, jonka p\u00e4\u00e4konttori on&hellip;<\/p>\n","protected":false},"author":1,"featured_media":0,"parent":0,"menu_order":0,"comment_status":"closed","ping_status":"closed","template":"","meta":{"_acf_changed":false,"footnotes":""},"class_list":["post-661","page","type-page","status-publish","hentry"],"acf":[],"yoast_head":"<!-- This site is optimized with the Yoast SEO plugin v27.4 - https:\/\/yoast.com\/product\/yoast-seo-wordpress\/ -->\n<title>Orthex sijoituskohteena - Orthex Group<\/title>\n<meta name=\"description\" content=\"Helsingin p\u00f6rssiss\u00e4 listattu suomalainen Orthex Oyj on Pohjoismaiden johtavia kodintuoteyhti\u00f6it\u00e4. Tutustu Orthexiin sijoituskohteena.\" \/>\n<meta name=\"robots\" content=\"index, follow, max-snippet:-1, max-image-preview:large, max-video-preview:-1\" \/>\n<link rel=\"canonical\" href=\"https:\/\/investors.orthexgroup.com\/fi\/orthex-sijoituskohteena\/\" \/>\n<meta property=\"og:locale\" content=\"fi_FI\" \/>\n<meta property=\"og:type\" content=\"article\" \/>\n<meta property=\"og:title\" content=\"Orthex sijoituskohteena - Orthex Group\" \/>\n<meta property=\"og:description\" content=\"Helsingin p\u00f6rssiss\u00e4 listattu suomalainen Orthex Oyj on Pohjoismaiden johtavia kodintuoteyhti\u00f6it\u00e4. Tutustu Orthexiin sijoituskohteena.\" \/>\n<meta property=\"og:url\" content=\"https:\/\/investors.orthexgroup.com\/fi\/orthex-sijoituskohteena\/\" \/>\n<meta property=\"og:site_name\" content=\"Orthex Group\" \/>\n<meta property=\"article:modified_time\" content=\"2025-11-25T14:06:57+00:00\" \/>\n<meta property=\"og:image\" content=\"https:\/\/investors.orthexgroup.com\/wp-content\/uploads\/2025\/11\/Ladles-earl-grey-all_600.jpg\" \/>\n\t<meta property=\"og:image:width\" content=\"401\" \/>\n\t<meta property=\"og:image:height\" content=\"600\" \/>\n\t<meta property=\"og:image:type\" content=\"image\/jpeg\" \/>\n<meta name=\"twitter:card\" content=\"summary_large_image\" \/>\n<meta name=\"twitter:label1\" content=\"Arvioitu lukuaika\" \/>\n\t<meta name=\"twitter:data1\" content=\"3 minuuttia\" \/>\n<script type=\"application\/ld+json\" class=\"yoast-schema-graph\">{\"@context\":\"https:\\\/\\\/schema.org\",\"@graph\":[{\"@type\":\"WebPage\",\"@id\":\"https:\\\/\\\/investors.orthexgroup.com\\\/fi\\\/orthex-sijoituskohteena\\\/\",\"url\":\"https:\\\/\\\/investors.orthexgroup.com\\\/fi\\\/orthex-sijoituskohteena\\\/\",\"name\":\"Orthex sijoituskohteena - Orthex Group\",\"isPartOf\":{\"@id\":\"https:\\\/\\\/investors.orthexgroup.com\\\/fi\\\/#website\"},\"primaryImageOfPage\":{\"@id\":\"https:\\\/\\\/investors.orthexgroup.com\\\/fi\\\/orthex-sijoituskohteena\\\/#primaryimage\"},\"image\":{\"@id\":\"https:\\\/\\\/investors.orthexgroup.com\\\/fi\\\/orthex-sijoituskohteena\\\/#primaryimage\"},\"thumbnailUrl\":\"https:\\\/\\\/investors.orthexgroup.com\\\/wp-content\\\/uploads\\\/2025\\\/11\\\/Ladles-earl-grey-all_600.jpg\",\"datePublished\":\"2022-04-07T13:00:00+00:00\",\"dateModified\":\"2025-11-25T14:06:57+00:00\",\"description\":\"Helsingin p\u00f6rssiss\u00e4 listattu suomalainen Orthex Oyj on Pohjoismaiden johtavia kodintuoteyhti\u00f6it\u00e4. Tutustu Orthexiin sijoituskohteena.\",\"breadcrumb\":{\"@id\":\"https:\\\/\\\/investors.orthexgroup.com\\\/fi\\\/orthex-sijoituskohteena\\\/#breadcrumb\"},\"inLanguage\":\"fi\",\"potentialAction\":[{\"@type\":\"ReadAction\",\"target\":[\"https:\\\/\\\/investors.orthexgroup.com\\\/fi\\\/orthex-sijoituskohteena\\\/\"]}]},{\"@type\":\"ImageObject\",\"inLanguage\":\"fi\",\"@id\":\"https:\\\/\\\/investors.orthexgroup.com\\\/fi\\\/orthex-sijoituskohteena\\\/#primaryimage\",\"url\":\"https:\\\/\\\/investors.orthexgroup.com\\\/wp-content\\\/uploads\\\/2025\\\/11\\\/Ladles-earl-grey-all_600.jpg\",\"contentUrl\":\"https:\\\/\\\/investors.orthexgroup.com\\\/wp-content\\\/uploads\\\/2025\\\/11\\\/Ladles-earl-grey-all_600.jpg\"},{\"@type\":\"BreadcrumbList\",\"@id\":\"https:\\\/\\\/investors.orthexgroup.com\\\/fi\\\/orthex-sijoituskohteena\\\/#breadcrumb\",\"itemListElement\":[{\"@type\":\"ListItem\",\"position\":1,\"name\":\"Etusivu\",\"item\":\"https:\\\/\\\/investors.orthexgroup.com\\\/fi\\\/\"},{\"@type\":\"ListItem\",\"position\":2,\"name\":\"Orthex sijoituskohteena\"}]},{\"@type\":\"WebSite\",\"@id\":\"https:\\\/\\\/investors.orthexgroup.com\\\/fi\\\/#website\",\"url\":\"https:\\\/\\\/investors.orthexgroup.com\\\/fi\\\/\",\"name\":\"Orthex Group\",\"description\":\"Tietoa Orthex Group Oyn listautumisannista\",\"publisher\":{\"@id\":\"https:\\\/\\\/investors.orthexgroup.com\\\/fi\\\/#organization\"},\"potentialAction\":[{\"@type\":\"SearchAction\",\"target\":{\"@type\":\"EntryPoint\",\"urlTemplate\":\"https:\\\/\\\/investors.orthexgroup.com\\\/fi\\\/?s={search_term_string}\"},\"query-input\":{\"@type\":\"PropertyValueSpecification\",\"valueRequired\":true,\"valueName\":\"search_term_string\"}}],\"inLanguage\":\"fi\"},{\"@type\":\"Organization\",\"@id\":\"https:\\\/\\\/investors.orthexgroup.com\\\/fi\\\/#organization\",\"name\":\"Orthex Group\",\"url\":\"https:\\\/\\\/investors.orthexgroup.com\\\/fi\\\/\",\"logo\":{\"@type\":\"ImageObject\",\"inLanguage\":\"fi\",\"@id\":\"https:\\\/\\\/investors.orthexgroup.com\\\/fi\\\/#\\\/schema\\\/logo\\\/image\\\/\",\"url\":\"https:\\\/\\\/investors.orthexgroup.com\\\/wp-content\\\/uploads\\\/2021\\\/01\\\/orthex-group-logo.svg\",\"contentUrl\":\"https:\\\/\\\/investors.orthexgroup.com\\\/wp-content\\\/uploads\\\/2021\\\/01\\\/orthex-group-logo.svg\",\"width\":129,\"height\":57,\"caption\":\"Orthex Group\"},\"image\":{\"@id\":\"https:\\\/\\\/investors.orthexgroup.com\\\/fi\\\/#\\\/schema\\\/logo\\\/image\\\/\"}}]}<\/script>\n<!-- \/ Yoast SEO plugin. -->","yoast_head_json":{"title":"Orthex sijoituskohteena - Orthex Group","description":"Helsingin p\u00f6rssiss\u00e4 listattu suomalainen Orthex Oyj on Pohjoismaiden johtavia kodintuoteyhti\u00f6it\u00e4. Tutustu Orthexiin sijoituskohteena.","robots":{"index":"index","follow":"follow","max-snippet":"max-snippet:-1","max-image-preview":"max-image-preview:large","max-video-preview":"max-video-preview:-1"},"canonical":"https:\/\/investors.orthexgroup.com\/fi\/orthex-sijoituskohteena\/","og_locale":"fi_FI","og_type":"article","og_title":"Orthex sijoituskohteena - Orthex Group","og_description":"Helsingin p\u00f6rssiss\u00e4 listattu suomalainen Orthex Oyj on Pohjoismaiden johtavia kodintuoteyhti\u00f6it\u00e4. Tutustu Orthexiin sijoituskohteena.","og_url":"https:\/\/investors.orthexgroup.com\/fi\/orthex-sijoituskohteena\/","og_site_name":"Orthex Group","article_modified_time":"2025-11-25T14:06:57+00:00","og_image":[{"width":401,"height":600,"url":"https:\/\/investors.orthexgroup.com\/wp-content\/uploads\/2025\/11\/Ladles-earl-grey-all_600.jpg","type":"image\/jpeg"}],"twitter_card":"summary_large_image","twitter_misc":{"Arvioitu lukuaika":"3 minuuttia"},"schema":{"@context":"https:\/\/schema.org","@graph":[{"@type":"WebPage","@id":"https:\/\/investors.orthexgroup.com\/fi\/orthex-sijoituskohteena\/","url":"https:\/\/investors.orthexgroup.com\/fi\/orthex-sijoituskohteena\/","name":"Orthex sijoituskohteena - Orthex Group","isPartOf":{"@id":"https:\/\/investors.orthexgroup.com\/fi\/#website"},"primaryImageOfPage":{"@id":"https:\/\/investors.orthexgroup.com\/fi\/orthex-sijoituskohteena\/#primaryimage"},"image":{"@id":"https:\/\/investors.orthexgroup.com\/fi\/orthex-sijoituskohteena\/#primaryimage"},"thumbnailUrl":"https:\/\/investors.orthexgroup.com\/wp-content\/uploads\/2025\/11\/Ladles-earl-grey-all_600.jpg","datePublished":"2022-04-07T13:00:00+00:00","dateModified":"2025-11-25T14:06:57+00:00","description":"Helsingin p\u00f6rssiss\u00e4 listattu suomalainen Orthex Oyj on Pohjoismaiden johtavia kodintuoteyhti\u00f6it\u00e4. Tutustu Orthexiin sijoituskohteena.","breadcrumb":{"@id":"https:\/\/investors.orthexgroup.com\/fi\/orthex-sijoituskohteena\/#breadcrumb"},"inLanguage":"fi","potentialAction":[{"@type":"ReadAction","target":["https:\/\/investors.orthexgroup.com\/fi\/orthex-sijoituskohteena\/"]}]},{"@type":"ImageObject","inLanguage":"fi","@id":"https:\/\/investors.orthexgroup.com\/fi\/orthex-sijoituskohteena\/#primaryimage","url":"https:\/\/investors.orthexgroup.com\/wp-content\/uploads\/2025\/11\/Ladles-earl-grey-all_600.jpg","contentUrl":"https:\/\/investors.orthexgroup.com\/wp-content\/uploads\/2025\/11\/Ladles-earl-grey-all_600.jpg"},{"@type":"BreadcrumbList","@id":"https:\/\/investors.orthexgroup.com\/fi\/orthex-sijoituskohteena\/#breadcrumb","itemListElement":[{"@type":"ListItem","position":1,"name":"Etusivu","item":"https:\/\/investors.orthexgroup.com\/fi\/"},{"@type":"ListItem","position":2,"name":"Orthex sijoituskohteena"}]},{"@type":"WebSite","@id":"https:\/\/investors.orthexgroup.com\/fi\/#website","url":"https:\/\/investors.orthexgroup.com\/fi\/","name":"Orthex Group","description":"Tietoa Orthex Group Oyn listautumisannista","publisher":{"@id":"https:\/\/investors.orthexgroup.com\/fi\/#organization"},"potentialAction":[{"@type":"SearchAction","target":{"@type":"EntryPoint","urlTemplate":"https:\/\/investors.orthexgroup.com\/fi\/?s={search_term_string}"},"query-input":{"@type":"PropertyValueSpecification","valueRequired":true,"valueName":"search_term_string"}}],"inLanguage":"fi"},{"@type":"Organization","@id":"https:\/\/investors.orthexgroup.com\/fi\/#organization","name":"Orthex Group","url":"https:\/\/investors.orthexgroup.com\/fi\/","logo":{"@type":"ImageObject","inLanguage":"fi","@id":"https:\/\/investors.orthexgroup.com\/fi\/#\/schema\/logo\/image\/","url":"https:\/\/investors.orthexgroup.com\/wp-content\/uploads\/2021\/01\/orthex-group-logo.svg","contentUrl":"https:\/\/investors.orthexgroup.com\/wp-content\/uploads\/2021\/01\/orthex-group-logo.svg","width":129,"height":57,"caption":"Orthex Group"},"image":{"@id":"https:\/\/investors.orthexgroup.com\/fi\/#\/schema\/logo\/image\/"}}]}},"_links":{"self":[{"href":"https:\/\/investors.orthexgroup.com\/fi\/wp-json\/wp\/v2\/pages\/661","targetHints":{"allow":["GET"]}}],"collection":[{"href":"https:\/\/investors.orthexgroup.com\/fi\/wp-json\/wp\/v2\/pages"}],"about":[{"href":"https:\/\/investors.orthexgroup.com\/fi\/wp-json\/wp\/v2\/types\/page"}],"author":[{"embeddable":true,"href":"https:\/\/investors.orthexgroup.com\/fi\/wp-json\/wp\/v2\/users\/1"}],"replies":[{"embeddable":true,"href":"https:\/\/investors.orthexgroup.com\/fi\/wp-json\/wp\/v2\/comments?post=661"}],"version-history":[{"count":7,"href":"https:\/\/investors.orthexgroup.com\/fi\/wp-json\/wp\/v2\/pages\/661\/revisions"}],"predecessor-version":[{"id":6220,"href":"https:\/\/investors.orthexgroup.com\/fi\/wp-json\/wp\/v2\/pages\/661\/revisions\/6220"}],"wp:attachment":[{"href":"https:\/\/investors.orthexgroup.com\/fi\/wp-json\/wp\/v2\/media?parent=661"}],"curies":[{"name":"wp","href":"https:\/\/api.w.org\/{rel}","templated":true}]}}