{"id":663,"date":"2021-03-11T10:59:23","date_gmt":"2021-03-11T08:59:23","guid":{"rendered":"https:\/\/investors.orthexgroup.com\/?page_id=663"},"modified":"2025-06-19T14:53:27","modified_gmt":"2025-06-19T11:53:27","slug":"orthexin-liiketoiminta","status":"publish","type":"page","link":"https:\/\/investors.orthexgroup.com\/fi\/orthex-sijoituskohteena\/orthexin-liiketoiminta\/","title":{"rendered":"Orthexin liiketoiminta"},"content":{"rendered":"\n<p>Orthex on Pohjoismaiden johtavia kodintuoteyhti\u00f6it\u00e4. Orthex suunnittelee, valmistaa, markkinoi ja myy kodintuotteita tavoitteenaan tehd\u00e4 kuluttajien arjesta helpompaa. Orthex tarjoaa laajan valikoiman kodin k\u00e4ytt\u00f6tavaroita kolmessa tuoteryhm\u00e4ss\u00e4: S\u00e4ilytys, Keitti\u00f6 sek\u00e4 Koti ja puutarha.<\/p>\n\n\n\n<p>Orthex pyrkii luomaan k\u00e4yt\u00e4nn\u00f6llisi\u00e4, kest\u00e4vi\u00e4 ja korkealaatuisia kodintuotteita ja olemaan toimialan edell\u00e4k\u00e4vij\u00e4 vastuullisuudessa. Orthexin liiketoiminnan olennaiset elementit k\u00e4yv\u00e4t ilmi alla olevasta yritysvideosta. Videon katsominen edellytt\u00e4\u00e4 markkinointiev\u00e4steiden hyv\u00e4ksymist\u00e4. Voit avata ev\u00e4steasetukset sivun vasemmassa kulmassa olevasta py\u00f6re\u00e4st\u00e4 linkist\u00e4. <\/p>\n\n\n\n<figure class=\"wp-block-embed is-type-video is-provider-youtube wp-block-embed-youtube wp-embed-aspect-16-9 wp-has-aspect-ratio\"><div class=\"wp-block-embed__wrapper\">\n<div class=\"oembed oembed-youtube\"><iframe loading=\"lazy\" title=\"Orthex company film\" width=\"840\" height=\"473\" src=\"\" data-cookieblock-src=\"https:\/\/www.youtube.com\/embed\/yDrkxaoiWr8?feature=oembed\" data-cookieconsent=\"marketing\"\" frameborder=\"0\" allow=\"accelerometer; autoplay; clipboard-write; encrypted-media; gyroscope; picture-in-picture; web-share\" referrerpolicy=\"strict-origin-when-cross-origin\" allowfullscreen><\/iframe><div style=\"background-image: url(https:\/\/img.youtube.com\/vi\/yDrkxaoiWr8\/maxresdefault.jpg);\" class=\"overlay\"><span class=\"play\"><\/span><\/div>  <div class=\"consent-placeholder cookieconsent-optout-marketing\"  onClick=\"Cookiebot.renew()\">  <div class=\"text-and-button\">  <p class=\"consent-text\">Please accept marketing-cookies to watch this video.<\/p>  <button class=\"wp-block-button__link\">Change settings<\/button>  <\/div>  <\/div><\/div>\n<\/div><\/figure>\n\n\n\n<h3 class=\"wp-block-heading\">Orthexin br\u00e4ndit ja markkinat<\/h3>\n\n\n\n<p>Orthex markkinoi ja myy tuotteitaan kolmen p\u00e4\u00e4kuluttajabr\u00e4ndin alla: <a href=\"https:\/\/www.orthexgroup.fi\/content\/39-smartstore\" target=\"_blank\" rel=\"noreferrer noopener\">SmartStore\u2122<\/a>, <a href=\"https:\/\/www.orthexgroup.fi\/content\/42-gastromax\" target=\"_blank\" rel=\"noreferrer noopener\">GastroMax\u2122<\/a> ja <a href=\"https:\/\/www.orthexgroup.fi\/content\/37-orthex\" target=\"_blank\" rel=\"noreferrer noopener\">Orthex\u2122<\/a>. Lis\u00e4ksi se myy keitti\u00f6tarvikkeita K\u00f6kskungen\u2122-br\u00e4ndin alla. Orthexin maantieteellisi\u00e4 markkinoita ovat Pohjoismaat, Muu Eurooppa ja Muu maailma. Orthexin p\u00e4\u00e4konttori on Espoossa, ja sill\u00e4 on kahdeksan paikallista myyntiorganisaatiota Pohjoismaissa, Saksassa, Ranskassa, Isossa-Britanniassa ja Benelux-maissa.<\/p>\n\n\n\n<figure data-wp-context=\"{&quot;imageId&quot;:&quot;69da38ae3ad31&quot;}\" data-wp-interactive=\"core\/image\" data-wp-key=\"69da38ae3ad31\" class=\"wp-block-image size-full wp-lightbox-container\"><img loading=\"lazy\" decoding=\"async\" width=\"901\" height=\"646\" data-wp-class--hide=\"state.isContentHidden\" data-wp-class--show=\"state.isContentVisible\" data-wp-init=\"callbacks.setButtonStyles\" data-wp-on--click=\"actions.showLightbox\" data-wp-on--load=\"callbacks.setButtonStyles\" data-wp-on-window--resize=\"callbacks.setButtonStyles\" src=\"https:\/\/investors.orthexgroup.com\/wp-content\/uploads\/2025\/03\/Orthex-lyhyesti-2024.jpg\" alt=\"Orthexin toimipisteet kartalla: paikalliset myyntiorganisaatiot, tehtaat ja varastot. Noin 300 ty\u00f6ntekij\u00e4\u00e4. Asiakkaita yli 40 maassa. Vastuullisuus prioriteettina. Yli 90 % myynnist\u00e4 omilta tuoteryhmil\u00e4t. Tuoteryhm\u00e4t: S\u00e4ilytys, keitti\u00f6, koti ja puutarha.\" class=\"wp-image-5682\" srcset=\"https:\/\/investors.orthexgroup.com\/wp-content\/uploads\/2025\/03\/Orthex-lyhyesti-2024.jpg 901w, https:\/\/investors.orthexgroup.com\/wp-content\/uploads\/2025\/03\/Orthex-lyhyesti-2024-300x215.jpg 300w, https:\/\/investors.orthexgroup.com\/wp-content\/uploads\/2025\/03\/Orthex-lyhyesti-2024-768x551.jpg 768w, https:\/\/investors.orthexgroup.com\/wp-content\/uploads\/2025\/03\/Orthex-lyhyesti-2024-377x270.jpg 377w, https:\/\/investors.orthexgroup.com\/wp-content\/uploads\/2025\/03\/Orthex-lyhyesti-2024-697x500.jpg 697w, https:\/\/investors.orthexgroup.com\/wp-content\/uploads\/2025\/03\/Orthex-lyhyesti-2024-260x186.jpg 260w\" sizes=\"auto, (max-width: 901px) 100vw, 901px\" \/><button\n\t\t\tclass=\"lightbox-trigger\"\n\t\t\ttype=\"button\"\n\t\t\taria-haspopup=\"dialog\"\n\t\t\taria-label=\"Suurenna\"\n\t\t\tdata-wp-init=\"callbacks.initTriggerButton\"\n\t\t\tdata-wp-on--click=\"actions.showLightbox\"\n\t\t\tdata-wp-style--right=\"state.imageButtonRight\"\n\t\t\tdata-wp-style--top=\"state.imageButtonTop\"\n\t\t>\n\t\t\t<svg xmlns=\"http:\/\/www.w3.org\/2000\/svg\" width=\"12\" height=\"12\" fill=\"none\" viewBox=\"0 0 12 12\">\n\t\t\t\t<path fill=\"#fff\" d=\"M2 0a2 2 0 0 0-2 2v2h1.5V2a.5.5 0 0 1 .5-.5h2V0H2Zm2 10.5H2a.5.5 0 0 1-.5-.5V8H0v2a2 2 0 0 0 2 2h2v-1.5ZM8 12v-1.5h2a.5.5 0 0 0 .5-.5V8H12v2a2 2 0 0 1-2 2H8Zm2-12a2 2 0 0 1 2 2v2h-1.5V2a.5.5 0 0 0-.5-.5H8V0h2Z\" \/>\n\t\t\t<\/svg>\n\t\t<\/button><\/figure>\n\n\n\n<p><\/p>\n\n\n\n<p>Lue <a href=\"https:\/\/investors.orthexgroup.com\/fi\/orthex-sijoituskohteena\/strategia\/\">Orthexin strategiasta t\u00e4\u00e4lt\u00e4<\/a>.<\/p>\n\n\n\n<p><\/p>\n","protected":false},"excerpt":{"rendered":"<p>Orthex on Pohjoismaiden johtavia kodintuoteyhti\u00f6it\u00e4. Orthex suunnittelee, valmistaa, markkinoi ja myy kodintuotteita tavoitteenaan tehd\u00e4 kuluttajien&hellip;<\/p>\n","protected":false},"author":1,"featured_media":0,"parent":661,"menu_order":0,"comment_status":"closed","ping_status":"closed","template":"","meta":{"_acf_changed":false,"footnotes":""},"class_list":["post-663","page","type-page","status-publish","hentry"],"acf":[],"yoast_head":"<!-- This site is optimized with the Yoast SEO plugin v27.1.1 - https:\/\/yoast.com\/product\/yoast-seo-wordpress\/ -->\n<title>Orthexin liiketoiminta - Orthex Group<\/title>\n<meta name=\"description\" content=\"Orthex tarjoaa laajan valikoiman kodin k\u00e4ytt\u00f6tavaroita s\u00e4ilytykseen, keitti\u00f6\u00f6n, kotiin ja puutarhaan. Tutustu Orthexin liiketoimintaan.\" \/>\n<meta name=\"robots\" content=\"index, follow, max-snippet:-1, max-image-preview:large, max-video-preview:-1\" \/>\n<link rel=\"canonical\" href=\"https:\/\/investors.orthexgroup.com\/fi\/orthex-sijoituskohteena\/orthexin-liiketoiminta\/\" \/>\n<meta property=\"og:locale\" content=\"fi_FI\" \/>\n<meta property=\"og:type\" content=\"article\" \/>\n<meta property=\"og:title\" content=\"Orthexin liiketoiminta - Orthex Group\" \/>\n<meta property=\"og:description\" content=\"Orthex tarjoaa laajan valikoiman kodin k\u00e4ytt\u00f6tavaroita s\u00e4ilytykseen, keitti\u00f6\u00f6n, kotiin ja puutarhaan. Tutustu Orthexin liiketoimintaan.\" \/>\n<meta property=\"og:url\" content=\"https:\/\/investors.orthexgroup.com\/fi\/orthex-sijoituskohteena\/orthexin-liiketoiminta\/\" \/>\n<meta property=\"og:site_name\" content=\"Orthex Group\" \/>\n<meta property=\"article:modified_time\" content=\"2025-06-19T11:53:27+00:00\" \/>\n<meta property=\"og:image\" content=\"https:\/\/investors.orthexgroup.com\/wp-content\/uploads\/2025\/03\/Orthex-lyhyesti-2024.jpg\" \/>\n\t<meta property=\"og:image:width\" content=\"901\" \/>\n\t<meta property=\"og:image:height\" content=\"646\" \/>\n\t<meta property=\"og:image:type\" content=\"image\/jpeg\" \/>\n<meta name=\"twitter:card\" content=\"summary_large_image\" \/>\n<meta name=\"twitter:label1\" content=\"Arvioitu lukuaika\" \/>\n\t<meta name=\"twitter:data1\" content=\"1 minuutti\" \/>\n<script type=\"application\/ld+json\" class=\"yoast-schema-graph\">{\"@context\":\"https:\/\/schema.org\",\"@graph\":[{\"@type\":\"WebPage\",\"@id\":\"https:\/\/investors.orthexgroup.com\/fi\/orthex-sijoituskohteena\/orthexin-liiketoiminta\/\",\"url\":\"https:\/\/investors.orthexgroup.com\/fi\/orthex-sijoituskohteena\/orthexin-liiketoiminta\/\",\"name\":\"Orthexin liiketoiminta - Orthex Group\",\"isPartOf\":{\"@id\":\"https:\/\/investors.orthexgroup.com\/fi\/#website\"},\"primaryImageOfPage\":{\"@id\":\"https:\/\/investors.orthexgroup.com\/fi\/orthex-sijoituskohteena\/orthexin-liiketoiminta\/#primaryimage\"},\"image\":{\"@id\":\"https:\/\/investors.orthexgroup.com\/fi\/orthex-sijoituskohteena\/orthexin-liiketoiminta\/#primaryimage\"},\"thumbnailUrl\":\"https:\/\/investors.orthexgroup.com\/wp-content\/uploads\/2025\/03\/Orthex-lyhyesti-2024.jpg\",\"datePublished\":\"2021-03-11T08:59:23+00:00\",\"dateModified\":\"2025-06-19T11:53:27+00:00\",\"description\":\"Orthex tarjoaa laajan valikoiman kodin k\u00e4ytt\u00f6tavaroita s\u00e4ilytykseen, keitti\u00f6\u00f6n, kotiin ja puutarhaan. Tutustu Orthexin liiketoimintaan.\",\"breadcrumb\":{\"@id\":\"https:\/\/investors.orthexgroup.com\/fi\/orthex-sijoituskohteena\/orthexin-liiketoiminta\/#breadcrumb\"},\"inLanguage\":\"fi\",\"potentialAction\":[{\"@type\":\"ReadAction\",\"target\":[\"https:\/\/investors.orthexgroup.com\/fi\/orthex-sijoituskohteena\/orthexin-liiketoiminta\/\"]}]},{\"@type\":\"ImageObject\",\"inLanguage\":\"fi\",\"@id\":\"https:\/\/investors.orthexgroup.com\/fi\/orthex-sijoituskohteena\/orthexin-liiketoiminta\/#primaryimage\",\"url\":\"https:\/\/investors.orthexgroup.com\/wp-content\/uploads\/2025\/03\/Orthex-lyhyesti-2024.jpg\",\"contentUrl\":\"https:\/\/investors.orthexgroup.com\/wp-content\/uploads\/2025\/03\/Orthex-lyhyesti-2024.jpg\"},{\"@type\":\"BreadcrumbList\",\"@id\":\"https:\/\/investors.orthexgroup.com\/fi\/orthex-sijoituskohteena\/orthexin-liiketoiminta\/#breadcrumb\",\"itemListElement\":[{\"@type\":\"ListItem\",\"position\":1,\"name\":\"Etusivu\",\"item\":\"https:\/\/investors.orthexgroup.com\/fi\/\"},{\"@type\":\"ListItem\",\"position\":2,\"name\":\"Orthex sijoituskohteena\",\"item\":\"https:\/\/investors.orthexgroup.com\/fi\/orthex-sijoituskohteena\/\"},{\"@type\":\"ListItem\",\"position\":3,\"name\":\"Orthexin liiketoiminta\"}]},{\"@type\":\"WebSite\",\"@id\":\"https:\/\/investors.orthexgroup.com\/fi\/#website\",\"url\":\"https:\/\/investors.orthexgroup.com\/fi\/\",\"name\":\"Orthex Group\",\"description\":\"Tietoa Orthex Group Oyn listautumisannista\",\"publisher\":{\"@id\":\"https:\/\/investors.orthexgroup.com\/fi\/#organization\"},\"potentialAction\":[{\"@type\":\"SearchAction\",\"target\":{\"@type\":\"EntryPoint\",\"urlTemplate\":\"https:\/\/investors.orthexgroup.com\/fi\/?s={search_term_string}\"},\"query-input\":{\"@type\":\"PropertyValueSpecification\",\"valueRequired\":true,\"valueName\":\"search_term_string\"}}],\"inLanguage\":\"fi\"},{\"@type\":\"Organization\",\"@id\":\"https:\/\/investors.orthexgroup.com\/fi\/#organization\",\"name\":\"Orthex Group\",\"url\":\"https:\/\/investors.orthexgroup.com\/fi\/\",\"logo\":{\"@type\":\"ImageObject\",\"inLanguage\":\"fi\",\"@id\":\"https:\/\/investors.orthexgroup.com\/fi\/#\/schema\/logo\/image\/\",\"url\":\"https:\/\/investors.orthexgroup.com\/wp-content\/uploads\/2021\/01\/orthex-group-logo.svg\",\"contentUrl\":\"https:\/\/investors.orthexgroup.com\/wp-content\/uploads\/2021\/01\/orthex-group-logo.svg\",\"width\":129,\"height\":57,\"caption\":\"Orthex Group\"},\"image\":{\"@id\":\"https:\/\/investors.orthexgroup.com\/fi\/#\/schema\/logo\/image\/\"}}]}<\/script>\n<!-- \/ Yoast SEO plugin. -->","yoast_head_json":{"title":"Orthexin liiketoiminta - Orthex Group","description":"Orthex tarjoaa laajan valikoiman kodin k\u00e4ytt\u00f6tavaroita s\u00e4ilytykseen, keitti\u00f6\u00f6n, kotiin ja puutarhaan. Tutustu Orthexin liiketoimintaan.","robots":{"index":"index","follow":"follow","max-snippet":"max-snippet:-1","max-image-preview":"max-image-preview:large","max-video-preview":"max-video-preview:-1"},"canonical":"https:\/\/investors.orthexgroup.com\/fi\/orthex-sijoituskohteena\/orthexin-liiketoiminta\/","og_locale":"fi_FI","og_type":"article","og_title":"Orthexin liiketoiminta - Orthex Group","og_description":"Orthex tarjoaa laajan valikoiman kodin k\u00e4ytt\u00f6tavaroita s\u00e4ilytykseen, keitti\u00f6\u00f6n, kotiin ja puutarhaan. Tutustu Orthexin liiketoimintaan.","og_url":"https:\/\/investors.orthexgroup.com\/fi\/orthex-sijoituskohteena\/orthexin-liiketoiminta\/","og_site_name":"Orthex Group","article_modified_time":"2025-06-19T11:53:27+00:00","og_image":[{"width":901,"height":646,"url":"https:\/\/investors.orthexgroup.com\/wp-content\/uploads\/2025\/03\/Orthex-lyhyesti-2024.jpg","type":"image\/jpeg"}],"twitter_card":"summary_large_image","twitter_misc":{"Arvioitu lukuaika":"1 minuutti"},"schema":{"@context":"https:\/\/schema.org","@graph":[{"@type":"WebPage","@id":"https:\/\/investors.orthexgroup.com\/fi\/orthex-sijoituskohteena\/orthexin-liiketoiminta\/","url":"https:\/\/investors.orthexgroup.com\/fi\/orthex-sijoituskohteena\/orthexin-liiketoiminta\/","name":"Orthexin liiketoiminta - Orthex Group","isPartOf":{"@id":"https:\/\/investors.orthexgroup.com\/fi\/#website"},"primaryImageOfPage":{"@id":"https:\/\/investors.orthexgroup.com\/fi\/orthex-sijoituskohteena\/orthexin-liiketoiminta\/#primaryimage"},"image":{"@id":"https:\/\/investors.orthexgroup.com\/fi\/orthex-sijoituskohteena\/orthexin-liiketoiminta\/#primaryimage"},"thumbnailUrl":"https:\/\/investors.orthexgroup.com\/wp-content\/uploads\/2025\/03\/Orthex-lyhyesti-2024.jpg","datePublished":"2021-03-11T08:59:23+00:00","dateModified":"2025-06-19T11:53:27+00:00","description":"Orthex tarjoaa laajan valikoiman kodin k\u00e4ytt\u00f6tavaroita s\u00e4ilytykseen, keitti\u00f6\u00f6n, kotiin ja puutarhaan. Tutustu Orthexin liiketoimintaan.","breadcrumb":{"@id":"https:\/\/investors.orthexgroup.com\/fi\/orthex-sijoituskohteena\/orthexin-liiketoiminta\/#breadcrumb"},"inLanguage":"fi","potentialAction":[{"@type":"ReadAction","target":["https:\/\/investors.orthexgroup.com\/fi\/orthex-sijoituskohteena\/orthexin-liiketoiminta\/"]}]},{"@type":"ImageObject","inLanguage":"fi","@id":"https:\/\/investors.orthexgroup.com\/fi\/orthex-sijoituskohteena\/orthexin-liiketoiminta\/#primaryimage","url":"https:\/\/investors.orthexgroup.com\/wp-content\/uploads\/2025\/03\/Orthex-lyhyesti-2024.jpg","contentUrl":"https:\/\/investors.orthexgroup.com\/wp-content\/uploads\/2025\/03\/Orthex-lyhyesti-2024.jpg"},{"@type":"BreadcrumbList","@id":"https:\/\/investors.orthexgroup.com\/fi\/orthex-sijoituskohteena\/orthexin-liiketoiminta\/#breadcrumb","itemListElement":[{"@type":"ListItem","position":1,"name":"Etusivu","item":"https:\/\/investors.orthexgroup.com\/fi\/"},{"@type":"ListItem","position":2,"name":"Orthex sijoituskohteena","item":"https:\/\/investors.orthexgroup.com\/fi\/orthex-sijoituskohteena\/"},{"@type":"ListItem","position":3,"name":"Orthexin liiketoiminta"}]},{"@type":"WebSite","@id":"https:\/\/investors.orthexgroup.com\/fi\/#website","url":"https:\/\/investors.orthexgroup.com\/fi\/","name":"Orthex Group","description":"Tietoa Orthex Group Oyn listautumisannista","publisher":{"@id":"https:\/\/investors.orthexgroup.com\/fi\/#organization"},"potentialAction":[{"@type":"SearchAction","target":{"@type":"EntryPoint","urlTemplate":"https:\/\/investors.orthexgroup.com\/fi\/?s={search_term_string}"},"query-input":{"@type":"PropertyValueSpecification","valueRequired":true,"valueName":"search_term_string"}}],"inLanguage":"fi"},{"@type":"Organization","@id":"https:\/\/investors.orthexgroup.com\/fi\/#organization","name":"Orthex Group","url":"https:\/\/investors.orthexgroup.com\/fi\/","logo":{"@type":"ImageObject","inLanguage":"fi","@id":"https:\/\/investors.orthexgroup.com\/fi\/#\/schema\/logo\/image\/","url":"https:\/\/investors.orthexgroup.com\/wp-content\/uploads\/2021\/01\/orthex-group-logo.svg","contentUrl":"https:\/\/investors.orthexgroup.com\/wp-content\/uploads\/2021\/01\/orthex-group-logo.svg","width":129,"height":57,"caption":"Orthex Group"},"image":{"@id":"https:\/\/investors.orthexgroup.com\/fi\/#\/schema\/logo\/image\/"}}]}},"_links":{"self":[{"href":"https:\/\/investors.orthexgroup.com\/fi\/wp-json\/wp\/v2\/pages\/663","targetHints":{"allow":["GET"]}}],"collection":[{"href":"https:\/\/investors.orthexgroup.com\/fi\/wp-json\/wp\/v2\/pages"}],"about":[{"href":"https:\/\/investors.orthexgroup.com\/fi\/wp-json\/wp\/v2\/types\/page"}],"author":[{"embeddable":true,"href":"https:\/\/investors.orthexgroup.com\/fi\/wp-json\/wp\/v2\/users\/1"}],"replies":[{"embeddable":true,"href":"https:\/\/investors.orthexgroup.com\/fi\/wp-json\/wp\/v2\/comments?post=663"}],"version-history":[{"count":5,"href":"https:\/\/investors.orthexgroup.com\/fi\/wp-json\/wp\/v2\/pages\/663\/revisions"}],"predecessor-version":[{"id":5855,"href":"https:\/\/investors.orthexgroup.com\/fi\/wp-json\/wp\/v2\/pages\/663\/revisions\/5855"}],"up":[{"embeddable":true,"href":"https:\/\/investors.orthexgroup.com\/fi\/wp-json\/wp\/v2\/pages\/661"}],"wp:attachment":[{"href":"https:\/\/investors.orthexgroup.com\/fi\/wp-json\/wp\/v2\/media?parent=663"}],"curies":[{"name":"wp","href":"https:\/\/api.w.org\/{rel}","templated":true}]}}