{"id":666,"date":"2021-03-15T09:53:53","date_gmt":"2021-03-15T07:53:53","guid":{"rendered":"https:\/\/investors.orthexgroup.com\/?page_id=666"},"modified":"2025-11-14T14:13:15","modified_gmt":"2025-11-14T12:13:15","slug":"strategia","status":"publish","type":"page","link":"https:\/\/investors.orthexgroup.com\/fi\/orthex-sijoituskohteena\/strategia\/","title":{"rendered":"Orthexin strategia"},"content":{"rendered":"\n<p>Orthexin kasvustrategian keskeiset tavoitteet ovat<\/p>\n\n\n\n<ul class=\"wp-block-list\">\n<li>tulla Euroopan johtavaksi br\u00e4ndiksi s\u00e4ilytystuotteissa ja<\/li>\n\n\n\n<li>vahvistaa Orthexin asemaa yhten\u00e4 Pohjoismaiden johtavana kodintuoteyhti\u00f6n\u00e4, jolla on vahvat br\u00e4ndit ja vastuulliset tuotteet.<\/li>\n<\/ul>\n\n\n\n<figure class=\"wp-block-image size-full\"><img loading=\"lazy\" decoding=\"async\" width=\"600\" height=\"389\" src=\"https:\/\/investors.orthexgroup.com\/wp-content\/uploads\/2025\/11\/SmartStore-Compact-Square-Black-Office-Horizontal_600.jpg\" alt=\"SmartStore Compact storage containers - SmartStore Compact s\u00e4ilytyslaatikot\" class=\"wp-image-6164\" srcset=\"https:\/\/investors.orthexgroup.com\/wp-content\/uploads\/2025\/11\/SmartStore-Compact-Square-Black-Office-Horizontal_600.jpg 600w, https:\/\/investors.orthexgroup.com\/wp-content\/uploads\/2025\/11\/SmartStore-Compact-Square-Black-Office-Horizontal_600-300x195.jpg 300w, https:\/\/investors.orthexgroup.com\/wp-content\/uploads\/2025\/11\/SmartStore-Compact-Square-Black-Office-Horizontal_600-416x270.jpg 416w, https:\/\/investors.orthexgroup.com\/wp-content\/uploads\/2025\/11\/SmartStore-Compact-Square-Black-Office-Horizontal_600-260x169.jpg 260w\" sizes=\"auto, (max-width: 600px) 85vw, 600px\" \/><\/figure>\n\n\n\n<p><\/p>\n\n\n\n<h2 class=\"wp-block-heading\">Orthexin keskeiset strategiset painopistealueet<\/h2>\n\n\n\n<div class=\"wp-block-columns is-layout-flex wp-container-core-columns-is-layout-9d6595d7 wp-block-columns-is-layout-flex\">\n<div class=\"wp-block-column is-layout-flow wp-block-column-is-layout-flow\">\n<h4 class=\"wp-block-heading\">Selke\u00e4 suunnitelma johtavan aseman vahvistamiseksi Pohjoismaissa<\/h4>\n\n\n\n<p><\/p>\n<\/div>\n\n\n\n<div class=\"wp-block-column is-layout-flow wp-block-column-is-layout-flow\">\n<p>Orthex aikoo kasvattaa S\u00e4ilytys-tuoteryhm\u00e4\u00e4 Pohjoismaissa kampanjoilla, laajentamalla myym\u00e4l\u00e4esillepanoja ja lanseeraamalla uutuustuotteita. Orthex tavoittelee kasvua Keitti\u00f6-tuoteryhm\u00e4ss\u00e4 keskittym\u00e4ll\u00e4 vastuullisiin tuotteisiin ja jakelun laajentamiseen.<\/p>\n<\/div>\n<\/div>\n\n\n\n<div class=\"wp-block-columns is-layout-flex wp-container-core-columns-is-layout-9d6595d7 wp-block-columns-is-layout-flex\">\n<div class=\"wp-block-column is-layout-flow wp-block-column-is-layout-flow\">\n<h4 class=\"wp-block-heading\">Kasvun vauhdittaminen kansainv\u00e4lisill\u00e4 markkinoilla tiiviill\u00e4 asiakasyhteisty\u00f6ll\u00e4<\/h4>\n<\/div>\n\n\n\n<div class=\"wp-block-column is-layout-flow wp-block-column-is-layout-flow\">\n<p>Orthex n\u00e4kee suuria kasvumahdollisuuksia kansainv\u00e4lisill\u00e4 markkinoilla ja laajentumisstrategiaa toteutetaan paikallisen l\u00e4sn\u00e4olon ja avainasiakkuuksien kautta. Avainasemassa on Orthexin tuotteiden jakelun kehitt\u00e4minen Euroopassa sek\u00e4 panostus strategisiin asiakkaisiin ja uusasiakashankintaan.<\/p>\n<\/div>\n<\/div>\n\n\n\n<div class=\"wp-block-columns is-layout-flex wp-container-core-columns-is-layout-9d6595d7 wp-block-columns-is-layout-flex\">\n<div class=\"wp-block-column is-layout-flow wp-block-column-is-layout-flow\">\n<h4 class=\"wp-block-heading\">Kasvun vauhdittaminen s\u00e4hk\u00f6isten kaupank\u00e4yntikanavien kautta<\/h4>\n<\/div>\n\n\n\n<div class=\"wp-block-column is-layout-flow wp-block-column-is-layout-flow\">\n<p>Orthex hy\u00f6dynt\u00e4\u00e4 verkkokaupan tarjoamia kasvumahdollisuuksia vahvistamalla suhteita verkkokauppayrityksiin ja tekem\u00e4ll\u00e4 tiivist\u00e4 yhteisty\u00f6t\u00e4 monikanavastrategiaa toteuttavien j\u00e4lleenmyyjien kanssa.<\/p>\n<\/div>\n<\/div>\n\n\n\n<h3 class=\"wp-block-heading\">Markkinoiden keskittyminen tarjoaa kasvumahdollisuuksia<\/h3>\n\n\n\n<p>Orthex n\u00e4kee yritysostot yhten\u00e4 t\u00e4rke\u00e4n\u00e4 mahdollisuutena saavuttaa yhti\u00f6n strategiset tavoitteet. Orthex aikoo huolellisesti arvioida mahdollisuudet yritysostoihin Euroopassa. Yritysostoilla saavutettavat synergiat liittyv\u00e4t tyypillisesti tuotantoon, myyntiin ja markkinointiin, logistiikkaan, tuoteryhm\u00e4laajennuksiin, yleiskustannuksiin ja vahvempaan neuvotteluasemaan.<\/p>\n\n\n\n<figure class=\"wp-block-image size-full\"><img loading=\"lazy\" decoding=\"async\" width=\"600\" height=\"399\" src=\"https:\/\/investors.orthexgroup.com\/wp-content\/uploads\/2025\/11\/GastroMax-Bio-WFC-Full-range_600.jpg\" alt=\"\" class=\"wp-image-6167\" srcset=\"https:\/\/investors.orthexgroup.com\/wp-content\/uploads\/2025\/11\/GastroMax-Bio-WFC-Full-range_600.jpg 600w, https:\/\/investors.orthexgroup.com\/wp-content\/uploads\/2025\/11\/GastroMax-Bio-WFC-Full-range_600-300x200.jpg 300w, https:\/\/investors.orthexgroup.com\/wp-content\/uploads\/2025\/11\/GastroMax-Bio-WFC-Full-range_600-406x270.jpg 406w, https:\/\/investors.orthexgroup.com\/wp-content\/uploads\/2025\/11\/GastroMax-Bio-WFC-Full-range_600-260x173.jpg 260w\" sizes=\"auto, (max-width: 600px) 85vw, 600px\" \/><\/figure>\n\n\n\n<h2 class=\"wp-block-heading\">Kasvustrategiaa tukevat kaupalliset tekij\u00e4t<\/h2>\n\n\n\n<h4 class=\"wp-block-heading\">Selke\u00e4 s\u00e4ilytykseen keskittyv\u00e4 tuoteryhm\u00e4strategia<\/h4>\n\n\n\n<ul class=\"wp-block-list\">\n<li>S\u00e4ilytys-tuoteryhm\u00e4ss\u00e4 kasvuun t\u00e4ht\u00e4\u00e4vien toimien vauhdittaminen kansainv\u00e4lisill\u00e4 markkinoilla hy\u00f6dynt\u00e4en yhti\u00f6n pitk\u00e4\u00e4 kokemusta Pohjoismaissa.<\/li>\n<\/ul>\n\n\n\n<ul class=\"wp-block-list\">\n<li>Keitti\u00f6- ja S\u00e4ilytys-tuoteryhmien jakeluverkostojen samankaltaisuus mahdollistaa lis\u00e4myynnin hy\u00f6dynt\u00e4en Orthexin olemassa olevaa asiakasverkostoa.<\/li>\n<\/ul>\n\n\n\n<figure class=\"wp-block-image size-full\"><img loading=\"lazy\" decoding=\"async\" width=\"600\" height=\"400\" src=\"https:\/\/investors.orthexgroup.com\/wp-content\/uploads\/2025\/11\/SmartStoreCompactKitchen07_600.jpg\" alt=\"SmartStore Compact storage boxes in kitchen - SmartStore Compact s\u00e4ilytyslaatikoita keitti\u00f6n tasolla\" class=\"wp-image-6179\" srcset=\"https:\/\/investors.orthexgroup.com\/wp-content\/uploads\/2025\/11\/SmartStoreCompactKitchen07_600.jpg 600w, https:\/\/investors.orthexgroup.com\/wp-content\/uploads\/2025\/11\/SmartStoreCompactKitchen07_600-300x200.jpg 300w, https:\/\/investors.orthexgroup.com\/wp-content\/uploads\/2025\/11\/SmartStoreCompactKitchen07_600-405x270.jpg 405w, https:\/\/investors.orthexgroup.com\/wp-content\/uploads\/2025\/11\/SmartStoreCompactKitchen07_600-260x173.jpg 260w\" sizes=\"auto, (max-width: 600px) 85vw, 600px\" \/><\/figure>\n\n\n\n<h4 class=\"wp-block-heading\">Edell\u00e4k\u00e4vij\u00e4 vastuullisuudessa<\/h4>\n\n\n\n<ul class=\"wp-block-list\">\n<li>Orthex pyrkii olemaan kuluttajan vastuullisin vaihtoehto tarjoamalla laadukkaita, turvallisia, kest\u00e4vi\u00e4 ja ajattomasti muotoiltuja tuotteita. Orthex pienent\u00e4\u00e4 tuotantonsa ja tuotteidensa hiilijalanj\u00e4lke\u00e4 lis\u00e4\u00e4m\u00e4ll\u00e4 uusiutuvien ja kierr\u00e4tettyjen raaka-aineiden k\u00e4ytt\u00f6\u00e4.<\/li>\n<\/ul>\n\n\n\n<ul class=\"wp-block-list\">\n<li>Orthex uskoo, ett\u00e4 sill\u00e4 on edellytykset tulla vastuullisten tuotteiden ensisijaiseksi toimittajaksi.<br><\/li>\n<\/ul>\n\n\n\n<figure class=\"wp-block-image size-full\"><img loading=\"lazy\" decoding=\"async\" width=\"600\" height=\"400\" src=\"https:\/\/investors.orthexgroup.com\/wp-content\/uploads\/2025\/11\/Paulina_Olive_green_lifestyle-2_600.jpg\" alt=\"\" class=\"wp-image-6197\" srcset=\"https:\/\/investors.orthexgroup.com\/wp-content\/uploads\/2025\/11\/Paulina_Olive_green_lifestyle-2_600.jpg 600w, https:\/\/investors.orthexgroup.com\/wp-content\/uploads\/2025\/11\/Paulina_Olive_green_lifestyle-2_600-300x200.jpg 300w, https:\/\/investors.orthexgroup.com\/wp-content\/uploads\/2025\/11\/Paulina_Olive_green_lifestyle-2_600-405x270.jpg 405w, https:\/\/investors.orthexgroup.com\/wp-content\/uploads\/2025\/11\/Paulina_Olive_green_lifestyle-2_600-260x173.jpg 260w\" sizes=\"auto, (max-width: 600px) 85vw, 600px\" \/><\/figure>\n\n\n\n<h4 class=\"wp-block-heading\">Kasvua innovaatioiden avulla<\/h4>\n\n\n\n<ul class=\"wp-block-list\">\n<li>Innovaatiot ovat t\u00e4rke\u00e4 osa Orthexin kasvustrategiaa.<\/li>\n<\/ul>\n\n\n\n<ul class=\"wp-block-list\">\n<li>Uusien tuotteiden ja konseptien kehitt\u00e4misess\u00e4 Orthex keskittyy helpottamaan kuluttajien arkea tuotteilla, jotka ovat vastuullisia, k\u00e4yt\u00e4nn\u00f6llisi\u00e4 ja ajattomasti muotoiltuja.<br><\/li>\n<\/ul>\n\n\n\n<figure class=\"wp-block-image size-full\"><img loading=\"lazy\" decoding=\"async\" width=\"600\" height=\"402\" src=\"https:\/\/investors.orthexgroup.com\/wp-content\/uploads\/2025\/11\/SmartStoreCollect76LWhite_TopSign_900x417_330_600.jpg\" alt=\"\" class=\"wp-image-6199\" srcset=\"https:\/\/investors.orthexgroup.com\/wp-content\/uploads\/2025\/11\/SmartStoreCollect76LWhite_TopSign_900x417_330_600.jpg 600w, https:\/\/investors.orthexgroup.com\/wp-content\/uploads\/2025\/11\/SmartStoreCollect76LWhite_TopSign_900x417_330_600-300x201.jpg 300w, https:\/\/investors.orthexgroup.com\/wp-content\/uploads\/2025\/11\/SmartStoreCollect76LWhite_TopSign_900x417_330_600-403x270.jpg 403w, https:\/\/investors.orthexgroup.com\/wp-content\/uploads\/2025\/11\/SmartStoreCollect76LWhite_TopSign_900x417_330_600-260x174.jpg 260w\" sizes=\"auto, (max-width: 600px) 85vw, 600px\" \/><\/figure>\n\n\n\n<p><\/p>\n\n\n\n<p>Tutustu lis\u00e4\u00e4 <a href=\"https:\/\/investors.orthexgroup.com\/fi\/orthex-sijoituskohteena\/toimintaymparisto\/\">Orthexin toimintaymp\u00e4rist\u00f6\u00f6n t\u00e4\u00e4ll\u00e4<\/a>.<\/p>\n\n\n\n<p><\/p>\n","protected":false},"excerpt":{"rendered":"<p>Orthexin kasvustrategian keskeiset tavoitteet ovat Orthexin keskeiset strategiset painopistealueet Selke\u00e4 suunnitelma johtavan aseman vahvistamiseksi Pohjoismaissa&hellip;<\/p>\n","protected":false},"author":1,"featured_media":0,"parent":661,"menu_order":0,"comment_status":"closed","ping_status":"closed","template":"","meta":{"_acf_changed":false,"footnotes":""},"class_list":["post-666","page","type-page","status-publish","hentry"],"acf":[],"yoast_head":"<!-- This site is optimized with the Yoast SEO plugin v27.1.1 - https:\/\/yoast.com\/product\/yoast-seo-wordpress\/ -->\n<title>Orthexin strategia - Orthex Group<\/title>\n<meta name=\"description\" content=\"Tutustu t\u00e4\u00e4ll\u00e4 Orthexin kasvustrategian keskeisiin tavoitteisiin ja painopistealueisiin.\" \/>\n<meta name=\"robots\" content=\"index, follow, max-snippet:-1, max-image-preview:large, max-video-preview:-1\" \/>\n<link rel=\"canonical\" href=\"https:\/\/investors.orthexgroup.com\/fi\/orthex-sijoituskohteena\/strategia\/\" \/>\n<meta property=\"og:locale\" content=\"fi_FI\" \/>\n<meta property=\"og:type\" content=\"article\" \/>\n<meta property=\"og:title\" content=\"Orthexin strategia - Orthex Group\" \/>\n<meta property=\"og:description\" content=\"Tutustu t\u00e4\u00e4ll\u00e4 Orthexin kasvustrategian keskeisiin tavoitteisiin ja painopistealueisiin.\" \/>\n<meta property=\"og:url\" content=\"https:\/\/investors.orthexgroup.com\/fi\/orthex-sijoituskohteena\/strategia\/\" \/>\n<meta property=\"og:site_name\" content=\"Orthex Group\" \/>\n<meta property=\"article:modified_time\" content=\"2025-11-14T12:13:15+00:00\" \/>\n<meta property=\"og:image\" content=\"https:\/\/investors.orthexgroup.com\/wp-content\/uploads\/2025\/11\/SmartStore-Compact-Square-Black-Office-Horizontal_600.jpg\" \/>\n\t<meta property=\"og:image:width\" content=\"600\" \/>\n\t<meta property=\"og:image:height\" content=\"389\" \/>\n\t<meta property=\"og:image:type\" content=\"image\/jpeg\" \/>\n<meta name=\"twitter:card\" content=\"summary_large_image\" \/>\n<meta name=\"twitter:label1\" content=\"Arvioitu lukuaika\" \/>\n\t<meta name=\"twitter:data1\" content=\"3 minuuttia\" \/>\n<script type=\"application\/ld+json\" class=\"yoast-schema-graph\">{\"@context\":\"https:\/\/schema.org\",\"@graph\":[{\"@type\":\"WebPage\",\"@id\":\"https:\/\/investors.orthexgroup.com\/fi\/orthex-sijoituskohteena\/strategia\/\",\"url\":\"https:\/\/investors.orthexgroup.com\/fi\/orthex-sijoituskohteena\/strategia\/\",\"name\":\"Orthexin strategia - Orthex Group\",\"isPartOf\":{\"@id\":\"https:\/\/investors.orthexgroup.com\/fi\/#website\"},\"primaryImageOfPage\":{\"@id\":\"https:\/\/investors.orthexgroup.com\/fi\/orthex-sijoituskohteena\/strategia\/#primaryimage\"},\"image\":{\"@id\":\"https:\/\/investors.orthexgroup.com\/fi\/orthex-sijoituskohteena\/strategia\/#primaryimage\"},\"thumbnailUrl\":\"https:\/\/investors.orthexgroup.com\/wp-content\/uploads\/2025\/11\/SmartStore-Compact-Square-Black-Office-Horizontal_600.jpg\",\"datePublished\":\"2021-03-15T07:53:53+00:00\",\"dateModified\":\"2025-11-14T12:13:15+00:00\",\"description\":\"Tutustu t\u00e4\u00e4ll\u00e4 Orthexin kasvustrategian keskeisiin tavoitteisiin ja painopistealueisiin.\",\"breadcrumb\":{\"@id\":\"https:\/\/investors.orthexgroup.com\/fi\/orthex-sijoituskohteena\/strategia\/#breadcrumb\"},\"inLanguage\":\"fi\",\"potentialAction\":[{\"@type\":\"ReadAction\",\"target\":[\"https:\/\/investors.orthexgroup.com\/fi\/orthex-sijoituskohteena\/strategia\/\"]}]},{\"@type\":\"ImageObject\",\"inLanguage\":\"fi\",\"@id\":\"https:\/\/investors.orthexgroup.com\/fi\/orthex-sijoituskohteena\/strategia\/#primaryimage\",\"url\":\"https:\/\/investors.orthexgroup.com\/wp-content\/uploads\/2025\/11\/SmartStore-Compact-Square-Black-Office-Horizontal_600.jpg\",\"contentUrl\":\"https:\/\/investors.orthexgroup.com\/wp-content\/uploads\/2025\/11\/SmartStore-Compact-Square-Black-Office-Horizontal_600.jpg\"},{\"@type\":\"BreadcrumbList\",\"@id\":\"https:\/\/investors.orthexgroup.com\/fi\/orthex-sijoituskohteena\/strategia\/#breadcrumb\",\"itemListElement\":[{\"@type\":\"ListItem\",\"position\":1,\"name\":\"Etusivu\",\"item\":\"https:\/\/investors.orthexgroup.com\/fi\/\"},{\"@type\":\"ListItem\",\"position\":2,\"name\":\"Orthex sijoituskohteena\",\"item\":\"https:\/\/investors.orthexgroup.com\/fi\/orthex-sijoituskohteena\/\"},{\"@type\":\"ListItem\",\"position\":3,\"name\":\"Orthexin strategia\"}]},{\"@type\":\"WebSite\",\"@id\":\"https:\/\/investors.orthexgroup.com\/fi\/#website\",\"url\":\"https:\/\/investors.orthexgroup.com\/fi\/\",\"name\":\"Orthex Group\",\"description\":\"Tietoa Orthex Group Oyn listautumisannista\",\"publisher\":{\"@id\":\"https:\/\/investors.orthexgroup.com\/fi\/#organization\"},\"potentialAction\":[{\"@type\":\"SearchAction\",\"target\":{\"@type\":\"EntryPoint\",\"urlTemplate\":\"https:\/\/investors.orthexgroup.com\/fi\/?s={search_term_string}\"},\"query-input\":{\"@type\":\"PropertyValueSpecification\",\"valueRequired\":true,\"valueName\":\"search_term_string\"}}],\"inLanguage\":\"fi\"},{\"@type\":\"Organization\",\"@id\":\"https:\/\/investors.orthexgroup.com\/fi\/#organization\",\"name\":\"Orthex Group\",\"url\":\"https:\/\/investors.orthexgroup.com\/fi\/\",\"logo\":{\"@type\":\"ImageObject\",\"inLanguage\":\"fi\",\"@id\":\"https:\/\/investors.orthexgroup.com\/fi\/#\/schema\/logo\/image\/\",\"url\":\"https:\/\/investors.orthexgroup.com\/wp-content\/uploads\/2021\/01\/orthex-group-logo.svg\",\"contentUrl\":\"https:\/\/investors.orthexgroup.com\/wp-content\/uploads\/2021\/01\/orthex-group-logo.svg\",\"width\":129,\"height\":57,\"caption\":\"Orthex Group\"},\"image\":{\"@id\":\"https:\/\/investors.orthexgroup.com\/fi\/#\/schema\/logo\/image\/\"}}]}<\/script>\n<!-- \/ Yoast SEO plugin. -->","yoast_head_json":{"title":"Orthexin strategia - Orthex Group","description":"Tutustu t\u00e4\u00e4ll\u00e4 Orthexin kasvustrategian keskeisiin tavoitteisiin ja painopistealueisiin.","robots":{"index":"index","follow":"follow","max-snippet":"max-snippet:-1","max-image-preview":"max-image-preview:large","max-video-preview":"max-video-preview:-1"},"canonical":"https:\/\/investors.orthexgroup.com\/fi\/orthex-sijoituskohteena\/strategia\/","og_locale":"fi_FI","og_type":"article","og_title":"Orthexin strategia - Orthex Group","og_description":"Tutustu t\u00e4\u00e4ll\u00e4 Orthexin kasvustrategian keskeisiin tavoitteisiin ja painopistealueisiin.","og_url":"https:\/\/investors.orthexgroup.com\/fi\/orthex-sijoituskohteena\/strategia\/","og_site_name":"Orthex Group","article_modified_time":"2025-11-14T12:13:15+00:00","og_image":[{"width":600,"height":389,"url":"https:\/\/investors.orthexgroup.com\/wp-content\/uploads\/2025\/11\/SmartStore-Compact-Square-Black-Office-Horizontal_600.jpg","type":"image\/jpeg"}],"twitter_card":"summary_large_image","twitter_misc":{"Arvioitu lukuaika":"3 minuuttia"},"schema":{"@context":"https:\/\/schema.org","@graph":[{"@type":"WebPage","@id":"https:\/\/investors.orthexgroup.com\/fi\/orthex-sijoituskohteena\/strategia\/","url":"https:\/\/investors.orthexgroup.com\/fi\/orthex-sijoituskohteena\/strategia\/","name":"Orthexin strategia - Orthex Group","isPartOf":{"@id":"https:\/\/investors.orthexgroup.com\/fi\/#website"},"primaryImageOfPage":{"@id":"https:\/\/investors.orthexgroup.com\/fi\/orthex-sijoituskohteena\/strategia\/#primaryimage"},"image":{"@id":"https:\/\/investors.orthexgroup.com\/fi\/orthex-sijoituskohteena\/strategia\/#primaryimage"},"thumbnailUrl":"https:\/\/investors.orthexgroup.com\/wp-content\/uploads\/2025\/11\/SmartStore-Compact-Square-Black-Office-Horizontal_600.jpg","datePublished":"2021-03-15T07:53:53+00:00","dateModified":"2025-11-14T12:13:15+00:00","description":"Tutustu t\u00e4\u00e4ll\u00e4 Orthexin kasvustrategian keskeisiin tavoitteisiin ja painopistealueisiin.","breadcrumb":{"@id":"https:\/\/investors.orthexgroup.com\/fi\/orthex-sijoituskohteena\/strategia\/#breadcrumb"},"inLanguage":"fi","potentialAction":[{"@type":"ReadAction","target":["https:\/\/investors.orthexgroup.com\/fi\/orthex-sijoituskohteena\/strategia\/"]}]},{"@type":"ImageObject","inLanguage":"fi","@id":"https:\/\/investors.orthexgroup.com\/fi\/orthex-sijoituskohteena\/strategia\/#primaryimage","url":"https:\/\/investors.orthexgroup.com\/wp-content\/uploads\/2025\/11\/SmartStore-Compact-Square-Black-Office-Horizontal_600.jpg","contentUrl":"https:\/\/investors.orthexgroup.com\/wp-content\/uploads\/2025\/11\/SmartStore-Compact-Square-Black-Office-Horizontal_600.jpg"},{"@type":"BreadcrumbList","@id":"https:\/\/investors.orthexgroup.com\/fi\/orthex-sijoituskohteena\/strategia\/#breadcrumb","itemListElement":[{"@type":"ListItem","position":1,"name":"Etusivu","item":"https:\/\/investors.orthexgroup.com\/fi\/"},{"@type":"ListItem","position":2,"name":"Orthex sijoituskohteena","item":"https:\/\/investors.orthexgroup.com\/fi\/orthex-sijoituskohteena\/"},{"@type":"ListItem","position":3,"name":"Orthexin strategia"}]},{"@type":"WebSite","@id":"https:\/\/investors.orthexgroup.com\/fi\/#website","url":"https:\/\/investors.orthexgroup.com\/fi\/","name":"Orthex Group","description":"Tietoa Orthex Group Oyn listautumisannista","publisher":{"@id":"https:\/\/investors.orthexgroup.com\/fi\/#organization"},"potentialAction":[{"@type":"SearchAction","target":{"@type":"EntryPoint","urlTemplate":"https:\/\/investors.orthexgroup.com\/fi\/?s={search_term_string}"},"query-input":{"@type":"PropertyValueSpecification","valueRequired":true,"valueName":"search_term_string"}}],"inLanguage":"fi"},{"@type":"Organization","@id":"https:\/\/investors.orthexgroup.com\/fi\/#organization","name":"Orthex Group","url":"https:\/\/investors.orthexgroup.com\/fi\/","logo":{"@type":"ImageObject","inLanguage":"fi","@id":"https:\/\/investors.orthexgroup.com\/fi\/#\/schema\/logo\/image\/","url":"https:\/\/investors.orthexgroup.com\/wp-content\/uploads\/2021\/01\/orthex-group-logo.svg","contentUrl":"https:\/\/investors.orthexgroup.com\/wp-content\/uploads\/2021\/01\/orthex-group-logo.svg","width":129,"height":57,"caption":"Orthex Group"},"image":{"@id":"https:\/\/investors.orthexgroup.com\/fi\/#\/schema\/logo\/image\/"}}]}},"_links":{"self":[{"href":"https:\/\/investors.orthexgroup.com\/fi\/wp-json\/wp\/v2\/pages\/666","targetHints":{"allow":["GET"]}}],"collection":[{"href":"https:\/\/investors.orthexgroup.com\/fi\/wp-json\/wp\/v2\/pages"}],"about":[{"href":"https:\/\/investors.orthexgroup.com\/fi\/wp-json\/wp\/v2\/types\/page"}],"author":[{"embeddable":true,"href":"https:\/\/investors.orthexgroup.com\/fi\/wp-json\/wp\/v2\/users\/1"}],"replies":[{"embeddable":true,"href":"https:\/\/investors.orthexgroup.com\/fi\/wp-json\/wp\/v2\/comments?post=666"}],"version-history":[{"count":9,"href":"https:\/\/investors.orthexgroup.com\/fi\/wp-json\/wp\/v2\/pages\/666\/revisions"}],"predecessor-version":[{"id":6205,"href":"https:\/\/investors.orthexgroup.com\/fi\/wp-json\/wp\/v2\/pages\/666\/revisions\/6205"}],"up":[{"embeddable":true,"href":"https:\/\/investors.orthexgroup.com\/fi\/wp-json\/wp\/v2\/pages\/661"}],"wp:attachment":[{"href":"https:\/\/investors.orthexgroup.com\/fi\/wp-json\/wp\/v2\/media?parent=666"}],"curies":[{"name":"wp","href":"https:\/\/api.w.org\/{rel}","templated":true}]}}