{"id":668,"date":"2021-03-15T09:53:53","date_gmt":"2021-03-15T07:53:53","guid":{"rendered":"https:\/\/investors.orthexgroup.com\/?page_id=668"},"modified":"2026-01-30T10:10:11","modified_gmt":"2026-01-30T08:10:11","slug":"toimintaymparisto","status":"publish","type":"page","link":"https:\/\/investors.orthexgroup.com\/fi\/orthex-sijoituskohteena\/toimintaymparisto\/","title":{"rendered":"Orthexin toimintaymp\u00e4rist\u00f6"},"content":{"rendered":"\n<p>Orthex toimii s\u00e4ilytyksen, keitti\u00f6tarvikkeiden sek\u00e4 kodin ja puutarhan tuotteiden markkinalla, joka on historiallisesti ollut vakaa ja kest\u00e4v\u00e4 eri taloussuhdanteissa. Kodintuotteiden markkinat ovat Euroopassa pirstaloituneet. Vaikka markkinat ovat kilpaillut, pirstaloituneisuus madaltaa kynnyst\u00e4 kasvattaa markkinaosuutta ja l\u00f6yt\u00e4\u00e4 houkuttelevia markkinarakoja.<\/p>\n\n\n<div class=\"wp-block-image\">\n<figure class=\"alignright size-full\"><img loading=\"lazy\" decoding=\"async\" width=\"401\" height=\"600\" src=\"https:\/\/investors.orthexgroup.com\/wp-content\/uploads\/2025\/11\/GastroMax-Bio-Cutting-Board-Medium-1_600.jpg\" alt=\"\" class=\"wp-image-6191\" srcset=\"https:\/\/investors.orthexgroup.com\/wp-content\/uploads\/2025\/11\/GastroMax-Bio-Cutting-Board-Medium-1_600.jpg 401w, https:\/\/investors.orthexgroup.com\/wp-content\/uploads\/2025\/11\/GastroMax-Bio-Cutting-Board-Medium-1_600-201x300.jpg 201w, https:\/\/investors.orthexgroup.com\/wp-content\/uploads\/2025\/11\/GastroMax-Bio-Cutting-Board-Medium-1_600-180x270.jpg 180w, https:\/\/investors.orthexgroup.com\/wp-content\/uploads\/2025\/11\/GastroMax-Bio-Cutting-Board-Medium-1_600-334x500.jpg 334w, https:\/\/investors.orthexgroup.com\/wp-content\/uploads\/2025\/11\/GastroMax-Bio-Cutting-Board-Medium-1_600-174x260.jpg 174w\" sizes=\"auto, (max-width: 401px) 85vw, 401px\" \/><\/figure>\n<\/div>\n\n\n<p>Orthexilla on noin 800 asiakasta yli 40 maassa. Orthexin maantieteellisi\u00e4 markkinoita ovat Pohjoismaat, Muu Eurooppa ja Muu maailma. Orthexilla on kahdeksan paikallista myyntiorganisaatiota Pohjoismaissa, Saksassa, Ranskassa, Isossa-Britanniassa ja Benelux-maissa.<\/p>\n\n\n\n<p>Kodin s\u00e4ilytyksen, ruoans\u00e4ilytyksen ja keitti\u00f6tarvikkeiden ydinmarkkinoiden arvioidaan kasvavan vuosina 2019\u20132025 keskim\u00e4\u00e4rin noin kaksi prosenttia vuodessa keskim\u00e4\u00e4r\u00e4ist\u00e4 historiallista kehityst\u00e4 vastaavalla tavalla. Ruoans\u00e4ilytyksen kokonaismarkkinoiden odotetaan kasvavan n\u00e4ist\u00e4 kolmesta p\u00e4\u00e4markkinasta nopeimmin, keskim\u00e4\u00e4rin noin 2,3 prosenttia vuodessa vuosina 2019\u20132025 arvokkaampien tuotteiden kysynn\u00e4n seurauksena.<\/p>\n\n\n\n<p>Kodin s\u00e4ilytyksen, ruoans\u00e4ilytyksen ja keitti\u00f6tarvikkeiden markkinat ovat aikaisemmin osoittaneet kest\u00e4vyytt\u00e4 markkinoiden laskusuhdanteissa p\u00e4\u00e4asiassa tarvepohjaisen kysynn\u00e4n ansiosta: tuotteita ostetaan taloudellisista olosuhteista riippumatta.<\/p>\n\n\n\n<h2 class=\"wp-block-heading\"><strong>Useita markkinoiden kasvutekij\u00f6it\u00e4<\/strong><\/h2>\n\n\n\n<h3 class=\"wp-block-heading\"><strong>Kaupungistuminen<\/strong><\/h3>\n\n\n\n<p>Kaupungistumisen globaali megatrendi on erityisen huomattava Orthexin ydinmarkkinoilla. Kun asunnoil\u00adle k\u00e4ytett\u00e4viss\u00e4 olevat alueet v\u00e4henev\u00e4t ja kallistuvat kasvukeskuksissa, kuluttajat valitsevat usein sijainnin tilan sijasta. Pienet tilat puolestaan lis\u00e4\u00e4v\u00e4t kysynt\u00e4\u00e4 k\u00e4yt\u00e4nn\u00f6llisille s\u00e4ilytysratkaisuille ja kodin k\u00e4ytt\u00f6ta\u00advaroille. Lis\u00e4ksi yhden henkil\u00f6n kotitaloudet yleistyv\u00e4t ja perhekoot pienenev\u00e4t. Samalla v\u00e4ltt\u00e4m\u00e4tt\u00f6mien tavaroiden, kuten kodin s\u00e4ilytyksen, ruoans\u00e4ilytyksen ja keitti\u00f6tarvikkeiden, tarve pysyy l\u00e4hes samana koti\u00adtaloutta kohti.<sup>1<\/sup><\/p>\n\n\n\n<figure class=\"wp-block-image size-full\"><img loading=\"lazy\" decoding=\"async\" width=\"600\" height=\"400\" src=\"https:\/\/investors.orthexgroup.com\/wp-content\/uploads\/2025\/11\/SmartStore\u2122-Module-Hallway-Horizontal-4_600.jpg\" alt=\"\" class=\"wp-image-6184\" srcset=\"https:\/\/investors.orthexgroup.com\/wp-content\/uploads\/2025\/11\/SmartStore\u2122-Module-Hallway-Horizontal-4_600.jpg 600w, https:\/\/investors.orthexgroup.com\/wp-content\/uploads\/2025\/11\/SmartStore\u2122-Module-Hallway-Horizontal-4_600-300x200.jpg 300w, https:\/\/investors.orthexgroup.com\/wp-content\/uploads\/2025\/11\/SmartStore\u2122-Module-Hallway-Horizontal-4_600-405x270.jpg 405w, https:\/\/investors.orthexgroup.com\/wp-content\/uploads\/2025\/11\/SmartStore\u2122-Module-Hallway-Horizontal-4_600-260x173.jpg 260w\" sizes=\"auto, (max-width: 600px) 85vw, 600px\" \/><\/figure>\n\n\n\n<h3 class=\"wp-block-heading\"><strong>Kulutustottumukset<\/strong><\/h3>\n\n\n\n<p>Orthexin liiketoimintaa tukevat kulutustottumukset liittyv\u00e4t p\u00e4\u00e4asiassa siihen, miten ihmiset k\u00e4ytt\u00e4v\u00e4t ai\u00adkaansa kotona:<\/p>\n\n\n\n<ul class=\"wp-block-list\">\n<li>ruoanlaitto kotona kiinnostaa<\/li>\n\n\n\n<li>kotitaloudet ovat yh\u00e4 kiinnostuneempia pit\u00e4m\u00e4\u00e4n kotinsa j\u00e4rjes\u00adtyksess\u00e4<\/li>\n\n\n\n<li>huone\u00adkasvien kysynt\u00e4 on yksi kasvavista kulutustottumuksista<\/li>\n\n\n\n<li>yrttien ja vihannesten kasvattaminen kotona ja sis\u00e4tiloissa on yh\u00e4 suosi\u00adtumpaa<\/li>\n<\/ul>\n\n\n\n<p>Kulutustottumusten polarisoituessa edul\u00adlisten kodin k\u00e4ytt\u00f6tavaroiden kysynn\u00e4n ohella my\u00f6s premium-tuotteiden kysynt\u00e4 kasvaa. V\u00e4hitt\u00e4iskaupat ottavat valikoimiinsa sek\u00e4 kaupan omia merkkej\u00e4 ett\u00e4 premium-br\u00e4ndej\u00e4 vastatakseen molempien tuote\u00adryhmien kysynt\u00e4\u00e4n.<sup>2<\/sup><\/p>\n\n\n\n<p>Muuttuvat kulutustottumukset pakottavat kodin k\u00e4yt\u00adt\u00f6tavaroiden markkinoilla toimivia yhti\u00f6it\u00e4 p\u00e4ivitt\u00e4\u00adm\u00e4\u00e4n tuotevalikoimiaan. Yhti\u00f6t esimerkiksi laajentavat ruoans\u00e4ilytystuotteista muihin monik\u00e4ytt\u00f6isiin s\u00e4ily\u00adtystuotteisiin. Keitti\u00f6tuotevalikoimaa laajennetaan uusilla v\u00e4lineill\u00e4 ja tarvikkeilla. Lis\u00e4ksi kuluttajien halu kierr\u00e4tt\u00e4\u00e4 luo kysynt\u00e4\u00e4 j\u00e4tteiden kierr\u00e4tysratkaisuille.<\/p>\n\n\n\n<p>Muotoiluun kiinnitet\u00e4\u00e4n enem\u00adm\u00e4n huomiota, mik\u00e4 mahdol\u00adlistaa s\u00e4ilytystuotteiden k\u00e4yt\u00f6n sisustuselementtein\u00e4. Koteihin panostamisen aallonharjalla ylemm\u00e4n hintaluokan vaihtoehdot kasvat\u00adtavat osuuttaan.<\/p>\n\n\n\n<figure class=\"wp-block-image size-full\"><img loading=\"lazy\" decoding=\"async\" width=\"600\" height=\"366\" src=\"https:\/\/investors.orthexgroup.com\/wp-content\/uploads\/2026\/01\/Orthex_herbpotset_kitchen_lifestyle-olive_600.jpg\" alt=\"Orthex Eden herb pots on a kitchen counter - Orthex Eden yrttiruukkuja keitti\u00f6n tasolla\" class=\"wp-image-6311\" srcset=\"https:\/\/investors.orthexgroup.com\/wp-content\/uploads\/2026\/01\/Orthex_herbpotset_kitchen_lifestyle-olive_600.jpg 600w, https:\/\/investors.orthexgroup.com\/wp-content\/uploads\/2026\/01\/Orthex_herbpotset_kitchen_lifestyle-olive_600-300x183.jpg 300w, https:\/\/investors.orthexgroup.com\/wp-content\/uploads\/2026\/01\/Orthex_herbpotset_kitchen_lifestyle-olive_600-443x270.jpg 443w, https:\/\/investors.orthexgroup.com\/wp-content\/uploads\/2026\/01\/Orthex_herbpotset_kitchen_lifestyle-olive_600-260x159.jpg 260w\" sizes=\"auto, (max-width: 600px) 85vw, 600px\" \/><\/figure>\n\n\n\n<h3 class=\"wp-block-heading\">Vastuullisuus<\/h3>\n\n\n\n<p><a href=\"https:\/\/investors.orthexgroup.com\/fi\/vastuullisuus\/\" target=\"_blank\" rel=\"noreferrer noopener\">Vastuullisuus<\/a> on yh\u00e4 t\u00e4rke\u00e4mpi prioriteetti pohjoismaisille ja l\u00e4nsieurooppalaisille kuluttajille. Kuluttajat asettavat paljon painoa vastuullisuudelle ja odottavat my\u00f6s yrityksilt\u00e4 toimenpiteit\u00e4 ja tukea vas\u00adtuullisempien ostop\u00e4\u00e4t\u00f6sten tekemisess\u00e4.<sup>3<\/sup><\/p>\n\n\n\n<figure class=\"wp-block-image size-full\"><img loading=\"lazy\" decoding=\"async\" width=\"600\" height=\"400\" src=\"https:\/\/investors.orthexgroup.com\/wp-content\/uploads\/2025\/11\/SmartStore\u2122-Comfort-Shelf-Horizontal_600.jpg\" alt=\"SmartStore Comfort storage containers on a shelf - SmartStore Comfort s\u00e4ilytyslaatikot hyllyll\u00e4\" class=\"wp-image-6188\" srcset=\"https:\/\/investors.orthexgroup.com\/wp-content\/uploads\/2025\/11\/SmartStore\u2122-Comfort-Shelf-Horizontal_600.jpg 600w, https:\/\/investors.orthexgroup.com\/wp-content\/uploads\/2025\/11\/SmartStore\u2122-Comfort-Shelf-Horizontal_600-300x200.jpg 300w, https:\/\/investors.orthexgroup.com\/wp-content\/uploads\/2025\/11\/SmartStore\u2122-Comfort-Shelf-Horizontal_600-405x270.jpg 405w, https:\/\/investors.orthexgroup.com\/wp-content\/uploads\/2025\/11\/SmartStore\u2122-Comfort-Shelf-Horizontal_600-260x173.jpg 260w\" sizes=\"auto, (max-width: 600px) 85vw, 600px\" \/><\/figure>\n\n\n\n<p><\/p>\n\n\n\n<ol class=\"wp-block-list\">\n<li>L\u00e4hde: Eurostat, 2008\u20132018 perspective, million households and average household size.<\/li>\n\n\n\n<li>L\u00e4hde: Euromonitor, 2013\u20132018 perspective, percentage of private label products in Western Europe for kitchen utensils and food storage.<\/li>\n\n\n\n<li>L\u00e4hde: McKinsey &amp; Company, July 2019, Generation Z and Millennial Survey.<\/li>\n<\/ol>\n","protected":false},"excerpt":{"rendered":"<p>Orthex toimii s\u00e4ilytyksen, keitti\u00f6tarvikkeiden sek\u00e4 kodin ja puutarhan tuotteiden markkinalla, joka on historiallisesti ollut vakaa&hellip;<\/p>\n","protected":false},"author":1,"featured_media":0,"parent":661,"menu_order":0,"comment_status":"closed","ping_status":"closed","template":"","meta":{"_acf_changed":false,"footnotes":""},"class_list":["post-668","page","type-page","status-publish","hentry"],"acf":[],"yoast_head":"<!-- This site is optimized with the Yoast SEO plugin v27.4 - https:\/\/yoast.com\/product\/yoast-seo-wordpress\/ -->\n<title>Orthexin toimintaymp\u00e4rist\u00f6 - Orthex Group<\/title>\n<meta name=\"description\" content=\"Tutustu Orthexin toimintaymp\u00e4rist\u00f6\u00f6n kodintuotemarkkinoilla. Vakaa ja pirstaloitunut markkina tarjoaa erinomaisia kasvu- ja laajentumismahdollisuuksia.\" \/>\n<meta name=\"robots\" content=\"index, follow, max-snippet:-1, max-image-preview:large, max-video-preview:-1\" \/>\n<link rel=\"canonical\" href=\"https:\/\/investors.orthexgroup.com\/fi\/orthex-sijoituskohteena\/toimintaymparisto\/\" \/>\n<meta property=\"og:locale\" content=\"fi_FI\" \/>\n<meta property=\"og:type\" content=\"article\" \/>\n<meta property=\"og:title\" content=\"Orthexin toimintaymp\u00e4rist\u00f6 - Orthex Group\" \/>\n<meta property=\"og:description\" content=\"Tutustu Orthexin toimintaymp\u00e4rist\u00f6\u00f6n kodintuotemarkkinoilla. Vakaa ja pirstaloitunut markkina tarjoaa erinomaisia kasvu- ja laajentumismahdollisuuksia.\" \/>\n<meta property=\"og:url\" content=\"https:\/\/investors.orthexgroup.com\/fi\/orthex-sijoituskohteena\/toimintaymparisto\/\" \/>\n<meta property=\"og:site_name\" content=\"Orthex Group\" \/>\n<meta property=\"article:modified_time\" content=\"2026-01-30T08:10:11+00:00\" \/>\n<meta property=\"og:image\" content=\"https:\/\/investors.orthexgroup.com\/wp-content\/uploads\/2025\/11\/GastroMax-Bio-Cutting-Board-Medium-1_600.jpg\" \/>\n\t<meta property=\"og:image:width\" content=\"401\" \/>\n\t<meta property=\"og:image:height\" content=\"600\" \/>\n\t<meta property=\"og:image:type\" content=\"image\/jpeg\" \/>\n<meta name=\"twitter:card\" content=\"summary_large_image\" \/>\n<meta name=\"twitter:label1\" content=\"Arvioitu lukuaika\" \/>\n\t<meta name=\"twitter:data1\" content=\"3 minuuttia\" \/>\n<script type=\"application\/ld+json\" class=\"yoast-schema-graph\">{\"@context\":\"https:\\\/\\\/schema.org\",\"@graph\":[{\"@type\":\"WebPage\",\"@id\":\"https:\\\/\\\/investors.orthexgroup.com\\\/fi\\\/orthex-sijoituskohteena\\\/toimintaymparisto\\\/\",\"url\":\"https:\\\/\\\/investors.orthexgroup.com\\\/fi\\\/orthex-sijoituskohteena\\\/toimintaymparisto\\\/\",\"name\":\"Orthexin toimintaymp\u00e4rist\u00f6 - Orthex Group\",\"isPartOf\":{\"@id\":\"https:\\\/\\\/investors.orthexgroup.com\\\/fi\\\/#website\"},\"primaryImageOfPage\":{\"@id\":\"https:\\\/\\\/investors.orthexgroup.com\\\/fi\\\/orthex-sijoituskohteena\\\/toimintaymparisto\\\/#primaryimage\"},\"image\":{\"@id\":\"https:\\\/\\\/investors.orthexgroup.com\\\/fi\\\/orthex-sijoituskohteena\\\/toimintaymparisto\\\/#primaryimage\"},\"thumbnailUrl\":\"https:\\\/\\\/investors.orthexgroup.com\\\/wp-content\\\/uploads\\\/2025\\\/11\\\/GastroMax-Bio-Cutting-Board-Medium-1_600.jpg\",\"datePublished\":\"2021-03-15T07:53:53+00:00\",\"dateModified\":\"2026-01-30T08:10:11+00:00\",\"description\":\"Tutustu Orthexin toimintaymp\u00e4rist\u00f6\u00f6n kodintuotemarkkinoilla. Vakaa ja pirstaloitunut markkina tarjoaa erinomaisia kasvu- ja laajentumismahdollisuuksia.\",\"breadcrumb\":{\"@id\":\"https:\\\/\\\/investors.orthexgroup.com\\\/fi\\\/orthex-sijoituskohteena\\\/toimintaymparisto\\\/#breadcrumb\"},\"inLanguage\":\"fi\",\"potentialAction\":[{\"@type\":\"ReadAction\",\"target\":[\"https:\\\/\\\/investors.orthexgroup.com\\\/fi\\\/orthex-sijoituskohteena\\\/toimintaymparisto\\\/\"]}]},{\"@type\":\"ImageObject\",\"inLanguage\":\"fi\",\"@id\":\"https:\\\/\\\/investors.orthexgroup.com\\\/fi\\\/orthex-sijoituskohteena\\\/toimintaymparisto\\\/#primaryimage\",\"url\":\"https:\\\/\\\/investors.orthexgroup.com\\\/wp-content\\\/uploads\\\/2025\\\/11\\\/GastroMax-Bio-Cutting-Board-Medium-1_600.jpg\",\"contentUrl\":\"https:\\\/\\\/investors.orthexgroup.com\\\/wp-content\\\/uploads\\\/2025\\\/11\\\/GastroMax-Bio-Cutting-Board-Medium-1_600.jpg\"},{\"@type\":\"BreadcrumbList\",\"@id\":\"https:\\\/\\\/investors.orthexgroup.com\\\/fi\\\/orthex-sijoituskohteena\\\/toimintaymparisto\\\/#breadcrumb\",\"itemListElement\":[{\"@type\":\"ListItem\",\"position\":1,\"name\":\"Etusivu\",\"item\":\"https:\\\/\\\/investors.orthexgroup.com\\\/fi\\\/\"},{\"@type\":\"ListItem\",\"position\":2,\"name\":\"Orthex sijoituskohteena\",\"item\":\"https:\\\/\\\/investors.orthexgroup.com\\\/fi\\\/orthex-sijoituskohteena\\\/\"},{\"@type\":\"ListItem\",\"position\":3,\"name\":\"Orthexin toimintaymp\u00e4rist\u00f6\"}]},{\"@type\":\"WebSite\",\"@id\":\"https:\\\/\\\/investors.orthexgroup.com\\\/fi\\\/#website\",\"url\":\"https:\\\/\\\/investors.orthexgroup.com\\\/fi\\\/\",\"name\":\"Orthex Group\",\"description\":\"Tietoa Orthex Group Oyn listautumisannista\",\"publisher\":{\"@id\":\"https:\\\/\\\/investors.orthexgroup.com\\\/fi\\\/#organization\"},\"potentialAction\":[{\"@type\":\"SearchAction\",\"target\":{\"@type\":\"EntryPoint\",\"urlTemplate\":\"https:\\\/\\\/investors.orthexgroup.com\\\/fi\\\/?s={search_term_string}\"},\"query-input\":{\"@type\":\"PropertyValueSpecification\",\"valueRequired\":true,\"valueName\":\"search_term_string\"}}],\"inLanguage\":\"fi\"},{\"@type\":\"Organization\",\"@id\":\"https:\\\/\\\/investors.orthexgroup.com\\\/fi\\\/#organization\",\"name\":\"Orthex Group\",\"url\":\"https:\\\/\\\/investors.orthexgroup.com\\\/fi\\\/\",\"logo\":{\"@type\":\"ImageObject\",\"inLanguage\":\"fi\",\"@id\":\"https:\\\/\\\/investors.orthexgroup.com\\\/fi\\\/#\\\/schema\\\/logo\\\/image\\\/\",\"url\":\"https:\\\/\\\/investors.orthexgroup.com\\\/wp-content\\\/uploads\\\/2021\\\/01\\\/orthex-group-logo.svg\",\"contentUrl\":\"https:\\\/\\\/investors.orthexgroup.com\\\/wp-content\\\/uploads\\\/2021\\\/01\\\/orthex-group-logo.svg\",\"width\":129,\"height\":57,\"caption\":\"Orthex Group\"},\"image\":{\"@id\":\"https:\\\/\\\/investors.orthexgroup.com\\\/fi\\\/#\\\/schema\\\/logo\\\/image\\\/\"}}]}<\/script>\n<!-- \/ Yoast SEO plugin. -->","yoast_head_json":{"title":"Orthexin toimintaymp\u00e4rist\u00f6 - Orthex Group","description":"Tutustu Orthexin toimintaymp\u00e4rist\u00f6\u00f6n kodintuotemarkkinoilla. Vakaa ja pirstaloitunut markkina tarjoaa erinomaisia kasvu- ja laajentumismahdollisuuksia.","robots":{"index":"index","follow":"follow","max-snippet":"max-snippet:-1","max-image-preview":"max-image-preview:large","max-video-preview":"max-video-preview:-1"},"canonical":"https:\/\/investors.orthexgroup.com\/fi\/orthex-sijoituskohteena\/toimintaymparisto\/","og_locale":"fi_FI","og_type":"article","og_title":"Orthexin toimintaymp\u00e4rist\u00f6 - Orthex Group","og_description":"Tutustu Orthexin toimintaymp\u00e4rist\u00f6\u00f6n kodintuotemarkkinoilla. Vakaa ja pirstaloitunut markkina tarjoaa erinomaisia kasvu- ja laajentumismahdollisuuksia.","og_url":"https:\/\/investors.orthexgroup.com\/fi\/orthex-sijoituskohteena\/toimintaymparisto\/","og_site_name":"Orthex Group","article_modified_time":"2026-01-30T08:10:11+00:00","og_image":[{"width":401,"height":600,"url":"https:\/\/investors.orthexgroup.com\/wp-content\/uploads\/2025\/11\/GastroMax-Bio-Cutting-Board-Medium-1_600.jpg","type":"image\/jpeg"}],"twitter_card":"summary_large_image","twitter_misc":{"Arvioitu lukuaika":"3 minuuttia"},"schema":{"@context":"https:\/\/schema.org","@graph":[{"@type":"WebPage","@id":"https:\/\/investors.orthexgroup.com\/fi\/orthex-sijoituskohteena\/toimintaymparisto\/","url":"https:\/\/investors.orthexgroup.com\/fi\/orthex-sijoituskohteena\/toimintaymparisto\/","name":"Orthexin toimintaymp\u00e4rist\u00f6 - Orthex Group","isPartOf":{"@id":"https:\/\/investors.orthexgroup.com\/fi\/#website"},"primaryImageOfPage":{"@id":"https:\/\/investors.orthexgroup.com\/fi\/orthex-sijoituskohteena\/toimintaymparisto\/#primaryimage"},"image":{"@id":"https:\/\/investors.orthexgroup.com\/fi\/orthex-sijoituskohteena\/toimintaymparisto\/#primaryimage"},"thumbnailUrl":"https:\/\/investors.orthexgroup.com\/wp-content\/uploads\/2025\/11\/GastroMax-Bio-Cutting-Board-Medium-1_600.jpg","datePublished":"2021-03-15T07:53:53+00:00","dateModified":"2026-01-30T08:10:11+00:00","description":"Tutustu Orthexin toimintaymp\u00e4rist\u00f6\u00f6n kodintuotemarkkinoilla. Vakaa ja pirstaloitunut markkina tarjoaa erinomaisia kasvu- ja laajentumismahdollisuuksia.","breadcrumb":{"@id":"https:\/\/investors.orthexgroup.com\/fi\/orthex-sijoituskohteena\/toimintaymparisto\/#breadcrumb"},"inLanguage":"fi","potentialAction":[{"@type":"ReadAction","target":["https:\/\/investors.orthexgroup.com\/fi\/orthex-sijoituskohteena\/toimintaymparisto\/"]}]},{"@type":"ImageObject","inLanguage":"fi","@id":"https:\/\/investors.orthexgroup.com\/fi\/orthex-sijoituskohteena\/toimintaymparisto\/#primaryimage","url":"https:\/\/investors.orthexgroup.com\/wp-content\/uploads\/2025\/11\/GastroMax-Bio-Cutting-Board-Medium-1_600.jpg","contentUrl":"https:\/\/investors.orthexgroup.com\/wp-content\/uploads\/2025\/11\/GastroMax-Bio-Cutting-Board-Medium-1_600.jpg"},{"@type":"BreadcrumbList","@id":"https:\/\/investors.orthexgroup.com\/fi\/orthex-sijoituskohteena\/toimintaymparisto\/#breadcrumb","itemListElement":[{"@type":"ListItem","position":1,"name":"Etusivu","item":"https:\/\/investors.orthexgroup.com\/fi\/"},{"@type":"ListItem","position":2,"name":"Orthex sijoituskohteena","item":"https:\/\/investors.orthexgroup.com\/fi\/orthex-sijoituskohteena\/"},{"@type":"ListItem","position":3,"name":"Orthexin toimintaymp\u00e4rist\u00f6"}]},{"@type":"WebSite","@id":"https:\/\/investors.orthexgroup.com\/fi\/#website","url":"https:\/\/investors.orthexgroup.com\/fi\/","name":"Orthex Group","description":"Tietoa Orthex Group Oyn listautumisannista","publisher":{"@id":"https:\/\/investors.orthexgroup.com\/fi\/#organization"},"potentialAction":[{"@type":"SearchAction","target":{"@type":"EntryPoint","urlTemplate":"https:\/\/investors.orthexgroup.com\/fi\/?s={search_term_string}"},"query-input":{"@type":"PropertyValueSpecification","valueRequired":true,"valueName":"search_term_string"}}],"inLanguage":"fi"},{"@type":"Organization","@id":"https:\/\/investors.orthexgroup.com\/fi\/#organization","name":"Orthex Group","url":"https:\/\/investors.orthexgroup.com\/fi\/","logo":{"@type":"ImageObject","inLanguage":"fi","@id":"https:\/\/investors.orthexgroup.com\/fi\/#\/schema\/logo\/image\/","url":"https:\/\/investors.orthexgroup.com\/wp-content\/uploads\/2021\/01\/orthex-group-logo.svg","contentUrl":"https:\/\/investors.orthexgroup.com\/wp-content\/uploads\/2021\/01\/orthex-group-logo.svg","width":129,"height":57,"caption":"Orthex Group"},"image":{"@id":"https:\/\/investors.orthexgroup.com\/fi\/#\/schema\/logo\/image\/"}}]}},"_links":{"self":[{"href":"https:\/\/investors.orthexgroup.com\/fi\/wp-json\/wp\/v2\/pages\/668","targetHints":{"allow":["GET"]}}],"collection":[{"href":"https:\/\/investors.orthexgroup.com\/fi\/wp-json\/wp\/v2\/pages"}],"about":[{"href":"https:\/\/investors.orthexgroup.com\/fi\/wp-json\/wp\/v2\/types\/page"}],"author":[{"embeddable":true,"href":"https:\/\/investors.orthexgroup.com\/fi\/wp-json\/wp\/v2\/users\/1"}],"replies":[{"embeddable":true,"href":"https:\/\/investors.orthexgroup.com\/fi\/wp-json\/wp\/v2\/comments?post=668"}],"version-history":[{"count":8,"href":"https:\/\/investors.orthexgroup.com\/fi\/wp-json\/wp\/v2\/pages\/668\/revisions"}],"predecessor-version":[{"id":6313,"href":"https:\/\/investors.orthexgroup.com\/fi\/wp-json\/wp\/v2\/pages\/668\/revisions\/6313"}],"up":[{"embeddable":true,"href":"https:\/\/investors.orthexgroup.com\/fi\/wp-json\/wp\/v2\/pages\/661"}],"wp:attachment":[{"href":"https:\/\/investors.orthexgroup.com\/fi\/wp-json\/wp\/v2\/media?parent=668"}],"curies":[{"name":"wp","href":"https:\/\/api.w.org\/{rel}","templated":true}]}}