{"id":674,"date":"2021-03-15T09:53:53","date_gmt":"2021-03-15T07:53:53","guid":{"rendered":"https:\/\/investors.orthexgroup.com\/?page_id=674"},"modified":"2026-03-19T11:08:41","modified_gmt":"2026-03-19T09:08:41","slug":"vastuullisuus","status":"publish","type":"page","link":"https:\/\/investors.orthexgroup.com\/fi\/vastuullisuus\/","title":{"rendered":"Orthex ja vastuullisuus"},"content":{"rendered":"\n<p>Vastuullisuudella on keskeinen rooli Orthexin kasvustrategian ja t\u00e4rkeimpien tavoitteiden toteuttamisessa, kun tavoittelemme asemaa s\u00e4ilytyksen johtavana toimijana Euroopassa ja laadun, k\u00e4yt\u00e4nn\u00f6llisyyden ja kest\u00e4vyyden suunnann\u00e4ytt\u00e4j\u00e4n\u00e4 jokaisessa kodissa. Otamme ymp\u00e4rist\u00f6asiat ennakoivasti huomioon p\u00e4\u00e4t\u00f6ksenteossamme.<\/p>\n\n\n\n<p>L\u00e4hestymistapamme vastuullisuuteen perustuu kest\u00e4viin tuotteisiin, kierr\u00e4tettyihin ja uusiutuviin raaka-aineisiin, p\u00e4\u00e4st\u00f6jen v\u00e4hent\u00e4miseen, vastuulliseen hankintaan sek\u00e4 eettisiin liiketoimintak\u00e4yt\u00e4nt\u00f6ihin. V\u00e4lit\u00e4mme ty\u00f6ntekij\u00f6idemme, kumppaniemme ja toimittajiemme ty\u00f6ntekij\u00f6iden terveydest\u00e4 ja turvallisuudesta ja tavoittelemme tapaturmatonta ty\u00f6skentelykulttuuria.<\/p>\n\n\n\n<p>Orthexin vastuullisuusstrategia noudattaa ESG-rakennetta ja se vahvistetaan vuosittain kolmeksi vuodeksi eteenp\u00e4in. Vastuullisuusstrategiamme vuosille 2026\u20132028 ohjaa toimintaamme ja auttaa meit\u00e4 saavuttamaan kunnianhimoiset pitk\u00e4n aikav\u00e4lin vastuullisuustavoitteemme. Olemme p\u00e4ivitt\u00e4neet vastuullisuusstrategiaamme vuonna 2025 tehdyn kaksinkertaisen olennaisuuden arvioinnin tulosten perusteella. Keskitymme osa-alueisiin, joilla kest\u00e4vyyteen liittyv\u00e4t vaikutuksemme, riskimme ja mahdollisuutemme ovat suurimmat. Orthexin vastuullisuusstrategiaa, vastuullisuuden keskeisi\u00e4 osa-alueita ja niille asetettuja mittareita, tavoitteita ja saavutettuja tuloksia on kuvattu alla.<\/p>\n\n\n\n<h3 class=\"wp-block-heading\">Vastuullisuusstrategia<\/h3>\n\n\n\n<figure data-wp-context=\"{&quot;imageId&quot;:&quot;69e3ef82df3e2&quot;}\" data-wp-interactive=\"core\/image\" data-wp-key=\"69e3ef82df3e2\" class=\"wp-block-image alignwide size-full wp-lightbox-container\"><img loading=\"lazy\" decoding=\"async\" width=\"1600\" height=\"943\" data-wp-class--hide=\"state.isContentHidden\" data-wp-class--show=\"state.isContentVisible\" data-wp-init=\"callbacks.setButtonStyles\" data-wp-on--click=\"actions.showLightbox\" data-wp-on--load=\"callbacks.setButtonStyles\" data-wp-on-window--resize=\"callbacks.setButtonStyles\" src=\"https:\/\/investors.orthexgroup.com\/wp-content\/uploads\/2026\/03\/FI_Sustainability_Strategy.jpg\" alt=\"\" class=\"wp-image-6447\" srcset=\"https:\/\/investors.orthexgroup.com\/wp-content\/uploads\/2026\/03\/FI_Sustainability_Strategy.jpg 1600w, https:\/\/investors.orthexgroup.com\/wp-content\/uploads\/2026\/03\/FI_Sustainability_Strategy-300x177.jpg 300w, https:\/\/investors.orthexgroup.com\/wp-content\/uploads\/2026\/03\/FI_Sustainability_Strategy-1024x604.jpg 1024w, https:\/\/investors.orthexgroup.com\/wp-content\/uploads\/2026\/03\/FI_Sustainability_Strategy-768x453.jpg 768w, https:\/\/investors.orthexgroup.com\/wp-content\/uploads\/2026\/03\/FI_Sustainability_Strategy-1536x905.jpg 1536w, https:\/\/investors.orthexgroup.com\/wp-content\/uploads\/2026\/03\/FI_Sustainability_Strategy-458x270.jpg 458w, https:\/\/investors.orthexgroup.com\/wp-content\/uploads\/2026\/03\/FI_Sustainability_Strategy-848x500.jpg 848w, https:\/\/investors.orthexgroup.com\/wp-content\/uploads\/2026\/03\/FI_Sustainability_Strategy-260x153.jpg 260w\" sizes=\"auto, (max-width: 1600px) 100vw, 1600px\" \/><button\n\t\t\tclass=\"lightbox-trigger\"\n\t\t\ttype=\"button\"\n\t\t\taria-haspopup=\"dialog\"\n\t\t\taria-label=\"Suurenna\"\n\t\t\tdata-wp-init=\"callbacks.initTriggerButton\"\n\t\t\tdata-wp-on--click=\"actions.showLightbox\"\n\t\t\tdata-wp-style--right=\"state.imageButtonRight\"\n\t\t\tdata-wp-style--top=\"state.imageButtonTop\"\n\t\t>\n\t\t\t<svg xmlns=\"http:\/\/www.w3.org\/2000\/svg\" width=\"12\" height=\"12\" fill=\"none\" viewBox=\"0 0 12 12\">\n\t\t\t\t<path fill=\"#fff\" d=\"M2 0a2 2 0 0 0-2 2v2h1.5V2a.5.5 0 0 1 .5-.5h2V0H2Zm2 10.5H2a.5.5 0 0 1-.5-.5V8H0v2a2 2 0 0 0 2 2h2v-1.5ZM8 12v-1.5h2a.5.5 0 0 0 .5-.5V8H12v2a2 2 0 0 1-2 2H8Zm2-12a2 2 0 0 1 2 2v2h-1.5V2a.5.5 0 0 0-.5-.5H8V0h2Z\" \/>\n\t\t\t<\/svg>\n\t\t<\/button><\/figure>\n\n\n\n<h3 class=\"wp-block-heading\">Vastuullisuustavoitteet ja keskeiset mittarit<\/h3>\n\n\n\n<figure data-wp-context=\"{&quot;imageId&quot;:&quot;69e3ef82df97c&quot;}\" data-wp-interactive=\"core\/image\" data-wp-key=\"69e3ef82df97c\" class=\"wp-block-image alignwide size-full wp-lightbox-container\"><img loading=\"lazy\" decoding=\"async\" width=\"1600\" height=\"805\" data-wp-class--hide=\"state.isContentHidden\" data-wp-class--show=\"state.isContentVisible\" data-wp-init=\"callbacks.setButtonStyles\" data-wp-on--click=\"actions.showLightbox\" data-wp-on--load=\"callbacks.setButtonStyles\" data-wp-on-window--resize=\"callbacks.setButtonStyles\" src=\"https:\/\/investors.orthexgroup.com\/wp-content\/uploads\/2026\/03\/FI_KPI.jpg\" alt=\"\" class=\"wp-image-6451\" srcset=\"https:\/\/investors.orthexgroup.com\/wp-content\/uploads\/2026\/03\/FI_KPI.jpg 1600w, https:\/\/investors.orthexgroup.com\/wp-content\/uploads\/2026\/03\/FI_KPI-300x151.jpg 300w, https:\/\/investors.orthexgroup.com\/wp-content\/uploads\/2026\/03\/FI_KPI-1024x515.jpg 1024w, https:\/\/investors.orthexgroup.com\/wp-content\/uploads\/2026\/03\/FI_KPI-768x386.jpg 768w, https:\/\/investors.orthexgroup.com\/wp-content\/uploads\/2026\/03\/FI_KPI-1536x773.jpg 1536w, https:\/\/investors.orthexgroup.com\/wp-content\/uploads\/2026\/03\/FI_KPI-537x270.jpg 537w, https:\/\/investors.orthexgroup.com\/wp-content\/uploads\/2026\/03\/FI_KPI-994x500.jpg 994w, https:\/\/investors.orthexgroup.com\/wp-content\/uploads\/2026\/03\/FI_KPI-260x131.jpg 260w\" sizes=\"auto, (max-width: 1600px) 100vw, 1600px\" \/><button\n\t\t\tclass=\"lightbox-trigger\"\n\t\t\ttype=\"button\"\n\t\t\taria-haspopup=\"dialog\"\n\t\t\taria-label=\"Suurenna\"\n\t\t\tdata-wp-init=\"callbacks.initTriggerButton\"\n\t\t\tdata-wp-on--click=\"actions.showLightbox\"\n\t\t\tdata-wp-style--right=\"state.imageButtonRight\"\n\t\t\tdata-wp-style--top=\"state.imageButtonTop\"\n\t\t>\n\t\t\t<svg xmlns=\"http:\/\/www.w3.org\/2000\/svg\" width=\"12\" height=\"12\" fill=\"none\" viewBox=\"0 0 12 12\">\n\t\t\t\t<path fill=\"#fff\" d=\"M2 0a2 2 0 0 0-2 2v2h1.5V2a.5.5 0 0 1 .5-.5h2V0H2Zm2 10.5H2a.5.5 0 0 1-.5-.5V8H0v2a2 2 0 0 0 2 2h2v-1.5ZM8 12v-1.5h2a.5.5 0 0 0 .5-.5V8H12v2a2 2 0 0 1-2 2H8Zm2-12a2 2 0 0 1 2 2v2h-1.5V2a.5.5 0 0 0-.5-.5H8V0h2Z\" \/>\n\t\t\t<\/svg>\n\t\t<\/button><\/figure>\n\n\n<div class=\"custom-block image-and-text has-link\">\n   <div class=\"text\">\n        <h2 class=\"title\">Orthexin vuosi- ja vastuullisuusraportti 2025 <\/h2><div class=\"content\"><p>Vastuullisuusraporttimme noudattaa ESG-rakennetta ja kerromme Orthexin vastuullisuusty\u00f6n etenemisest\u00e4 ymp\u00e4rist\u00f6vastuun, sosiaalisen vastuun ja vastuullisuuden johtamisen n\u00e4k\u00f6kulmista sek\u00e4 saavuttamistamme tuloksista vastuullisuuden eri osa-alueilla.<\/p>\n<\/div>            <div class=\"link-wrap\">\n                <a href=\"https:\/\/investors.orthexgroup.com\/wp-content\/uploads\/2026\/03\/Orthex_Vuosi-_ja_vastuullisuusraportti_2025.pdf\" class=\"button link\" >Lue lis\u00e4\u00e4<\/a>            <\/div>\n            <\/div>\n    \n    <img decoding=\"async\" src=\"https:\/\/investors.orthexgroup.com\/wp-content\/uploads\/2026\/03\/FI_Orthex_AR_thumb_2025-240x300.jpg\" width=\"240\" height=\"300\" class=\"image\" alt=\"\" loading=\"lazy\"><\/div>\n\n\n\n<p>Lis\u00e4tietoja Orthexin vastuullisuusty\u00f6st\u00e4 l\u00f6yd\u00e4t alla olevista linkeist\u00e4.<\/p>\n\n\n<div class=\"custom-block link-boxes\">\n            <div class=\"links\">\n            <a class=\"box\" href=\"https:\/\/www.orthexgroup.fi\/content\/44-sustainability-at-orthex\"><h1 class=\"title\">Vastuullisuus Orthexissa<\/h1><span class=\"link\">Lue lis\u00e4\u00e4<\/span><\/a><a class=\"box\" href=\"https:\/\/www.orthexgroup.fi\/content\/45-environment\"><h1 class=\"title\">Ymp\u00e4rist\u00f6<\/h1><span class=\"link\">Lue lis\u00e4\u00e4<\/span><\/a><a class=\"box\" href=\"https:\/\/www.orthexgroup.fi\/content\/46-social-responsibility\"><h1 class=\"title\">Sosiaalinen vastuu<\/h1><span class=\"link\">Lue lis\u00e4\u00e4<\/span><\/a><a class=\"box\" href=\"https:\/\/www.orthexgroup.fi\/content\/47-economical\"><h1 class=\"title\">Vastuullisuuden johtaminen<\/h1><span class=\"link\">Lue lis\u00e4\u00e4<\/span><\/a>        <\/div>\n    <\/div>\n","protected":false},"excerpt":{"rendered":"<p>Vastuullisuudella on keskeinen rooli Orthexin kasvustrategian ja t\u00e4rkeimpien tavoitteiden toteuttamisessa, kun tavoittelemme asemaa s\u00e4ilytyksen johtavana&hellip;<\/p>\n","protected":false},"author":1,"featured_media":0,"parent":0,"menu_order":0,"comment_status":"closed","ping_status":"closed","template":"","meta":{"_acf_changed":false,"footnotes":""},"class_list":["post-674","page","type-page","status-publish","hentry"],"acf":[],"yoast_head":"<!-- This site is optimized with the Yoast SEO plugin v27.4 - https:\/\/yoast.com\/product\/yoast-seo-wordpress\/ -->\n<title>Orthex ja vastuullisuus - Orthex Group<\/title>\n<meta name=\"description\" content=\"Vastuullisuudella on keskeinen rooli Orthexin kasvustrategiassa. Vastuullisuusstrategiamme noudattaa ESG-rakennetta. Lue lis\u00e4\u00e4 t\u00e4\u00e4lt\u00e4.\" \/>\n<meta name=\"robots\" content=\"index, follow, max-snippet:-1, max-image-preview:large, max-video-preview:-1\" \/>\n<link rel=\"canonical\" href=\"https:\/\/investors.orthexgroup.com\/fi\/vastuullisuus\/\" \/>\n<meta property=\"og:locale\" content=\"fi_FI\" \/>\n<meta property=\"og:type\" content=\"article\" \/>\n<meta property=\"og:title\" content=\"Orthex ja vastuullisuus - Orthex Group\" \/>\n<meta property=\"og:description\" content=\"Vastuullisuudella on keskeinen rooli Orthexin kasvustrategiassa. Vastuullisuusstrategiamme noudattaa ESG-rakennetta. Lue lis\u00e4\u00e4 t\u00e4\u00e4lt\u00e4.\" \/>\n<meta property=\"og:url\" content=\"https:\/\/investors.orthexgroup.com\/fi\/vastuullisuus\/\" \/>\n<meta property=\"og:site_name\" content=\"Orthex Group\" \/>\n<meta property=\"article:modified_time\" content=\"2026-03-19T09:08:41+00:00\" \/>\n<meta property=\"og:image\" content=\"https:\/\/investors.orthexgroup.com\/wp-content\/uploads\/2026\/03\/FI_Sustainability_Strategy.jpg\" \/>\n\t<meta property=\"og:image:width\" content=\"1600\" \/>\n\t<meta property=\"og:image:height\" content=\"943\" \/>\n\t<meta property=\"og:image:type\" content=\"image\/jpeg\" \/>\n<meta name=\"twitter:card\" content=\"summary_large_image\" \/>\n<meta name=\"twitter:label1\" content=\"Arvioitu lukuaika\" \/>\n\t<meta name=\"twitter:data1\" content=\"2 minuuttia\" \/>\n<script type=\"application\/ld+json\" class=\"yoast-schema-graph\">{\"@context\":\"https:\\\/\\\/schema.org\",\"@graph\":[{\"@type\":\"WebPage\",\"@id\":\"https:\\\/\\\/investors.orthexgroup.com\\\/fi\\\/vastuullisuus\\\/\",\"url\":\"https:\\\/\\\/investors.orthexgroup.com\\\/fi\\\/vastuullisuus\\\/\",\"name\":\"Orthex ja vastuullisuus - Orthex Group\",\"isPartOf\":{\"@id\":\"https:\\\/\\\/investors.orthexgroup.com\\\/fi\\\/#website\"},\"primaryImageOfPage\":{\"@id\":\"https:\\\/\\\/investors.orthexgroup.com\\\/fi\\\/vastuullisuus\\\/#primaryimage\"},\"image\":{\"@id\":\"https:\\\/\\\/investors.orthexgroup.com\\\/fi\\\/vastuullisuus\\\/#primaryimage\"},\"thumbnailUrl\":\"https:\\\/\\\/investors.orthexgroup.com\\\/wp-content\\\/uploads\\\/2026\\\/03\\\/FI_Sustainability_Strategy.jpg\",\"datePublished\":\"2021-03-15T07:53:53+00:00\",\"dateModified\":\"2026-03-19T09:08:41+00:00\",\"description\":\"Vastuullisuudella on keskeinen rooli Orthexin kasvustrategiassa. Vastuullisuusstrategiamme noudattaa ESG-rakennetta. Lue lis\u00e4\u00e4 t\u00e4\u00e4lt\u00e4.\",\"breadcrumb\":{\"@id\":\"https:\\\/\\\/investors.orthexgroup.com\\\/fi\\\/vastuullisuus\\\/#breadcrumb\"},\"inLanguage\":\"fi\",\"potentialAction\":[{\"@type\":\"ReadAction\",\"target\":[\"https:\\\/\\\/investors.orthexgroup.com\\\/fi\\\/vastuullisuus\\\/\"]}]},{\"@type\":\"ImageObject\",\"inLanguage\":\"fi\",\"@id\":\"https:\\\/\\\/investors.orthexgroup.com\\\/fi\\\/vastuullisuus\\\/#primaryimage\",\"url\":\"https:\\\/\\\/investors.orthexgroup.com\\\/wp-content\\\/uploads\\\/2026\\\/03\\\/FI_Sustainability_Strategy.jpg\",\"contentUrl\":\"https:\\\/\\\/investors.orthexgroup.com\\\/wp-content\\\/uploads\\\/2026\\\/03\\\/FI_Sustainability_Strategy.jpg\"},{\"@type\":\"BreadcrumbList\",\"@id\":\"https:\\\/\\\/investors.orthexgroup.com\\\/fi\\\/vastuullisuus\\\/#breadcrumb\",\"itemListElement\":[{\"@type\":\"ListItem\",\"position\":1,\"name\":\"Etusivu\",\"item\":\"https:\\\/\\\/investors.orthexgroup.com\\\/fi\\\/\"},{\"@type\":\"ListItem\",\"position\":2,\"name\":\"Orthex ja vastuullisuus\"}]},{\"@type\":\"WebSite\",\"@id\":\"https:\\\/\\\/investors.orthexgroup.com\\\/fi\\\/#website\",\"url\":\"https:\\\/\\\/investors.orthexgroup.com\\\/fi\\\/\",\"name\":\"Orthex Group\",\"description\":\"Tietoa Orthex Group Oyn listautumisannista\",\"publisher\":{\"@id\":\"https:\\\/\\\/investors.orthexgroup.com\\\/fi\\\/#organization\"},\"potentialAction\":[{\"@type\":\"SearchAction\",\"target\":{\"@type\":\"EntryPoint\",\"urlTemplate\":\"https:\\\/\\\/investors.orthexgroup.com\\\/fi\\\/?s={search_term_string}\"},\"query-input\":{\"@type\":\"PropertyValueSpecification\",\"valueRequired\":true,\"valueName\":\"search_term_string\"}}],\"inLanguage\":\"fi\"},{\"@type\":\"Organization\",\"@id\":\"https:\\\/\\\/investors.orthexgroup.com\\\/fi\\\/#organization\",\"name\":\"Orthex Group\",\"url\":\"https:\\\/\\\/investors.orthexgroup.com\\\/fi\\\/\",\"logo\":{\"@type\":\"ImageObject\",\"inLanguage\":\"fi\",\"@id\":\"https:\\\/\\\/investors.orthexgroup.com\\\/fi\\\/#\\\/schema\\\/logo\\\/image\\\/\",\"url\":\"https:\\\/\\\/investors.orthexgroup.com\\\/wp-content\\\/uploads\\\/2021\\\/01\\\/orthex-group-logo.svg\",\"contentUrl\":\"https:\\\/\\\/investors.orthexgroup.com\\\/wp-content\\\/uploads\\\/2021\\\/01\\\/orthex-group-logo.svg\",\"width\":129,\"height\":57,\"caption\":\"Orthex Group\"},\"image\":{\"@id\":\"https:\\\/\\\/investors.orthexgroup.com\\\/fi\\\/#\\\/schema\\\/logo\\\/image\\\/\"}}]}<\/script>\n<!-- \/ Yoast SEO plugin. -->","yoast_head_json":{"title":"Orthex ja vastuullisuus - Orthex Group","description":"Vastuullisuudella on keskeinen rooli Orthexin kasvustrategiassa. Vastuullisuusstrategiamme noudattaa ESG-rakennetta. Lue lis\u00e4\u00e4 t\u00e4\u00e4lt\u00e4.","robots":{"index":"index","follow":"follow","max-snippet":"max-snippet:-1","max-image-preview":"max-image-preview:large","max-video-preview":"max-video-preview:-1"},"canonical":"https:\/\/investors.orthexgroup.com\/fi\/vastuullisuus\/","og_locale":"fi_FI","og_type":"article","og_title":"Orthex ja vastuullisuus - Orthex Group","og_description":"Vastuullisuudella on keskeinen rooli Orthexin kasvustrategiassa. Vastuullisuusstrategiamme noudattaa ESG-rakennetta. Lue lis\u00e4\u00e4 t\u00e4\u00e4lt\u00e4.","og_url":"https:\/\/investors.orthexgroup.com\/fi\/vastuullisuus\/","og_site_name":"Orthex Group","article_modified_time":"2026-03-19T09:08:41+00:00","og_image":[{"width":1600,"height":943,"url":"https:\/\/investors.orthexgroup.com\/wp-content\/uploads\/2026\/03\/FI_Sustainability_Strategy.jpg","type":"image\/jpeg"}],"twitter_card":"summary_large_image","twitter_misc":{"Arvioitu lukuaika":"2 minuuttia"},"schema":{"@context":"https:\/\/schema.org","@graph":[{"@type":"WebPage","@id":"https:\/\/investors.orthexgroup.com\/fi\/vastuullisuus\/","url":"https:\/\/investors.orthexgroup.com\/fi\/vastuullisuus\/","name":"Orthex ja vastuullisuus - Orthex Group","isPartOf":{"@id":"https:\/\/investors.orthexgroup.com\/fi\/#website"},"primaryImageOfPage":{"@id":"https:\/\/investors.orthexgroup.com\/fi\/vastuullisuus\/#primaryimage"},"image":{"@id":"https:\/\/investors.orthexgroup.com\/fi\/vastuullisuus\/#primaryimage"},"thumbnailUrl":"https:\/\/investors.orthexgroup.com\/wp-content\/uploads\/2026\/03\/FI_Sustainability_Strategy.jpg","datePublished":"2021-03-15T07:53:53+00:00","dateModified":"2026-03-19T09:08:41+00:00","description":"Vastuullisuudella on keskeinen rooli Orthexin kasvustrategiassa. Vastuullisuusstrategiamme noudattaa ESG-rakennetta. Lue lis\u00e4\u00e4 t\u00e4\u00e4lt\u00e4.","breadcrumb":{"@id":"https:\/\/investors.orthexgroup.com\/fi\/vastuullisuus\/#breadcrumb"},"inLanguage":"fi","potentialAction":[{"@type":"ReadAction","target":["https:\/\/investors.orthexgroup.com\/fi\/vastuullisuus\/"]}]},{"@type":"ImageObject","inLanguage":"fi","@id":"https:\/\/investors.orthexgroup.com\/fi\/vastuullisuus\/#primaryimage","url":"https:\/\/investors.orthexgroup.com\/wp-content\/uploads\/2026\/03\/FI_Sustainability_Strategy.jpg","contentUrl":"https:\/\/investors.orthexgroup.com\/wp-content\/uploads\/2026\/03\/FI_Sustainability_Strategy.jpg"},{"@type":"BreadcrumbList","@id":"https:\/\/investors.orthexgroup.com\/fi\/vastuullisuus\/#breadcrumb","itemListElement":[{"@type":"ListItem","position":1,"name":"Etusivu","item":"https:\/\/investors.orthexgroup.com\/fi\/"},{"@type":"ListItem","position":2,"name":"Orthex ja vastuullisuus"}]},{"@type":"WebSite","@id":"https:\/\/investors.orthexgroup.com\/fi\/#website","url":"https:\/\/investors.orthexgroup.com\/fi\/","name":"Orthex Group","description":"Tietoa Orthex Group Oyn listautumisannista","publisher":{"@id":"https:\/\/investors.orthexgroup.com\/fi\/#organization"},"potentialAction":[{"@type":"SearchAction","target":{"@type":"EntryPoint","urlTemplate":"https:\/\/investors.orthexgroup.com\/fi\/?s={search_term_string}"},"query-input":{"@type":"PropertyValueSpecification","valueRequired":true,"valueName":"search_term_string"}}],"inLanguage":"fi"},{"@type":"Organization","@id":"https:\/\/investors.orthexgroup.com\/fi\/#organization","name":"Orthex Group","url":"https:\/\/investors.orthexgroup.com\/fi\/","logo":{"@type":"ImageObject","inLanguage":"fi","@id":"https:\/\/investors.orthexgroup.com\/fi\/#\/schema\/logo\/image\/","url":"https:\/\/investors.orthexgroup.com\/wp-content\/uploads\/2021\/01\/orthex-group-logo.svg","contentUrl":"https:\/\/investors.orthexgroup.com\/wp-content\/uploads\/2021\/01\/orthex-group-logo.svg","width":129,"height":57,"caption":"Orthex Group"},"image":{"@id":"https:\/\/investors.orthexgroup.com\/fi\/#\/schema\/logo\/image\/"}}]}},"_links":{"self":[{"href":"https:\/\/investors.orthexgroup.com\/fi\/wp-json\/wp\/v2\/pages\/674","targetHints":{"allow":["GET"]}}],"collection":[{"href":"https:\/\/investors.orthexgroup.com\/fi\/wp-json\/wp\/v2\/pages"}],"about":[{"href":"https:\/\/investors.orthexgroup.com\/fi\/wp-json\/wp\/v2\/types\/page"}],"author":[{"embeddable":true,"href":"https:\/\/investors.orthexgroup.com\/fi\/wp-json\/wp\/v2\/users\/1"}],"replies":[{"embeddable":true,"href":"https:\/\/investors.orthexgroup.com\/fi\/wp-json\/wp\/v2\/comments?post=674"}],"version-history":[{"count":8,"href":"https:\/\/investors.orthexgroup.com\/fi\/wp-json\/wp\/v2\/pages\/674\/revisions"}],"predecessor-version":[{"id":6522,"href":"https:\/\/investors.orthexgroup.com\/fi\/wp-json\/wp\/v2\/pages\/674\/revisions\/6522"}],"wp:attachment":[{"href":"https:\/\/investors.orthexgroup.com\/fi\/wp-json\/wp\/v2\/media?parent=674"}],"curies":[{"name":"wp","href":"https:\/\/api.w.org\/{rel}","templated":true}]}}