{"id":683,"date":"2021-03-25T10:24:32","date_gmt":"2021-03-25T08:24:32","guid":{"rendered":"https:\/\/investors.orthexgroup.com\/?page_id=683"},"modified":"2026-03-05T09:15:09","modified_gmt":"2026-03-05T07:15:09","slug":"taloudelliset-tavoitteet","status":"publish","type":"page","link":"https:\/\/investors.orthexgroup.com\/fi\/taloustietoa\/taloudelliset-tavoitteet\/","title":{"rendered":"Orthexin taloudelliset tavoitteet"},"content":{"rendered":"\n<p>Orthexilla on seuraavat pitk\u00e4n aikav\u00e4lin taloudelliset tavoitteet:<\/p>\n\n\n\n<figure class=\"wp-block-table is-style-blue-table\"><table><thead><tr><th>Mittari<\/th><th>Tavoite<\/th><\/tr><\/thead><tbody><tr><td>Kasvu<\/td><td>Keskim\u00e4\u00e4r\u00e4inen liikevaihdon orgaaninen kasvu yli 5 prosenttia vuodessa<br>konsernitasolla ja yli 10 prosenttia Pohjoismaiden ulkopuolella (kasvu<br>paikallisessa valuutassa).<\/td><\/tr><tr><td>Kannattavuus<\/td><td>Oikaistu EBITA-marginaali ajan my\u00f6t\u00e4 yli 18 prosenttia (oikaistuna<br>vertailukelpoisuuteen vaikuttavilla erill\u00e4).<\/td><\/tr><tr><td>Velkaantumisaste<\/td><td>Nettovelan ja oikaistun EBITDA:n suhde (velkaantumisaste) alle 2,5x. Velkaantumisaste voi v\u00e4liaikaisesti ylitt\u00e4\u00e4 tavoitev\u00e4lin (esimerkiksi yritysostojen yhteydess\u00e4).<\/td><\/tr><tr><td>Osinkosuhde<\/td><td>Yhti\u00f6 pyrkii jakamaan vakaata ja ajan my\u00f6t\u00e4 kasvavaa osinkoa kaksi kertaa<br>vuodessa yhteens\u00e4 v\u00e4hint\u00e4\u00e4n 50 prosenttia nettotuloksesta.<\/td><\/tr><\/tbody><\/table><\/figure>\n\n\n<div class=\"custom-block numbers\">\n    <div class=\"container\">\n        <h2 class=\"block-title h2\">Viimeisin raportoitu<\/h2><div class=\"cols\"><div class=\"item\"><h3 class=\"number\">-2,8 %<\/h3><h4 class=\"subtitle\">Liikevaihdon kasvu konsernitasolla<\/h4><div class=\"content\"><p>Tavoite: Keskim\u00e4\u00e4r\u00e4inen liikevaihdon orgaaninen kasvu yli 5 prosenttia vuodessa konsernitasolla<\/p>\n<\/div><\/div><div class=\"item\"><h3 class=\"number\">-2,2%<\/h3><h4 class=\"subtitle\">Laskutetun myynnin kasvu Pohjoismaiden ulkopuolella<\/h4><div class=\"content\"><p>Tavoite: Keskim\u00e4\u00e4r\u00e4inen liikevaihdon orgaaninen kasvu yli 10 prosenttia vuodessa Pohjoismaiden ulkopuolella (kasvu paikallisessa valuutassa)<\/p>\n<\/div><\/div><div class=\"item\"><h3 class=\"number\">11,3 %<\/h3><h4 class=\"subtitle\">Oikaistu EBITA-marginaali<\/h4><div class=\"content\"><p>Tavoite: Oikaistu EBITA-marginaali ajan my\u00f6t\u00e4 yli 18 prosenttia (oikaistuna vertailukelpoisuuteen vaikuttavilla erill\u00e4)<\/p>\n<\/div><\/div><div class=\"item\"><h3 class=\"number\">1,1x<\/h3><h4 class=\"subtitle\">Velkaantumisaste<\/h4><div class=\"content\"><p>Tavoite: Nettovelan ja oikaistun EBITDA:n suhde (velkaantumisaste) alle 2,5x. Velkaantumisaste voi v\u00e4liaikaisesti ylitt\u00e4\u00e4 tavoitev\u00e4lin (esimerkiksi yritysostojen yhteydess\u00e4)<\/p>\n<\/div><\/div><div class=\"item\"><h3 class=\"number\">60,3 % (0,23 \u20ac\/osake), hallituksen ehdotus<\/h3><h4 class=\"subtitle\">Osinkosuhde<\/h4><div class=\"content\"><p>Tavoite: Yhti\u00f6 pyrkii jakamaan vakaata ja ajan my\u00f6t\u00e4 kasvavaa osinkoa kaksi kertaa vuodessa yhteens\u00e4 v\u00e4hint\u00e4\u00e4n 50 prosenttia nettotuloksesta<\/p>\n<\/div><\/div><\/div>    <\/div>\n<\/div>\n\n\n\n<p><\/p>\n\n\n\n<p>Tutustu tarkemmin <a href=\"https:\/\/investors.orthexgroup.com\/fi\/taloustietoa\/taloudelliset-tunnusluvut-2\/\">Orthexin taloudellisiin tunnuslukuihin t\u00e4st\u00e4<\/a>.<\/p>\n","protected":false},"excerpt":{"rendered":"<p>Orthexilla on seuraavat pitk\u00e4n aikav\u00e4lin taloudelliset tavoitteet: Mittari Tavoite Kasvu Keskim\u00e4\u00e4r\u00e4inen liikevaihdon orgaaninen kasvu yli&hellip;<\/p>\n","protected":false},"author":1,"featured_media":0,"parent":679,"menu_order":0,"comment_status":"closed","ping_status":"closed","template":"","meta":{"_acf_changed":false,"footnotes":""},"class_list":["post-683","page","type-page","status-publish","hentry"],"acf":[],"yoast_head":"<!-- This site is optimized with the Yoast SEO plugin v27.4 - https:\/\/yoast.com\/product\/yoast-seo-wordpress\/ -->\n<title>Orthex taloudelliset tavoitteet - Orthex Group<\/title>\n<meta name=\"description\" content=\"T\u00e4\u00e4lt\u00e4 l\u00f6yd\u00e4t tietoa Orthexin pitk\u00e4n aikav\u00e4lin taloudellisista tavoitteista kasvun, kannattavuuden, velkaantumisasteen ja osinkojen suhteen.\" \/>\n<meta name=\"robots\" content=\"index, follow, max-snippet:-1, max-image-preview:large, max-video-preview:-1\" \/>\n<link rel=\"canonical\" href=\"https:\/\/investors.orthexgroup.com\/fi\/taloustietoa\/taloudelliset-tavoitteet\/\" \/>\n<meta property=\"og:locale\" content=\"fi_FI\" \/>\n<meta property=\"og:type\" content=\"article\" \/>\n<meta property=\"og:title\" content=\"Orthex taloudelliset tavoitteet - Orthex Group\" \/>\n<meta property=\"og:description\" content=\"T\u00e4\u00e4lt\u00e4 l\u00f6yd\u00e4t tietoa Orthexin pitk\u00e4n aikav\u00e4lin taloudellisista tavoitteista kasvun, kannattavuuden, velkaantumisasteen ja osinkojen suhteen.\" \/>\n<meta property=\"og:url\" content=\"https:\/\/investors.orthexgroup.com\/fi\/taloustietoa\/taloudelliset-tavoitteet\/\" \/>\n<meta property=\"og:site_name\" content=\"Orthex Group\" \/>\n<meta property=\"article:modified_time\" content=\"2026-03-05T07:15:09+00:00\" \/>\n<meta name=\"twitter:card\" content=\"summary_large_image\" \/>\n<meta name=\"twitter:label1\" content=\"Arvioitu lukuaika\" \/>\n\t<meta name=\"twitter:data1\" content=\"2 minuuttia\" \/>\n<script type=\"application\/ld+json\" class=\"yoast-schema-graph\">{\"@context\":\"https:\\\/\\\/schema.org\",\"@graph\":[{\"@type\":\"WebPage\",\"@id\":\"https:\\\/\\\/investors.orthexgroup.com\\\/fi\\\/taloustietoa\\\/taloudelliset-tavoitteet\\\/\",\"url\":\"https:\\\/\\\/investors.orthexgroup.com\\\/fi\\\/taloustietoa\\\/taloudelliset-tavoitteet\\\/\",\"name\":\"Orthex taloudelliset tavoitteet - Orthex Group\",\"isPartOf\":{\"@id\":\"https:\\\/\\\/investors.orthexgroup.com\\\/fi\\\/#website\"},\"datePublished\":\"2021-03-25T08:24:32+00:00\",\"dateModified\":\"2026-03-05T07:15:09+00:00\",\"description\":\"T\u00e4\u00e4lt\u00e4 l\u00f6yd\u00e4t tietoa Orthexin pitk\u00e4n aikav\u00e4lin taloudellisista tavoitteista kasvun, kannattavuuden, velkaantumisasteen ja osinkojen suhteen.\",\"breadcrumb\":{\"@id\":\"https:\\\/\\\/investors.orthexgroup.com\\\/fi\\\/taloustietoa\\\/taloudelliset-tavoitteet\\\/#breadcrumb\"},\"inLanguage\":\"fi\",\"potentialAction\":[{\"@type\":\"ReadAction\",\"target\":[\"https:\\\/\\\/investors.orthexgroup.com\\\/fi\\\/taloustietoa\\\/taloudelliset-tavoitteet\\\/\"]}]},{\"@type\":\"BreadcrumbList\",\"@id\":\"https:\\\/\\\/investors.orthexgroup.com\\\/fi\\\/taloustietoa\\\/taloudelliset-tavoitteet\\\/#breadcrumb\",\"itemListElement\":[{\"@type\":\"ListItem\",\"position\":1,\"name\":\"Etusivu\",\"item\":\"https:\\\/\\\/investors.orthexgroup.com\\\/fi\\\/\"},{\"@type\":\"ListItem\",\"position\":2,\"name\":\"Taloustietoa\",\"item\":\"https:\\\/\\\/investors.orthexgroup.com\\\/fi\\\/taloustietoa\\\/\"},{\"@type\":\"ListItem\",\"position\":3,\"name\":\"Orthexin taloudelliset tavoitteet\"}]},{\"@type\":\"WebSite\",\"@id\":\"https:\\\/\\\/investors.orthexgroup.com\\\/fi\\\/#website\",\"url\":\"https:\\\/\\\/investors.orthexgroup.com\\\/fi\\\/\",\"name\":\"Orthex Group\",\"description\":\"Tietoa Orthex Group Oyn listautumisannista\",\"publisher\":{\"@id\":\"https:\\\/\\\/investors.orthexgroup.com\\\/fi\\\/#organization\"},\"potentialAction\":[{\"@type\":\"SearchAction\",\"target\":{\"@type\":\"EntryPoint\",\"urlTemplate\":\"https:\\\/\\\/investors.orthexgroup.com\\\/fi\\\/?s={search_term_string}\"},\"query-input\":{\"@type\":\"PropertyValueSpecification\",\"valueRequired\":true,\"valueName\":\"search_term_string\"}}],\"inLanguage\":\"fi\"},{\"@type\":\"Organization\",\"@id\":\"https:\\\/\\\/investors.orthexgroup.com\\\/fi\\\/#organization\",\"name\":\"Orthex Group\",\"url\":\"https:\\\/\\\/investors.orthexgroup.com\\\/fi\\\/\",\"logo\":{\"@type\":\"ImageObject\",\"inLanguage\":\"fi\",\"@id\":\"https:\\\/\\\/investors.orthexgroup.com\\\/fi\\\/#\\\/schema\\\/logo\\\/image\\\/\",\"url\":\"https:\\\/\\\/investors.orthexgroup.com\\\/wp-content\\\/uploads\\\/2021\\\/01\\\/orthex-group-logo.svg\",\"contentUrl\":\"https:\\\/\\\/investors.orthexgroup.com\\\/wp-content\\\/uploads\\\/2021\\\/01\\\/orthex-group-logo.svg\",\"width\":129,\"height\":57,\"caption\":\"Orthex Group\"},\"image\":{\"@id\":\"https:\\\/\\\/investors.orthexgroup.com\\\/fi\\\/#\\\/schema\\\/logo\\\/image\\\/\"}}]}<\/script>\n<!-- \/ Yoast SEO plugin. -->","yoast_head_json":{"title":"Orthex taloudelliset tavoitteet - Orthex Group","description":"T\u00e4\u00e4lt\u00e4 l\u00f6yd\u00e4t tietoa Orthexin pitk\u00e4n aikav\u00e4lin taloudellisista tavoitteista kasvun, kannattavuuden, velkaantumisasteen ja osinkojen suhteen.","robots":{"index":"index","follow":"follow","max-snippet":"max-snippet:-1","max-image-preview":"max-image-preview:large","max-video-preview":"max-video-preview:-1"},"canonical":"https:\/\/investors.orthexgroup.com\/fi\/taloustietoa\/taloudelliset-tavoitteet\/","og_locale":"fi_FI","og_type":"article","og_title":"Orthex taloudelliset tavoitteet - Orthex Group","og_description":"T\u00e4\u00e4lt\u00e4 l\u00f6yd\u00e4t tietoa Orthexin pitk\u00e4n aikav\u00e4lin taloudellisista tavoitteista kasvun, kannattavuuden, velkaantumisasteen ja osinkojen suhteen.","og_url":"https:\/\/investors.orthexgroup.com\/fi\/taloustietoa\/taloudelliset-tavoitteet\/","og_site_name":"Orthex Group","article_modified_time":"2026-03-05T07:15:09+00:00","twitter_card":"summary_large_image","twitter_misc":{"Arvioitu lukuaika":"2 minuuttia"},"schema":{"@context":"https:\/\/schema.org","@graph":[{"@type":"WebPage","@id":"https:\/\/investors.orthexgroup.com\/fi\/taloustietoa\/taloudelliset-tavoitteet\/","url":"https:\/\/investors.orthexgroup.com\/fi\/taloustietoa\/taloudelliset-tavoitteet\/","name":"Orthex taloudelliset tavoitteet - Orthex Group","isPartOf":{"@id":"https:\/\/investors.orthexgroup.com\/fi\/#website"},"datePublished":"2021-03-25T08:24:32+00:00","dateModified":"2026-03-05T07:15:09+00:00","description":"T\u00e4\u00e4lt\u00e4 l\u00f6yd\u00e4t tietoa Orthexin pitk\u00e4n aikav\u00e4lin taloudellisista tavoitteista kasvun, kannattavuuden, velkaantumisasteen ja osinkojen suhteen.","breadcrumb":{"@id":"https:\/\/investors.orthexgroup.com\/fi\/taloustietoa\/taloudelliset-tavoitteet\/#breadcrumb"},"inLanguage":"fi","potentialAction":[{"@type":"ReadAction","target":["https:\/\/investors.orthexgroup.com\/fi\/taloustietoa\/taloudelliset-tavoitteet\/"]}]},{"@type":"BreadcrumbList","@id":"https:\/\/investors.orthexgroup.com\/fi\/taloustietoa\/taloudelliset-tavoitteet\/#breadcrumb","itemListElement":[{"@type":"ListItem","position":1,"name":"Etusivu","item":"https:\/\/investors.orthexgroup.com\/fi\/"},{"@type":"ListItem","position":2,"name":"Taloustietoa","item":"https:\/\/investors.orthexgroup.com\/fi\/taloustietoa\/"},{"@type":"ListItem","position":3,"name":"Orthexin taloudelliset tavoitteet"}]},{"@type":"WebSite","@id":"https:\/\/investors.orthexgroup.com\/fi\/#website","url":"https:\/\/investors.orthexgroup.com\/fi\/","name":"Orthex Group","description":"Tietoa Orthex Group Oyn listautumisannista","publisher":{"@id":"https:\/\/investors.orthexgroup.com\/fi\/#organization"},"potentialAction":[{"@type":"SearchAction","target":{"@type":"EntryPoint","urlTemplate":"https:\/\/investors.orthexgroup.com\/fi\/?s={search_term_string}"},"query-input":{"@type":"PropertyValueSpecification","valueRequired":true,"valueName":"search_term_string"}}],"inLanguage":"fi"},{"@type":"Organization","@id":"https:\/\/investors.orthexgroup.com\/fi\/#organization","name":"Orthex Group","url":"https:\/\/investors.orthexgroup.com\/fi\/","logo":{"@type":"ImageObject","inLanguage":"fi","@id":"https:\/\/investors.orthexgroup.com\/fi\/#\/schema\/logo\/image\/","url":"https:\/\/investors.orthexgroup.com\/wp-content\/uploads\/2021\/01\/orthex-group-logo.svg","contentUrl":"https:\/\/investors.orthexgroup.com\/wp-content\/uploads\/2021\/01\/orthex-group-logo.svg","width":129,"height":57,"caption":"Orthex Group"},"image":{"@id":"https:\/\/investors.orthexgroup.com\/fi\/#\/schema\/logo\/image\/"}}]}},"_links":{"self":[{"href":"https:\/\/investors.orthexgroup.com\/fi\/wp-json\/wp\/v2\/pages\/683","targetHints":{"allow":["GET"]}}],"collection":[{"href":"https:\/\/investors.orthexgroup.com\/fi\/wp-json\/wp\/v2\/pages"}],"about":[{"href":"https:\/\/investors.orthexgroup.com\/fi\/wp-json\/wp\/v2\/types\/page"}],"author":[{"embeddable":true,"href":"https:\/\/investors.orthexgroup.com\/fi\/wp-json\/wp\/v2\/users\/1"}],"replies":[{"embeddable":true,"href":"https:\/\/investors.orthexgroup.com\/fi\/wp-json\/wp\/v2\/comments?post=683"}],"version-history":[{"count":8,"href":"https:\/\/investors.orthexgroup.com\/fi\/wp-json\/wp\/v2\/pages\/683\/revisions"}],"predecessor-version":[{"id":6379,"href":"https:\/\/investors.orthexgroup.com\/fi\/wp-json\/wp\/v2\/pages\/683\/revisions\/6379"}],"up":[{"embeddable":true,"href":"https:\/\/investors.orthexgroup.com\/fi\/wp-json\/wp\/v2\/pages\/679"}],"wp:attachment":[{"href":"https:\/\/investors.orthexgroup.com\/fi\/wp-json\/wp\/v2\/media?parent=683"}],"curies":[{"name":"wp","href":"https:\/\/api.w.org\/{rel}","templated":true}]}}