{"id":691,"date":"2021-03-10T09:47:13","date_gmt":"2021-03-10T07:47:13","guid":{"rendered":"https:\/\/investors.orthexgroup.com\/?page_id=691"},"modified":"2025-07-11T15:42:52","modified_gmt":"2025-07-11T12:42:52","slug":"hallinnointi","status":"publish","type":"page","link":"https:\/\/investors.orthexgroup.com\/fi\/hallinnointi\/","title":{"rendered":"Orthexin hallinnointi"},"content":{"rendered":"\n<p>Orthex on suomalainen julkinen osakeyhti\u00f6 ja sen kotipaikka on Helsinki. Yhti\u00f6n hallinnoinnissa ja johtamisessa noudatetaan Suomen lains\u00e4\u00e4d\u00e4nt\u00f6\u00e4, <a href=\"https:\/\/investors.orthexgroup.com\/fi\/hallinnointi\/yhtiojarjestys\/\" target=\"_blank\" rel=\"noreferrer noopener\">yhti\u00f6j\u00e4rjestyst\u00e4<\/a> sek\u00e4 yhti\u00f6n hallituksen vahvistamia hallinnointiperiaatteita.<\/p>\n\n\n\n<p>Yhti\u00f6 noudattaa Nasdaq Helsingin s\u00e4\u00e4nt\u00f6j\u00e4 ja suosituksia, mukaan lukien Arvopaperimarkkinayhdistyksen julkaisemaa Suomen listayhti\u00f6iden hallinnointikoodia, joka on saatavilla yhdistyksen verkkosivuilla osoitteessa <a href=\"https:\/\/www.cgfinland.fi\/\" target=\"_blank\" rel=\"noreferrer noopener\">https:\/\/www.cgfinland.fi\/<\/a>.<\/p>\n\n\n\n<p>Yhti\u00f6n hallintoelimet ovat <a href=\"https:\/\/investors.orthexgroup.com\/fi\/hallinnointi\/yhtiokokous\/\" target=\"_blank\" rel=\"noreferrer noopener\">yhti\u00f6kokous<\/a>, <a href=\"https:\/\/investors.orthexgroup.com\/fi\/hallinnointi\/hallitus\/\" target=\"_blank\" rel=\"noreferrer noopener\">hallitus<\/a> ja toimitusjohtaja, jotka vastaavat Orthexin hallinnosta ja toiminnoista. <a href=\"https:\/\/investors.orthexgroup.com\/fi\/hallinnointi\/johtoryhma\/\">Orthexin johtoryhm\u00e4<\/a> raportoi toimitusjohtajalle ja on vastuussa Orthexin toimintojen tehokkaasta johtamisesta. <a href=\"https:\/\/investors.orthexgroup.com\/fi\/osake\/osakkeenomistajat\/\" target=\"_blank\" rel=\"noreferrer noopener\">Osakkeenomistajat<\/a> osallistuvat yhti\u00f6n valvontaan ja hallintoon yhti\u00f6kokouksissa tehtyjen p\u00e4\u00e4t\u00f6ksien kautta.<\/p>\n","protected":false},"excerpt":{"rendered":"<p>Orthex on suomalainen julkinen osakeyhti\u00f6 ja sen kotipaikka on Helsinki. Yhti\u00f6n hallinnoinnissa ja johtamisessa noudatetaan&hellip;<\/p>\n","protected":false},"author":1,"featured_media":0,"parent":0,"menu_order":0,"comment_status":"closed","ping_status":"closed","template":"","meta":{"_acf_changed":false,"footnotes":""},"class_list":["post-691","page","type-page","status-publish","hentry"],"acf":[],"yoast_head":"<!-- This site is optimized with the Yoast SEO plugin v27.4 - https:\/\/yoast.com\/product\/yoast-seo-wordpress\/ -->\n<title>Orthexin hallinnointi - Orthex Group<\/title>\n<meta name=\"description\" content=\"Orthex on suomalainen julkinen osakeyhti\u00f6, jonka hallinnoinnissa noudatetaan lains\u00e4\u00e4d\u00e4nt\u00f6\u00e4, yhti\u00f6j\u00e4rjestyst\u00e4 ja hallinnointiperiaatteita.\" \/>\n<meta name=\"robots\" content=\"index, follow, max-snippet:-1, max-image-preview:large, max-video-preview:-1\" \/>\n<link rel=\"canonical\" href=\"https:\/\/investors.orthexgroup.com\/fi\/hallinnointi\/\" \/>\n<meta property=\"og:locale\" content=\"fi_FI\" \/>\n<meta property=\"og:type\" content=\"article\" \/>\n<meta property=\"og:title\" content=\"Orthexin hallinnointi - Orthex Group\" \/>\n<meta property=\"og:description\" content=\"Orthex on suomalainen julkinen osakeyhti\u00f6, jonka hallinnoinnissa noudatetaan lains\u00e4\u00e4d\u00e4nt\u00f6\u00e4, yhti\u00f6j\u00e4rjestyst\u00e4 ja hallinnointiperiaatteita.\" \/>\n<meta property=\"og:url\" content=\"https:\/\/investors.orthexgroup.com\/fi\/hallinnointi\/\" \/>\n<meta property=\"og:site_name\" content=\"Orthex Group\" \/>\n<meta property=\"article:modified_time\" content=\"2025-07-11T12:42:52+00:00\" \/>\n<meta name=\"twitter:card\" content=\"summary_large_image\" \/>\n<meta name=\"twitter:label1\" content=\"Arvioitu lukuaika\" \/>\n\t<meta name=\"twitter:data1\" content=\"1 minuutti\" \/>\n<script type=\"application\/ld+json\" class=\"yoast-schema-graph\">{\"@context\":\"https:\\\/\\\/schema.org\",\"@graph\":[{\"@type\":\"WebPage\",\"@id\":\"https:\\\/\\\/investors.orthexgroup.com\\\/fi\\\/hallinnointi\\\/\",\"url\":\"https:\\\/\\\/investors.orthexgroup.com\\\/fi\\\/hallinnointi\\\/\",\"name\":\"Orthexin hallinnointi - Orthex Group\",\"isPartOf\":{\"@id\":\"https:\\\/\\\/investors.orthexgroup.com\\\/fi\\\/#website\"},\"datePublished\":\"2021-03-10T07:47:13+00:00\",\"dateModified\":\"2025-07-11T12:42:52+00:00\",\"description\":\"Orthex on suomalainen julkinen osakeyhti\u00f6, jonka hallinnoinnissa noudatetaan lains\u00e4\u00e4d\u00e4nt\u00f6\u00e4, yhti\u00f6j\u00e4rjestyst\u00e4 ja hallinnointiperiaatteita.\",\"breadcrumb\":{\"@id\":\"https:\\\/\\\/investors.orthexgroup.com\\\/fi\\\/hallinnointi\\\/#breadcrumb\"},\"inLanguage\":\"fi\",\"potentialAction\":[{\"@type\":\"ReadAction\",\"target\":[\"https:\\\/\\\/investors.orthexgroup.com\\\/fi\\\/hallinnointi\\\/\"]}]},{\"@type\":\"BreadcrumbList\",\"@id\":\"https:\\\/\\\/investors.orthexgroup.com\\\/fi\\\/hallinnointi\\\/#breadcrumb\",\"itemListElement\":[{\"@type\":\"ListItem\",\"position\":1,\"name\":\"Etusivu\",\"item\":\"https:\\\/\\\/investors.orthexgroup.com\\\/fi\\\/\"},{\"@type\":\"ListItem\",\"position\":2,\"name\":\"Orthexin hallinnointi\"}]},{\"@type\":\"WebSite\",\"@id\":\"https:\\\/\\\/investors.orthexgroup.com\\\/fi\\\/#website\",\"url\":\"https:\\\/\\\/investors.orthexgroup.com\\\/fi\\\/\",\"name\":\"Orthex Group\",\"description\":\"Tietoa Orthex Group Oyn listautumisannista\",\"publisher\":{\"@id\":\"https:\\\/\\\/investors.orthexgroup.com\\\/fi\\\/#organization\"},\"potentialAction\":[{\"@type\":\"SearchAction\",\"target\":{\"@type\":\"EntryPoint\",\"urlTemplate\":\"https:\\\/\\\/investors.orthexgroup.com\\\/fi\\\/?s={search_term_string}\"},\"query-input\":{\"@type\":\"PropertyValueSpecification\",\"valueRequired\":true,\"valueName\":\"search_term_string\"}}],\"inLanguage\":\"fi\"},{\"@type\":\"Organization\",\"@id\":\"https:\\\/\\\/investors.orthexgroup.com\\\/fi\\\/#organization\",\"name\":\"Orthex Group\",\"url\":\"https:\\\/\\\/investors.orthexgroup.com\\\/fi\\\/\",\"logo\":{\"@type\":\"ImageObject\",\"inLanguage\":\"fi\",\"@id\":\"https:\\\/\\\/investors.orthexgroup.com\\\/fi\\\/#\\\/schema\\\/logo\\\/image\\\/\",\"url\":\"https:\\\/\\\/investors.orthexgroup.com\\\/wp-content\\\/uploads\\\/2021\\\/01\\\/orthex-group-logo.svg\",\"contentUrl\":\"https:\\\/\\\/investors.orthexgroup.com\\\/wp-content\\\/uploads\\\/2021\\\/01\\\/orthex-group-logo.svg\",\"width\":129,\"height\":57,\"caption\":\"Orthex Group\"},\"image\":{\"@id\":\"https:\\\/\\\/investors.orthexgroup.com\\\/fi\\\/#\\\/schema\\\/logo\\\/image\\\/\"}}]}<\/script>\n<!-- \/ Yoast SEO plugin. -->","yoast_head_json":{"title":"Orthexin hallinnointi - Orthex Group","description":"Orthex on suomalainen julkinen osakeyhti\u00f6, jonka hallinnoinnissa noudatetaan lains\u00e4\u00e4d\u00e4nt\u00f6\u00e4, yhti\u00f6j\u00e4rjestyst\u00e4 ja hallinnointiperiaatteita.","robots":{"index":"index","follow":"follow","max-snippet":"max-snippet:-1","max-image-preview":"max-image-preview:large","max-video-preview":"max-video-preview:-1"},"canonical":"https:\/\/investors.orthexgroup.com\/fi\/hallinnointi\/","og_locale":"fi_FI","og_type":"article","og_title":"Orthexin hallinnointi - Orthex Group","og_description":"Orthex on suomalainen julkinen osakeyhti\u00f6, jonka hallinnoinnissa noudatetaan lains\u00e4\u00e4d\u00e4nt\u00f6\u00e4, yhti\u00f6j\u00e4rjestyst\u00e4 ja hallinnointiperiaatteita.","og_url":"https:\/\/investors.orthexgroup.com\/fi\/hallinnointi\/","og_site_name":"Orthex Group","article_modified_time":"2025-07-11T12:42:52+00:00","twitter_card":"summary_large_image","twitter_misc":{"Arvioitu lukuaika":"1 minuutti"},"schema":{"@context":"https:\/\/schema.org","@graph":[{"@type":"WebPage","@id":"https:\/\/investors.orthexgroup.com\/fi\/hallinnointi\/","url":"https:\/\/investors.orthexgroup.com\/fi\/hallinnointi\/","name":"Orthexin hallinnointi - Orthex Group","isPartOf":{"@id":"https:\/\/investors.orthexgroup.com\/fi\/#website"},"datePublished":"2021-03-10T07:47:13+00:00","dateModified":"2025-07-11T12:42:52+00:00","description":"Orthex on suomalainen julkinen osakeyhti\u00f6, jonka hallinnoinnissa noudatetaan lains\u00e4\u00e4d\u00e4nt\u00f6\u00e4, yhti\u00f6j\u00e4rjestyst\u00e4 ja hallinnointiperiaatteita.","breadcrumb":{"@id":"https:\/\/investors.orthexgroup.com\/fi\/hallinnointi\/#breadcrumb"},"inLanguage":"fi","potentialAction":[{"@type":"ReadAction","target":["https:\/\/investors.orthexgroup.com\/fi\/hallinnointi\/"]}]},{"@type":"BreadcrumbList","@id":"https:\/\/investors.orthexgroup.com\/fi\/hallinnointi\/#breadcrumb","itemListElement":[{"@type":"ListItem","position":1,"name":"Etusivu","item":"https:\/\/investors.orthexgroup.com\/fi\/"},{"@type":"ListItem","position":2,"name":"Orthexin hallinnointi"}]},{"@type":"WebSite","@id":"https:\/\/investors.orthexgroup.com\/fi\/#website","url":"https:\/\/investors.orthexgroup.com\/fi\/","name":"Orthex Group","description":"Tietoa Orthex Group Oyn listautumisannista","publisher":{"@id":"https:\/\/investors.orthexgroup.com\/fi\/#organization"},"potentialAction":[{"@type":"SearchAction","target":{"@type":"EntryPoint","urlTemplate":"https:\/\/investors.orthexgroup.com\/fi\/?s={search_term_string}"},"query-input":{"@type":"PropertyValueSpecification","valueRequired":true,"valueName":"search_term_string"}}],"inLanguage":"fi"},{"@type":"Organization","@id":"https:\/\/investors.orthexgroup.com\/fi\/#organization","name":"Orthex Group","url":"https:\/\/investors.orthexgroup.com\/fi\/","logo":{"@type":"ImageObject","inLanguage":"fi","@id":"https:\/\/investors.orthexgroup.com\/fi\/#\/schema\/logo\/image\/","url":"https:\/\/investors.orthexgroup.com\/wp-content\/uploads\/2021\/01\/orthex-group-logo.svg","contentUrl":"https:\/\/investors.orthexgroup.com\/wp-content\/uploads\/2021\/01\/orthex-group-logo.svg","width":129,"height":57,"caption":"Orthex Group"},"image":{"@id":"https:\/\/investors.orthexgroup.com\/fi\/#\/schema\/logo\/image\/"}}]}},"_links":{"self":[{"href":"https:\/\/investors.orthexgroup.com\/fi\/wp-json\/wp\/v2\/pages\/691","targetHints":{"allow":["GET"]}}],"collection":[{"href":"https:\/\/investors.orthexgroup.com\/fi\/wp-json\/wp\/v2\/pages"}],"about":[{"href":"https:\/\/investors.orthexgroup.com\/fi\/wp-json\/wp\/v2\/types\/page"}],"author":[{"embeddable":true,"href":"https:\/\/investors.orthexgroup.com\/fi\/wp-json\/wp\/v2\/users\/1"}],"replies":[{"embeddable":true,"href":"https:\/\/investors.orthexgroup.com\/fi\/wp-json\/wp\/v2\/comments?post=691"}],"version-history":[{"count":5,"href":"https:\/\/investors.orthexgroup.com\/fi\/wp-json\/wp\/v2\/pages\/691\/revisions"}],"predecessor-version":[{"id":5874,"href":"https:\/\/investors.orthexgroup.com\/fi\/wp-json\/wp\/v2\/pages\/691\/revisions\/5874"}],"wp:attachment":[{"href":"https:\/\/investors.orthexgroup.com\/fi\/wp-json\/wp\/v2\/media?parent=691"}],"curies":[{"name":"wp","href":"https:\/\/api.w.org\/{rel}","templated":true}]}}