{"id":694,"date":"2021-03-15T09:55:39","date_gmt":"2021-03-15T07:55:39","guid":{"rendered":"https:\/\/investors.orthexgroup.com\/?page_id=694"},"modified":"2025-07-11T15:45:57","modified_gmt":"2025-07-11T12:45:57","slug":"yhtiojarjestys","status":"publish","type":"page","link":"https:\/\/investors.orthexgroup.com\/fi\/hallinnointi\/yhtiojarjestys\/","title":{"rendered":"Orthexin yhti\u00f6j\u00e4rjestys"},"content":{"rendered":"\n<p><strong>1 \u00a7 Yhti\u00f6n toiminimi<\/strong><\/p>\n\n\n\n<p>Yhti\u00f6n toiminimi on Orthex Oyj, englanniksi Orthex Corporation.<\/p>\n\n\n\n<p><strong>2 \u00a7 Yhti\u00f6n kotipaikka<\/strong><\/p>\n\n\n\n<p>Yhti\u00f6n kotipaikka on Espoo.<\/p>\n\n\n\n<p><strong>3 \u00a7 Yhti\u00f6n toimiala<\/strong><\/p>\n\n\n\n<p>Yhti\u00f6n toimialana on joko suoraan tai tyt\u00e4r- tai osakkuusyhti\u00f6idens\u00e4 v\u00e4lityksell\u00e4 valmistaa, markkinoida ja myyd\u00e4 kodin k\u00e4ytt\u00f6tavaroita. Lis\u00e4ksi yhti\u00f6 voi itse ja\/tai tyt\u00e4r- tai osakkuusyhti\u00f6idens\u00e4 v\u00e4lityksell\u00e4 harjoittaa kiinteist\u00f6jen ja arvopapereiden ostamista, myynti\u00e4, omistamista ja hallintaa. Yhti\u00f6 voi emoyhti\u00f6n\u00e4 huolehtia konsernin organisaatiosta, rahoituksesta, ostoista ja muista sen kaltaisista yhteisist\u00e4 teht\u00e4vist\u00e4 sek\u00e4 omistaa kiinteist\u00f6j\u00e4, osakkeita ja osuuksia sek\u00e4 harjoittaa arvopaperi- tai yrityskauppaa ja muuta sijoitustoimintaa.<\/p>\n\n\n\n<p><strong>4 \u00a7 Tilikausi<\/strong><\/p>\n\n\n\n<p>Yhti\u00f6n tilikausi alkaa 1.1. ja p\u00e4\u00e4ttyy 31.12.<\/p>\n\n\n\n<p><strong>5 \u00a7 Arvo-osuusj\u00e4rjestelm\u00e4<\/strong><\/p>\n\n\n\n<p>Yhti\u00f6n osakkeet kuuluvat arvo-osuusj\u00e4rjestelm\u00e4\u00e4n.<\/p>\n\n\n\n<p><strong>6 \u00a7 Hallitus<\/strong><\/p>\n\n\n\n<p>Yhti\u00f6n hallitukseen kuuluu v\u00e4hint\u00e4\u00e4n nelj\u00e4 (4) ja enint\u00e4\u00e4n kahdeksan (8) j\u00e4sent\u00e4. Hallituksen j\u00e4senen toimikausi p\u00e4\u00e4ttyy h\u00e4nen valintaansa seuraavan varsinaisen yhti\u00f6kokouksen p\u00e4\u00e4ttyess\u00e4. Hallitus valitsee keskuudestaan puheenjohtajan.<\/p>\n\n\n\n<p><strong>7 \u00a7 Toimitusjohtaja<\/strong><\/p>\n\n\n\n<p>Yhti\u00f6ll\u00e4 on toimitusjohtaja, jonka nimitt\u00e4\u00e4 hallitus.<\/p>\n\n\n\n<p><strong>8 \u00a7 Edustaminen<\/strong><\/p>\n\n\n\n<p>Yhti\u00f6t\u00e4 edustavat hallituksen j\u00e4senet ja toimitusjohtaja kaksi (2) yhdess\u00e4. Hallitus voi lis\u00e4ksi antaa hallituksen j\u00e4senelle, toimitusjohtajalle ja muille nimetyille henkil\u00f6ille oikeuden edustaa yhti\u00f6t\u00e4.<\/p>\n\n\n\n<p><strong>9 \u00a7 Tilintarkastaja<\/strong><\/p>\n\n\n\n<p>Yhti\u00f6n tilintarkastajana on Patentti- ja rekisterihallituksen hyv\u00e4ksym\u00e4 tilintarkastusyhteis\u00f6. Tilintarkastajan toimikausi p\u00e4\u00e4ttyy valintaa seuraavan varsinaisen yhti\u00f6kokouksen p\u00e4\u00e4ttyess\u00e4.<\/p>\n\n\n\n<p><strong>10 \u00a7 Yhti\u00f6kokouskutsu, ilmoittautuminen yhti\u00f6kokoukseen ja yhti\u00f6kokouksen kokouspaikka<\/strong><\/p>\n\n\n\n<p>Kutsu yhti\u00f6kokoukseen on toimitettava osakkeenomistajille julkaisemalla kutsu yhti\u00f6n internet-sivuilla tai yhdess\u00e4 tai useammassa hallituksen nime\u00e4m\u00e4ss\u00e4 laajalevikkisess\u00e4 p\u00e4iv\u00e4lehdess\u00e4 aikaisintaan kolme (3) kuukautta ja viimeist\u00e4\u00e4n kolme (3) viikkoa ennen kokousta, mutta kuitenkin v\u00e4hint\u00e4\u00e4n yhdeks\u00e4n (9) p\u00e4iv\u00e4\u00e4 ennen osakeyhti\u00f6lain 5 luvun 6 a pyk\u00e4l\u00e4ss\u00e4 tarkoitettua yhti\u00f6kokouksen t\u00e4sm\u00e4ytysp\u00e4iv\u00e4\u00e4.<\/p>\n\n\n\n<p>Saadakseen osallistua yhti\u00f6kokoukseen osakkeenomistajan on ilmoittauduttava yhti\u00f6lle viimeist\u00e4\u00e4n kokouskutsussa mainittuna p\u00e4iv\u00e4n\u00e4, joka voi olla aikaisintaan kymmenen (10) p\u00e4iv\u00e4\u00e4 ennen yhti\u00f6kokousta.<\/p>\n\n\n\n<p>Yhti\u00f6kokous on pidett\u00e4v\u00e4 Helsingiss\u00e4, Espoossa tai Lohjalla. Hallitus voi kuitenkin p\u00e4\u00e4tt\u00e4\u00e4, ett\u00e4 yhti\u00f6kokous j\u00e4rjestet\u00e4\u00e4n ilman kokouspaikkaa siten, ett\u00e4 osakkeenomistajat k\u00e4ytt\u00e4v\u00e4t p\u00e4\u00e4t\u00f6svaltaansa kokouksen aikana t\u00e4ysim\u00e4\u00e4r\u00e4isesti ja ajantasaisesti tietoliikenneyhteyden ja teknisen apuv\u00e4lineen avulla (et\u00e4kokous).<\/p>\n\n\n\n<p><strong>11 \u00a7 Varsinainen yhti\u00f6kokous<\/strong><\/p>\n\n\n\n<p>Yhti\u00f6n varsinainen yhti\u00f6kokous on pidett\u00e4v\u00e4 kuuden (6) kuukauden kuluessa tilikauden p\u00e4\u00e4ttymisest\u00e4.<\/p>\n\n\n\n<p>Kokouksessa on:<\/p>\n\n\n\n<p>esitett\u00e4v\u00e4<\/p>\n\n\n\n<p>1.&nbsp;tilinp\u00e4\u00e4t\u00f6s, joka sis\u00e4lt\u00e4\u00e4 konsernitilinp\u00e4\u00e4t\u00f6ksen, ja toimintakertomus;<\/p>\n\n\n\n<p>2.&nbsp;tilintarkastuskertomus;<\/p>\n\n\n\n<p>p\u00e4\u00e4tett\u00e4v\u00e4<\/p>\n\n\n\n<p>3. tilinp\u00e4\u00e4t\u00f6ksen vahvistamisesta;<\/p>\n\n\n\n<p>4. taseen osoittaman voiton k\u00e4ytt\u00e4misest\u00e4;<\/p>\n\n\n\n<p>5.&nbsp;vastuuvapaudesta hallituksen j\u00e4senille ja toimitusjohtajalle;<\/p>\n\n\n\n<p>6.&nbsp;hallituksen j\u00e4senten ja tilintarkastajien palkkioista;<\/p>\n\n\n\n<p>7.&nbsp;hallituksen j\u00e4senten lukum\u00e4\u00e4r\u00e4st\u00e4;<\/p>\n\n\n\n<p>valittava<\/p>\n\n\n\n<p>8. hallituksen j\u00e4senet; sek\u00e4<\/p>\n\n\n\n<p>9. tilintarkastaja.<\/p>\n","protected":false},"excerpt":{"rendered":"<p>1 \u00a7 Yhti\u00f6n toiminimi Yhti\u00f6n toiminimi on Orthex Oyj, englanniksi Orthex Corporation. 2 \u00a7 Yhti\u00f6n&hellip;<\/p>\n","protected":false},"author":1,"featured_media":0,"parent":691,"menu_order":0,"comment_status":"closed","ping_status":"closed","template":"","meta":{"_acf_changed":false,"footnotes":""},"class_list":["post-694","page","type-page","status-publish","hentry"],"acf":[],"yoast_head":"<!-- This site is optimized with the Yoast SEO plugin v27.4 - https:\/\/yoast.com\/product\/yoast-seo-wordpress\/ -->\n<title>Orthexin yhti\u00f6j\u00e4rjestys - Orthex Group<\/title>\n<meta name=\"description\" content=\"Tutustu t\u00e4\u00e4ll\u00e4 Orthex Oyj:n yhti\u00f6j\u00e4rjestykseen.\" \/>\n<meta name=\"robots\" content=\"index, follow, max-snippet:-1, max-image-preview:large, max-video-preview:-1\" \/>\n<link rel=\"canonical\" href=\"https:\/\/investors.orthexgroup.com\/fi\/hallinnointi\/yhtiojarjestys\/\" \/>\n<meta property=\"og:locale\" content=\"fi_FI\" \/>\n<meta property=\"og:type\" content=\"article\" \/>\n<meta property=\"og:title\" content=\"Orthexin yhti\u00f6j\u00e4rjestys - Orthex Group\" \/>\n<meta property=\"og:description\" content=\"Tutustu t\u00e4\u00e4ll\u00e4 Orthex Oyj:n yhti\u00f6j\u00e4rjestykseen.\" \/>\n<meta property=\"og:url\" content=\"https:\/\/investors.orthexgroup.com\/fi\/hallinnointi\/yhtiojarjestys\/\" \/>\n<meta property=\"og:site_name\" content=\"Orthex Group\" \/>\n<meta property=\"article:modified_time\" content=\"2025-07-11T12:45:57+00:00\" \/>\n<meta name=\"twitter:card\" content=\"summary_large_image\" \/>\n<meta name=\"twitter:label1\" content=\"Arvioitu lukuaika\" \/>\n\t<meta name=\"twitter:data1\" content=\"2 minuuttia\" \/>\n<script type=\"application\/ld+json\" class=\"yoast-schema-graph\">{\"@context\":\"https:\\\/\\\/schema.org\",\"@graph\":[{\"@type\":\"WebPage\",\"@id\":\"https:\\\/\\\/investors.orthexgroup.com\\\/fi\\\/hallinnointi\\\/yhtiojarjestys\\\/\",\"url\":\"https:\\\/\\\/investors.orthexgroup.com\\\/fi\\\/hallinnointi\\\/yhtiojarjestys\\\/\",\"name\":\"Orthexin yhti\u00f6j\u00e4rjestys - Orthex Group\",\"isPartOf\":{\"@id\":\"https:\\\/\\\/investors.orthexgroup.com\\\/fi\\\/#website\"},\"datePublished\":\"2021-03-15T07:55:39+00:00\",\"dateModified\":\"2025-07-11T12:45:57+00:00\",\"description\":\"Tutustu t\u00e4\u00e4ll\u00e4 Orthex Oyj:n yhti\u00f6j\u00e4rjestykseen.\",\"breadcrumb\":{\"@id\":\"https:\\\/\\\/investors.orthexgroup.com\\\/fi\\\/hallinnointi\\\/yhtiojarjestys\\\/#breadcrumb\"},\"inLanguage\":\"fi\",\"potentialAction\":[{\"@type\":\"ReadAction\",\"target\":[\"https:\\\/\\\/investors.orthexgroup.com\\\/fi\\\/hallinnointi\\\/yhtiojarjestys\\\/\"]}]},{\"@type\":\"BreadcrumbList\",\"@id\":\"https:\\\/\\\/investors.orthexgroup.com\\\/fi\\\/hallinnointi\\\/yhtiojarjestys\\\/#breadcrumb\",\"itemListElement\":[{\"@type\":\"ListItem\",\"position\":1,\"name\":\"Etusivu\",\"item\":\"https:\\\/\\\/investors.orthexgroup.com\\\/fi\\\/\"},{\"@type\":\"ListItem\",\"position\":2,\"name\":\"Orthexin hallinnointi\",\"item\":\"https:\\\/\\\/investors.orthexgroup.com\\\/fi\\\/hallinnointi\\\/\"},{\"@type\":\"ListItem\",\"position\":3,\"name\":\"Orthexin yhti\u00f6j\u00e4rjestys\"}]},{\"@type\":\"WebSite\",\"@id\":\"https:\\\/\\\/investors.orthexgroup.com\\\/fi\\\/#website\",\"url\":\"https:\\\/\\\/investors.orthexgroup.com\\\/fi\\\/\",\"name\":\"Orthex Group\",\"description\":\"Tietoa Orthex Group Oyn listautumisannista\",\"publisher\":{\"@id\":\"https:\\\/\\\/investors.orthexgroup.com\\\/fi\\\/#organization\"},\"potentialAction\":[{\"@type\":\"SearchAction\",\"target\":{\"@type\":\"EntryPoint\",\"urlTemplate\":\"https:\\\/\\\/investors.orthexgroup.com\\\/fi\\\/?s={search_term_string}\"},\"query-input\":{\"@type\":\"PropertyValueSpecification\",\"valueRequired\":true,\"valueName\":\"search_term_string\"}}],\"inLanguage\":\"fi\"},{\"@type\":\"Organization\",\"@id\":\"https:\\\/\\\/investors.orthexgroup.com\\\/fi\\\/#organization\",\"name\":\"Orthex Group\",\"url\":\"https:\\\/\\\/investors.orthexgroup.com\\\/fi\\\/\",\"logo\":{\"@type\":\"ImageObject\",\"inLanguage\":\"fi\",\"@id\":\"https:\\\/\\\/investors.orthexgroup.com\\\/fi\\\/#\\\/schema\\\/logo\\\/image\\\/\",\"url\":\"https:\\\/\\\/investors.orthexgroup.com\\\/wp-content\\\/uploads\\\/2021\\\/01\\\/orthex-group-logo.svg\",\"contentUrl\":\"https:\\\/\\\/investors.orthexgroup.com\\\/wp-content\\\/uploads\\\/2021\\\/01\\\/orthex-group-logo.svg\",\"width\":129,\"height\":57,\"caption\":\"Orthex Group\"},\"image\":{\"@id\":\"https:\\\/\\\/investors.orthexgroup.com\\\/fi\\\/#\\\/schema\\\/logo\\\/image\\\/\"}}]}<\/script>\n<!-- \/ Yoast SEO plugin. -->","yoast_head_json":{"title":"Orthexin yhti\u00f6j\u00e4rjestys - Orthex Group","description":"Tutustu t\u00e4\u00e4ll\u00e4 Orthex Oyj:n yhti\u00f6j\u00e4rjestykseen.","robots":{"index":"index","follow":"follow","max-snippet":"max-snippet:-1","max-image-preview":"max-image-preview:large","max-video-preview":"max-video-preview:-1"},"canonical":"https:\/\/investors.orthexgroup.com\/fi\/hallinnointi\/yhtiojarjestys\/","og_locale":"fi_FI","og_type":"article","og_title":"Orthexin yhti\u00f6j\u00e4rjestys - Orthex Group","og_description":"Tutustu t\u00e4\u00e4ll\u00e4 Orthex Oyj:n yhti\u00f6j\u00e4rjestykseen.","og_url":"https:\/\/investors.orthexgroup.com\/fi\/hallinnointi\/yhtiojarjestys\/","og_site_name":"Orthex Group","article_modified_time":"2025-07-11T12:45:57+00:00","twitter_card":"summary_large_image","twitter_misc":{"Arvioitu lukuaika":"2 minuuttia"},"schema":{"@context":"https:\/\/schema.org","@graph":[{"@type":"WebPage","@id":"https:\/\/investors.orthexgroup.com\/fi\/hallinnointi\/yhtiojarjestys\/","url":"https:\/\/investors.orthexgroup.com\/fi\/hallinnointi\/yhtiojarjestys\/","name":"Orthexin yhti\u00f6j\u00e4rjestys - Orthex Group","isPartOf":{"@id":"https:\/\/investors.orthexgroup.com\/fi\/#website"},"datePublished":"2021-03-15T07:55:39+00:00","dateModified":"2025-07-11T12:45:57+00:00","description":"Tutustu t\u00e4\u00e4ll\u00e4 Orthex Oyj:n yhti\u00f6j\u00e4rjestykseen.","breadcrumb":{"@id":"https:\/\/investors.orthexgroup.com\/fi\/hallinnointi\/yhtiojarjestys\/#breadcrumb"},"inLanguage":"fi","potentialAction":[{"@type":"ReadAction","target":["https:\/\/investors.orthexgroup.com\/fi\/hallinnointi\/yhtiojarjestys\/"]}]},{"@type":"BreadcrumbList","@id":"https:\/\/investors.orthexgroup.com\/fi\/hallinnointi\/yhtiojarjestys\/#breadcrumb","itemListElement":[{"@type":"ListItem","position":1,"name":"Etusivu","item":"https:\/\/investors.orthexgroup.com\/fi\/"},{"@type":"ListItem","position":2,"name":"Orthexin hallinnointi","item":"https:\/\/investors.orthexgroup.com\/fi\/hallinnointi\/"},{"@type":"ListItem","position":3,"name":"Orthexin yhti\u00f6j\u00e4rjestys"}]},{"@type":"WebSite","@id":"https:\/\/investors.orthexgroup.com\/fi\/#website","url":"https:\/\/investors.orthexgroup.com\/fi\/","name":"Orthex Group","description":"Tietoa Orthex Group Oyn listautumisannista","publisher":{"@id":"https:\/\/investors.orthexgroup.com\/fi\/#organization"},"potentialAction":[{"@type":"SearchAction","target":{"@type":"EntryPoint","urlTemplate":"https:\/\/investors.orthexgroup.com\/fi\/?s={search_term_string}"},"query-input":{"@type":"PropertyValueSpecification","valueRequired":true,"valueName":"search_term_string"}}],"inLanguage":"fi"},{"@type":"Organization","@id":"https:\/\/investors.orthexgroup.com\/fi\/#organization","name":"Orthex Group","url":"https:\/\/investors.orthexgroup.com\/fi\/","logo":{"@type":"ImageObject","inLanguage":"fi","@id":"https:\/\/investors.orthexgroup.com\/fi\/#\/schema\/logo\/image\/","url":"https:\/\/investors.orthexgroup.com\/wp-content\/uploads\/2021\/01\/orthex-group-logo.svg","contentUrl":"https:\/\/investors.orthexgroup.com\/wp-content\/uploads\/2021\/01\/orthex-group-logo.svg","width":129,"height":57,"caption":"Orthex Group"},"image":{"@id":"https:\/\/investors.orthexgroup.com\/fi\/#\/schema\/logo\/image\/"}}]}},"_links":{"self":[{"href":"https:\/\/investors.orthexgroup.com\/fi\/wp-json\/wp\/v2\/pages\/694","targetHints":{"allow":["GET"]}}],"collection":[{"href":"https:\/\/investors.orthexgroup.com\/fi\/wp-json\/wp\/v2\/pages"}],"about":[{"href":"https:\/\/investors.orthexgroup.com\/fi\/wp-json\/wp\/v2\/types\/page"}],"author":[{"embeddable":true,"href":"https:\/\/investors.orthexgroup.com\/fi\/wp-json\/wp\/v2\/users\/1"}],"replies":[{"embeddable":true,"href":"https:\/\/investors.orthexgroup.com\/fi\/wp-json\/wp\/v2\/comments?post=694"}],"version-history":[{"count":5,"href":"https:\/\/investors.orthexgroup.com\/fi\/wp-json\/wp\/v2\/pages\/694\/revisions"}],"predecessor-version":[{"id":5876,"href":"https:\/\/investors.orthexgroup.com\/fi\/wp-json\/wp\/v2\/pages\/694\/revisions\/5876"}],"up":[{"embeddable":true,"href":"https:\/\/investors.orthexgroup.com\/fi\/wp-json\/wp\/v2\/pages\/691"}],"wp:attachment":[{"href":"https:\/\/investors.orthexgroup.com\/fi\/wp-json\/wp\/v2\/media?parent=694"}],"curies":[{"name":"wp","href":"https:\/\/api.w.org\/{rel}","templated":true}]}}