{"id":696,"date":"2021-03-15T09:55:39","date_gmt":"2021-03-15T07:55:39","guid":{"rendered":"https:\/\/investors.orthexgroup.com\/?page_id=696"},"modified":"2026-04-14T14:46:50","modified_gmt":"2026-04-14T11:46:50","slug":"yhtiokokous","status":"publish","type":"page","link":"https:\/\/investors.orthexgroup.com\/fi\/hallinnointi\/yhtiokokous\/","title":{"rendered":"Orthex Oyj:n yhti\u00f6kokous"},"content":{"rendered":"\n<p>Osakeyhti\u00f6lain mukaan osakkeenomistajat k\u00e4ytt\u00e4v\u00e4t p\u00e4\u00e4t\u00f6svaltaansa yhti\u00f6kokouksissa. Osakeyhti\u00f6lain mukaan yhti\u00f6n varsinainen yhti\u00f6kokous on pidett\u00e4v\u00e4 vuosittain kuuden kuukauden kuluessa tilikauden p\u00e4\u00e4ttymisest\u00e4. Ylim\u00e4\u00e4r\u00e4inen yhti\u00f6kokous on kutsuttava koolle tiettyjen asioiden k\u00e4sittely\u00e4 varten silloin, kun hallitus pit\u00e4\u00e4 sit\u00e4 tarpeellisena tai kun yhti\u00f6n tilintarkastaja tai osakkeenomistajat, jotka edustavat yhdess\u00e4 v\u00e4hint\u00e4\u00e4n yht\u00e4 kymmenesosaa kaikista yhti\u00f6n liikkeeseen laskemista ja ulkona olevista osakkeista, sit\u00e4 kirjallisesti vaativat.<\/p>\n\n\n\n<p>Yhti\u00f6kokous p\u00e4\u00e4tt\u00e4\u00e4 muun muassa:<\/p>\n\n\n\n<ul class=\"wp-block-list\">\n<li>tilinp\u00e4\u00e4t\u00f6ksen vahvistamisesta, joka k\u00e4sitt\u00e4\u00e4 tuloslaskelman, taseen ja rahavirtalaskelman sek\u00e4 konsernitilinp\u00e4\u00e4t\u00f6ksen liitetietoineen<\/li>\n\n\n\n<li>osinkojen jakamisesta<\/li>\n\n\n\n<li>vastuuvapauden my\u00f6nt\u00e4misest\u00e4 hallituksen j\u00e4senille ja toimitusjohtajalle<\/li>\n\n\n\n<li>hallituksen j\u00e4senten ja tilintarkastajan valitsemisesta sek\u00e4 heid\u00e4n palkkioistaan.<\/li>\n<\/ul>\n\n\n\n<p>Ollakseen oikeutettu osallistumaan yhti\u00f6kokoukseen ja k\u00e4ytt\u00e4\u00e4kseen siell\u00e4 \u00e4\u00e4nioikeuttaan, osakkeenomistajan tulee olla rekister\u00f6ityn\u00e4 osakkeenomistajaksi Euroclear Finlandin yll\u00e4pit\u00e4m\u00e4\u00e4n osakasluetteloon v\u00e4hint\u00e4\u00e4n kahdeksan arkip\u00e4iv\u00e4\u00e4 ennen yhti\u00f6kokousta.<\/p>\n\n\n\n<p>Osakkeenomistaja saa osallistua yhti\u00f6kokoukseen ja k\u00e4ytt\u00e4\u00e4 siell\u00e4 \u00e4\u00e4nioikeuttaan joko henkil\u00f6kohtaisesti tai valtuuttamansa asiamiehen v\u00e4lityksell\u00e4. Yhti\u00f6kokoukseen voi osallistua my\u00f6s \u00e4\u00e4nest\u00e4m\u00e4ll\u00e4 ennakkoon joko henkil\u00f6kohtaisesti tai asiamiehen v\u00e4lityksell\u00e4.<\/p>\n\n\n\n<p>Jos hallintarekister\u00f6ityjen osakkeiden omistaja haluaa osallistua yhti\u00f6kokoukseen ja k\u00e4ytt\u00e4\u00e4 siell\u00e4 \u00e4\u00e4nioikeuttaan, h\u00e4nen tulee rekister\u00f6id\u00e4 osakkeet v\u00e4liaikaisesti omiin nimiins\u00e4 Euroclear Finlandin yll\u00e4pit\u00e4m\u00e4\u00e4n osakasluetteloon viimeist\u00e4\u00e4n yhti\u00f6kokouskutsussa ilmoitettavana ajankohtana, jonka on oltava yhti\u00f6kokouksen t\u00e4sm\u00e4ytysp\u00e4iv\u00e4n j\u00e4lkeen.<\/p>\n\n\n\n<p>Orthex Oyj;n <a href=\"https:\/\/investors.orthexgroup.com\/fi\/hallinnointi\/yhtiokokous\/yk2026\/\">vuoden 2026 varsinainen yhti\u00f6kokous<\/a> pidettiin 14. huhtikuuta 2026.<\/p>\n","protected":false},"excerpt":{"rendered":"<p>Osakeyhti\u00f6lain mukaan osakkeenomistajat k\u00e4ytt\u00e4v\u00e4t p\u00e4\u00e4t\u00f6svaltaansa yhti\u00f6kokouksissa. Osakeyhti\u00f6lain mukaan yhti\u00f6n varsinainen yhti\u00f6kokous on pidett\u00e4v\u00e4 vuosittain kuuden&hellip;<\/p>\n","protected":false},"author":1,"featured_media":0,"parent":691,"menu_order":0,"comment_status":"closed","ping_status":"closed","template":"","meta":{"_acf_changed":false,"footnotes":""},"class_list":["post-696","page","type-page","status-publish","hentry"],"acf":[],"yoast_head":"<!-- This site is optimized with the Yoast SEO plugin v27.4 - https:\/\/yoast.com\/product\/yoast-seo-wordpress\/ -->\n<title>Orthexin yhti\u00f6kokous - Orthex Group<\/title>\n<meta name=\"description\" content=\"Orthexin yhti\u00f6kokoukset pidet\u00e4\u00e4n vuosittain Espoossa. Osakkeenomistajat voivat osallistua kokoukseen p\u00e4\u00e4ll\u00e4 tai \u00e4\u00e4nest\u00e4m\u00e4ll\u00e4 ennakkoon.\" \/>\n<meta name=\"robots\" content=\"index, follow, max-snippet:-1, max-image-preview:large, max-video-preview:-1\" \/>\n<link rel=\"canonical\" href=\"https:\/\/investors.orthexgroup.com\/fi\/hallinnointi\/yhtiokokous\/\" \/>\n<meta property=\"og:locale\" content=\"fi_FI\" \/>\n<meta property=\"og:type\" content=\"article\" \/>\n<meta property=\"og:title\" content=\"Orthexin yhti\u00f6kokous - Orthex Group\" \/>\n<meta property=\"og:description\" content=\"Orthexin yhti\u00f6kokoukset pidet\u00e4\u00e4n vuosittain Espoossa. Osakkeenomistajat voivat osallistua kokoukseen p\u00e4\u00e4ll\u00e4 tai \u00e4\u00e4nest\u00e4m\u00e4ll\u00e4 ennakkoon.\" \/>\n<meta property=\"og:url\" content=\"https:\/\/investors.orthexgroup.com\/fi\/hallinnointi\/yhtiokokous\/\" \/>\n<meta property=\"og:site_name\" content=\"Orthex Group\" \/>\n<meta property=\"article:modified_time\" content=\"2026-04-14T11:46:50+00:00\" \/>\n<meta name=\"twitter:card\" content=\"summary_large_image\" \/>\n<meta name=\"twitter:label1\" content=\"Arvioitu lukuaika\" \/>\n\t<meta name=\"twitter:data1\" content=\"2 minuuttia\" \/>\n<script type=\"application\/ld+json\" class=\"yoast-schema-graph\">{\"@context\":\"https:\\\/\\\/schema.org\",\"@graph\":[{\"@type\":\"WebPage\",\"@id\":\"https:\\\/\\\/investors.orthexgroup.com\\\/fi\\\/hallinnointi\\\/yhtiokokous\\\/\",\"url\":\"https:\\\/\\\/investors.orthexgroup.com\\\/fi\\\/hallinnointi\\\/yhtiokokous\\\/\",\"name\":\"Orthexin yhti\u00f6kokous - Orthex Group\",\"isPartOf\":{\"@id\":\"https:\\\/\\\/investors.orthexgroup.com\\\/fi\\\/#website\"},\"datePublished\":\"2021-03-15T07:55:39+00:00\",\"dateModified\":\"2026-04-14T11:46:50+00:00\",\"description\":\"Orthexin yhti\u00f6kokoukset pidet\u00e4\u00e4n vuosittain Espoossa. Osakkeenomistajat voivat osallistua kokoukseen p\u00e4\u00e4ll\u00e4 tai \u00e4\u00e4nest\u00e4m\u00e4ll\u00e4 ennakkoon.\",\"breadcrumb\":{\"@id\":\"https:\\\/\\\/investors.orthexgroup.com\\\/fi\\\/hallinnointi\\\/yhtiokokous\\\/#breadcrumb\"},\"inLanguage\":\"fi\",\"potentialAction\":[{\"@type\":\"ReadAction\",\"target\":[\"https:\\\/\\\/investors.orthexgroup.com\\\/fi\\\/hallinnointi\\\/yhtiokokous\\\/\"]}]},{\"@type\":\"BreadcrumbList\",\"@id\":\"https:\\\/\\\/investors.orthexgroup.com\\\/fi\\\/hallinnointi\\\/yhtiokokous\\\/#breadcrumb\",\"itemListElement\":[{\"@type\":\"ListItem\",\"position\":1,\"name\":\"Etusivu\",\"item\":\"https:\\\/\\\/investors.orthexgroup.com\\\/fi\\\/\"},{\"@type\":\"ListItem\",\"position\":2,\"name\":\"Orthexin hallinnointi\",\"item\":\"https:\\\/\\\/investors.orthexgroup.com\\\/fi\\\/hallinnointi\\\/\"},{\"@type\":\"ListItem\",\"position\":3,\"name\":\"Orthex Oyj:n yhti\u00f6kokous\"}]},{\"@type\":\"WebSite\",\"@id\":\"https:\\\/\\\/investors.orthexgroup.com\\\/fi\\\/#website\",\"url\":\"https:\\\/\\\/investors.orthexgroup.com\\\/fi\\\/\",\"name\":\"Orthex Group\",\"description\":\"Tietoa Orthex Group Oyn listautumisannista\",\"publisher\":{\"@id\":\"https:\\\/\\\/investors.orthexgroup.com\\\/fi\\\/#organization\"},\"potentialAction\":[{\"@type\":\"SearchAction\",\"target\":{\"@type\":\"EntryPoint\",\"urlTemplate\":\"https:\\\/\\\/investors.orthexgroup.com\\\/fi\\\/?s={search_term_string}\"},\"query-input\":{\"@type\":\"PropertyValueSpecification\",\"valueRequired\":true,\"valueName\":\"search_term_string\"}}],\"inLanguage\":\"fi\"},{\"@type\":\"Organization\",\"@id\":\"https:\\\/\\\/investors.orthexgroup.com\\\/fi\\\/#organization\",\"name\":\"Orthex Group\",\"url\":\"https:\\\/\\\/investors.orthexgroup.com\\\/fi\\\/\",\"logo\":{\"@type\":\"ImageObject\",\"inLanguage\":\"fi\",\"@id\":\"https:\\\/\\\/investors.orthexgroup.com\\\/fi\\\/#\\\/schema\\\/logo\\\/image\\\/\",\"url\":\"https:\\\/\\\/investors.orthexgroup.com\\\/wp-content\\\/uploads\\\/2021\\\/01\\\/orthex-group-logo.svg\",\"contentUrl\":\"https:\\\/\\\/investors.orthexgroup.com\\\/wp-content\\\/uploads\\\/2021\\\/01\\\/orthex-group-logo.svg\",\"width\":129,\"height\":57,\"caption\":\"Orthex Group\"},\"image\":{\"@id\":\"https:\\\/\\\/investors.orthexgroup.com\\\/fi\\\/#\\\/schema\\\/logo\\\/image\\\/\"}}]}<\/script>\n<!-- \/ Yoast SEO plugin. -->","yoast_head_json":{"title":"Orthexin yhti\u00f6kokous - Orthex Group","description":"Orthexin yhti\u00f6kokoukset pidet\u00e4\u00e4n vuosittain Espoossa. Osakkeenomistajat voivat osallistua kokoukseen p\u00e4\u00e4ll\u00e4 tai \u00e4\u00e4nest\u00e4m\u00e4ll\u00e4 ennakkoon.","robots":{"index":"index","follow":"follow","max-snippet":"max-snippet:-1","max-image-preview":"max-image-preview:large","max-video-preview":"max-video-preview:-1"},"canonical":"https:\/\/investors.orthexgroup.com\/fi\/hallinnointi\/yhtiokokous\/","og_locale":"fi_FI","og_type":"article","og_title":"Orthexin yhti\u00f6kokous - Orthex Group","og_description":"Orthexin yhti\u00f6kokoukset pidet\u00e4\u00e4n vuosittain Espoossa. Osakkeenomistajat voivat osallistua kokoukseen p\u00e4\u00e4ll\u00e4 tai \u00e4\u00e4nest\u00e4m\u00e4ll\u00e4 ennakkoon.","og_url":"https:\/\/investors.orthexgroup.com\/fi\/hallinnointi\/yhtiokokous\/","og_site_name":"Orthex Group","article_modified_time":"2026-04-14T11:46:50+00:00","twitter_card":"summary_large_image","twitter_misc":{"Arvioitu lukuaika":"2 minuuttia"},"schema":{"@context":"https:\/\/schema.org","@graph":[{"@type":"WebPage","@id":"https:\/\/investors.orthexgroup.com\/fi\/hallinnointi\/yhtiokokous\/","url":"https:\/\/investors.orthexgroup.com\/fi\/hallinnointi\/yhtiokokous\/","name":"Orthexin yhti\u00f6kokous - Orthex Group","isPartOf":{"@id":"https:\/\/investors.orthexgroup.com\/fi\/#website"},"datePublished":"2021-03-15T07:55:39+00:00","dateModified":"2026-04-14T11:46:50+00:00","description":"Orthexin yhti\u00f6kokoukset pidet\u00e4\u00e4n vuosittain Espoossa. Osakkeenomistajat voivat osallistua kokoukseen p\u00e4\u00e4ll\u00e4 tai \u00e4\u00e4nest\u00e4m\u00e4ll\u00e4 ennakkoon.","breadcrumb":{"@id":"https:\/\/investors.orthexgroup.com\/fi\/hallinnointi\/yhtiokokous\/#breadcrumb"},"inLanguage":"fi","potentialAction":[{"@type":"ReadAction","target":["https:\/\/investors.orthexgroup.com\/fi\/hallinnointi\/yhtiokokous\/"]}]},{"@type":"BreadcrumbList","@id":"https:\/\/investors.orthexgroup.com\/fi\/hallinnointi\/yhtiokokous\/#breadcrumb","itemListElement":[{"@type":"ListItem","position":1,"name":"Etusivu","item":"https:\/\/investors.orthexgroup.com\/fi\/"},{"@type":"ListItem","position":2,"name":"Orthexin hallinnointi","item":"https:\/\/investors.orthexgroup.com\/fi\/hallinnointi\/"},{"@type":"ListItem","position":3,"name":"Orthex Oyj:n yhti\u00f6kokous"}]},{"@type":"WebSite","@id":"https:\/\/investors.orthexgroup.com\/fi\/#website","url":"https:\/\/investors.orthexgroup.com\/fi\/","name":"Orthex Group","description":"Tietoa Orthex Group Oyn listautumisannista","publisher":{"@id":"https:\/\/investors.orthexgroup.com\/fi\/#organization"},"potentialAction":[{"@type":"SearchAction","target":{"@type":"EntryPoint","urlTemplate":"https:\/\/investors.orthexgroup.com\/fi\/?s={search_term_string}"},"query-input":{"@type":"PropertyValueSpecification","valueRequired":true,"valueName":"search_term_string"}}],"inLanguage":"fi"},{"@type":"Organization","@id":"https:\/\/investors.orthexgroup.com\/fi\/#organization","name":"Orthex Group","url":"https:\/\/investors.orthexgroup.com\/fi\/","logo":{"@type":"ImageObject","inLanguage":"fi","@id":"https:\/\/investors.orthexgroup.com\/fi\/#\/schema\/logo\/image\/","url":"https:\/\/investors.orthexgroup.com\/wp-content\/uploads\/2021\/01\/orthex-group-logo.svg","contentUrl":"https:\/\/investors.orthexgroup.com\/wp-content\/uploads\/2021\/01\/orthex-group-logo.svg","width":129,"height":57,"caption":"Orthex Group"},"image":{"@id":"https:\/\/investors.orthexgroup.com\/fi\/#\/schema\/logo\/image\/"}}]}},"_links":{"self":[{"href":"https:\/\/investors.orthexgroup.com\/fi\/wp-json\/wp\/v2\/pages\/696","targetHints":{"allow":["GET"]}}],"collection":[{"href":"https:\/\/investors.orthexgroup.com\/fi\/wp-json\/wp\/v2\/pages"}],"about":[{"href":"https:\/\/investors.orthexgroup.com\/fi\/wp-json\/wp\/v2\/types\/page"}],"author":[{"embeddable":true,"href":"https:\/\/investors.orthexgroup.com\/fi\/wp-json\/wp\/v2\/users\/1"}],"replies":[{"embeddable":true,"href":"https:\/\/investors.orthexgroup.com\/fi\/wp-json\/wp\/v2\/comments?post=696"}],"version-history":[{"count":8,"href":"https:\/\/investors.orthexgroup.com\/fi\/wp-json\/wp\/v2\/pages\/696\/revisions"}],"predecessor-version":[{"id":6583,"href":"https:\/\/investors.orthexgroup.com\/fi\/wp-json\/wp\/v2\/pages\/696\/revisions\/6583"}],"up":[{"embeddable":true,"href":"https:\/\/investors.orthexgroup.com\/fi\/wp-json\/wp\/v2\/pages\/691"}],"wp:attachment":[{"href":"https:\/\/investors.orthexgroup.com\/fi\/wp-json\/wp\/v2\/media?parent=696"}],"curies":[{"name":"wp","href":"https:\/\/api.w.org\/{rel}","templated":true}]}}