{"id":698,"date":"2021-03-15T09:55:39","date_gmt":"2021-03-15T07:55:39","guid":{"rendered":"https:\/\/investors.orthexgroup.com\/?page_id=698"},"modified":"2026-04-14T11:36:26","modified_gmt":"2026-04-14T08:36:26","slug":"hallitus","status":"publish","type":"page","link":"https:\/\/investors.orthexgroup.com\/fi\/hallinnointi\/hallitus\/","title":{"rendered":"Orthexin hallitus"},"content":{"rendered":"\n<p>Yhti\u00f6n <a href=\"https:\/\/investors.orthexgroup.com\/fi\/hallinnointi\/yhtiojarjestys\/\" target=\"_blank\" rel=\"noreferrer noopener\">yhti\u00f6j\u00e4rjestyksen<\/a> mukaan yhti\u00f6n hallituksessa tulee olla v\u00e4hint\u00e4\u00e4n nelj\u00e4 ja enint\u00e4\u00e4n kahdeksan varsinaista j\u00e4sent\u00e4. <a href=\"https:\/\/investors.orthexgroup.com\/fi\/hallinnointi\/yhtiokokous\/\">Yhti\u00f6kokous<\/a> valitsee hallituksen j\u00e4senet. Yhti\u00f6n hallituksen j\u00e4senen toimikausi alkaa sen yhti\u00f6kokouksen p\u00e4\u00e4ttyess\u00e4, jossa h\u00e4net on valittu, ja p\u00e4\u00e4ttyy seuraavan varsinaisen yhti\u00f6kokouksen p\u00e4\u00e4ttyess\u00e4. Hallitus valitsee keskuudestaan puheenjohtajan.<\/p>\n\n\n\n<p>Yhti\u00f6n hallitus kokoontuu yleens\u00e4 kymmenen kertaa vuodessa. Hallitus arvioi toimintaansa ja ty\u00f6skentelytapojaan kerran vuodessa.<\/p>\n\n\n\n<h3 class=\"wp-block-heading\">Hallituksen teht\u00e4v\u00e4t<\/h3>\n\n\n\n<p>Hallituksella on toimintaansa varten laadittu ty\u00f6j\u00e4rjestys. Hallituksen teht\u00e4viin kuuluvat muun muassa:<\/p>\n\n\n\n<ul class=\"wp-block-list\">\n<li>toimintakertomusten, tilinp\u00e4\u00e4t\u00f6sten ja osavuosikatsausten hyv\u00e4ksyminen;<\/li>\n\n\n\n<li>kirjanpidon ja varainhoidon valvonnan asianmukaisen j\u00e4rjest\u00e4misen varmistaminen;<\/li>\n\n\n\n<li>yhti\u00f6kokoukselle teht\u00e4vien ehdotusten valmistelu ja yhti\u00f6kokousten koolle kutsuminen;<\/li>\n\n\n\n<li>strategisten suuntaviivojen ja pitk\u00e4n aikav\u00e4lin strategisten tavoitteiden vahvistaminen;<\/li>\n\n\n\n<li>riskienhallinnan ja sis\u00e4isen valvonnan toimintaperiaatteiden hyv\u00e4ksyminen;<\/li>\n\n\n\n<li>vuotuisten budjettien ja toimintasuunnitelmien vahvistaminen;<\/li>\n\n\n\n<li>toimitusjohtajan valinta ja h\u00e4nen toimisopimuksensa ehdoista p\u00e4\u00e4tt\u00e4minen;<\/li>\n\n\n\n<li>yhti\u00f6rakenteesta p\u00e4\u00e4tt\u00e4minen;<\/li>\n\n\n\n<li>merkitt\u00e4vien liiketoimintap\u00e4\u00e4t\u00f6sten tekeminen, kuten yrityskaupat, merkitt\u00e4v\u00e4t sopimukset, investoinnit ja rahoitusj\u00e4rjestelyt; ja<\/li>\n\n\n\n<li>p\u00e4\u00e4tt\u00e4minen muista lains\u00e4\u00e4d\u00e4nn\u00f6n mukaan hallitukselle kuuluvista asioista.<\/li>\n<\/ul>\n\n\n\n<p>Orthexin hallituksella ei ole valiokuntia, mutta hallitus voi tulevaisuudessa p\u00e4\u00e4tt\u00e4\u00e4 mahdollisten valiokuntien perustamisesta. Koska valiokuntia ei ole, koko hallitus huolehtii tarkastusvaliokunnan lakis\u00e4\u00e4teisist\u00e4 teht\u00e4vist\u00e4.<\/p>\n\n\n\n<h3 class=\"wp-block-heading\" id=\"hallituksen-jasenet\">Hallituksen j\u00e4senet<\/h3>\n\n\n<div class=\"custom-block people\">\n    <div class=\"accordion\"><div class=\"item\"><div class=\"container\"><div class=\"top\"><img decoding=\"async\" src=\"https:\/\/investors.orthexgroup.com\/wp-content\/uploads\/2021\/03\/Sanna_Suvanto_260x260px-260x260.jpg\" width=\"260\" height=\"260\" class=\"person-image\" alt=\"Sanna Suvanto-Harsaee\" loading=\"lazy\"><div class=\"text\"><h3 class=\"h4 name\">Sanna Suvanto-Harsaae<\/h3><p class=\"position\">Hallituksen puheenjohtaja vuodesta 2021 ja j\u00e4sen vuodesta 2020<\/p><p class=\"birth\">Syntynyt 1966<\/p><div class=\"short-description d-none d-md-block\"><p>Suomen ja Tanskan kansalainen<br \/>\nSukupuoli: Nainen<br \/>\nKauppatieteiden kandidaatti<br \/>\nRiippumaton yhti\u00f6st\u00e4 sek\u00e4 merkitt\u00e4vist\u00e4 osakkeenomistajista<br \/>\nOsakkeita: 8 515<\/p>\n<\/div><button class=\"toggle collapsed\" type=\"button\" data-toggle=\"collapse\" data-target=\"#accordion-item-1\" aria-expanded=\"false\" aria-controls=\"id747\"><\/button><\/div><\/div><div class=\"bottom collapse\" id=\"accordion-item-1\"><div class=\"short-description d-md-none\"><p>Suomen ja Tanskan kansalainen<br \/>\nSukupuoli: Nainen<br \/>\nKauppatieteiden kandidaatti<br \/>\nRiippumaton yhti\u00f6st\u00e4 sek\u00e4 merkitt\u00e4vist\u00e4 osakkeenomistajista<br \/>\nOsakkeita: 8 515<\/p>\n<\/div><div class=\"long-description\"><h4>Nykyiset luottamusteht\u00e4v\u00e4t<\/h4>\n<ul>\n<li>Finnair Oyj:n hallituksen puheenjohtaja vuodesta 2023<\/li>\n<li>N\u2019Age A\/S:n hallituksen puheenjohtaja vuodesta 2023<\/li>\n<li>Posti Group Oyj:n hallituksen puheenjohtaja vuodesta 2020<\/li>\n<li>BoConcept A\/S:n hallituksen puheenjohtaja vuodesta 2016<\/li>\n<li>Nordic Pet Care Group A\/S:n hallituksen puheenjohtaja vuodesta 2012<\/li>\n<li>CEPOS:n (Center for Political Studies) hallituksen j\u00e4sen vuodesta 2017<\/li>\n<li>RaKaAs ApS:n omistaja<\/li>\n<\/ul>\n<h4>Aiemmat luottamusteht\u00e4v\u00e4t<\/h4>\n<ul>\n<li>Awardit AB, hallituksen puheenjohtaja 2024\u20132025<\/li>\n<li>TCM Group A\/S:n hallituksen puheenjohtaja 2016\u20132024<\/li>\n<li>Broman Group Oy:n hallituksen j\u00e4sen 2016\u20132024<\/li>\n<li>Elopak ASA:n hallituksen j\u00e4sen 2021\u20132024<\/li>\n<li>Babysam A\/S:n hallituksen puheenjohtaja 2008\u20132023<\/li>\n<li>Harvia Oyj:n hallituksen varapuheenjohtaja 2020\u20132023<\/li>\n<li>Anora Group Oyj:n hallituksen varapuheenjohtaja 2021\u20132023<\/li>\n<li>Altia Oyj:n (nyk. Anora Group Oyj) hallituksen puheenjohtaja 2013\u20132021<\/li>\n<li>Swedish Match AB (publ):n hallituksen j\u00e4sen 2022<\/li>\n<li>SAS AB:n hallituksen j\u00e4sen 2013\u20132021<\/li>\n<li>Group AB (publ):n hallituksen puheenjohtaja 2015\u20132020<\/li>\n<li>Isadora AB:n hallituksen puheenjohtaja 2018\u20132020<\/li>\n<li>Paulig Oy:n hallituksen puheenjohtaja 2008\u20132020<\/li>\n<li>Workz A\/S:n hallituksen puheenjohtaja 2016\u20132019<\/li>\n<li>Sunset Boulevard A\/S:n hallituksen puheenjohtaja 2007\u20132018<\/li>\n<li>Upplands Motor AB:n hallituksen j\u00e4sen 2010\u20132018<\/li>\n<li>Clas Ohlson AB:n hallituksen j\u00e4sen 2010\u20132017<\/li>\n<\/ul>\n<\/div><\/div><\/div><\/div><div class=\"item\"><div class=\"container\"><div class=\"top\"><img decoding=\"async\" src=\"https:\/\/investors.orthexgroup.com\/wp-content\/uploads\/2022\/04\/Markus-Hellstrom-260x237.jpg\" width=\"260\" height=\"237\" class=\"person-image\" alt=\"Markus Hellstr\u00f6m\" loading=\"lazy\"><div class=\"text\"><h3 class=\"h4 name\">Markus Hellstr\u00f6m<\/h3><p class=\"position\">Hallituksen j\u00e4sen vuodesta 2022<\/p><p class=\"birth\">Syntynyt 1974<\/p><div class=\"short-description d-none d-md-block\"><p>Suomen kansalainen<br \/>\nSukupuoli: Mies<br \/>\nDiplomi-insin\u00f6\u00f6ri<br \/>\nRiippumaton yhti\u00f6st\u00e4 ja merkitt\u00e4vist\u00e4 osakkeenomistajista<br \/>\nOsakkeita: 3 640 (ml. l\u00e4hipiirin omistukset)<\/p>\n<\/div><button class=\"toggle collapsed\" type=\"button\" data-toggle=\"collapse\" data-target=\"#accordion-item-2\" aria-expanded=\"false\" aria-controls=\"id2524\"><\/button><\/div><\/div><div class=\"bottom collapse\" id=\"accordion-item-2\"><div class=\"short-description d-md-none\"><p>Suomen kansalainen<br \/>\nSukupuoli: Mies<br \/>\nDiplomi-insin\u00f6\u00f6ri<br \/>\nRiippumaton yhti\u00f6st\u00e4 ja merkitt\u00e4vist\u00e4 osakkeenomistajista<br \/>\nOsakkeita: 3 640 (ml. l\u00e4hipiirin omistukset)<\/p>\n<\/div><div class=\"long-description\"><p><strong>Keskeinen ty\u00f6kokemus<\/strong><\/p>\n<ul>\n<li>Snellman-konsernin toimitusjohtaja vuodesta 2023<\/li>\n<li>Fazer-konsernin johtoryhm\u00e4n j\u00e4sen ja Fazer Makeiset Oy:n toimitusjohtaja j\u00e4sen 2020\u20132023<\/li>\n<li>Fazer Leipomot Suomen maajohtaja ja Fazer leipomot Oy:n toimitusjohtaja 2014\u20132020<\/li>\n<li>Fazer Leipomot Oy, leipomot-liiketoimintayksik\u00f6n johtaja 2013\u20132014<\/li>\n<li>Fazer Leipomot Oy, liiketoimintojen kehitys- ja talousjohtaja 2007\u20132012<\/li>\n<li>Fazer-konserni, logistiikkapalveluiden hankintap\u00e4\u00e4llikk\u00f6 2004\u20132007<\/li>\n<li>Logico Solutions, osakas 2003\u20132004<\/li>\n<li>Candyking, Ruotsi, logistiikkap\u00e4\u00e4llikk\u00f6 2000\u20132003<\/li>\n<\/ul>\n<p><strong>Nykyiset luottamusteht\u00e4v\u00e4t<\/strong><\/p>\n<ul>\n<li>&#8211;<\/li>\n<\/ul>\n<p><strong>Aiemmat luottamusteht\u00e4v\u00e4t<\/strong><\/p>\n<ul>\n<li>GS1 Finland Oy, hallituksen j\u00e4sen 2019\u20132023<\/li>\n<li>Ruokatieto Yhdistys ry, hallituksen j\u00e4sen 2017\u20132020<\/li>\n<\/ul>\n<\/div><\/div><\/div><\/div><div class=\"item\"><div class=\"container\"><div class=\"top\"><img decoding=\"async\" src=\"https:\/\/investors.orthexgroup.com\/wp-content\/uploads\/2026\/01\/David-Miller-390x390px-260x260.jpg\" width=\"260\" height=\"260\" class=\"person-image\" alt=\"\" loading=\"lazy\"><div class=\"text\"><h3 class=\"h4 name\">David Miller<\/h3><p class=\"position\">Hallituksen j\u00e4sen vuodesta 2026<\/p><p class=\"birth\">Syntynyt 1958<\/p><div class=\"short-description d-none d-md-block\"><p>Ison-Britannian kansalainen<br \/>\nSukupuoli: Mies<br \/>\nLuonnontieteiden maisteri, Cambridgen yliopisto<br \/>\nRiippumaton yhti\u00f6st\u00e4, ei-riippumaton merkitt\u00e4vist\u00e4 osakkeenomistajista<br \/>\nOsakkeita: &#8211;<\/p>\n<\/div><button class=\"toggle collapsed\" type=\"button\" data-toggle=\"collapse\" data-target=\"#accordion-item-3\" aria-expanded=\"false\" aria-controls=\"id6291\"><\/button><\/div><\/div><div class=\"bottom collapse\" id=\"accordion-item-3\"><div class=\"short-description d-md-none\"><p>Ison-Britannian kansalainen<br \/>\nSukupuoli: Mies<br \/>\nLuonnontieteiden maisteri, Cambridgen yliopisto<br \/>\nRiippumaton yhti\u00f6st\u00e4, ei-riippumaton merkitt\u00e4vist\u00e4 osakkeenomistajista<br \/>\nOsakkeita: &#8211;<\/p>\n<\/div><div class=\"long-description\"><p><strong>Keskeinen ty\u00f6kokemus<\/strong><br \/>\nConficap Oy, sijoitusjohtaja ja johtoryhm\u00e4n j\u00e4sen vuodesta 2022<br \/>\nQuilter Cheviot Asset Management, toimitusjohtaja 2012\u20132022<br \/>\nCheviot Asset Management, osakas 2007\u20132012<br \/>\nRoyal Bank of Canada (RBC), investointijohtaja, Brittein saaret 2004\u20132007 (hallituksen puheenjohtaja RBC Guernsey Investment Management, hallituksen j\u00e4sen RBC, Kanaalisaaret)<br \/>\nJP Morgan Private Bank, toimitusjohtaja 2000\u20132004<br \/>\nFleming Private Asset Management, johtaja 1990\u20132000<br \/>\nShepard\u2019s and Chase osakev\u00e4litt\u00e4j\u00e4t 1980\u20131990, Lontoon p\u00f6rssin j\u00e4sen 1985<\/p>\n<p><strong>Nykyiset luottamusteht\u00e4v\u00e4t<\/strong><br \/>\n&#8211;<br \/>\n<strong>Aiemmat luottamusteht\u00e4v\u00e4t<\/strong><br \/>\nJames Allen\u2019s Girls School, Lontoo, johtokunnan puheenjohtaja 2018\u20132022<br \/>\nDulwich Estate, hallituksen j\u00e4sen 2015\u20132018<\/p>\n<\/div><\/div><\/div><\/div><div class=\"item\"><div class=\"container\"><div class=\"top\"><img decoding=\"async\" src=\"https:\/\/investors.orthexgroup.com\/wp-content\/uploads\/2023\/01\/anette_rosengren-260x260.jpg\" width=\"260\" height=\"260\" class=\"person-image\" alt=\"Anette Rosengren\" loading=\"lazy\"><div class=\"text\"><h3 class=\"h4 name\">Anette Rosengren<\/h3><p class=\"position\">Hallituksen j\u00e4sen vuodesta 2023<\/p><p class=\"birth\">Syntynyt 1966<\/p><div class=\"short-description d-none d-md-block\"><p>Ruotsin kansalainen<br \/>\nSukupuoli: Nainen<br \/>\nLiiketalouden kandidaatti<br \/>\nRiippumaton yhti\u00f6st\u00e4 ja merkitt\u00e4vist\u00e4 osakkeenomistajista<br \/>\nOsakkeita: 2 000<\/p>\n<\/div><button class=\"toggle collapsed\" type=\"button\" data-toggle=\"collapse\" data-target=\"#accordion-item-4\" aria-expanded=\"false\" aria-controls=\"id3923\"><\/button><\/div><\/div><div class=\"bottom collapse\" id=\"accordion-item-4\"><div class=\"short-description d-md-none\"><p>Ruotsin kansalainen<br \/>\nSukupuoli: Nainen<br \/>\nLiiketalouden kandidaatti<br \/>\nRiippumaton yhti\u00f6st\u00e4 ja merkitt\u00e4vist\u00e4 osakkeenomistajista<br \/>\nOsakkeita: 2 000<\/p>\n<\/div><div class=\"long-description\"><p><strong>Keskeinen ty\u00f6kokemus<\/strong><\/p>\n<ul>\n<li>Philip Morris Nordics, toimitusjohtaja vuodesta 2019<\/li>\n<li>Fazer Leipomot (Ruotsi), toimitusjohtaja 2015\u20132018<\/li>\n<li>Lantm\u00e4nnen Doggy, toimitusjohtaja 2012\u20132015<\/li>\n<li>Lantm\u00e4nnen Group, kriisiviestinn\u00e4st\u00e4, kest\u00e4v\u00e4st\u00e4 kehityksest\u00e4 ja tuotekehityksest\u00e4 vastaava johtaja 2008\u20132012<\/li>\n<li>Kraft Foods, johtaja, strateginen kehitys ja markkinointi, Pohjoismaat 2005\u20132008<\/li>\n<li>Kraft Foods (It\u00e4v\u00e4lta), It\u00e4-Euroopan ja Keski-Aasian tuoteryhm\u00e4kehityksest\u00e4 vastaava johtaja 2004\u20132005<\/li>\n<li>Kraft Foods (USA), johtaja, kansainv\u00e4liset markkinointipalvelut 2002\u20132004<\/li>\n<li>Kraft Foods (Pohjoismaat), markkinointi- ja myyntiteht\u00e4vi\u00e4 1995\u20132002<\/li>\n<li>Unilever, markkinointi- ja myyntiteht\u00e4vi\u00e4 1989\u20131995<\/li>\n<\/ul>\n<p><strong>Nykyiset luottamusteht\u00e4v\u00e4t <\/strong><\/p>\n<ul>\n<li>Greenfood AB, hallituksen j\u00e4sen vuodesta 2016<\/li>\n<\/ul>\n<p><strong>Aiemmat luottamusteht\u00e4v\u00e4t<\/strong><\/p>\n<ul>\n<li>Livsmedelsf\u00f6retagen (Ruotsin elintarviketeollisuuden liitto), hallituksen j\u00e4sen 2013\u20132018, varapuheenjohtaja 2016\u20132018, nimitysvaliokunnan puheenjohtaja 2018\u20132022<\/li>\n<li>Altia Oyj (nyk. Anora Group Oyj), hallituksen j\u00e4sen 2019\u20132021<\/li>\n<li>DLF (Ruotsin FMCG-kauppayhdistys), hallituksen j\u00e4sen 2015\u20132018<\/li>\n<\/ul>\n<\/div><\/div><\/div><\/div><div class=\"item\"><div class=\"container\"><div class=\"top\"><img decoding=\"async\" src=\"https:\/\/investors.orthexgroup.com\/wp-content\/uploads\/2026\/01\/Sari-Somerkallio-390x390px-260x260.jpg\" width=\"260\" height=\"260\" class=\"person-image\" alt=\"\" loading=\"lazy\"><div class=\"text\"><h3 class=\"h4 name\">Sari Somerkallio<\/h3><p class=\"position\">Hallituksen j\u00e4sen vuodesta 2026<\/p><p class=\"birth\">Syntynyt 1972<\/p><div class=\"short-description d-none d-md-block\"><p>Suomen kansalainen<br \/>\nSukupuoli: Nainen<br \/>\nKauppatieteiden maisteri (rahoitus) ja filosofian maisteri (matematiikka)<br \/>\nRiippumaton yhti\u00f6st\u00e4 ja merkitt\u00e4vist\u00e4 osakkeenomistajista<br \/>\nOsakkeita: &#8211;<\/p>\n<\/div><button class=\"toggle collapsed\" type=\"button\" data-toggle=\"collapse\" data-target=\"#accordion-item-5\" aria-expanded=\"false\" aria-controls=\"id6297\"><\/button><\/div><\/div><div class=\"bottom collapse\" id=\"accordion-item-5\"><div class=\"short-description d-md-none\"><p>Suomen kansalainen<br \/>\nSukupuoli: Nainen<br \/>\nKauppatieteiden maisteri (rahoitus) ja filosofian maisteri (matematiikka)<br \/>\nRiippumaton yhti\u00f6st\u00e4 ja merkitt\u00e4vist\u00e4 osakkeenomistajista<br \/>\nOsakkeita: &#8211;<\/p>\n<\/div><div class=\"long-description\"><p><strong>Keskeinen ty\u00f6kokemus<\/strong><br \/>\nF-Secure Oyj, talousjohtaja ja johtoryhm\u00e4n j\u00e4sen vuodesta 2022 (huhtikuun 2026 loppuun asti)<br \/>\nFiskars Group, useita p\u00e4\u00e4llikk\u00f6- ja johtajatason teht\u00e4vi\u00e4 kuten Business Finance -liiketoimintajohtaja, talouden ja liiketoiminnan kehitysjohtaja ja kehitysprojektien p\u00e4\u00e4llikk\u00f6 vuosina 2008\u20132021<br \/>\nW\u00e4rtsil\u00e4 Oyj, projekti- ja prosessip\u00e4\u00e4llik\u00f6n teht\u00e4vi\u00e4 2002\u20132008<br \/>\nW\u00e4rtsil\u00e4 Oyj, sijoittajasuhdep\u00e4\u00e4llikk\u00f6 1999\u20132002<br \/>\nMerita Pankkiiriliike, analyytikko 1997\u20131999<br \/>\nInterbank, analyytikko 1996\u20131997<\/p>\n<p><strong>Nykyiset luottamusteht\u00e4v\u00e4t<\/strong><br \/>\nAktia Pankki Oyj, hallituksen j\u00e4sen ja tarkastusvaliokunnan puheenjohtaja vuodesta 2025<br \/>\nCinia Oy:n hallituksen j\u00e4sen vuodesta 2026<\/p>\n<p><strong>Aiemmat luottamusteht\u00e4v\u00e4t<\/strong><br \/>\n&#8211;<\/p>\n<\/div><\/div><\/div><\/div><div class=\"item\"><div class=\"container\"><div class=\"top\"><img decoding=\"async\" src=\"https:\/\/investors.orthexgroup.com\/wp-content\/uploads\/2025\/03\/tuomas-yrjola.jpg\" width=\"260\" height=\"260\" class=\"person-image\" alt=\"Tuomas Yrj\u00f6l\u00e4\" loading=\"lazy\"><div class=\"text\"><h3 class=\"h4 name\">Tuomas Yrj\u00f6l\u00e4<\/h3><p class=\"position\">Hallituksen j\u00e4sen vuodesta 2025<\/p><p class=\"birth\">Syntynyt 1978<\/p><div class=\"short-description d-none d-md-block\"><p>Suomen kansalainen<br \/>\nSukupuoli: Mies<br \/>\nKauppatieteiden maisteri<br \/>\nRiippumaton yhti\u00f6st\u00e4 ja merkitt\u00e4vist\u00e4 osakkeenomistajista<br \/>\nOsakkeita: &#8211;<\/p>\n<\/div><button class=\"toggle collapsed\" type=\"button\" data-toggle=\"collapse\" data-target=\"#accordion-item-6\" aria-expanded=\"false\" aria-controls=\"id5521\"><\/button><\/div><\/div><div class=\"bottom collapse\" id=\"accordion-item-6\"><div class=\"short-description d-md-none\"><p>Suomen kansalainen<br \/>\nSukupuoli: Mies<br \/>\nKauppatieteiden maisteri<br \/>\nRiippumaton yhti\u00f6st\u00e4 ja merkitt\u00e4vist\u00e4 osakkeenomistajista<br \/>\nOsakkeita: &#8211;<\/p>\n<\/div><div class=\"long-description\"><p><strong>Keskeinen ty\u00f6kokemus<\/strong><\/p>\n<p>Essity Aktiebolag (publ) (Saksa), henkil\u00f6kohtaiset hygieniatuotteet -liiketoimintayksik\u00f6n johtaja vuodesta 2026 ja johtoryhm\u00e4n j\u00e4sen vuodesta 2018<br \/>\nEssity Aktiebolag (publ) (Saksa), markkinointi- ja innovointijohtaja 2025<br \/>\nEssity Aktiebolag (publ) (Saksa), br\u00e4ndi-, innovointi- ja vastuullisuusjohtaja 2018\u20132024<br \/>\nEssity Aktiebolag (publ) (Saksa), lasten ja naisten hygieniatuotteista vastaava johtaja 2014\u20132018<br \/>\nProcter &amp; Gamble (Sveitsi), apulaismarkkinointijohtaja, Gillette-liiketoimintayksikk\u00f6 2013\u20132014<br \/>\nProcter &amp; Gamble (USA), apulaismarkkinointijohtaja, Gillette Venus -liiketoiminta 2010\u20132013<br \/>\nProcter &amp; Gamble (Ruotsi), apulaismarkkinointijohtaja, Pohjoismaat 2008\u20132010<br \/>\nProcter &amp; Gamble (Sveitsi), alueellinen br\u00e4ndip\u00e4\u00e4llikk\u00f6, L\u00e4hi-it\u00e4 ja Afrikka 2006\u20132008<br \/>\nProcter &amp; Gamble (Ruotsi), br\u00e4ndip\u00e4\u00e4llikk\u00f6\/apulaisbr\u00e4ndip\u00e4\u00e4llikk\u00f6, Pohjoismaat 2001\u20132006<\/p>\n<p><strong>Nykyiset luottamusteht\u00e4v\u00e4t<br \/>\n<\/strong><br \/>\nUCM AV, hallintoneuvoston j\u00e4sen vuodesta 2016<\/p>\n<p><strong>Aiemmat luottamusteht\u00e4v\u00e4t<\/strong><br \/>\n&#8211;<\/p>\n<\/div><\/div><\/div><\/div><\/div><\/div>\n\n\n\n<p><\/p>\n","protected":false},"excerpt":{"rendered":"<p>Yhti\u00f6n yhti\u00f6j\u00e4rjestyksen mukaan yhti\u00f6n hallituksessa tulee olla v\u00e4hint\u00e4\u00e4n nelj\u00e4 ja enint\u00e4\u00e4n kahdeksan varsinaista j\u00e4sent\u00e4. Yhti\u00f6kokous&hellip;<\/p>\n","protected":false},"author":1,"featured_media":0,"parent":691,"menu_order":0,"comment_status":"closed","ping_status":"closed","template":"","meta":{"_acf_changed":false,"footnotes":""},"class_list":["post-698","page","type-page","status-publish","hentry"],"acf":[],"yoast_head":"<!-- This site is optimized with the Yoast SEO plugin v27.1.1 - https:\/\/yoast.com\/product\/yoast-seo-wordpress\/ -->\n<title>Orthex Hallitus - Orthex Group<\/title>\n<meta name=\"description\" content=\"Orthexin hallitus koostuu monipuolisesta asiantuntemuksesta. T\u00e4\u00e4lt\u00e4 l\u00f6yd\u00e4t Orthexin hallituksen j\u00e4senet ja tietoa heist\u00e4.\" \/>\n<meta name=\"robots\" content=\"index, follow, max-snippet:-1, max-image-preview:large, max-video-preview:-1\" \/>\n<link rel=\"canonical\" href=\"https:\/\/investors.orthexgroup.com\/fi\/hallinnointi\/hallitus\/\" \/>\n<meta property=\"og:locale\" content=\"fi_FI\" \/>\n<meta property=\"og:type\" content=\"article\" \/>\n<meta property=\"og:title\" content=\"Orthex Hallitus - Orthex Group\" \/>\n<meta property=\"og:description\" content=\"Orthexin hallitus koostuu monipuolisesta asiantuntemuksesta. T\u00e4\u00e4lt\u00e4 l\u00f6yd\u00e4t Orthexin hallituksen j\u00e4senet ja tietoa heist\u00e4.\" \/>\n<meta property=\"og:url\" content=\"https:\/\/investors.orthexgroup.com\/fi\/hallinnointi\/hallitus\/\" \/>\n<meta property=\"og:site_name\" content=\"Orthex Group\" \/>\n<meta property=\"article:modified_time\" content=\"2026-04-14T08:36:26+00:00\" \/>\n<meta name=\"twitter:card\" content=\"summary_large_image\" \/>\n<meta name=\"twitter:label1\" content=\"Arvioitu lukuaika\" \/>\n\t<meta name=\"twitter:data1\" content=\"1 minuutti\" \/>\n<script type=\"application\/ld+json\" class=\"yoast-schema-graph\">{\"@context\":\"https:\/\/schema.org\",\"@graph\":[{\"@type\":\"WebPage\",\"@id\":\"https:\/\/investors.orthexgroup.com\/fi\/hallinnointi\/hallitus\/\",\"url\":\"https:\/\/investors.orthexgroup.com\/fi\/hallinnointi\/hallitus\/\",\"name\":\"Orthex Hallitus - Orthex Group\",\"isPartOf\":{\"@id\":\"https:\/\/investors.orthexgroup.com\/fi\/#website\"},\"datePublished\":\"2021-03-15T07:55:39+00:00\",\"dateModified\":\"2026-04-14T08:36:26+00:00\",\"description\":\"Orthexin hallitus koostuu monipuolisesta asiantuntemuksesta. T\u00e4\u00e4lt\u00e4 l\u00f6yd\u00e4t Orthexin hallituksen j\u00e4senet ja tietoa heist\u00e4.\",\"breadcrumb\":{\"@id\":\"https:\/\/investors.orthexgroup.com\/fi\/hallinnointi\/hallitus\/#breadcrumb\"},\"inLanguage\":\"fi\",\"potentialAction\":[{\"@type\":\"ReadAction\",\"target\":[\"https:\/\/investors.orthexgroup.com\/fi\/hallinnointi\/hallitus\/\"]}]},{\"@type\":\"BreadcrumbList\",\"@id\":\"https:\/\/investors.orthexgroup.com\/fi\/hallinnointi\/hallitus\/#breadcrumb\",\"itemListElement\":[{\"@type\":\"ListItem\",\"position\":1,\"name\":\"Etusivu\",\"item\":\"https:\/\/investors.orthexgroup.com\/fi\/\"},{\"@type\":\"ListItem\",\"position\":2,\"name\":\"Orthexin hallinnointi\",\"item\":\"https:\/\/investors.orthexgroup.com\/fi\/hallinnointi\/\"},{\"@type\":\"ListItem\",\"position\":3,\"name\":\"Orthexin hallitus\"}]},{\"@type\":\"WebSite\",\"@id\":\"https:\/\/investors.orthexgroup.com\/fi\/#website\",\"url\":\"https:\/\/investors.orthexgroup.com\/fi\/\",\"name\":\"Orthex Group\",\"description\":\"Tietoa Orthex Group Oyn listautumisannista\",\"publisher\":{\"@id\":\"https:\/\/investors.orthexgroup.com\/fi\/#organization\"},\"potentialAction\":[{\"@type\":\"SearchAction\",\"target\":{\"@type\":\"EntryPoint\",\"urlTemplate\":\"https:\/\/investors.orthexgroup.com\/fi\/?s={search_term_string}\"},\"query-input\":{\"@type\":\"PropertyValueSpecification\",\"valueRequired\":true,\"valueName\":\"search_term_string\"}}],\"inLanguage\":\"fi\"},{\"@type\":\"Organization\",\"@id\":\"https:\/\/investors.orthexgroup.com\/fi\/#organization\",\"name\":\"Orthex Group\",\"url\":\"https:\/\/investors.orthexgroup.com\/fi\/\",\"logo\":{\"@type\":\"ImageObject\",\"inLanguage\":\"fi\",\"@id\":\"https:\/\/investors.orthexgroup.com\/fi\/#\/schema\/logo\/image\/\",\"url\":\"https:\/\/investors.orthexgroup.com\/wp-content\/uploads\/2021\/01\/orthex-group-logo.svg\",\"contentUrl\":\"https:\/\/investors.orthexgroup.com\/wp-content\/uploads\/2021\/01\/orthex-group-logo.svg\",\"width\":129,\"height\":57,\"caption\":\"Orthex Group\"},\"image\":{\"@id\":\"https:\/\/investors.orthexgroup.com\/fi\/#\/schema\/logo\/image\/\"}}]}<\/script>\n<!-- \/ Yoast SEO plugin. -->","yoast_head_json":{"title":"Orthex Hallitus - Orthex Group","description":"Orthexin hallitus koostuu monipuolisesta asiantuntemuksesta. T\u00e4\u00e4lt\u00e4 l\u00f6yd\u00e4t Orthexin hallituksen j\u00e4senet ja tietoa heist\u00e4.","robots":{"index":"index","follow":"follow","max-snippet":"max-snippet:-1","max-image-preview":"max-image-preview:large","max-video-preview":"max-video-preview:-1"},"canonical":"https:\/\/investors.orthexgroup.com\/fi\/hallinnointi\/hallitus\/","og_locale":"fi_FI","og_type":"article","og_title":"Orthex Hallitus - Orthex Group","og_description":"Orthexin hallitus koostuu monipuolisesta asiantuntemuksesta. T\u00e4\u00e4lt\u00e4 l\u00f6yd\u00e4t Orthexin hallituksen j\u00e4senet ja tietoa heist\u00e4.","og_url":"https:\/\/investors.orthexgroup.com\/fi\/hallinnointi\/hallitus\/","og_site_name":"Orthex Group","article_modified_time":"2026-04-14T08:36:26+00:00","twitter_card":"summary_large_image","twitter_misc":{"Arvioitu lukuaika":"1 minuutti"},"schema":{"@context":"https:\/\/schema.org","@graph":[{"@type":"WebPage","@id":"https:\/\/investors.orthexgroup.com\/fi\/hallinnointi\/hallitus\/","url":"https:\/\/investors.orthexgroup.com\/fi\/hallinnointi\/hallitus\/","name":"Orthex Hallitus - Orthex Group","isPartOf":{"@id":"https:\/\/investors.orthexgroup.com\/fi\/#website"},"datePublished":"2021-03-15T07:55:39+00:00","dateModified":"2026-04-14T08:36:26+00:00","description":"Orthexin hallitus koostuu monipuolisesta asiantuntemuksesta. T\u00e4\u00e4lt\u00e4 l\u00f6yd\u00e4t Orthexin hallituksen j\u00e4senet ja tietoa heist\u00e4.","breadcrumb":{"@id":"https:\/\/investors.orthexgroup.com\/fi\/hallinnointi\/hallitus\/#breadcrumb"},"inLanguage":"fi","potentialAction":[{"@type":"ReadAction","target":["https:\/\/investors.orthexgroup.com\/fi\/hallinnointi\/hallitus\/"]}]},{"@type":"BreadcrumbList","@id":"https:\/\/investors.orthexgroup.com\/fi\/hallinnointi\/hallitus\/#breadcrumb","itemListElement":[{"@type":"ListItem","position":1,"name":"Etusivu","item":"https:\/\/investors.orthexgroup.com\/fi\/"},{"@type":"ListItem","position":2,"name":"Orthexin hallinnointi","item":"https:\/\/investors.orthexgroup.com\/fi\/hallinnointi\/"},{"@type":"ListItem","position":3,"name":"Orthexin hallitus"}]},{"@type":"WebSite","@id":"https:\/\/investors.orthexgroup.com\/fi\/#website","url":"https:\/\/investors.orthexgroup.com\/fi\/","name":"Orthex Group","description":"Tietoa Orthex Group Oyn listautumisannista","publisher":{"@id":"https:\/\/investors.orthexgroup.com\/fi\/#organization"},"potentialAction":[{"@type":"SearchAction","target":{"@type":"EntryPoint","urlTemplate":"https:\/\/investors.orthexgroup.com\/fi\/?s={search_term_string}"},"query-input":{"@type":"PropertyValueSpecification","valueRequired":true,"valueName":"search_term_string"}}],"inLanguage":"fi"},{"@type":"Organization","@id":"https:\/\/investors.orthexgroup.com\/fi\/#organization","name":"Orthex Group","url":"https:\/\/investors.orthexgroup.com\/fi\/","logo":{"@type":"ImageObject","inLanguage":"fi","@id":"https:\/\/investors.orthexgroup.com\/fi\/#\/schema\/logo\/image\/","url":"https:\/\/investors.orthexgroup.com\/wp-content\/uploads\/2021\/01\/orthex-group-logo.svg","contentUrl":"https:\/\/investors.orthexgroup.com\/wp-content\/uploads\/2021\/01\/orthex-group-logo.svg","width":129,"height":57,"caption":"Orthex Group"},"image":{"@id":"https:\/\/investors.orthexgroup.com\/fi\/#\/schema\/logo\/image\/"}}]}},"_links":{"self":[{"href":"https:\/\/investors.orthexgroup.com\/fi\/wp-json\/wp\/v2\/pages\/698","targetHints":{"allow":["GET"]}}],"collection":[{"href":"https:\/\/investors.orthexgroup.com\/fi\/wp-json\/wp\/v2\/pages"}],"about":[{"href":"https:\/\/investors.orthexgroup.com\/fi\/wp-json\/wp\/v2\/types\/page"}],"author":[{"embeddable":true,"href":"https:\/\/investors.orthexgroup.com\/fi\/wp-json\/wp\/v2\/users\/1"}],"replies":[{"embeddable":true,"href":"https:\/\/investors.orthexgroup.com\/fi\/wp-json\/wp\/v2\/comments?post=698"}],"version-history":[{"count":7,"href":"https:\/\/investors.orthexgroup.com\/fi\/wp-json\/wp\/v2\/pages\/698\/revisions"}],"predecessor-version":[{"id":6548,"href":"https:\/\/investors.orthexgroup.com\/fi\/wp-json\/wp\/v2\/pages\/698\/revisions\/6548"}],"up":[{"embeddable":true,"href":"https:\/\/investors.orthexgroup.com\/fi\/wp-json\/wp\/v2\/pages\/691"}],"wp:attachment":[{"href":"https:\/\/investors.orthexgroup.com\/fi\/wp-json\/wp\/v2\/media?parent=698"}],"curies":[{"name":"wp","href":"https:\/\/api.w.org\/{rel}","templated":true}]}}