{"id":702,"date":"2021-03-15T09:55:39","date_gmt":"2021-03-15T07:55:39","guid":{"rendered":"https:\/\/investors.orthexgroup.com\/?page_id=702"},"modified":"2025-09-01T13:29:23","modified_gmt":"2025-09-01T10:29:23","slug":"johtoryhma","status":"publish","type":"page","link":"https:\/\/investors.orthexgroup.com\/fi\/hallinnointi\/johtoryhma\/","title":{"rendered":"Orthexin johtoryhm\u00e4"},"content":{"rendered":"\n<p>Toimitusjohtaja on vastuussa Orthexin operatiivisesta johtamisesta. Toimitusjohtaja valmistelee yhti\u00f6n <a href=\"https:\/\/investors.orthexgroup.com\/fi\/hallinnointi\/hallitus\/\">hallituksen<\/a> p\u00e4\u00e4tett\u00e4v\u00e4t asiat, kehitt\u00e4\u00e4 Orthexin toimintoja yhdess\u00e4 hallituksen kanssa p\u00e4\u00e4tettyjen tavoitteiden mukaisesti ja varmistaa hallituksen p\u00e4\u00e4t\u00f6sten asianmukaisen t\u00e4yt\u00e4nt\u00f6\u00f6npanon. Toimitusjohtajan velvollisuutena on lis\u00e4ksi varmistaa, ett\u00e4 Orthexissa noudatetaan voimassaolevaa lains\u00e4\u00e4d\u00e4nt\u00f6\u00e4 ja sovellettavia m\u00e4\u00e4r\u00e4yksi\u00e4. Toimitusjohtaja toimii puheenjohtajana johtoryhm\u00e4n kokouksissa.<\/p>\n\n\n\n<p>Orthexin johtoryhm\u00e4n teht\u00e4v\u00e4n\u00e4 on johtaa kokonaisuutena Orthexin liiketoimintaa. Johtoryhm\u00e4n j\u00e4senill\u00e4 on m\u00e4\u00e4r\u00e4tyt valtuudet toimia omien vastuualueidensa puitteissa, ja heid\u00e4n velvollisuutenaan on kehitt\u00e4\u00e4 Orthexin liiketoimintaa yhti\u00f6n hallituksen ja Orthexin toimitusjohtajan asettamien tavoitteiden mukaisesti.<\/p>\n\n\n\n<p>Orthexin hallitus nimitt\u00e4\u00e4 johtoryhm\u00e4n j\u00e4senet yhdess\u00e4 toimitusjohtajan kanssa. Johtoryhm\u00e4 kokoontuu s\u00e4\u00e4nn\u00f6llisesti kuukausittain tai tarpeen mukaan.<\/p>\n\n\n\n<h2 class=\"wp-block-heading\"><strong>Johtoryhm\u00e4n j\u00e4senet<\/strong><\/h2>\n\n\n<div class=\"custom-block people\">\n    <div class=\"accordion\"><div class=\"item\"><div class=\"container\"><div class=\"top\"><img decoding=\"async\" src=\"https:\/\/investors.orthexgroup.com\/wp-content\/uploads\/2021\/03\/Alexander_Rosenlew_260x260-260x260.jpg\" width=\"260\" height=\"260\" class=\"person-image\" alt=\"Alexander Rosenlew\" loading=\"lazy\"><div class=\"text\"><h3 class=\"h4 name\">Alexander Rosenlew<\/h3><p class=\"position\">Toimitusjohtaja ja johtoryhm\u00e4n puheenjohtaja vuodesta 2010<\/p><p class=\"birth\">Syntynyt 1971<\/p><div class=\"short-description d-none d-md-block\"><p>Suomen kansalainen<br \/>\nSukupuoli: Mies<br \/>\nKauppatieteiden ja johtamisen maisteri<br \/>\nOsakeomistus: 2 084 405 osaketta (ml. Oy Rosaco Ab:n osakkeet)<\/p>\n<\/div><button class=\"toggle collapsed\" type=\"button\" data-toggle=\"collapse\" data-target=\"#accordion-item-1\" aria-expanded=\"false\" aria-controls=\"id766\"><\/button><\/div><\/div><div class=\"bottom collapse\" id=\"accordion-item-1\"><div class=\"short-description d-md-none\"><p>Suomen kansalainen<br \/>\nSukupuoli: Mies<br \/>\nKauppatieteiden ja johtamisen maisteri<br \/>\nOsakeomistus: 2 084 405 osaketta (ml. Oy Rosaco Ab:n osakkeet)<\/p>\n<\/div><div class=\"long-description\"><p><strong>Keskeinen ty\u00f6kokemus<\/strong><\/p>\n<ul>\n<li>Colgate-Palmoliven maajohtaja, Suomi 2002\u20132010<\/li>\n<li>Nestl\u00e9 Groupin myynnin- ja markkinoinnin johtoteht\u00e4vi\u00e4 1997\u20132002<\/li>\n<\/ul>\n<p><strong>Keskeiset luottamusteht\u00e4v\u00e4t<\/strong><\/p>\n<ul>\n<li>Rapala VMC Oyj:n hallituksen puheenjohtaja vuodesta 2025 ja j\u00e4sen vuodesta 2023<\/li>\n<li>Kemianteollisuus ry:n hallituksen j\u00e4sen vuodesta 2018<\/li>\n<li>Avainlippu Oy:n hallituksen j\u00e4sen vuodesta 2018<\/li>\n<li>Muoviteollisuus ry:n hallituksen j\u00e4sen vuodesta 2015<\/li>\n<li>Lagerblad Foods Oy:n hallituksen j\u00e4sen vuodesta 2007<\/li>\n<\/ul>\n<p><strong>Aiemmat luottamusteht\u00e4v\u00e4t<\/strong><\/p>\n<ul>\n<li>Suomalaisen Ty\u00f6n Liitto ry:n johtokunnan j\u00e4sen 2016\u20132022<\/li>\n<\/ul>\n<\/div><\/div><\/div><\/div><div class=\"item\"><div class=\"container\"><div class=\"top\"><img decoding=\"async\" src=\"https:\/\/investors.orthexgroup.com\/wp-content\/uploads\/2021\/03\/Saara_Makela_260x260px-260x260.jpg\" width=\"260\" height=\"260\" class=\"person-image\" alt=\"Saara M\u00e4kel\u00e4\" loading=\"lazy\"><div class=\"text\"><h3 class=\"h4 name\">Saara M\u00e4kel\u00e4<\/h3><p class=\"position\">Talousjohtaja, johtoryhm\u00e4n j\u00e4sen vuodesta 2017<\/p><p class=\"birth\">Syntynyt 1976<\/p><div class=\"short-description d-none d-md-block\"><p>Suomen kansalainen<br \/>\nSukupuoli: Nainen<br \/>\nKauppatieteiden maisteri<br \/>\nOsakeomistus: 141 833 osaketta<\/p>\n<\/div><button class=\"toggle collapsed\" type=\"button\" data-toggle=\"collapse\" data-target=\"#accordion-item-2\" aria-expanded=\"false\" aria-controls=\"id769\"><\/button><\/div><\/div><div class=\"bottom collapse\" id=\"accordion-item-2\"><div class=\"short-description d-md-none\"><p>Suomen kansalainen<br \/>\nSukupuoli: Nainen<br \/>\nKauppatieteiden maisteri<br \/>\nOsakeomistus: 141 833 osaketta<\/p>\n<\/div><div class=\"long-description\"><h4>\u00a0Keskeinen ty\u00f6kokemus<\/h4>\n<ul>\n<li>Oy Transmeri Group Ab:n Finance Manager ja Oy Transmeri Group Ab:n ja Oy Transmeri Ab:n johtoryhmien j\u00e4sen 2014\u20132017<\/li>\n<li>Oy Transmeri Ab:n Controller 2013<\/li>\n<li data-leveltext=\"\uf0b7\" data-font=\"Symbol\" data-listid=\"22\" aria-setsize=\"-1\" data-aria-posinset=\"3\" data-aria-level=\"1\"><span data-contrast=\"none\"><span data-ccp-parastyle=\"Body Text\">Iiitala<\/span><span data-ccp-parastyle=\"Body Text\">\u00a0<\/span><span data-ccp-parastyle=\"Body Text\">Groupin<\/span><span data-ccp-parastyle=\"Body Text\"> Business Controller 2010\u20132013<\/span><\/span><span data-ccp-props=\"{&quot;201341983&quot;:0,&quot;335559739&quot;:120,&quot;335559740&quot;:259}\">\u00a0<\/span><\/li>\n<li data-leveltext=\"\uf0b7\" data-font=\"Symbol\" data-listid=\"22\" aria-setsize=\"-1\" data-aria-posinset=\"4\" data-aria-level=\"1\"><span data-contrast=\"none\"><span data-ccp-parastyle=\"Body Text\">L\u2019Or\u00e9al\u00a0<\/span><span data-ccp-parastyle=\"Body Text\">Finlandin<\/span><span data-ccp-parastyle=\"Body Text\">\u00a0Business Controller 2001\u20132010<\/span><\/span><span data-ccp-props=\"{&quot;201341983&quot;:0,&quot;335559739&quot;:120,&quot;335559740&quot;:259}\">\u00a0<\/span><\/li>\n<\/ul>\n<h4>Keskeiset luottamusteht\u00e4v\u00e4t<\/h4>\n<ul>\n<li>Ruohonjuuri Oy:n hallituksen j\u00e4sen vuodesta 2024<\/li>\n<\/ul>\n<\/div><\/div><\/div><\/div><div class=\"item\"><div class=\"container\"><div class=\"top\"><img decoding=\"async\" src=\"https:\/\/investors.orthexgroup.com\/wp-content\/uploads\/2021\/03\/Hanna_Kukkonen_260x260px-260x260.jpg\" width=\"260\" height=\"260\" class=\"person-image\" alt=\"Hanna Kukkonen\" loading=\"lazy\"><div class=\"text\"><h3 class=\"h4 name\">Hanna Kukkonen<\/h3><p class=\"position\">Markkinointi- ja vastuullisuusjohtaja, johtoryhm\u00e4n j\u00e4sen vuodesta 2012<\/p><p class=\"birth\">Syntynyt 1973<\/p><div class=\"short-description d-none d-md-block\"><p>Suomen kansalainen<br \/>\nSukupuoli: Nainen<br \/>\nKauppatieteiden maisteri<br \/>\nOsakeomistus: 201 530 osaketta<\/p>\n<\/div><button class=\"toggle collapsed\" type=\"button\" data-toggle=\"collapse\" data-target=\"#accordion-item-3\" aria-expanded=\"false\" aria-controls=\"id772\"><\/button><\/div><\/div><div class=\"bottom collapse\" id=\"accordion-item-3\"><div class=\"short-description d-md-none\"><p>Suomen kansalainen<br \/>\nSukupuoli: Nainen<br \/>\nKauppatieteiden maisteri<br \/>\nOsakeomistus: 201 530 osaketta<\/p>\n<\/div><div class=\"long-description\"><h4>Keskeinen ty\u00f6kokemus<\/h4>\n<ul>\n<li>HKScan Oyj:n markkinoinnin ja tuotekehityksen johtoteht\u00e4viss\u00e4 2007\u20132012<\/li>\n<li><span class=\"TrackChangeTextInsertion TrackedChange SCXW218988985 BCX0\"><span class=\"TextRun SCXW218988985 BCX0\" lang=\"FI-FI\" xml:lang=\"FI-FI\" data-contrast=\"none\"><span class=\"SpellingError SCXW218988985 BCX0\" data-ccp-parastyle=\"Body Text\">L\u2019Or\u00e9al<\/span><span class=\"NormalTextRun SCXW218988985 BCX0\" data-ccp-parastyle=\"Body Text\">\u00a0Groupin markkinointi-\u00a0<\/span><\/span><\/span><span class=\"TrackChangeTextInsertion TrackedChange SCXW218988985 BCX0\"><span class=\"TextRun SCXW218988985 BCX0\" lang=\"FI-FI\" xml:lang=\"FI-FI\" data-contrast=\"none\"><span class=\"NormalTextRun SCXW218988985 BCX0\" data-ccp-parastyle=\"Body Text\">ja tu<\/span><\/span><\/span><span class=\"TrackChangeTextInsertion TrackedChange SCXW218988985 BCX0\"><span class=\"TextRun SCXW218988985 BCX0\" lang=\"FI-FI\" xml:lang=\"FI-FI\" data-contrast=\"none\"><span class=\"NormalTextRun SCXW218988985 BCX0\" data-ccp-parastyle=\"Body Text\">otekehity<\/span><\/span><\/span><span class=\"TrackChangeTextInsertion TrackedChange SCXW218988985 BCX0\"><span class=\"TextRun SCXW218988985 BCX0\" lang=\"FI-FI\" xml:lang=\"FI-FI\" data-contrast=\"none\"><span class=\"NormalTextRun SCXW218988985 BCX0\" data-ccp-parastyle=\"Body Text\">steht\u00e4v\u00e4t\u00a0<\/span><\/span><\/span><span class=\"TrackChangeTextInsertion TrackedChange SCXW218988985 BCX0\"><span class=\"TextRun SCXW218988985 BCX0\" lang=\"FI-FI\" xml:lang=\"FI-FI\" data-contrast=\"none\"><span class=\"NormalTextRun SCXW218988985 BCX0\" data-ccp-parastyle=\"Body Text\">1994\u20132006\u00a0<\/span><\/span><\/span><span class=\"EOP TrackedChange SCXW218988985 BCX0\" data-ccp-props=\"{&quot;201341983&quot;:0,&quot;335559739&quot;:120,&quot;335559740&quot;:252}\">\u00a0<\/span><\/li>\n<\/ul>\n<\/div><\/div><\/div><\/div><div class=\"item\"><div class=\"container\"><div class=\"top\"><img decoding=\"async\" src=\"https:\/\/investors.orthexgroup.com\/wp-content\/uploads\/2021\/03\/Tom_Stahlberg_260x260px-260x260.jpg\" width=\"260\" height=\"260\" class=\"person-image\" alt=\"Tom St\u00e5hlberg\" loading=\"lazy\"><div class=\"text\"><h3 class=\"h4 name\">Tom St\u00e5hlberg<\/h3><p class=\"position\">Tuotanto- ja toimitusketjujohtaja, johtoryhm\u00e4n j\u00e4sen vuodesta 2012<\/p><p class=\"birth\">Syntynyt 1969<\/p><div class=\"short-description d-none d-md-block\"><p>Suomen kansalainen<br \/>\nSukupuoli: Mies<br \/>\nDiplomi-insin\u00f6\u00f6ri<br \/>\nOsakeomistus: 316 250 osaketta (ml. l\u00e4hipiirin omistukset)<\/p>\n<\/div><button class=\"toggle collapsed\" type=\"button\" data-toggle=\"collapse\" data-target=\"#accordion-item-4\" aria-expanded=\"false\" aria-controls=\"id783\"><\/button><\/div><\/div><div class=\"bottom collapse\" id=\"accordion-item-4\"><div class=\"short-description d-md-none\"><p>Suomen kansalainen<br \/>\nSukupuoli: Mies<br \/>\nDiplomi-insin\u00f6\u00f6ri<br \/>\nOsakeomistus: 316 250 osaketta (ml. l\u00e4hipiirin omistukset)<\/p>\n<\/div><div class=\"long-description\"><h4>Keskeinen ty\u00f6kokemus<\/h4>\n<ul>\n<li>Orthexin Lohjan tehtaan tuotantojohtaja 2012\u20132024<\/li>\n<li>Schoeller Arca Systems NE:n toiminnanjohtaja 2006\u20132012<\/li>\n<li>Schoeller Arca Systems AB:n tehdasp\u00e4\u00e4llikk\u00f6 2004\u20132006<\/li>\n<li>Schoeller Arca Systems Oy:n tuotantop\u00e4\u00e4llikk\u00f6 1998\u20132004<\/li>\n<\/ul>\n<\/div><\/div><\/div><\/div><div class=\"item\"><div class=\"container\"><div class=\"top\"><img decoding=\"async\" src=\"https:\/\/investors.orthexgroup.com\/wp-content\/uploads\/2025\/09\/Aurelien_Chabannier_260x260px.jpg\" width=\"260\" height=\"260\" class=\"person-image\" alt=\"\" loading=\"lazy\"><div class=\"text\"><h3 class=\"h4 name\">Aur\u00e9lien Chabannier<\/h3><p class=\"position\">Myyntijohtaja, Eurooppa ja kansainv\u00e4liset markkinat, johtoryhm\u00e4n j\u00e4sen 1.9.2025 l\u00e4htien<\/p><p class=\"birth\">Syntynyt 1989<\/p><div class=\"short-description d-none d-md-block\"><p>Ranskan kansalainen<br \/>\nSukupuoli: Mies<br \/>\nJohtamisen maisteri<br \/>\nOsakeomistus: &#8211;<\/p>\n<\/div><button class=\"toggle collapsed\" type=\"button\" data-toggle=\"collapse\" data-target=\"#accordion-item-5\" aria-expanded=\"false\" aria-controls=\"id6034\"><\/button><\/div><\/div><div class=\"bottom collapse\" id=\"accordion-item-5\"><div class=\"short-description d-md-none\"><p>Ranskan kansalainen<br \/>\nSukupuoli: Mies<br \/>\nJohtamisen maisteri<br \/>\nOsakeomistus: &#8211;<\/p>\n<\/div><div class=\"long-description\"><p><strong>Keskeinen ty\u00f6kokemus:<\/strong><\/p>\n<ul>\n<li>Orthexin liiketoimintayksik\u00f6n p\u00e4\u00e4llikk\u00f6, Ranska ja Saksa 2025<\/li>\n<li>Orthexin liiketoimintayksik\u00f6n p\u00e4\u00e4llikk\u00f6, Ranska 2018\u20132024<\/li>\n<li>Orthexin myyntip\u00e4\u00e4llikk\u00f6, Ranska 2016\u20132018<\/li>\n<li>Disfra SA:n avainasiakas- ja tuotep\u00e4\u00e4llikk\u00f6 2013\u20132016<\/li>\n<\/ul>\n<\/div><\/div><\/div><\/div><div class=\"item\"><div class=\"container\"><div class=\"top\"><img decoding=\"async\" src=\"https:\/\/investors.orthexgroup.com\/wp-content\/uploads\/2021\/03\/Nicholas_Ledin_260x260px-260x260.jpg\" width=\"260\" height=\"260\" class=\"person-image\" alt=\"Nicholas Ledin\" loading=\"lazy\"><div class=\"text\"><h3 class=\"h4 name\">Nicholas Ledin<\/h3><p class=\"position\">Myyntijohtaja, Pohjoismaat, johtoryhm\u00e4n j\u00e4sen vuodesta 2015<\/p><p class=\"birth\">Syntynyt 1970<\/p><div class=\"short-description d-none d-md-block\"><p>Ruotsin kansalainen<br \/>\nSukupuoli: Mies<br \/>\n<span class=\"TextRun SCXW105885019 BCX0\" lang=\"FI-FI\" xml:lang=\"FI-FI\" data-contrast=\"none\"><span class=\"NormalTextRun SCXW105885019 BCX0\" data-ccp-parastyle=\"Body Text\">Ylioppilas<\/span><\/span><br \/>\nOsakeomistus: 62 475 osaketta<\/p>\n<\/div><button class=\"toggle collapsed\" type=\"button\" data-toggle=\"collapse\" data-target=\"#accordion-item-6\" aria-expanded=\"false\" aria-controls=\"id776\"><\/button><\/div><\/div><div class=\"bottom collapse\" id=\"accordion-item-6\"><div class=\"short-description d-md-none\"><p>Ruotsin kansalainen<br \/>\nSukupuoli: Mies<br \/>\n<span class=\"TextRun SCXW105885019 BCX0\" lang=\"FI-FI\" xml:lang=\"FI-FI\" data-contrast=\"none\"><span class=\"NormalTextRun SCXW105885019 BCX0\" data-ccp-parastyle=\"Body Text\">Ylioppilas<\/span><\/span><br \/>\nOsakeomistus: 62 475 osaketta<\/p>\n<\/div><div class=\"long-description\"><h4>Keskeinen ty\u00f6kokemus<\/h4>\n<ul>\n<li>Orthexin myyntijohtaja, Scandinavia 2015\u20132020<\/li>\n<li>Orthexin myyntip\u00e4\u00e4llikk\u00f6, Ruotsi ja Norja 2011\u20132015<\/li>\n<li>Orthexin myyntip\u00e4\u00e4llikk\u00f6, Ruotsi 2003\u20132011<\/li>\n<li>Orthexin aluep\u00e4\u00e4llikk\u00f6 2001\u20132003<\/li>\n<li>Curver Scandinavian aluep\u00e4\u00e4llikk\u00f6 2000\u20132001<\/li>\n<li>E S\u00e4ljinvest AB:n aluep\u00e4\u00e4llikk\u00f6 vuosina 1994\u20132000<\/li>\n<\/ul>\n<\/div><\/div><\/div><\/div><div class=\"item\"><div class=\"container\"><div class=\"top\"><img decoding=\"async\" src=\"https:\/\/investors.orthexgroup.com\/wp-content\/uploads\/2021\/03\/Hans_Cronquist_260x260px-260x260.jpg\" width=\"260\" height=\"260\" class=\"person-image\" alt=\"Hans Cronquist\" loading=\"lazy\"><div class=\"text\"><h3 class=\"h4 name\">Hans Cronquist<\/h3><p class=\"position\">Tuotantojohtaja, Tingsryd (Ruotsi), johtoryhm\u00e4n j\u00e4sen vuodesta 2019<\/p><p class=\"birth\">Syntynyt 1970<\/p><div class=\"short-description d-none d-md-block\"><p>Ruotsin kansalainen<br \/>\nSukupuoli: Mies<br \/>\nDiplomi-insin\u00f6\u00f6ri<br \/>\nOsakeomistus: 100 700 osaketta<\/p>\n<\/div><button class=\"toggle collapsed\" type=\"button\" data-toggle=\"collapse\" data-target=\"#accordion-item-7\" aria-expanded=\"false\" aria-controls=\"id779\"><\/button><\/div><\/div><div class=\"bottom collapse\" id=\"accordion-item-7\"><div class=\"short-description d-md-none\"><p>Ruotsin kansalainen<br \/>\nSukupuoli: Mies<br \/>\nDiplomi-insin\u00f6\u00f6ri<br \/>\nOsakeomistus: 100 700 osaketta<\/p>\n<\/div><div class=\"long-description\"><h4>Keskeinen ty\u00f6kokemus<\/h4>\n<ul>\n<li>Volvo Construction Equipment AB:n Bra\u00e5sin laitoksen Technical Manager Operations 2013\u20132019<\/li>\n<li>Volvo Construction Equipment AB:n hankintaan ja tuotantoon liittyv\u00e4t johtoteht\u00e4v\u00e4t 2004\u20132013<\/li>\n<li>Volvo Construction Equipment AB:n hankintaan liittyv\u00e4t teht\u00e4v\u00e4t 1999\u20132004<\/li>\n<\/ul>\n<\/div><\/div><\/div><\/div><\/div><\/div>\n\n\n\n<p><\/p>\n","protected":false},"excerpt":{"rendered":"<p>Toimitusjohtaja on vastuussa Orthexin operatiivisesta johtamisesta. Toimitusjohtaja valmistelee yhti\u00f6n hallituksen p\u00e4\u00e4tett\u00e4v\u00e4t asiat, kehitt\u00e4\u00e4 Orthexin toimintoja&hellip;<\/p>\n","protected":false},"author":1,"featured_media":0,"parent":691,"menu_order":0,"comment_status":"closed","ping_status":"closed","template":"","meta":{"_acf_changed":false,"footnotes":""},"class_list":["post-702","page","type-page","status-publish","hentry"],"acf":[],"yoast_head":"<!-- This site is optimized with the Yoast SEO plugin v27.1.1 - https:\/\/yoast.com\/product\/yoast-seo-wordpress\/ -->\n<title>Orthex Johtoryhm\u00e4 - Orthex Group<\/title>\n<meta name=\"description\" content=\"Orthexin johtoryhm\u00e4 ohjaa yhti\u00f6n operatiivista toimintaa. Tutustu johtoryhm\u00e4n j\u00e4seniin ja heid\u00e4n vastuualueisiinsa.\" \/>\n<meta name=\"robots\" content=\"index, follow, max-snippet:-1, max-image-preview:large, max-video-preview:-1\" \/>\n<link rel=\"canonical\" href=\"https:\/\/investors.orthexgroup.com\/fi\/hallinnointi\/johtoryhma\/\" \/>\n<meta property=\"og:locale\" content=\"fi_FI\" \/>\n<meta property=\"og:type\" content=\"article\" \/>\n<meta property=\"og:title\" content=\"Orthex Johtoryhm\u00e4 - Orthex Group\" \/>\n<meta property=\"og:description\" content=\"Orthexin johtoryhm\u00e4 ohjaa yhti\u00f6n operatiivista toimintaa. Tutustu johtoryhm\u00e4n j\u00e4seniin ja heid\u00e4n vastuualueisiinsa.\" \/>\n<meta property=\"og:url\" content=\"https:\/\/investors.orthexgroup.com\/fi\/hallinnointi\/johtoryhma\/\" \/>\n<meta property=\"og:site_name\" content=\"Orthex Group\" \/>\n<meta property=\"article:modified_time\" content=\"2025-09-01T10:29:23+00:00\" \/>\n<meta name=\"twitter:card\" content=\"summary_large_image\" \/>\n<meta name=\"twitter:label1\" content=\"Arvioitu lukuaika\" \/>\n\t<meta name=\"twitter:data1\" content=\"1 minuutti\" \/>\n<script type=\"application\/ld+json\" class=\"yoast-schema-graph\">{\"@context\":\"https:\/\/schema.org\",\"@graph\":[{\"@type\":\"WebPage\",\"@id\":\"https:\/\/investors.orthexgroup.com\/fi\/hallinnointi\/johtoryhma\/\",\"url\":\"https:\/\/investors.orthexgroup.com\/fi\/hallinnointi\/johtoryhma\/\",\"name\":\"Orthex Johtoryhm\u00e4 - Orthex Group\",\"isPartOf\":{\"@id\":\"https:\/\/investors.orthexgroup.com\/fi\/#website\"},\"datePublished\":\"2021-03-15T07:55:39+00:00\",\"dateModified\":\"2025-09-01T10:29:23+00:00\",\"description\":\"Orthexin johtoryhm\u00e4 ohjaa yhti\u00f6n operatiivista toimintaa. Tutustu johtoryhm\u00e4n j\u00e4seniin ja heid\u00e4n vastuualueisiinsa.\",\"breadcrumb\":{\"@id\":\"https:\/\/investors.orthexgroup.com\/fi\/hallinnointi\/johtoryhma\/#breadcrumb\"},\"inLanguage\":\"fi\",\"potentialAction\":[{\"@type\":\"ReadAction\",\"target\":[\"https:\/\/investors.orthexgroup.com\/fi\/hallinnointi\/johtoryhma\/\"]}]},{\"@type\":\"BreadcrumbList\",\"@id\":\"https:\/\/investors.orthexgroup.com\/fi\/hallinnointi\/johtoryhma\/#breadcrumb\",\"itemListElement\":[{\"@type\":\"ListItem\",\"position\":1,\"name\":\"Etusivu\",\"item\":\"https:\/\/investors.orthexgroup.com\/fi\/\"},{\"@type\":\"ListItem\",\"position\":2,\"name\":\"Orthexin hallinnointi\",\"item\":\"https:\/\/investors.orthexgroup.com\/fi\/hallinnointi\/\"},{\"@type\":\"ListItem\",\"position\":3,\"name\":\"Orthexin johtoryhm\u00e4\"}]},{\"@type\":\"WebSite\",\"@id\":\"https:\/\/investors.orthexgroup.com\/fi\/#website\",\"url\":\"https:\/\/investors.orthexgroup.com\/fi\/\",\"name\":\"Orthex Group\",\"description\":\"Tietoa Orthex Group Oyn listautumisannista\",\"publisher\":{\"@id\":\"https:\/\/investors.orthexgroup.com\/fi\/#organization\"},\"potentialAction\":[{\"@type\":\"SearchAction\",\"target\":{\"@type\":\"EntryPoint\",\"urlTemplate\":\"https:\/\/investors.orthexgroup.com\/fi\/?s={search_term_string}\"},\"query-input\":{\"@type\":\"PropertyValueSpecification\",\"valueRequired\":true,\"valueName\":\"search_term_string\"}}],\"inLanguage\":\"fi\"},{\"@type\":\"Organization\",\"@id\":\"https:\/\/investors.orthexgroup.com\/fi\/#organization\",\"name\":\"Orthex Group\",\"url\":\"https:\/\/investors.orthexgroup.com\/fi\/\",\"logo\":{\"@type\":\"ImageObject\",\"inLanguage\":\"fi\",\"@id\":\"https:\/\/investors.orthexgroup.com\/fi\/#\/schema\/logo\/image\/\",\"url\":\"https:\/\/investors.orthexgroup.com\/wp-content\/uploads\/2021\/01\/orthex-group-logo.svg\",\"contentUrl\":\"https:\/\/investors.orthexgroup.com\/wp-content\/uploads\/2021\/01\/orthex-group-logo.svg\",\"width\":129,\"height\":57,\"caption\":\"Orthex Group\"},\"image\":{\"@id\":\"https:\/\/investors.orthexgroup.com\/fi\/#\/schema\/logo\/image\/\"}}]}<\/script>\n<!-- \/ Yoast SEO plugin. -->","yoast_head_json":{"title":"Orthex Johtoryhm\u00e4 - Orthex Group","description":"Orthexin johtoryhm\u00e4 ohjaa yhti\u00f6n operatiivista toimintaa. Tutustu johtoryhm\u00e4n j\u00e4seniin ja heid\u00e4n vastuualueisiinsa.","robots":{"index":"index","follow":"follow","max-snippet":"max-snippet:-1","max-image-preview":"max-image-preview:large","max-video-preview":"max-video-preview:-1"},"canonical":"https:\/\/investors.orthexgroup.com\/fi\/hallinnointi\/johtoryhma\/","og_locale":"fi_FI","og_type":"article","og_title":"Orthex Johtoryhm\u00e4 - Orthex Group","og_description":"Orthexin johtoryhm\u00e4 ohjaa yhti\u00f6n operatiivista toimintaa. Tutustu johtoryhm\u00e4n j\u00e4seniin ja heid\u00e4n vastuualueisiinsa.","og_url":"https:\/\/investors.orthexgroup.com\/fi\/hallinnointi\/johtoryhma\/","og_site_name":"Orthex Group","article_modified_time":"2025-09-01T10:29:23+00:00","twitter_card":"summary_large_image","twitter_misc":{"Arvioitu lukuaika":"1 minuutti"},"schema":{"@context":"https:\/\/schema.org","@graph":[{"@type":"WebPage","@id":"https:\/\/investors.orthexgroup.com\/fi\/hallinnointi\/johtoryhma\/","url":"https:\/\/investors.orthexgroup.com\/fi\/hallinnointi\/johtoryhma\/","name":"Orthex Johtoryhm\u00e4 - Orthex Group","isPartOf":{"@id":"https:\/\/investors.orthexgroup.com\/fi\/#website"},"datePublished":"2021-03-15T07:55:39+00:00","dateModified":"2025-09-01T10:29:23+00:00","description":"Orthexin johtoryhm\u00e4 ohjaa yhti\u00f6n operatiivista toimintaa. Tutustu johtoryhm\u00e4n j\u00e4seniin ja heid\u00e4n vastuualueisiinsa.","breadcrumb":{"@id":"https:\/\/investors.orthexgroup.com\/fi\/hallinnointi\/johtoryhma\/#breadcrumb"},"inLanguage":"fi","potentialAction":[{"@type":"ReadAction","target":["https:\/\/investors.orthexgroup.com\/fi\/hallinnointi\/johtoryhma\/"]}]},{"@type":"BreadcrumbList","@id":"https:\/\/investors.orthexgroup.com\/fi\/hallinnointi\/johtoryhma\/#breadcrumb","itemListElement":[{"@type":"ListItem","position":1,"name":"Etusivu","item":"https:\/\/investors.orthexgroup.com\/fi\/"},{"@type":"ListItem","position":2,"name":"Orthexin hallinnointi","item":"https:\/\/investors.orthexgroup.com\/fi\/hallinnointi\/"},{"@type":"ListItem","position":3,"name":"Orthexin johtoryhm\u00e4"}]},{"@type":"WebSite","@id":"https:\/\/investors.orthexgroup.com\/fi\/#website","url":"https:\/\/investors.orthexgroup.com\/fi\/","name":"Orthex Group","description":"Tietoa Orthex Group Oyn listautumisannista","publisher":{"@id":"https:\/\/investors.orthexgroup.com\/fi\/#organization"},"potentialAction":[{"@type":"SearchAction","target":{"@type":"EntryPoint","urlTemplate":"https:\/\/investors.orthexgroup.com\/fi\/?s={search_term_string}"},"query-input":{"@type":"PropertyValueSpecification","valueRequired":true,"valueName":"search_term_string"}}],"inLanguage":"fi"},{"@type":"Organization","@id":"https:\/\/investors.orthexgroup.com\/fi\/#organization","name":"Orthex Group","url":"https:\/\/investors.orthexgroup.com\/fi\/","logo":{"@type":"ImageObject","inLanguage":"fi","@id":"https:\/\/investors.orthexgroup.com\/fi\/#\/schema\/logo\/image\/","url":"https:\/\/investors.orthexgroup.com\/wp-content\/uploads\/2021\/01\/orthex-group-logo.svg","contentUrl":"https:\/\/investors.orthexgroup.com\/wp-content\/uploads\/2021\/01\/orthex-group-logo.svg","width":129,"height":57,"caption":"Orthex Group"},"image":{"@id":"https:\/\/investors.orthexgroup.com\/fi\/#\/schema\/logo\/image\/"}}]}},"_links":{"self":[{"href":"https:\/\/investors.orthexgroup.com\/fi\/wp-json\/wp\/v2\/pages\/702","targetHints":{"allow":["GET"]}}],"collection":[{"href":"https:\/\/investors.orthexgroup.com\/fi\/wp-json\/wp\/v2\/pages"}],"about":[{"href":"https:\/\/investors.orthexgroup.com\/fi\/wp-json\/wp\/v2\/types\/page"}],"author":[{"embeddable":true,"href":"https:\/\/investors.orthexgroup.com\/fi\/wp-json\/wp\/v2\/users\/1"}],"replies":[{"embeddable":true,"href":"https:\/\/investors.orthexgroup.com\/fi\/wp-json\/wp\/v2\/comments?post=702"}],"version-history":[{"count":5,"href":"https:\/\/investors.orthexgroup.com\/fi\/wp-json\/wp\/v2\/pages\/702\/revisions"}],"predecessor-version":[{"id":6041,"href":"https:\/\/investors.orthexgroup.com\/fi\/wp-json\/wp\/v2\/pages\/702\/revisions\/6041"}],"up":[{"embeddable":true,"href":"https:\/\/investors.orthexgroup.com\/fi\/wp-json\/wp\/v2\/pages\/691"}],"wp:attachment":[{"href":"https:\/\/investors.orthexgroup.com\/fi\/wp-json\/wp\/v2\/media?parent=702"}],"curies":[{"name":"wp","href":"https:\/\/api.w.org\/{rel}","templated":true}]}}