{"id":705,"date":"2021-03-15T09:55:39","date_gmt":"2021-03-15T07:55:39","guid":{"rendered":"https:\/\/investors.orthexgroup.com\/?page_id=705"},"modified":"2025-09-08T11:09:53","modified_gmt":"2025-09-08T08:09:53","slug":"sisapiirihallinto","status":"publish","type":"page","link":"https:\/\/investors.orthexgroup.com\/fi\/hallinnointi\/sisapiirihallinto\/","title":{"rendered":"Sis\u00e4piirihallinto"},"content":{"rendered":"\n<p>Orthex on laatinut <a href=\"https:\/\/investors.orthexgroup.com\/fi\/hallinnointi\/hallitus\/\">yhti\u00f6n hallituksen<\/a> hyv\u00e4ksym\u00e4n sis\u00e4piiriohjeen, jonka tarkoituksena on selkeytt\u00e4\u00e4 ja t\u00e4ydent\u00e4\u00e4 Orthexin ja sis\u00e4piiril\u00e4isten toimintatapoja ja toimia k\u00e4yt\u00e4nn\u00f6n apuv\u00e4lineen\u00e4 sis\u00e4piiriasioiden hoitamisessa. Sis\u00e4piiriohje m\u00e4\u00e4rittelee selke\u00e4t toimintaohjeet muun muassa sis\u00e4piiritiedon hallinnointiin, sis\u00e4piiriluettelojen yll\u00e4pitoon sek\u00e4 ilmoitusvelvollisten henkil\u00f6iden liiketoimien ilmoittamiseen.<\/p>\n\n\n\n<p>Sis\u00e4piiriohjetta sovelletaan Orthexiin ja Orthexissa johtoteht\u00e4viss\u00e4 toimiviin henkil\u00f6ihin sek\u00e4 niihin Orthexissa ty\u00f6skenteleviin henkil\u00f6ihin, joilla on p\u00e4\u00e4sy sis\u00e4piiritietoon tai jotka ovat muutoin tulleet tietoiseksi sis\u00e4piiritiedosta. Lis\u00e4ksi sis\u00e4piiriohjetta sovelletaan sopimusperusteisesti muutoin Orthexin puolesta tai lukuun toimiviin, kun he suorittavat teht\u00e4vi\u00e4, joiden kautta heill\u00e4 on p\u00e4\u00e4sy sis\u00e4piiritietoon.<\/p>\n\n\n\n<p>Sis\u00e4piiris\u00e4\u00e4ntely perustuu markkinoiden v\u00e4\u00e4rink\u00e4ytt\u00f6asetukseen (EU) N:o 596\/2014.<\/p>\n\n\n\n<h3 class=\"wp-block-heading\">Sis\u00e4piiritieto ja -luettelot<\/h3>\n\n\n\n<p>Orthexin sis\u00e4piirihallinto laatii sis\u00e4piiriluettelot ja pit\u00e4\u00e4 ne ajan tasalla s\u00e4hk\u00f6isess\u00e4 muodossa. Orthex voi laatia yksitt\u00e4isten sis\u00e4piiritietoa koskevien sis\u00e4piiriluetteloiden (hankekohtainen sis\u00e4piiriluettelo) lis\u00e4ksi pysyvi\u00e4 sis\u00e4piiril\u00e4isi\u00e4 koskevan t\u00e4ydennysosion (pysyv\u00e4t sis\u00e4piiril\u00e4iset). Pysyv\u00e4 sis\u00e4piiri k\u00e4sitt\u00e4\u00e4 vain ne henkil\u00f6t, joiden katsotaan teht\u00e4viens\u00e4 perusteella jatkuvasti p\u00e4\u00e4sev\u00e4n kaikkeen Orthexia koskevaan sis\u00e4piiritietoon. Hankekohtaiseen sis\u00e4piiriluetteloon Orthex merkitsee ne henkil\u00f6t, joilla on hanketta koskevaa sis\u00e4piiritietoa, mukaan lukien mahdolliset ulkopuoliset neuvonantajat ja asiantuntijat.<\/p>\n\n\n\n<p>Sis\u00e4piiriluetteloja yll\u00e4pidet\u00e4\u00e4n Finanssivalvonnan tai muun asianmukaisen tahon laatimalla ja\/tai hyv\u00e4ksym\u00e4ll\u00e4, soveltuvat vaatimukset t\u00e4ytt\u00e4v\u00e4ll\u00e4 s\u00e4hk\u00f6isell\u00e4 menettelyll\u00e4. Sis\u00e4piiriluettelot eiv\u00e4t ole julkisia, eik\u00e4 niit\u00e4 aseteta yleis\u00f6n n\u00e4ht\u00e4ville.<\/p>\n\n\n\n<p>Orthex ilmoittaa kirjallisesti sis\u00e4piiriluetteloon kuuluvalle henkil\u00f6lle h\u00e4nen sis\u00e4piiriasemastaan, siit\u00e4 seuraavista velvoitteista ja velvoitteiden rikkomisesta mahdollisesti liittyvist\u00e4 seuraamuksista. Hankekohtaiseen sis\u00e4piiriluetteloon merkitylle henkil\u00f6lle ilmoitetaan hankkeen p\u00e4\u00e4tt\u00e4misest\u00e4 ja hankekohtaisen sis\u00e4piiriluettelon sulkemisesta.<\/p>\n\n\n\n<h3 class=\"wp-block-heading\">Kaupank\u00e4yntirajoitukset<\/h3>\n\n\n\n<p>Orthexin johtoteht\u00e4viss\u00e4 toimivien henkil\u00f6iden sek\u00e4 muiden Orthexin mahdollisesti m\u00e4\u00e4rittelemien pysyvien sis\u00e4piiril\u00e4isten tulee ajoittaa kaupank\u00e4yntins\u00e4 Orthexin rahoitusv\u00e4lineill\u00e4 siten, ettei kaupank\u00e4ynti heikenn\u00e4 arvopaperimarkkinoita kohtaan tunnettua luottamusta.<\/p>\n\n\n\n<p>Orthexin johtoteht\u00e4viss\u00e4 toimivat henkil\u00f6t sek\u00e4 mahdolliset Orthexin m\u00e4\u00e4rittelem\u00e4t pysyv\u00e4t sis\u00e4piiril\u00e4iset eiv\u00e4t saa toteuttaa omaan lukuunsa tai kolmannen osapuolen lukuun liiketoimia suljetun ajanjakson aikana, joka alkaa aina 30 p\u00e4iv\u00e4\u00e4 ennen kyseess\u00e4 olevan Orthexin tilinp\u00e4\u00e4t\u00f6stiedotteen, puolivuosikatsauksen sek\u00e4 Orthexin s\u00e4\u00e4nn\u00f6llisesti antaman kolmen ja yhdeks\u00e4n kuukauden osavuosikatsauksen julkistamisp\u00e4iv\u00e4\u00e4 ja p\u00e4\u00e4ttyy 24 tuntia konsernin osavuosikatsauksen, puolivuosikatsauksen tai tilinp\u00e4\u00e4t\u00f6stiedotteen julkistamisen j\u00e4lkeen.<\/p>\n\n\n\n<p>Nasdaq Helsinki Oy:n sis\u00e4piiriohjeen mukaisesti Orthex m\u00e4\u00e4r\u00e4\u00e4, ett\u00e4 henkil\u00f6t, jotka osallistuvat Orthexin taloudellisten raporttien valmisteluun, laatimiseen, tarkastamiseen tai julkistamiseen, eiv\u00e4t saa toteuttaa omaan lukuunsa tai kolmannen osapuolen lukuun liiketoimia suljetun ajanjakson ajan.<\/p>\n\n\n\n<p>Kaupank\u00e4yntirajoitusta sovelletaan my\u00f6s kaupank\u00e4yntirajoituksen piiriin kuuluvien henkil\u00f6iden edunvalvonnassa oleviin vajaavaltaisiin henkil\u00f6ihin. Kaupank\u00e4yntirajoituksen piiriss\u00e4 olevalla henkil\u00f6ll\u00e4 on vastuu kaupank\u00e4yntirajoituksen noudattamisesta my\u00f6s silloin, kun h\u00e4nen arvopapereidensa ja muiden rahoitusv\u00e4lineidens\u00e4 hoito on annettu toisen henkil\u00f6n, esimerkiksi salkunhoitajan, teht\u00e4v\u00e4ksi.<\/p>\n\n\n\n<h3 class=\"wp-block-heading\">Johdon ja l\u00e4hipiirin velvollisuus liiketoimien ilmoittamiseen ja liiketoimien julkistaminen<\/h3>\n\n\n\n<p>Orthexin johtoteht\u00e4viss\u00e4 toimivien henkil\u00f6iden ja heid\u00e4n l\u00e4hipiirins\u00e4 on ilmoitettava Orthexille ja <a href=\"https:\/\/www.finanssivalvonta.fi\/\" target=\"_blank\" rel=\"noreferrer noopener\">Finanssivalvonnalle<\/a> kaikki liiketoimensa, jotka he tekev\u00e4t omaan lukuunsa Orthexin osalta sen osakkeilla, vieraan p\u00e4\u00e4oman ehtoisilla rahoitusv\u00e4lineill\u00e4 taikka johdannaisilla tai muilla niihin liittyvill\u00e4 rahoitusv\u00e4lineill\u00e4. Ilmoitusvelvollisuus koskee mill\u00e4 tahansa markkinapaikalla tai markkinapaikkojen ulkopuolella tehtyj\u00e4 liiketoimia.<\/p>\n\n\n\n<p>Johtoteht\u00e4viss\u00e4 toimivia henkil\u00f6it\u00e4 ovat Orthexin hallituksen j\u00e4senet ja varaj\u00e4senet, toimitusjohtaja ja h\u00e4nen sijaisensa, johtoryhm\u00e4n j\u00e4senet sek\u00e4 mahdolliset Orthexin toimitusjohtajan p\u00e4\u00e4tt\u00e4m\u00e4t muut ylimp\u00e4\u00e4n johtoon kuuluvat henkil\u00f6t. Orthex pit\u00e4\u00e4 luetteloa johtoteht\u00e4viss\u00e4 toimivista henkil\u00f6ist\u00e4 sek\u00e4 heid\u00e4n l\u00e4hipiiriins\u00e4 kuuluvista henkil\u00f6ist\u00e4 ja yhteis\u00f6ist\u00e4.<\/p>\n\n\n\n<p>Orthexin johtoteht\u00e4viss\u00e4 toimivan henkil\u00f6n tai muun yhti\u00f6n m\u00e4\u00e4rittelem\u00e4n kaupank\u00e4yntirajoituksen piiriss\u00e4 olevan henkil\u00f6n tulee pyyt\u00e4\u00e4 arvio suunnittelemansa rahoitusv\u00e4linett\u00e4 koskevan liiketoimen lain- ja ohjeenmukaisuudesta sis\u00e4piirivastaavalta. Arviomenettelyst\u00e4 huolimatta johtoteht\u00e4viss\u00e4 toimiva henkil\u00f6 tai edell\u00e4 mainittu muu henkil\u00f6 vastaa itse siit\u00e4, ett\u00e4 h\u00e4n noudattaa lakeja, m\u00e4\u00e4r\u00e4yksi\u00e4 ja ohjeita.<\/p>\n\n\n\n<h3 class=\"wp-block-heading\">Whistleblowing<\/h3>\n\n\n\n<p>Orthexilla on sis\u00e4inen ilmoituskanava, jonka kautta Orthexin ty\u00f6ntekij\u00f6ill\u00e4 on mahdollisuus tehd\u00e4 nimett\u00f6m\u00e4n\u00e4 ilmoitus rahoitusmarkkinoita koskevien s\u00e4\u00e4nn\u00f6sten ja m\u00e4\u00e4r\u00e4ysten ep\u00e4illyst\u00e4 rikkomisesta. Ilmoituskanavan kautta voidaan ilmoittaa esimerkiksi sis\u00e4piirikauppoihin, sis\u00e4piiritiedon laittomaan ilmaisemiseen tai markkinoiden manipulointiin liittyvist\u00e4 rikkomusep\u00e4ilyist\u00e4.<\/p>\n\n\n\n<p>Muut sidosryhm\u00e4t voivat ilmoittaa ep\u00e4illyst\u00e4 v\u00e4\u00e4rink\u00e4yt\u00f6ksest\u00e4 l\u00e4hett\u00e4m\u00e4ll\u00e4 s\u00e4hk\u00f6postin osoitteeseen whistleblow(at)orthexgroup.com.<\/p>\n\n\n\n<p><a href=\"https:\/\/investors.orthexgroup.com\/fi\/hallinnointi\/ilmoituskanava\/\" target=\"_blank\" rel=\"noreferrer noopener\">Lis\u00e4tietoja ilmoituskanavasta ja ohjeet ilmoitusten tekemiseen ovat saatavilla t\u00e4\u00e4lt\u00e4.<\/a><\/p>\n","protected":false},"excerpt":{"rendered":"<p>Orthex on laatinut yhti\u00f6n hallituksen hyv\u00e4ksym\u00e4n sis\u00e4piiriohjeen, jonka tarkoituksena on selkeytt\u00e4\u00e4 ja t\u00e4ydent\u00e4\u00e4 Orthexin ja&hellip;<\/p>\n","protected":false},"author":1,"featured_media":0,"parent":691,"menu_order":0,"comment_status":"closed","ping_status":"closed","template":"","meta":{"_acf_changed":false,"footnotes":""},"class_list":["post-705","page","type-page","status-publish","hentry"],"acf":[],"yoast_head":"<!-- This site is optimized with the Yoast SEO plugin v27.4 - https:\/\/yoast.com\/product\/yoast-seo-wordpress\/ -->\n<title>Sis\u00e4piirihallinto - Orthex Group<\/title>\n<meta name=\"description\" content=\"Tutustu Orthexin sis\u00e4piirihallinnon periaatteisiin ja s\u00e4\u00e4nt\u00f6ihin. Noudatamme tarkasti lains\u00e4\u00e4d\u00e4nt\u00f6\u00e4 ja alan parhaita k\u00e4yt\u00e4nt\u00f6j\u00e4.\" \/>\n<meta name=\"robots\" content=\"index, follow, max-snippet:-1, max-image-preview:large, max-video-preview:-1\" \/>\n<link rel=\"canonical\" href=\"https:\/\/investors.orthexgroup.com\/fi\/hallinnointi\/sisapiirihallinto\/\" \/>\n<meta property=\"og:locale\" content=\"fi_FI\" \/>\n<meta property=\"og:type\" content=\"article\" \/>\n<meta property=\"og:title\" content=\"Sis\u00e4piirihallinto - Orthex Group\" \/>\n<meta property=\"og:description\" content=\"Tutustu Orthexin sis\u00e4piirihallinnon periaatteisiin ja s\u00e4\u00e4nt\u00f6ihin. Noudatamme tarkasti lains\u00e4\u00e4d\u00e4nt\u00f6\u00e4 ja alan parhaita k\u00e4yt\u00e4nt\u00f6j\u00e4.\" \/>\n<meta property=\"og:url\" content=\"https:\/\/investors.orthexgroup.com\/fi\/hallinnointi\/sisapiirihallinto\/\" \/>\n<meta property=\"og:site_name\" content=\"Orthex Group\" \/>\n<meta property=\"article:modified_time\" content=\"2025-09-08T08:09:53+00:00\" \/>\n<meta name=\"twitter:card\" content=\"summary_large_image\" \/>\n<meta name=\"twitter:label1\" content=\"Arvioitu lukuaika\" \/>\n\t<meta name=\"twitter:data1\" content=\"4 minuuttia\" \/>\n<script type=\"application\/ld+json\" class=\"yoast-schema-graph\">{\"@context\":\"https:\\\/\\\/schema.org\",\"@graph\":[{\"@type\":\"WebPage\",\"@id\":\"https:\\\/\\\/investors.orthexgroup.com\\\/fi\\\/hallinnointi\\\/sisapiirihallinto\\\/\",\"url\":\"https:\\\/\\\/investors.orthexgroup.com\\\/fi\\\/hallinnointi\\\/sisapiirihallinto\\\/\",\"name\":\"Sis\u00e4piirihallinto - Orthex Group\",\"isPartOf\":{\"@id\":\"https:\\\/\\\/investors.orthexgroup.com\\\/fi\\\/#website\"},\"datePublished\":\"2021-03-15T07:55:39+00:00\",\"dateModified\":\"2025-09-08T08:09:53+00:00\",\"description\":\"Tutustu Orthexin sis\u00e4piirihallinnon periaatteisiin ja s\u00e4\u00e4nt\u00f6ihin. Noudatamme tarkasti lains\u00e4\u00e4d\u00e4nt\u00f6\u00e4 ja alan parhaita k\u00e4yt\u00e4nt\u00f6j\u00e4.\",\"breadcrumb\":{\"@id\":\"https:\\\/\\\/investors.orthexgroup.com\\\/fi\\\/hallinnointi\\\/sisapiirihallinto\\\/#breadcrumb\"},\"inLanguage\":\"fi\",\"potentialAction\":[{\"@type\":\"ReadAction\",\"target\":[\"https:\\\/\\\/investors.orthexgroup.com\\\/fi\\\/hallinnointi\\\/sisapiirihallinto\\\/\"]}]},{\"@type\":\"BreadcrumbList\",\"@id\":\"https:\\\/\\\/investors.orthexgroup.com\\\/fi\\\/hallinnointi\\\/sisapiirihallinto\\\/#breadcrumb\",\"itemListElement\":[{\"@type\":\"ListItem\",\"position\":1,\"name\":\"Etusivu\",\"item\":\"https:\\\/\\\/investors.orthexgroup.com\\\/fi\\\/\"},{\"@type\":\"ListItem\",\"position\":2,\"name\":\"Orthexin hallinnointi\",\"item\":\"https:\\\/\\\/investors.orthexgroup.com\\\/fi\\\/hallinnointi\\\/\"},{\"@type\":\"ListItem\",\"position\":3,\"name\":\"Sis\u00e4piirihallinto\"}]},{\"@type\":\"WebSite\",\"@id\":\"https:\\\/\\\/investors.orthexgroup.com\\\/fi\\\/#website\",\"url\":\"https:\\\/\\\/investors.orthexgroup.com\\\/fi\\\/\",\"name\":\"Orthex Group\",\"description\":\"Tietoa Orthex Group Oyn listautumisannista\",\"publisher\":{\"@id\":\"https:\\\/\\\/investors.orthexgroup.com\\\/fi\\\/#organization\"},\"potentialAction\":[{\"@type\":\"SearchAction\",\"target\":{\"@type\":\"EntryPoint\",\"urlTemplate\":\"https:\\\/\\\/investors.orthexgroup.com\\\/fi\\\/?s={search_term_string}\"},\"query-input\":{\"@type\":\"PropertyValueSpecification\",\"valueRequired\":true,\"valueName\":\"search_term_string\"}}],\"inLanguage\":\"fi\"},{\"@type\":\"Organization\",\"@id\":\"https:\\\/\\\/investors.orthexgroup.com\\\/fi\\\/#organization\",\"name\":\"Orthex Group\",\"url\":\"https:\\\/\\\/investors.orthexgroup.com\\\/fi\\\/\",\"logo\":{\"@type\":\"ImageObject\",\"inLanguage\":\"fi\",\"@id\":\"https:\\\/\\\/investors.orthexgroup.com\\\/fi\\\/#\\\/schema\\\/logo\\\/image\\\/\",\"url\":\"https:\\\/\\\/investors.orthexgroup.com\\\/wp-content\\\/uploads\\\/2021\\\/01\\\/orthex-group-logo.svg\",\"contentUrl\":\"https:\\\/\\\/investors.orthexgroup.com\\\/wp-content\\\/uploads\\\/2021\\\/01\\\/orthex-group-logo.svg\",\"width\":129,\"height\":57,\"caption\":\"Orthex Group\"},\"image\":{\"@id\":\"https:\\\/\\\/investors.orthexgroup.com\\\/fi\\\/#\\\/schema\\\/logo\\\/image\\\/\"}}]}<\/script>\n<!-- \/ Yoast SEO plugin. -->","yoast_head_json":{"title":"Sis\u00e4piirihallinto - Orthex Group","description":"Tutustu Orthexin sis\u00e4piirihallinnon periaatteisiin ja s\u00e4\u00e4nt\u00f6ihin. Noudatamme tarkasti lains\u00e4\u00e4d\u00e4nt\u00f6\u00e4 ja alan parhaita k\u00e4yt\u00e4nt\u00f6j\u00e4.","robots":{"index":"index","follow":"follow","max-snippet":"max-snippet:-1","max-image-preview":"max-image-preview:large","max-video-preview":"max-video-preview:-1"},"canonical":"https:\/\/investors.orthexgroup.com\/fi\/hallinnointi\/sisapiirihallinto\/","og_locale":"fi_FI","og_type":"article","og_title":"Sis\u00e4piirihallinto - Orthex Group","og_description":"Tutustu Orthexin sis\u00e4piirihallinnon periaatteisiin ja s\u00e4\u00e4nt\u00f6ihin. Noudatamme tarkasti lains\u00e4\u00e4d\u00e4nt\u00f6\u00e4 ja alan parhaita k\u00e4yt\u00e4nt\u00f6j\u00e4.","og_url":"https:\/\/investors.orthexgroup.com\/fi\/hallinnointi\/sisapiirihallinto\/","og_site_name":"Orthex Group","article_modified_time":"2025-09-08T08:09:53+00:00","twitter_card":"summary_large_image","twitter_misc":{"Arvioitu lukuaika":"4 minuuttia"},"schema":{"@context":"https:\/\/schema.org","@graph":[{"@type":"WebPage","@id":"https:\/\/investors.orthexgroup.com\/fi\/hallinnointi\/sisapiirihallinto\/","url":"https:\/\/investors.orthexgroup.com\/fi\/hallinnointi\/sisapiirihallinto\/","name":"Sis\u00e4piirihallinto - Orthex Group","isPartOf":{"@id":"https:\/\/investors.orthexgroup.com\/fi\/#website"},"datePublished":"2021-03-15T07:55:39+00:00","dateModified":"2025-09-08T08:09:53+00:00","description":"Tutustu Orthexin sis\u00e4piirihallinnon periaatteisiin ja s\u00e4\u00e4nt\u00f6ihin. Noudatamme tarkasti lains\u00e4\u00e4d\u00e4nt\u00f6\u00e4 ja alan parhaita k\u00e4yt\u00e4nt\u00f6j\u00e4.","breadcrumb":{"@id":"https:\/\/investors.orthexgroup.com\/fi\/hallinnointi\/sisapiirihallinto\/#breadcrumb"},"inLanguage":"fi","potentialAction":[{"@type":"ReadAction","target":["https:\/\/investors.orthexgroup.com\/fi\/hallinnointi\/sisapiirihallinto\/"]}]},{"@type":"BreadcrumbList","@id":"https:\/\/investors.orthexgroup.com\/fi\/hallinnointi\/sisapiirihallinto\/#breadcrumb","itemListElement":[{"@type":"ListItem","position":1,"name":"Etusivu","item":"https:\/\/investors.orthexgroup.com\/fi\/"},{"@type":"ListItem","position":2,"name":"Orthexin hallinnointi","item":"https:\/\/investors.orthexgroup.com\/fi\/hallinnointi\/"},{"@type":"ListItem","position":3,"name":"Sis\u00e4piirihallinto"}]},{"@type":"WebSite","@id":"https:\/\/investors.orthexgroup.com\/fi\/#website","url":"https:\/\/investors.orthexgroup.com\/fi\/","name":"Orthex Group","description":"Tietoa Orthex Group Oyn listautumisannista","publisher":{"@id":"https:\/\/investors.orthexgroup.com\/fi\/#organization"},"potentialAction":[{"@type":"SearchAction","target":{"@type":"EntryPoint","urlTemplate":"https:\/\/investors.orthexgroup.com\/fi\/?s={search_term_string}"},"query-input":{"@type":"PropertyValueSpecification","valueRequired":true,"valueName":"search_term_string"}}],"inLanguage":"fi"},{"@type":"Organization","@id":"https:\/\/investors.orthexgroup.com\/fi\/#organization","name":"Orthex Group","url":"https:\/\/investors.orthexgroup.com\/fi\/","logo":{"@type":"ImageObject","inLanguage":"fi","@id":"https:\/\/investors.orthexgroup.com\/fi\/#\/schema\/logo\/image\/","url":"https:\/\/investors.orthexgroup.com\/wp-content\/uploads\/2021\/01\/orthex-group-logo.svg","contentUrl":"https:\/\/investors.orthexgroup.com\/wp-content\/uploads\/2021\/01\/orthex-group-logo.svg","width":129,"height":57,"caption":"Orthex Group"},"image":{"@id":"https:\/\/investors.orthexgroup.com\/fi\/#\/schema\/logo\/image\/"}}]}},"_links":{"self":[{"href":"https:\/\/investors.orthexgroup.com\/fi\/wp-json\/wp\/v2\/pages\/705","targetHints":{"allow":["GET"]}}],"collection":[{"href":"https:\/\/investors.orthexgroup.com\/fi\/wp-json\/wp\/v2\/pages"}],"about":[{"href":"https:\/\/investors.orthexgroup.com\/fi\/wp-json\/wp\/v2\/types\/page"}],"author":[{"embeddable":true,"href":"https:\/\/investors.orthexgroup.com\/fi\/wp-json\/wp\/v2\/users\/1"}],"replies":[{"embeddable":true,"href":"https:\/\/investors.orthexgroup.com\/fi\/wp-json\/wp\/v2\/comments?post=705"}],"version-history":[{"count":5,"href":"https:\/\/investors.orthexgroup.com\/fi\/wp-json\/wp\/v2\/pages\/705\/revisions"}],"predecessor-version":[{"id":6052,"href":"https:\/\/investors.orthexgroup.com\/fi\/wp-json\/wp\/v2\/pages\/705\/revisions\/6052"}],"up":[{"embeddable":true,"href":"https:\/\/investors.orthexgroup.com\/fi\/wp-json\/wp\/v2\/pages\/691"}],"wp:attachment":[{"href":"https:\/\/investors.orthexgroup.com\/fi\/wp-json\/wp\/v2\/media?parent=705"}],"curies":[{"name":"wp","href":"https:\/\/api.w.org\/{rel}","templated":true}]}}