{"id":707,"date":"2021-03-15T09:55:39","date_gmt":"2021-03-15T07:55:39","guid":{"rendered":"https:\/\/investors.orthexgroup.com\/?page_id=707"},"modified":"2025-08-05T11:06:08","modified_gmt":"2025-08-05T08:06:08","slug":"riskienhallinta","status":"publish","type":"page","link":"https:\/\/investors.orthexgroup.com\/fi\/hallinnointi\/riskienhallinta\/","title":{"rendered":"Orthexin riskienhallinta"},"content":{"rendered":"\n<p>Orthexin riskienhallinnan tarkoituksena on varmistaa asiakaslupausten toteutuminen, liiketoiminnan kannattavuus, osingonmaksukyky, arvonluonti osakkeenomistajille, vastuullinen liiketoiminta ja liiketoiminnan jatkuvuus. T\u00e4m\u00e4n saavuttamiseksi Orthex pyrkii tiedostamaan tavoitteisiin ja toimintaan liittyv\u00e4t ep\u00e4varmuus- ja riskitekij\u00e4t sek\u00e4 mahdollisuudet ja tunnistamaan, arvioimaan ja hallitsemaan riskej\u00e4 ja niiden seurauksia johdonmukaisesti ja tehokkaasti.<\/p>\n\n\n\n<p>Orthexilla on riskienhallintapolitiikka, joka ohjaa riskienhallintaa siten, ett\u00e4 se tukee yhti\u00f6n tavoitteiden saavuttamista, suojelee henkil\u00f6st\u00f6\u00e4 ja yhti\u00f6n erilaisia omaisuuseri\u00e4 sek\u00e4 varmistaa toiminnan taloudellisen kest\u00e4vyyden. Riskienhallinnan periaatteet perustuvat <a href=\"https:\/\/www.cgfinland.fi\/hallinnointikoodi\/\">Arvopaperimarkkinayhdistyksen Suomen listayhti\u00f6iden hallinnointikoodiin<\/a>.<\/p>\n\n\n\n<p>Vastuu riskienhallinnan toteuttamisesta on <a href=\"https:\/\/investors.orthexgroup.com\/fi\/hallinnointi\/johtoryhma\/\">johtoryhm\u00e4ll\u00e4<\/a>. Lis\u00e4ksi jokaisen ty\u00f6ntekij\u00e4n tulee tiedostaa ja hallita omaan toimintaymp\u00e4rist\u00f6\u00f6ns\u00e4 ja vastuualueihinsa liittyvi\u00e4 riskej\u00e4. <a href=\"https:\/\/investors.orthexgroup.com\/fi\/hallinnointi\/hallitus\/\">Yhti\u00f6n hallituksen<\/a> teht\u00e4v\u00e4n\u00e4 on riskienhallinnan linjaus, seuranta ja arviointi.<\/p>\n\n\n\n<h2 class=\"wp-block-heading\">Riskienhallinnan periaatteet<\/h2>\n\n\n\n<p>Riskienhallintaa tehd\u00e4\u00e4n j\u00e4rjestelm\u00e4llisesti, ja sen tarkoituksena on varmistaa riskien kokonaisvaltainen ja asianmukainen tunnistaminen, arviointi ja hallinta. Se on keskeinen osa Orthexin toiminnan suunnittelua ja hallinnointia, p\u00e4\u00e4t\u00f6ksentekoa, p\u00e4ivitt\u00e4ist\u00e4 johtamista, seurantaa ja raportointia. Riskej\u00e4 arvioidaan ja hallitaan liiketoimintakeskeisesti ja perusteellisesti. T\u00e4m\u00e4 tarkoittaa keskeisten riskien j\u00e4rjestelm\u00e4llist\u00e4 tunnistamista, arviointia, hallintaa, seurantaa ja raportointia osana liiketoimintaa.<\/p>\n\n\n\n<h2 class=\"wp-block-heading\">Riskien luokittelu<\/h2>\n\n\n\n<p>Riskeill\u00e4 viitataan tapahtumiin tai olosuhteisiin, jotka saattavat vaikeuttaa tai est\u00e4\u00e4 tavoitteiden saavuttamista tai liiketoimintamahdollisuuksien hy\u00f6dynt\u00e4mist\u00e4. Orthex jakaa riskit kolmeen luokkaan:<\/p>\n\n\n\n<ul class=\"wp-block-list\">\n<li>strategiset riskit<\/li>\n\n\n\n<li>operatiiviset riskit ja<\/li>\n\n\n\n<li>taloudelliset riskit.<\/li>\n<\/ul>\n\n\n\n<p><em>Strategisilla riskeill\u00e4 <\/em>viitataan ep\u00e4varmuustekij\u00f6ihin, jotka liittyv\u00e4t p\u00e4\u00e4asiassa toimintaymp\u00e4rist\u00f6n muutoksiin sek\u00e4 n\u00e4iden muutosten hy\u00f6dynt\u00e4miseen tai ennakointiin. Muutokset voivat liitty\u00e4 esimerkiksi yleisiin talousn\u00e4kymiin, kuluttajak\u00e4ytt\u00e4ytymiseen, kilpailuun, lains\u00e4\u00e4d\u00e4nt\u00f6\u00f6n tai teknologiseen kehitykseen. Strategisten riskien ja mahdollisuuksien arvioinnissa pyrit\u00e4\u00e4n l\u00f6yt\u00e4m\u00e4\u00e4n ne liiketoimintamahdollisuudet, joilla tavoitteet saavutetaan hallittavissa olevin riskein, ja toisaalta v\u00e4ltt\u00e4m\u00e4\u00e4n kohtuuttoman riskipitoisia liiketoimintamahdollisuuksia.<\/p>\n\n\n\n<p><em>Operatiivisilla riskeill\u00e4<\/em> tarkoitetaan olosuhteita tai tapahtumia, jotka voivat est\u00e4\u00e4 tai vaikeuttaa tavoitteiden saavuttamista tai aiheuttaa haittoja ihmisille, omaisuudelle, liiketoiminnalle, tiedolle tai ymp\u00e4rist\u00f6lle. Operatiivisia riskej\u00e4 v\u00e4ltet\u00e4\u00e4n tai pienennet\u00e4\u00e4n siten, ett\u00e4 riskin v\u00e4ltt\u00e4misen kustannukset ovat kuitenkin oikeasuhteisia riskin vakavuuteen n\u00e4hden.<\/p>\n\n\n\n<p><em>Taloudelliset riskit<\/em> liittyv\u00e4t Orthexin taloudelliseen asemaan. N\u00e4it\u00e4 ovat esimerkiksi rahoituksen saatavuus ja kustannukset, nettok\u00e4ytt\u00f6p\u00e4\u00e4oma ja maksuvalmius sek\u00e4 valuuttakurssien vaihtelut.<\/p>\n\n\n\n<p>Riskienhallinnassa otetaan huomioon my\u00f6s ei-taloudelliset vaikutukset. Maineriskej\u00e4 voi aiheutua, jos Orthexin toiminta on ristiriidassa eri sidosryhmien, kuten asiakkaiden, tavarantoimittajien, s\u00e4\u00e4ntelyviranomaisten tai osakkeenomistajien, odotusten kanssa. Vastuullisilla k\u00e4yt\u00e4nn\u00f6ill\u00e4 on avainasema maineriskien est\u00e4misess\u00e4. Maineriskej\u00e4 hallitaan asiaankuuluvalla ja oikea-aikaisella viestinn\u00e4ll\u00e4.<\/p>\n\n\n\n<h2 class=\"wp-block-heading\">Riskienhallintaprosessi ja riskienhallinnan raportointi<\/h2>\n\n\n\n<p>Orthex priorisoi riskej\u00e4 niiden t\u00e4rkeyden mukaan arvioimalla riskien vaikutuksia, todenn\u00e4k\u00f6isyyksi\u00e4 sek\u00e4 riskin materialisoituessa tarvittavia riskienhallintatoimia. Merkitt\u00e4vimpiin riskeihin puututaan kustannustehokkailla ja asianmukaisilla riskienhallinnan toimintavaihtoehdoilla.<\/p>\n\n\n\n<p>Johtoryhm\u00e4 seuraa riskienhallinnan toteutumista s\u00e4\u00e4nn\u00f6llisesti. Tarvittaessa tehd\u00e4\u00e4n korjaavia toimenpiteit\u00e4.<\/p>\n\n\n\n<p>Johtoryhm\u00e4 raportoi 2\u20133 kertaa vuodessa yhti\u00f6n hallitukselle riskeist\u00e4 ja riskienhallintatoimista. Hallitus arvioi merkitt\u00e4vimm\u00e4t riskit ja riskienhallintatoimet sek\u00e4 riskienhallinnan tehokkuuden ja toimivuuden. Hallitus raportoi merkitt\u00e4vimmist\u00e4 riski- ja ep\u00e4varmuustekij\u00f6ist\u00e4 tilinp\u00e4\u00e4t\u00f6ksess\u00e4 sek\u00e4 mahdollisista olennaisista muutoksista osavuosikatsauksissa.<\/p>\n","protected":false},"excerpt":{"rendered":"<p>Orthexin riskienhallinnan tarkoituksena on varmistaa asiakaslupausten toteutuminen, liiketoiminnan kannattavuus, osingonmaksukyky, arvonluonti osakkeenomistajille, vastuullinen liiketoiminta ja&hellip;<\/p>\n","protected":false},"author":1,"featured_media":0,"parent":691,"menu_order":0,"comment_status":"closed","ping_status":"closed","template":"","meta":{"_acf_changed":false,"footnotes":""},"class_list":["post-707","page","type-page","status-publish","hentry"],"acf":[],"yoast_head":"<!-- This site is optimized with the Yoast SEO plugin v27.4 - https:\/\/yoast.com\/product\/yoast-seo-wordpress\/ -->\n<title>Orthexin riskienhallinta - Orthex Group<\/title>\n<meta name=\"description\" content=\"Tutustu Orthexin riskienhallintapolitiikkaan. Se tukee tavoitteiden saavuttamista, suojelee henkil\u00f6st\u00f6\u00e4 ja omaisuuseri\u00e4 ja varmistaa taloudellisen kest\u00e4vyyden.\" \/>\n<meta name=\"robots\" content=\"index, follow, max-snippet:-1, max-image-preview:large, max-video-preview:-1\" \/>\n<link rel=\"canonical\" href=\"https:\/\/investors.orthexgroup.com\/fi\/hallinnointi\/riskienhallinta\/\" \/>\n<meta property=\"og:locale\" content=\"fi_FI\" \/>\n<meta property=\"og:type\" content=\"article\" \/>\n<meta property=\"og:title\" content=\"Orthexin riskienhallinta - Orthex Group\" \/>\n<meta property=\"og:description\" content=\"Tutustu Orthexin riskienhallintapolitiikkaan. Se tukee tavoitteiden saavuttamista, suojelee henkil\u00f6st\u00f6\u00e4 ja omaisuuseri\u00e4 ja varmistaa taloudellisen kest\u00e4vyyden.\" \/>\n<meta property=\"og:url\" content=\"https:\/\/investors.orthexgroup.com\/fi\/hallinnointi\/riskienhallinta\/\" \/>\n<meta property=\"og:site_name\" content=\"Orthex Group\" \/>\n<meta property=\"article:modified_time\" content=\"2025-08-05T08:06:08+00:00\" \/>\n<meta name=\"twitter:card\" content=\"summary_large_image\" \/>\n<meta name=\"twitter:label1\" content=\"Arvioitu lukuaika\" \/>\n\t<meta name=\"twitter:data1\" content=\"2 minuuttia\" \/>\n<script type=\"application\/ld+json\" class=\"yoast-schema-graph\">{\"@context\":\"https:\\\/\\\/schema.org\",\"@graph\":[{\"@type\":\"WebPage\",\"@id\":\"https:\\\/\\\/investors.orthexgroup.com\\\/fi\\\/hallinnointi\\\/riskienhallinta\\\/\",\"url\":\"https:\\\/\\\/investors.orthexgroup.com\\\/fi\\\/hallinnointi\\\/riskienhallinta\\\/\",\"name\":\"Orthexin riskienhallinta - Orthex Group\",\"isPartOf\":{\"@id\":\"https:\\\/\\\/investors.orthexgroup.com\\\/fi\\\/#website\"},\"datePublished\":\"2021-03-15T07:55:39+00:00\",\"dateModified\":\"2025-08-05T08:06:08+00:00\",\"description\":\"Tutustu Orthexin riskienhallintapolitiikkaan. Se tukee tavoitteiden saavuttamista, suojelee henkil\u00f6st\u00f6\u00e4 ja omaisuuseri\u00e4 ja varmistaa taloudellisen kest\u00e4vyyden.\",\"breadcrumb\":{\"@id\":\"https:\\\/\\\/investors.orthexgroup.com\\\/fi\\\/hallinnointi\\\/riskienhallinta\\\/#breadcrumb\"},\"inLanguage\":\"fi\",\"potentialAction\":[{\"@type\":\"ReadAction\",\"target\":[\"https:\\\/\\\/investors.orthexgroup.com\\\/fi\\\/hallinnointi\\\/riskienhallinta\\\/\"]}]},{\"@type\":\"BreadcrumbList\",\"@id\":\"https:\\\/\\\/investors.orthexgroup.com\\\/fi\\\/hallinnointi\\\/riskienhallinta\\\/#breadcrumb\",\"itemListElement\":[{\"@type\":\"ListItem\",\"position\":1,\"name\":\"Etusivu\",\"item\":\"https:\\\/\\\/investors.orthexgroup.com\\\/fi\\\/\"},{\"@type\":\"ListItem\",\"position\":2,\"name\":\"Orthexin hallinnointi\",\"item\":\"https:\\\/\\\/investors.orthexgroup.com\\\/fi\\\/hallinnointi\\\/\"},{\"@type\":\"ListItem\",\"position\":3,\"name\":\"Orthexin riskienhallinta\"}]},{\"@type\":\"WebSite\",\"@id\":\"https:\\\/\\\/investors.orthexgroup.com\\\/fi\\\/#website\",\"url\":\"https:\\\/\\\/investors.orthexgroup.com\\\/fi\\\/\",\"name\":\"Orthex Group\",\"description\":\"Tietoa Orthex Group Oyn listautumisannista\",\"publisher\":{\"@id\":\"https:\\\/\\\/investors.orthexgroup.com\\\/fi\\\/#organization\"},\"potentialAction\":[{\"@type\":\"SearchAction\",\"target\":{\"@type\":\"EntryPoint\",\"urlTemplate\":\"https:\\\/\\\/investors.orthexgroup.com\\\/fi\\\/?s={search_term_string}\"},\"query-input\":{\"@type\":\"PropertyValueSpecification\",\"valueRequired\":true,\"valueName\":\"search_term_string\"}}],\"inLanguage\":\"fi\"},{\"@type\":\"Organization\",\"@id\":\"https:\\\/\\\/investors.orthexgroup.com\\\/fi\\\/#organization\",\"name\":\"Orthex Group\",\"url\":\"https:\\\/\\\/investors.orthexgroup.com\\\/fi\\\/\",\"logo\":{\"@type\":\"ImageObject\",\"inLanguage\":\"fi\",\"@id\":\"https:\\\/\\\/investors.orthexgroup.com\\\/fi\\\/#\\\/schema\\\/logo\\\/image\\\/\",\"url\":\"https:\\\/\\\/investors.orthexgroup.com\\\/wp-content\\\/uploads\\\/2021\\\/01\\\/orthex-group-logo.svg\",\"contentUrl\":\"https:\\\/\\\/investors.orthexgroup.com\\\/wp-content\\\/uploads\\\/2021\\\/01\\\/orthex-group-logo.svg\",\"width\":129,\"height\":57,\"caption\":\"Orthex Group\"},\"image\":{\"@id\":\"https:\\\/\\\/investors.orthexgroup.com\\\/fi\\\/#\\\/schema\\\/logo\\\/image\\\/\"}}]}<\/script>\n<!-- \/ Yoast SEO plugin. -->","yoast_head_json":{"title":"Orthexin riskienhallinta - Orthex Group","description":"Tutustu Orthexin riskienhallintapolitiikkaan. Se tukee tavoitteiden saavuttamista, suojelee henkil\u00f6st\u00f6\u00e4 ja omaisuuseri\u00e4 ja varmistaa taloudellisen kest\u00e4vyyden.","robots":{"index":"index","follow":"follow","max-snippet":"max-snippet:-1","max-image-preview":"max-image-preview:large","max-video-preview":"max-video-preview:-1"},"canonical":"https:\/\/investors.orthexgroup.com\/fi\/hallinnointi\/riskienhallinta\/","og_locale":"fi_FI","og_type":"article","og_title":"Orthexin riskienhallinta - Orthex Group","og_description":"Tutustu Orthexin riskienhallintapolitiikkaan. Se tukee tavoitteiden saavuttamista, suojelee henkil\u00f6st\u00f6\u00e4 ja omaisuuseri\u00e4 ja varmistaa taloudellisen kest\u00e4vyyden.","og_url":"https:\/\/investors.orthexgroup.com\/fi\/hallinnointi\/riskienhallinta\/","og_site_name":"Orthex Group","article_modified_time":"2025-08-05T08:06:08+00:00","twitter_card":"summary_large_image","twitter_misc":{"Arvioitu lukuaika":"2 minuuttia"},"schema":{"@context":"https:\/\/schema.org","@graph":[{"@type":"WebPage","@id":"https:\/\/investors.orthexgroup.com\/fi\/hallinnointi\/riskienhallinta\/","url":"https:\/\/investors.orthexgroup.com\/fi\/hallinnointi\/riskienhallinta\/","name":"Orthexin riskienhallinta - Orthex Group","isPartOf":{"@id":"https:\/\/investors.orthexgroup.com\/fi\/#website"},"datePublished":"2021-03-15T07:55:39+00:00","dateModified":"2025-08-05T08:06:08+00:00","description":"Tutustu Orthexin riskienhallintapolitiikkaan. Se tukee tavoitteiden saavuttamista, suojelee henkil\u00f6st\u00f6\u00e4 ja omaisuuseri\u00e4 ja varmistaa taloudellisen kest\u00e4vyyden.","breadcrumb":{"@id":"https:\/\/investors.orthexgroup.com\/fi\/hallinnointi\/riskienhallinta\/#breadcrumb"},"inLanguage":"fi","potentialAction":[{"@type":"ReadAction","target":["https:\/\/investors.orthexgroup.com\/fi\/hallinnointi\/riskienhallinta\/"]}]},{"@type":"BreadcrumbList","@id":"https:\/\/investors.orthexgroup.com\/fi\/hallinnointi\/riskienhallinta\/#breadcrumb","itemListElement":[{"@type":"ListItem","position":1,"name":"Etusivu","item":"https:\/\/investors.orthexgroup.com\/fi\/"},{"@type":"ListItem","position":2,"name":"Orthexin hallinnointi","item":"https:\/\/investors.orthexgroup.com\/fi\/hallinnointi\/"},{"@type":"ListItem","position":3,"name":"Orthexin riskienhallinta"}]},{"@type":"WebSite","@id":"https:\/\/investors.orthexgroup.com\/fi\/#website","url":"https:\/\/investors.orthexgroup.com\/fi\/","name":"Orthex Group","description":"Tietoa Orthex Group Oyn listautumisannista","publisher":{"@id":"https:\/\/investors.orthexgroup.com\/fi\/#organization"},"potentialAction":[{"@type":"SearchAction","target":{"@type":"EntryPoint","urlTemplate":"https:\/\/investors.orthexgroup.com\/fi\/?s={search_term_string}"},"query-input":{"@type":"PropertyValueSpecification","valueRequired":true,"valueName":"search_term_string"}}],"inLanguage":"fi"},{"@type":"Organization","@id":"https:\/\/investors.orthexgroup.com\/fi\/#organization","name":"Orthex Group","url":"https:\/\/investors.orthexgroup.com\/fi\/","logo":{"@type":"ImageObject","inLanguage":"fi","@id":"https:\/\/investors.orthexgroup.com\/fi\/#\/schema\/logo\/image\/","url":"https:\/\/investors.orthexgroup.com\/wp-content\/uploads\/2021\/01\/orthex-group-logo.svg","contentUrl":"https:\/\/investors.orthexgroup.com\/wp-content\/uploads\/2021\/01\/orthex-group-logo.svg","width":129,"height":57,"caption":"Orthex Group"},"image":{"@id":"https:\/\/investors.orthexgroup.com\/fi\/#\/schema\/logo\/image\/"}}]}},"_links":{"self":[{"href":"https:\/\/investors.orthexgroup.com\/fi\/wp-json\/wp\/v2\/pages\/707","targetHints":{"allow":["GET"]}}],"collection":[{"href":"https:\/\/investors.orthexgroup.com\/fi\/wp-json\/wp\/v2\/pages"}],"about":[{"href":"https:\/\/investors.orthexgroup.com\/fi\/wp-json\/wp\/v2\/types\/page"}],"author":[{"embeddable":true,"href":"https:\/\/investors.orthexgroup.com\/fi\/wp-json\/wp\/v2\/users\/1"}],"replies":[{"embeddable":true,"href":"https:\/\/investors.orthexgroup.com\/fi\/wp-json\/wp\/v2\/comments?post=707"}],"version-history":[{"count":4,"href":"https:\/\/investors.orthexgroup.com\/fi\/wp-json\/wp\/v2\/pages\/707\/revisions"}],"predecessor-version":[{"id":5895,"href":"https:\/\/investors.orthexgroup.com\/fi\/wp-json\/wp\/v2\/pages\/707\/revisions\/5895"}],"up":[{"embeddable":true,"href":"https:\/\/investors.orthexgroup.com\/fi\/wp-json\/wp\/v2\/pages\/691"}],"wp:attachment":[{"href":"https:\/\/investors.orthexgroup.com\/fi\/wp-json\/wp\/v2\/media?parent=707"}],"curies":[{"name":"wp","href":"https:\/\/api.w.org\/{rel}","templated":true}]}}