{"id":709,"date":"2021-03-15T09:55:39","date_gmt":"2021-03-15T07:55:39","guid":{"rendered":"https:\/\/investors.orthexgroup.com\/?page_id=709"},"modified":"2026-03-26T09:31:58","modified_gmt":"2026-03-26T07:31:58","slug":"palkitseminen","status":"publish","type":"page","link":"https:\/\/investors.orthexgroup.com\/fi\/hallinnointi\/palkitseminen\/","title":{"rendered":"Palkitseminen Orthexilla"},"content":{"rendered":"\n<p><a href=\"https:\/\/investors.orthexgroup.com\/fi\/hallinnointi\/yhtiokokous\/yk2023\/\">Orthex Oyj:n varsinainen yhti\u00f6kokous 18.4.2023<\/a> hyv\u00e4ksyi yhti\u00f6n toimielinten muutetun palkitsemispolitiikan neuvoa-antavalla p\u00e4\u00e4t\u00f6ksell\u00e4. P\u00e4\u00e4tt\u00e4ess\u00e4\u00e4n muuttaa palkitsemispolitiikkaa <a href=\"https:\/\/investors.orthexgroup.com\/fi\/hallinnointi\/hallitus\/\">hallitus<\/a> otti huomioon <a href=\"https:\/\/investors.orthexgroup.com\/fi\/osake\/osakkeenomistajat\/\">osakkeenomistajien<\/a> kannanotot, jotka esitettiin palkitsemispolitiikan k\u00e4sittelyn yhteydess\u00e4 edellisess\u00e4 yhti\u00f6kokouksessa.<\/p>\n\n\n\n<p>Palkitsemispolitiikassa m\u00e4\u00e4ritet\u00e4\u00e4n periaatteet sek\u00e4 p\u00e4\u00e4t\u00f6ksentekoprosessit yhti\u00f6n hallituksen j\u00e4senten sek\u00e4 toimitusjohtajan palkitsemiselle. Palkitsemispolitiikka on esitett\u00e4v\u00e4 yhti\u00f6kokoukselle v\u00e4hint\u00e4\u00e4n nelj\u00e4n vuoden v\u00e4lein. Palkitsemispolitiikka esitet\u00e4\u00e4n yht\u00f6kokoukselle viimeist\u00e4\u00e4n vuoden 2027 varsinaisessa yhti\u00f6kokouksessa.<\/p>\n\n\n\n<p>Palkitsemisraportissa kuvataan hallituksen j\u00e4senten ja toimitusjohtajan palkitsemista tilikauden aikana. Lis\u00e4ksi palkitsemisraportissa verrataan hallituksen ja toimitusjohtajan palkitsemisen kehityst\u00e4 yhti\u00f6n ty\u00f6ntekij\u00f6iden keskim\u00e4\u00e4r\u00e4isen palkitsemisen kehitykseen ja yhti\u00f6n taloudelliseen kehitykseen viimeisen viiden vuoden aikana. Yhti\u00f6kokous tekee palkitsemisraportista vuosittain neuvoa-antavan p\u00e4\u00e4t\u00f6ksen. Toimielinten palkitsemisraportti vuodelta 2024 on hyv\u00e4ksytty yksimielisesti varsinaisessa yhti\u00f6kokouksessa 29.4.2025.<\/p>\n\n\n<div class=\"custom-block link-boxes\">\n            <div class=\"links\">\n            <a class=\"box\" href=\"https:\/\/investors.orthexgroup.com\/wp-content\/uploads\/2023\/04\/Orthex-Palkitsemispolitiikka-2023.pdf\"><h1 class=\"title\">Toimielinten palkitsemispolitiikka<\/h1><span class=\"link\">Lue lis\u00e4\u00e4<\/span><\/a><a class=\"box\" href=\"https:\/\/investors.orthexgroup.com\/wp-content\/uploads\/2025\/03\/Orthex-Palkitsemisraportti-2024.pdf\"><h1 class=\"title\">Palkitsemisraportti 2024<\/h1><span class=\"link\">Lue lis\u00e4\u00e4<\/span><\/a><a class=\"box\" href=\"https:\/\/investors.orthexgroup.com\/wp-content\/uploads\/2026\/03\/Orthex_Palkitsemisraportti_2025.pdf\"><h1 class=\"title\">Palkitsemisraportti 2025<\/h1><span class=\"link\">Lue lis\u00e4\u00e4<\/span><\/a>        <\/div>\n    <\/div>\n\n\n\n<h3 class=\"wp-block-heading\" id=\"hallituksen-palkitseminen\">Hallituksen palkitseminen<\/h3>\n\n\n\n<p>Yhti\u00f6kokous p\u00e4\u00e4tt\u00e4\u00e4 hallituksen j\u00e4senille maksettavista palkkioista <a href=\"https:\/\/investors.orthexgroup.com\/fi\/nimitystoimikunta\/\">osakkeenomistajien nimitystoimikunnan<\/a> valmisteleman ehdotuksen pohjalta.<\/p>\n\n\n\n<p>Osakkeenomistajien nimitystoimikunnan ehdotuksen mukaisesti <a href=\"https:\/\/investors.orthexgroup.com\/fi\/hallinnointi\/yhtiokokous\/yk2025\/\">varsinaisessa yhti\u00f6kokouksessa 2025<\/a> p\u00e4\u00e4tettiin, ett\u00e4 hallituksen j\u00e4senten kuukausipalkkiot pysyv\u00e4t ennallaan ja ett\u00e4 hallituksen puheenjohtajalle maksetaan 4 000 euron kuukausipalkkio ja hallituksen muille j\u00e4senille 2 000 euron kuukausipalkkio.<\/p>\n\n\n\n<p>Lis\u00e4ksi yhti\u00f6kokous p\u00e4\u00e4tti, ett\u00e4 hallituksen j\u00e4senille maksetaan kokouskohtaisia palkkioita siten, ett\u00e4 hallituksen j\u00e4senen kotimaassa pidetyst\u00e4 kokouksesta tai et\u00e4kokouksesta maksetaan 250 euron kokouspalkkio ja muualla kuin hallituksen j\u00e4senen kotimaassa pidetyst\u00e4 kokouksesta 500 euron kokouspalkkio. <\/p>\n\n\n\n<p>Hallitusty\u00f6skentelyst\u00e4 aiheutuvat kohtuulliset matka- ja muut kulut p\u00e4\u00e4tettiin korvata yhti\u00f6n matkustuss\u00e4\u00e4nn\u00f6n mukaisesti.<\/p>\n\n\n\n<p>Hallituksen palkkiot maksetaan kuukausittain rahana. Hallituksen j\u00e4senet eiv\u00e4t saa muita taloudellisia etuuksia.<\/p>\n\n\n\n<p>Hallituksen j\u00e4senille vuonna 2025 maksetut palkkiot k\u00e4yv\u00e4t ilmi yll\u00e4 olevasta palkitsemisraportista.<\/p>\n\n\n\n<h3 class=\"wp-block-heading\" id=\"toimitusjohtajan-ja-muun-johtoryhman-palkitseminen\">Toimitusjohtajan palkitseminen<\/h3>\n\n\n\n<p>Hallitus p\u00e4\u00e4tt\u00e4\u00e4 toimitusjohtajan palkitsemisesta. Toimitusjohtajan palkitseminen koostuu kuukausittain maksettavasta kiinte\u00e4st\u00e4 peruspalkasta luontoisetuineen ja vuosittain maksettavasta muuttuvasta lyhyen aikav\u00e4lin kannustinpalkkiosta. Orthexilla ei t\u00e4ll\u00e4 hetkell\u00e4 ole pitk\u00e4n aikav\u00e4lin osakepohjaisia tai muita kannustinj\u00e4rjestelmi\u00e4, koska yhti\u00f6n johtoryhm\u00e4n j\u00e4senet omistavat merkitt\u00e4v\u00e4n osan (n. 16 %) yhti\u00f6n osakkeista. T\u00e4m\u00e4n vuoksi yhti\u00f6n hallitus ei my\u00f6sk\u00e4\u00e4n ole m\u00e4\u00e4ritellyt osakkeiden omistamista koskevia periaatteita.<\/p>\n\n\n\n<p>Vuosittain alkavien lyhyen aikav\u00e4lin kannustinohjelmien mukaiset kannustinpalkkiot ovat harkinnanvaraisia ja sidottu Orthexin liiketoiminnan tulokseen sek\u00e4 relevanttien suorituskyvyn mittareiden ja\/tai yksil\u00f6llisten suoritustavoitteiden saavuttamiseen. Yhti\u00f6n hallitus m\u00e4\u00e4ritt\u00e4\u00e4 ja hyv\u00e4ksyy vuosittain etuk\u00e4teen kannustinj\u00e4rjestelm\u00e4n ehdot ja tavoitteet, mukaan lukien suorituskyvyn mittarit ja painoarvot.<\/p>\n\n\n\n<p>Toimitusjohtajalle vuonna 2025 maksetut palkat, palkkiot ja luontoisetuudet k\u00e4yv\u00e4t ilmi yll\u00e4 olevasta palkitsemisraportista.<\/p>\n\n\n\n<p>Vuonna 2025 toimitusjohtajan kannustinohjelman mittarit ja painoarvot olivat seuraavat: tuloksentekokyky 43 %, liikevaihto 29 %, kansainv\u00e4lisen myynnin kasvu 21 % ja vastuullisuus 7 %. Tilikauden 2025 aikana toimitusjohtajan kannustinpalkkion enimm\u00e4ism\u00e4\u00e4r\u00e4 vastasi 7 kuukauden bruttoperuspalkkaa.<\/p>\n\n\n\n<p>Toimitusjohtaja osallistui yhti\u00f6n vuoden 2025 lyhyen aikav\u00e4lin kannustinohjelmaan. Toimitusjohtajan lyhyen aikav\u00e4lin kannustinpalkkion toteutunut ansainta vuonna 2025 oli 7,1 prosenttia lyhyen aikav\u00e4lin kannustinpalkkion vuosittaisesta enimm\u00e4ism\u00e4\u00e4r\u00e4st\u00e4. Vuoden 2025 lyhyen aikav\u00e4lin kannustinohjelmalle asetetuista suoritustavoitteista vastuullisuuteen liittyv\u00e4 tavoite toteutui. Muut tavoitteet j\u00e4iv\u00e4t saavuttamatta. Vuoden 2025 suoritukseen perustuva kannustinpalkkio, 15 250 euroa, maksetaan huhtikuussa vuonna 2026.<\/p>\n\n\n\n<p>Toimitusjohtajan lyhyen aikav\u00e4lin kannustinpalkkion toteutunut ansainta vuonna 2024 oli 14,3 prosenttia lyhyen aikav\u00e4lin kannustinpalkkion vuosittaisesta enimm\u00e4ism\u00e4\u00e4r\u00e4st\u00e4. Vuoden 2024 lyhyen aikav\u00e4lin kannustinohjelmalle asetetut suoritustavoitteet j\u00e4iv\u00e4t p\u00e4\u00e4osin saavuttamatta. Vuoden 2024 suoritukseen perustuva kannustinpalkkio<\/p>\n\n\n\n<p>Toimitusjohtajan lyhyen aikav\u00e4lin kannustinpalkkion toteutunut ansainta vuonna 2023 oli 50 prosenttia lyhyen aikav\u00e4lin kannustinpalkkion vuosittaisesta enimm\u00e4ism\u00e4\u00e4r\u00e4st\u00e4. Vuoden 2023 suoritukseen perustuva kannustinpalkkio, 35 928 euroa, maksettiin huhtikuussa vuonna 2025.<\/p>\n\n\n\n<p>Toimitusjohtaja Alexander Rosenlewin kiinte\u00e4 kuukausipalkka luontoisetuineen on 30 500 euroa.<\/p>\n\n\n\n<h4 class=\"wp-block-heading\"><em>Toimitusjohtajan toimisuhteen muut p\u00e4\u00e4asialliset ehdot<\/em><\/h4>\n\n\n\n<p>Toimitusjohtajan toimitusjohtajasopimuksen molemminpuolinen irtisanomisaika on kuusi kuukautta, ja toimitusjohtajalla on ty\u00f6velvoite irtisanomisaikana, ellei Orthex vapauta toimitusjohtajaa ty\u00f6velvoitteesta. Mik\u00e4li yhti\u00f6 vapauttaa toimitusjohtajan irtisanomisajan ty\u00f6velvoitteesta, p\u00e4\u00e4ttyy samalla Orthexin palkanmaksuvelvollisuus.<\/p>\n\n\n\n<p>Yhti\u00f6n irtisanoessa toimitusjohtajasopimuksen on toimitusjohtaja tietyin edellytyksin oikeutettu kahdentoista kuukauden kuukausipalkkaa vastaavan erokorvaukseen.<\/p>\n\n\n\n<p><a>T<\/a>oimitusjohtajalla on oikeus lakis\u00e4\u00e4teiseen el\u00e4kkeeseen. Toimitusjohtajan el\u00e4ke ja el\u00e4keik\u00e4 m\u00e4\u00e4r\u00e4ytyy ty\u00f6ntekij\u00e4n el\u00e4kelain perusteella. Toimitusjohtajalla ei ole yhti\u00f6n kustantamaa lis\u00e4el\u00e4kevakuutusta.<\/p>\n\n\n\n<h3 class=\"wp-block-heading\" id=\"johtoryhman-tyo-ja-toimisuhteiden-ehdot\">Johtoryhm\u00e4n palkitseminen<\/h3>\n\n\n\n<p>Yhti\u00f6n hallitus p\u00e4\u00e4tt\u00e4\u00e4 johtoryhm\u00e4n j\u00e4senten palkitsemisesta ja sen perusteista toimitusjohtajan valmisteleman ehdotuksen pohjalta. Johtoryhm\u00e4n j\u00e4senten palkitseminen koostuu kuukausittain maksettavasta kiinte\u00e4st\u00e4 peruspalkasta luontoisetuineen ja vuosittain maksettavasta muuttuvasta lyhyen aikav\u00e4lin kannustinpalkkiosta.<\/p>\n\n\n\n<p>Vuonna 2025 johtoryhm\u00e4n j\u00e4senten lyhyen aikav\u00e4lin kannustinohjelman mittarit olivat liikevaihto, kannattavuus ja vastuullisuus ja kannustinpalkkion enimm\u00e4ism\u00e4\u00e4r\u00e4 vastasi johtoryhm\u00e4n j\u00e4senen nelj\u00e4n kuukauden bruttoperuspalkkaa.<\/p>\n\n\n\n<p>Johtoryhm\u00e4n j\u00e4senille (toimitusjohtaja pois lukien) vuonna 2025 maksetut palkat, palkkiot ja luontoisetuudet k\u00e4yv\u00e4t ilmi alla olevasta taulukosta. Vuonna 2025 maksetut kannustinpalkkiot perustuvat vuoden 2024 lyhyen aikav\u00e4lin kannustinohjelmaan. Vuonna 2024 maksetut kannustinpalkkiot perustuvat vuoden 2023 lyhyen aikav\u00e4lin kannustinohjelmaan.<\/p>\n\n\n\n<h4 class=\"wp-block-heading\"><strong>Johtoryhm\u00e4n palkitseminen 2025<\/strong><\/h4>\n\n\n\n<figure class=\"wp-block-table is-style-blue-table\"><table><thead><tr><th class=\"has-text-align-left\" data-align=\"left\">EUR tuhatta<\/th><th class=\"has-text-align-right\" data-align=\"right\">2025<\/th><th class=\"has-text-align-right\" data-align=\"right\">2024<\/th><\/tr><\/thead><tbody><tr><td class=\"has-text-align-left\" data-align=\"left\">Palkat ja luontoisetuudet<\/td><td class=\"has-text-align-right\" data-align=\"right\">890<\/td><td class=\"has-text-align-right\" data-align=\"right\">997<\/td><\/tr><tr><td class=\"has-text-align-left\" data-align=\"left\">Kannustinpalkkiot<\/td><td class=\"has-text-align-right\" data-align=\"right\">64<\/td><td class=\"has-text-align-right\" data-align=\"right\">177<\/td><\/tr><tr><td class=\"has-text-align-left\" data-align=\"left\">Muut taloudelliset etuudet<\/td><td class=\"has-text-align-right\" data-align=\"right\">&#8211;<\/td><td class=\"has-text-align-right\" data-align=\"right\">&#8211;<\/td><\/tr><tr><td class=\"has-text-align-left\" data-align=\"left\">Korvaus ty\u00f6suhteen p\u00e4\u00e4ttymisest\u00e4<\/td><td class=\"has-text-align-right\" data-align=\"right\">&#8211;<\/td><td class=\"has-text-align-right\" data-align=\"right\">90<\/td><\/tr><tr><td class=\"has-text-align-left\" data-align=\"left\"><strong>Yhteens\u00e4<\/strong><\/td><td class=\"has-text-align-right\" data-align=\"right\"><strong>954<\/strong><\/td><td class=\"has-text-align-right\" data-align=\"right\"><strong>1 264<\/strong><\/td><\/tr><\/tbody><\/table><\/figure>\n\n\n\n<h4 class=\"wp-block-heading\"><em>Johtoryhm\u00e4n j\u00e4senten johtajasopimusten muut p\u00e4\u00e4asialliset ehdot<\/em><\/h4>\n\n\n\n<p>Johtoryhm\u00e4n j\u00e4senten johtajasopimusten irtisanomisaika on kahdeksan kuukautta yhti\u00f6n irtisanoessa sopimuksen ja nelj\u00e4 kuukautta johtoryhm\u00e4n j\u00e4senen irtisanoessa sopimuksen. Orthexilla on oikeus vapauttaa johtoryhm\u00e4n j\u00e4sen ty\u00f6velvoitteesta irtisanomisaikana. Johtoryhm\u00e4n j\u00e4senen ty\u00f6velvoite on enint\u00e4\u00e4n nelj\u00e4n kuukauden mittainen riippumatta siit\u00e4, kumpi osapuolista irtisanoo sopimuksen.<\/p>\n\n\n\n<p>Johtoryhm\u00e4n j\u00e4senet ovat oikeutettuja paikallisen lains\u00e4\u00e4d\u00e4nn\u00f6n mukaisiin el\u00e4ke-etuihin. Johtoryhm\u00e4n j\u00e4senill\u00e4 ei ole yhti\u00f6n kustantamaa lis\u00e4el\u00e4kevakuutusta.<\/p>\n\n\n<div class=\"custom-block downloads\">\n    <h2 class=\"block-title h2\">Arkisto &#8211; Toimielinten palkitsemisraportit vuodesta 2021<\/h2><ul class=\"links\"><li class=\"single-row\"><a href=\"https:\/\/investors.orthexgroup.com\/wp-content\/uploads\/2025\/03\/Orthex-Palkitsemisraportti-2024.pdf\" class=\"link\">Palkitsemisraportti 2024<\/a><a href=\"https:\/\/investors.orthexgroup.com\/wp-content\/uploads\/2025\/03\/Orthex-Palkitsemisraportti-2024.pdf\" class=\"download\" download><\/a><\/li><li class=\"single-row\"><a href=\"https:\/\/investors.orthexgroup.com\/wp-content\/uploads\/2024\/03\/Orthex_Palkitsemisraportti-2023.pdf\" class=\"link\">Palkitsemisraportti 2023<\/a><a href=\"https:\/\/investors.orthexgroup.com\/wp-content\/uploads\/2024\/03\/Orthex_Palkitsemisraportti-2023.pdf\" class=\"download\" download><\/a><\/li><li class=\"single-row\"><a href=\"https:\/\/investors.orthexgroup.com\/wp-content\/uploads\/2023\/03\/Orthex-Palkitsemisraportti-2022.pdf\" class=\"link\">Palkitsemisraportti 2022<\/a><a href=\"https:\/\/investors.orthexgroup.com\/wp-content\/uploads\/2023\/03\/Orthex-Palkitsemisraportti-2022.pdf\" class=\"download\" download><\/a><\/li><li class=\"single-row\"><a href=\"https:\/\/investors.orthexgroup.com\/wp-content\/uploads\/2022\/03\/Orthex_Palkitsemisraportti-2021.pdf\" class=\"link\">Palkitsemisraportti 2021<\/a><a href=\"https:\/\/investors.orthexgroup.com\/wp-content\/uploads\/2022\/03\/Orthex_Palkitsemisraportti-2021.pdf\" class=\"download\" download><\/a><\/li><\/ul><\/div>\n\n\n<div class=\"custom-block downloads\">\n    <h2 class=\"block-title h2\">Arkisto &#8211; Toimielinten palkitsemispolitiikat vuodesta 2022<\/h2><ul class=\"links\"><li class=\"single-row\"><a href=\"https:\/\/investors.orthexgroup.com\/wp-content\/uploads\/2023\/04\/Orthex-Palkitsemispolitiikka-2022.pdf\" class=\"link\">Palkitsemispolitiikka 2022<\/a><a href=\"https:\/\/investors.orthexgroup.com\/wp-content\/uploads\/2023\/04\/Orthex-Palkitsemispolitiikka-2022.pdf\" class=\"download\" download><\/a><\/li><li class=\"single-row\"><\/li><\/ul><\/div>\n","protected":false},"excerpt":{"rendered":"<p>Orthex Oyj:n varsinainen yhti\u00f6kokous 18.4.2023 hyv\u00e4ksyi yhti\u00f6n toimielinten muutetun palkitsemispolitiikan neuvoa-antavalla p\u00e4\u00e4t\u00f6ksell\u00e4. P\u00e4\u00e4tt\u00e4ess\u00e4\u00e4n muuttaa palkitsemispolitiikkaa&hellip;<\/p>\n","protected":false},"author":1,"featured_media":0,"parent":691,"menu_order":0,"comment_status":"closed","ping_status":"closed","template":"","meta":{"_acf_changed":false,"footnotes":""},"class_list":["post-709","page","type-page","status-publish","hentry"],"acf":[],"yoast_head":"<!-- This site is optimized with the Yoast SEO plugin v27.1.1 - https:\/\/yoast.com\/product\/yoast-seo-wordpress\/ -->\n<title>Palkitseminen Orthexilla - Orthex Group<\/title>\n<meta name=\"description\" content=\"Tutustu Orthexin palkitsemispolitiikkaan ja -periaatteisiin yhti\u00f6n hallituksen j\u00e4senten, toimitusjohtajan ja johtoryhm\u00e4n palkitsemiselle.\" \/>\n<meta name=\"robots\" content=\"index, follow, max-snippet:-1, max-image-preview:large, max-video-preview:-1\" \/>\n<link rel=\"canonical\" href=\"https:\/\/investors.orthexgroup.com\/fi\/hallinnointi\/palkitseminen\/\" \/>\n<meta property=\"og:locale\" content=\"fi_FI\" \/>\n<meta property=\"og:type\" content=\"article\" \/>\n<meta property=\"og:title\" content=\"Palkitseminen Orthexilla - Orthex Group\" \/>\n<meta property=\"og:description\" content=\"Tutustu Orthexin palkitsemispolitiikkaan ja -periaatteisiin yhti\u00f6n hallituksen j\u00e4senten, toimitusjohtajan ja johtoryhm\u00e4n palkitsemiselle.\" \/>\n<meta property=\"og:url\" content=\"https:\/\/investors.orthexgroup.com\/fi\/hallinnointi\/palkitseminen\/\" \/>\n<meta property=\"og:site_name\" content=\"Orthex Group\" \/>\n<meta property=\"article:modified_time\" content=\"2026-03-26T07:31:58+00:00\" \/>\n<meta name=\"twitter:card\" content=\"summary_large_image\" \/>\n<meta name=\"twitter:label1\" content=\"Arvioitu lukuaika\" \/>\n\t<meta name=\"twitter:data1\" content=\"5 minuuttia\" \/>\n<script type=\"application\/ld+json\" class=\"yoast-schema-graph\">{\"@context\":\"https:\/\/schema.org\",\"@graph\":[{\"@type\":\"WebPage\",\"@id\":\"https:\/\/investors.orthexgroup.com\/fi\/hallinnointi\/palkitseminen\/\",\"url\":\"https:\/\/investors.orthexgroup.com\/fi\/hallinnointi\/palkitseminen\/\",\"name\":\"Palkitseminen Orthexilla - Orthex Group\",\"isPartOf\":{\"@id\":\"https:\/\/investors.orthexgroup.com\/fi\/#website\"},\"datePublished\":\"2021-03-15T07:55:39+00:00\",\"dateModified\":\"2026-03-26T07:31:58+00:00\",\"description\":\"Tutustu Orthexin palkitsemispolitiikkaan ja -periaatteisiin yhti\u00f6n hallituksen j\u00e4senten, toimitusjohtajan ja johtoryhm\u00e4n palkitsemiselle.\",\"breadcrumb\":{\"@id\":\"https:\/\/investors.orthexgroup.com\/fi\/hallinnointi\/palkitseminen\/#breadcrumb\"},\"inLanguage\":\"fi\",\"potentialAction\":[{\"@type\":\"ReadAction\",\"target\":[\"https:\/\/investors.orthexgroup.com\/fi\/hallinnointi\/palkitseminen\/\"]}]},{\"@type\":\"BreadcrumbList\",\"@id\":\"https:\/\/investors.orthexgroup.com\/fi\/hallinnointi\/palkitseminen\/#breadcrumb\",\"itemListElement\":[{\"@type\":\"ListItem\",\"position\":1,\"name\":\"Etusivu\",\"item\":\"https:\/\/investors.orthexgroup.com\/fi\/\"},{\"@type\":\"ListItem\",\"position\":2,\"name\":\"Orthexin hallinnointi\",\"item\":\"https:\/\/investors.orthexgroup.com\/fi\/hallinnointi\/\"},{\"@type\":\"ListItem\",\"position\":3,\"name\":\"Palkitseminen Orthexilla\"}]},{\"@type\":\"WebSite\",\"@id\":\"https:\/\/investors.orthexgroup.com\/fi\/#website\",\"url\":\"https:\/\/investors.orthexgroup.com\/fi\/\",\"name\":\"Orthex Group\",\"description\":\"Tietoa Orthex Group Oyn listautumisannista\",\"publisher\":{\"@id\":\"https:\/\/investors.orthexgroup.com\/fi\/#organization\"},\"potentialAction\":[{\"@type\":\"SearchAction\",\"target\":{\"@type\":\"EntryPoint\",\"urlTemplate\":\"https:\/\/investors.orthexgroup.com\/fi\/?s={search_term_string}\"},\"query-input\":{\"@type\":\"PropertyValueSpecification\",\"valueRequired\":true,\"valueName\":\"search_term_string\"}}],\"inLanguage\":\"fi\"},{\"@type\":\"Organization\",\"@id\":\"https:\/\/investors.orthexgroup.com\/fi\/#organization\",\"name\":\"Orthex Group\",\"url\":\"https:\/\/investors.orthexgroup.com\/fi\/\",\"logo\":{\"@type\":\"ImageObject\",\"inLanguage\":\"fi\",\"@id\":\"https:\/\/investors.orthexgroup.com\/fi\/#\/schema\/logo\/image\/\",\"url\":\"https:\/\/investors.orthexgroup.com\/wp-content\/uploads\/2021\/01\/orthex-group-logo.svg\",\"contentUrl\":\"https:\/\/investors.orthexgroup.com\/wp-content\/uploads\/2021\/01\/orthex-group-logo.svg\",\"width\":129,\"height\":57,\"caption\":\"Orthex Group\"},\"image\":{\"@id\":\"https:\/\/investors.orthexgroup.com\/fi\/#\/schema\/logo\/image\/\"}}]}<\/script>\n<!-- \/ Yoast SEO plugin. -->","yoast_head_json":{"title":"Palkitseminen Orthexilla - Orthex Group","description":"Tutustu Orthexin palkitsemispolitiikkaan ja -periaatteisiin yhti\u00f6n hallituksen j\u00e4senten, toimitusjohtajan ja johtoryhm\u00e4n palkitsemiselle.","robots":{"index":"index","follow":"follow","max-snippet":"max-snippet:-1","max-image-preview":"max-image-preview:large","max-video-preview":"max-video-preview:-1"},"canonical":"https:\/\/investors.orthexgroup.com\/fi\/hallinnointi\/palkitseminen\/","og_locale":"fi_FI","og_type":"article","og_title":"Palkitseminen Orthexilla - Orthex Group","og_description":"Tutustu Orthexin palkitsemispolitiikkaan ja -periaatteisiin yhti\u00f6n hallituksen j\u00e4senten, toimitusjohtajan ja johtoryhm\u00e4n palkitsemiselle.","og_url":"https:\/\/investors.orthexgroup.com\/fi\/hallinnointi\/palkitseminen\/","og_site_name":"Orthex Group","article_modified_time":"2026-03-26T07:31:58+00:00","twitter_card":"summary_large_image","twitter_misc":{"Arvioitu lukuaika":"5 minuuttia"},"schema":{"@context":"https:\/\/schema.org","@graph":[{"@type":"WebPage","@id":"https:\/\/investors.orthexgroup.com\/fi\/hallinnointi\/palkitseminen\/","url":"https:\/\/investors.orthexgroup.com\/fi\/hallinnointi\/palkitseminen\/","name":"Palkitseminen Orthexilla - Orthex Group","isPartOf":{"@id":"https:\/\/investors.orthexgroup.com\/fi\/#website"},"datePublished":"2021-03-15T07:55:39+00:00","dateModified":"2026-03-26T07:31:58+00:00","description":"Tutustu Orthexin palkitsemispolitiikkaan ja -periaatteisiin yhti\u00f6n hallituksen j\u00e4senten, toimitusjohtajan ja johtoryhm\u00e4n palkitsemiselle.","breadcrumb":{"@id":"https:\/\/investors.orthexgroup.com\/fi\/hallinnointi\/palkitseminen\/#breadcrumb"},"inLanguage":"fi","potentialAction":[{"@type":"ReadAction","target":["https:\/\/investors.orthexgroup.com\/fi\/hallinnointi\/palkitseminen\/"]}]},{"@type":"BreadcrumbList","@id":"https:\/\/investors.orthexgroup.com\/fi\/hallinnointi\/palkitseminen\/#breadcrumb","itemListElement":[{"@type":"ListItem","position":1,"name":"Etusivu","item":"https:\/\/investors.orthexgroup.com\/fi\/"},{"@type":"ListItem","position":2,"name":"Orthexin hallinnointi","item":"https:\/\/investors.orthexgroup.com\/fi\/hallinnointi\/"},{"@type":"ListItem","position":3,"name":"Palkitseminen Orthexilla"}]},{"@type":"WebSite","@id":"https:\/\/investors.orthexgroup.com\/fi\/#website","url":"https:\/\/investors.orthexgroup.com\/fi\/","name":"Orthex Group","description":"Tietoa Orthex Group Oyn listautumisannista","publisher":{"@id":"https:\/\/investors.orthexgroup.com\/fi\/#organization"},"potentialAction":[{"@type":"SearchAction","target":{"@type":"EntryPoint","urlTemplate":"https:\/\/investors.orthexgroup.com\/fi\/?s={search_term_string}"},"query-input":{"@type":"PropertyValueSpecification","valueRequired":true,"valueName":"search_term_string"}}],"inLanguage":"fi"},{"@type":"Organization","@id":"https:\/\/investors.orthexgroup.com\/fi\/#organization","name":"Orthex Group","url":"https:\/\/investors.orthexgroup.com\/fi\/","logo":{"@type":"ImageObject","inLanguage":"fi","@id":"https:\/\/investors.orthexgroup.com\/fi\/#\/schema\/logo\/image\/","url":"https:\/\/investors.orthexgroup.com\/wp-content\/uploads\/2021\/01\/orthex-group-logo.svg","contentUrl":"https:\/\/investors.orthexgroup.com\/wp-content\/uploads\/2021\/01\/orthex-group-logo.svg","width":129,"height":57,"caption":"Orthex Group"},"image":{"@id":"https:\/\/investors.orthexgroup.com\/fi\/#\/schema\/logo\/image\/"}}]}},"_links":{"self":[{"href":"https:\/\/investors.orthexgroup.com\/fi\/wp-json\/wp\/v2\/pages\/709","targetHints":{"allow":["GET"]}}],"collection":[{"href":"https:\/\/investors.orthexgroup.com\/fi\/wp-json\/wp\/v2\/pages"}],"about":[{"href":"https:\/\/investors.orthexgroup.com\/fi\/wp-json\/wp\/v2\/types\/page"}],"author":[{"embeddable":true,"href":"https:\/\/investors.orthexgroup.com\/fi\/wp-json\/wp\/v2\/users\/1"}],"replies":[{"embeddable":true,"href":"https:\/\/investors.orthexgroup.com\/fi\/wp-json\/wp\/v2\/comments?post=709"}],"version-history":[{"count":10,"href":"https:\/\/investors.orthexgroup.com\/fi\/wp-json\/wp\/v2\/pages\/709\/revisions"}],"predecessor-version":[{"id":6525,"href":"https:\/\/investors.orthexgroup.com\/fi\/wp-json\/wp\/v2\/pages\/709\/revisions\/6525"}],"up":[{"embeddable":true,"href":"https:\/\/investors.orthexgroup.com\/fi\/wp-json\/wp\/v2\/pages\/691"}],"wp:attachment":[{"href":"https:\/\/investors.orthexgroup.com\/fi\/wp-json\/wp\/v2\/media?parent=709"}],"curies":[{"name":"wp","href":"https:\/\/api.w.org\/{rel}","templated":true}]}}