{"id":713,"date":"2021-03-15T09:55:39","date_gmt":"2021-03-15T07:55:39","guid":{"rendered":"https:\/\/investors.orthexgroup.com\/?page_id=713"},"modified":"2025-11-13T14:04:11","modified_gmt":"2025-11-13T12:04:11","slug":"code-of-conduct","status":"publish","type":"page","link":"https:\/\/investors.orthexgroup.com\/fi\/hallinnointi\/code-of-conduct\/","title":{"rendered":"Orthexin Code of Conduct"},"content":{"rendered":"\n<p>Orthex on kansainv\u00e4lisesti toimiva yritys, joten toimintaamme kohdistuu useita kansainv\u00e4lisi\u00e4 ja kansallisia lakeja ja s\u00e4\u00e4nn\u00f6ksi\u00e4. Pyrimme noudattamaan kaikkia toimintaamme sovellettavia lakeja ja s\u00e4\u00e4nn\u00f6ksi\u00e4. Tapamme harjoittaa liiketoimintaa menee kuitenkin viel\u00e4 pidemm\u00e4lle: kaikkea toimintaamme ohjaa Eettinen toimintaohjeemme ja sen tinkim\u00e4t\u00f6n toteuttaminen.<\/p>\n\n\n\n<h3 class=\"wp-block-heading\">Eettinen toimintaohjeemme ja toimintamme p\u00e4\u00e4periaatteet perustuvat Orthexin arvoihin:<\/h3>\n\n\n\n<ul class=\"wp-block-list\">\n<li><strong>Jatkuva parantaminen ja innovointi<\/strong> &#8211;<strong> <\/strong>Uskomme kehittymiseen jatkuvan parantamisen kautta.<\/li>\n\n\n\n<li><strong>Ammattimainen toteutus <\/strong>&#8211; Teemme joka p\u00e4iv\u00e4 kovasti ty\u00f6t\u00e4 t\u00e4ytt\u00e4\u00e4ksemme asiakkaidemme ja kuluttajien odotukset.<\/li>\n\n\n\n<li><strong>Kunnioittava tiimity\u00f6<\/strong> &#8211;<em> <\/em>Olemme sitoutuneet kehitt\u00e4m\u00e4\u00e4n ty\u00f6ntekij\u00f6it\u00e4mme, osoittamaan kunnioitusta ja edist\u00e4m\u00e4\u00e4n terveytt\u00e4 ja turvallisuutta.<\/li>\n\n\n\n<li><strong>Kest\u00e4v\u00e4 ja vastuullinen kehitt\u00e4minen <\/strong>&#8211; Pyrimme minimoimaan ymp\u00e4rist\u00f6vaikutuksemme ja edist\u00e4m\u00e4\u00e4n aktiivisesti kest\u00e4v\u00e4\u00e4 kehityst\u00e4.<\/li>\n<\/ul>\n\n\n<div class=\"custom-block image-and-text has-link\">\n   <div class=\"text\">\n        <h2 class=\"title\">Eettinen toimintaohje (Code of Conduct)<\/h2><div class=\"content\"><p>Tutustu toimintaamme ohjaaviin eettisiin periaatteisiin.<\/p>\n<\/div>            <div class=\"link-wrap\">\n                <a href=\"https:\/\/investors.orthexgroup.com\/wp-content\/uploads\/2025\/11\/Orthex_Group_Code_of_Conduct_FI_final.pdf\" target=\"_blank\" rel=\"noopener\" class=\"button link\" >Lue lis\u00e4\u00e4<\/a>            <\/div>\n            <\/div>\n    \n    <img decoding=\"async\" src=\"https:\/\/investors.orthexgroup.com\/wp-content\/uploads\/2025\/11\/thumbnail__FI_Code_of_Conduct.jpg\" width=\"212\" height=\"300\" class=\"image\" alt=\"\" loading=\"lazy\"><\/div>\n","protected":false},"excerpt":{"rendered":"<p>Orthex on kansainv\u00e4lisesti toimiva yritys, joten toimintaamme kohdistuu useita kansainv\u00e4lisi\u00e4 ja kansallisia lakeja ja s\u00e4\u00e4nn\u00f6ksi\u00e4.&hellip;<\/p>\n","protected":false},"author":1,"featured_media":0,"parent":691,"menu_order":0,"comment_status":"closed","ping_status":"closed","template":"","meta":{"_acf_changed":false,"footnotes":""},"class_list":["post-713","page","type-page","status-publish","hentry"],"acf":[],"yoast_head":"<!-- This site is optimized with the Yoast SEO plugin v27.1.1 - https:\/\/yoast.com\/product\/yoast-seo-wordpress\/ -->\n<title>Orthexin Code of Conduct - Orthex Group<\/title>\n<meta name=\"description\" content=\"Tutustu Orthexin eettisiin toimintaperiaatteisiin. Noudatamme toiminnassamme Code of Conduct -ohjeistusta vastuullisen liiketoiminnan varmistamiseksi.\" \/>\n<meta name=\"robots\" content=\"index, follow, max-snippet:-1, max-image-preview:large, max-video-preview:-1\" \/>\n<link rel=\"canonical\" href=\"https:\/\/investors.orthexgroup.com\/fi\/hallinnointi\/code-of-conduct\/\" \/>\n<meta property=\"og:locale\" content=\"fi_FI\" \/>\n<meta property=\"og:type\" content=\"article\" \/>\n<meta property=\"og:title\" content=\"Orthexin Code of Conduct - Orthex Group\" \/>\n<meta property=\"og:description\" content=\"Tutustu Orthexin eettisiin toimintaperiaatteisiin. Noudatamme toiminnassamme Code of Conduct -ohjeistusta vastuullisen liiketoiminnan varmistamiseksi.\" \/>\n<meta property=\"og:url\" content=\"https:\/\/investors.orthexgroup.com\/fi\/hallinnointi\/code-of-conduct\/\" \/>\n<meta property=\"og:site_name\" content=\"Orthex Group\" \/>\n<meta property=\"article:modified_time\" content=\"2025-11-13T12:04:11+00:00\" \/>\n<meta name=\"twitter:card\" content=\"summary_large_image\" \/>\n<meta name=\"twitter:label1\" content=\"Arvioitu lukuaika\" \/>\n\t<meta name=\"twitter:data1\" content=\"1 minuutti\" \/>\n<script type=\"application\/ld+json\" class=\"yoast-schema-graph\">{\"@context\":\"https:\/\/schema.org\",\"@graph\":[{\"@type\":\"WebPage\",\"@id\":\"https:\/\/investors.orthexgroup.com\/fi\/hallinnointi\/code-of-conduct\/\",\"url\":\"https:\/\/investors.orthexgroup.com\/fi\/hallinnointi\/code-of-conduct\/\",\"name\":\"Orthexin Code of Conduct - Orthex Group\",\"isPartOf\":{\"@id\":\"https:\/\/investors.orthexgroup.com\/fi\/#website\"},\"datePublished\":\"2021-03-15T07:55:39+00:00\",\"dateModified\":\"2025-11-13T12:04:11+00:00\",\"description\":\"Tutustu Orthexin eettisiin toimintaperiaatteisiin. Noudatamme toiminnassamme Code of Conduct -ohjeistusta vastuullisen liiketoiminnan varmistamiseksi.\",\"breadcrumb\":{\"@id\":\"https:\/\/investors.orthexgroup.com\/fi\/hallinnointi\/code-of-conduct\/#breadcrumb\"},\"inLanguage\":\"fi\",\"potentialAction\":[{\"@type\":\"ReadAction\",\"target\":[\"https:\/\/investors.orthexgroup.com\/fi\/hallinnointi\/code-of-conduct\/\"]}]},{\"@type\":\"BreadcrumbList\",\"@id\":\"https:\/\/investors.orthexgroup.com\/fi\/hallinnointi\/code-of-conduct\/#breadcrumb\",\"itemListElement\":[{\"@type\":\"ListItem\",\"position\":1,\"name\":\"Etusivu\",\"item\":\"https:\/\/investors.orthexgroup.com\/fi\/\"},{\"@type\":\"ListItem\",\"position\":2,\"name\":\"Orthexin hallinnointi\",\"item\":\"https:\/\/investors.orthexgroup.com\/fi\/hallinnointi\/\"},{\"@type\":\"ListItem\",\"position\":3,\"name\":\"Orthexin Code of Conduct\"}]},{\"@type\":\"WebSite\",\"@id\":\"https:\/\/investors.orthexgroup.com\/fi\/#website\",\"url\":\"https:\/\/investors.orthexgroup.com\/fi\/\",\"name\":\"Orthex Group\",\"description\":\"Tietoa Orthex Group Oyn listautumisannista\",\"publisher\":{\"@id\":\"https:\/\/investors.orthexgroup.com\/fi\/#organization\"},\"potentialAction\":[{\"@type\":\"SearchAction\",\"target\":{\"@type\":\"EntryPoint\",\"urlTemplate\":\"https:\/\/investors.orthexgroup.com\/fi\/?s={search_term_string}\"},\"query-input\":{\"@type\":\"PropertyValueSpecification\",\"valueRequired\":true,\"valueName\":\"search_term_string\"}}],\"inLanguage\":\"fi\"},{\"@type\":\"Organization\",\"@id\":\"https:\/\/investors.orthexgroup.com\/fi\/#organization\",\"name\":\"Orthex Group\",\"url\":\"https:\/\/investors.orthexgroup.com\/fi\/\",\"logo\":{\"@type\":\"ImageObject\",\"inLanguage\":\"fi\",\"@id\":\"https:\/\/investors.orthexgroup.com\/fi\/#\/schema\/logo\/image\/\",\"url\":\"https:\/\/investors.orthexgroup.com\/wp-content\/uploads\/2021\/01\/orthex-group-logo.svg\",\"contentUrl\":\"https:\/\/investors.orthexgroup.com\/wp-content\/uploads\/2021\/01\/orthex-group-logo.svg\",\"width\":129,\"height\":57,\"caption\":\"Orthex Group\"},\"image\":{\"@id\":\"https:\/\/investors.orthexgroup.com\/fi\/#\/schema\/logo\/image\/\"}}]}<\/script>\n<!-- \/ Yoast SEO plugin. -->","yoast_head_json":{"title":"Orthexin Code of Conduct - Orthex Group","description":"Tutustu Orthexin eettisiin toimintaperiaatteisiin. Noudatamme toiminnassamme Code of Conduct -ohjeistusta vastuullisen liiketoiminnan varmistamiseksi.","robots":{"index":"index","follow":"follow","max-snippet":"max-snippet:-1","max-image-preview":"max-image-preview:large","max-video-preview":"max-video-preview:-1"},"canonical":"https:\/\/investors.orthexgroup.com\/fi\/hallinnointi\/code-of-conduct\/","og_locale":"fi_FI","og_type":"article","og_title":"Orthexin Code of Conduct - Orthex Group","og_description":"Tutustu Orthexin eettisiin toimintaperiaatteisiin. Noudatamme toiminnassamme Code of Conduct -ohjeistusta vastuullisen liiketoiminnan varmistamiseksi.","og_url":"https:\/\/investors.orthexgroup.com\/fi\/hallinnointi\/code-of-conduct\/","og_site_name":"Orthex Group","article_modified_time":"2025-11-13T12:04:11+00:00","twitter_card":"summary_large_image","twitter_misc":{"Arvioitu lukuaika":"1 minuutti"},"schema":{"@context":"https:\/\/schema.org","@graph":[{"@type":"WebPage","@id":"https:\/\/investors.orthexgroup.com\/fi\/hallinnointi\/code-of-conduct\/","url":"https:\/\/investors.orthexgroup.com\/fi\/hallinnointi\/code-of-conduct\/","name":"Orthexin Code of Conduct - Orthex Group","isPartOf":{"@id":"https:\/\/investors.orthexgroup.com\/fi\/#website"},"datePublished":"2021-03-15T07:55:39+00:00","dateModified":"2025-11-13T12:04:11+00:00","description":"Tutustu Orthexin eettisiin toimintaperiaatteisiin. Noudatamme toiminnassamme Code of Conduct -ohjeistusta vastuullisen liiketoiminnan varmistamiseksi.","breadcrumb":{"@id":"https:\/\/investors.orthexgroup.com\/fi\/hallinnointi\/code-of-conduct\/#breadcrumb"},"inLanguage":"fi","potentialAction":[{"@type":"ReadAction","target":["https:\/\/investors.orthexgroup.com\/fi\/hallinnointi\/code-of-conduct\/"]}]},{"@type":"BreadcrumbList","@id":"https:\/\/investors.orthexgroup.com\/fi\/hallinnointi\/code-of-conduct\/#breadcrumb","itemListElement":[{"@type":"ListItem","position":1,"name":"Etusivu","item":"https:\/\/investors.orthexgroup.com\/fi\/"},{"@type":"ListItem","position":2,"name":"Orthexin hallinnointi","item":"https:\/\/investors.orthexgroup.com\/fi\/hallinnointi\/"},{"@type":"ListItem","position":3,"name":"Orthexin Code of Conduct"}]},{"@type":"WebSite","@id":"https:\/\/investors.orthexgroup.com\/fi\/#website","url":"https:\/\/investors.orthexgroup.com\/fi\/","name":"Orthex Group","description":"Tietoa Orthex Group Oyn listautumisannista","publisher":{"@id":"https:\/\/investors.orthexgroup.com\/fi\/#organization"},"potentialAction":[{"@type":"SearchAction","target":{"@type":"EntryPoint","urlTemplate":"https:\/\/investors.orthexgroup.com\/fi\/?s={search_term_string}"},"query-input":{"@type":"PropertyValueSpecification","valueRequired":true,"valueName":"search_term_string"}}],"inLanguage":"fi"},{"@type":"Organization","@id":"https:\/\/investors.orthexgroup.com\/fi\/#organization","name":"Orthex Group","url":"https:\/\/investors.orthexgroup.com\/fi\/","logo":{"@type":"ImageObject","inLanguage":"fi","@id":"https:\/\/investors.orthexgroup.com\/fi\/#\/schema\/logo\/image\/","url":"https:\/\/investors.orthexgroup.com\/wp-content\/uploads\/2021\/01\/orthex-group-logo.svg","contentUrl":"https:\/\/investors.orthexgroup.com\/wp-content\/uploads\/2021\/01\/orthex-group-logo.svg","width":129,"height":57,"caption":"Orthex Group"},"image":{"@id":"https:\/\/investors.orthexgroup.com\/fi\/#\/schema\/logo\/image\/"}}]}},"_links":{"self":[{"href":"https:\/\/investors.orthexgroup.com\/fi\/wp-json\/wp\/v2\/pages\/713","targetHints":{"allow":["GET"]}}],"collection":[{"href":"https:\/\/investors.orthexgroup.com\/fi\/wp-json\/wp\/v2\/pages"}],"about":[{"href":"https:\/\/investors.orthexgroup.com\/fi\/wp-json\/wp\/v2\/types\/page"}],"author":[{"embeddable":true,"href":"https:\/\/investors.orthexgroup.com\/fi\/wp-json\/wp\/v2\/users\/1"}],"replies":[{"embeddable":true,"href":"https:\/\/investors.orthexgroup.com\/fi\/wp-json\/wp\/v2\/comments?post=713"}],"version-history":[{"count":8,"href":"https:\/\/investors.orthexgroup.com\/fi\/wp-json\/wp\/v2\/pages\/713\/revisions"}],"predecessor-version":[{"id":6149,"href":"https:\/\/investors.orthexgroup.com\/fi\/wp-json\/wp\/v2\/pages\/713\/revisions\/6149"}],"up":[{"embeddable":true,"href":"https:\/\/investors.orthexgroup.com\/fi\/wp-json\/wp\/v2\/pages\/691"}],"wp:attachment":[{"href":"https:\/\/investors.orthexgroup.com\/fi\/wp-json\/wp\/v2\/media?parent=713"}],"curies":[{"name":"wp","href":"https:\/\/api.w.org\/{rel}","templated":true}]}}