{"id":715,"date":"2022-03-16T14:18:27","date_gmt":"2022-03-16T12:18:27","guid":{"rendered":"https:\/\/investors.orthexgroup.com\/?page_id=715"},"modified":"2026-03-17T10:03:46","modified_gmt":"2026-03-17T08:03:46","slug":"cg-selvitykset","status":"publish","type":"page","link":"https:\/\/investors.orthexgroup.com\/fi\/hallinnointi\/cg-selvitykset\/","title":{"rendered":"Orthexin CG-selvitykset"},"content":{"rendered":"\n<p>Orthex Oyj on suomalainen, Nasdaq Helsinki Oy:ss\u00e4 29.3.2021 alkaen listattu julkinen osakeyhti\u00f6. Yhti\u00f6 noudattaa hallinnoinnissaan yhti\u00f6n <a href=\"https:\/\/investors.orthexgroup.com\/fi\/hallinnointi\/yhtiojarjestys\/\">yhti\u00f6j\u00e4rjestyst\u00e4<\/a> ja <a href=\"https:\/\/investors.orthexgroup.com\/fi\/hallinnointi\/\" target=\"_blank\" rel=\"noreferrer noopener\">hallinnointiperiaatteita<\/a> sek\u00e4 suomalaisiin p\u00f6rssiyhti\u00f6ihin sovellettavaa s\u00e4\u00e4ntely\u00e4 kuten esimerkiksi osakeyhti\u00f6lakia, arvopaperimarkkinalakia ja Nasdaq Helsinki Oy:n s\u00e4\u00e4nt\u00f6j\u00e4 ja ohjeita. Yhti\u00f6 noudattaa lis\u00e4ksi Arvopaperimarkkinayhdistys ry:n julkaisemaa hallinnointikoodia 2025. Hallinnointikoodi on saatavilla yhdistyksen verkkosivuilla (<a href=\"https:\/\/www.cgfinland.fi\/\" target=\"_blank\" rel=\"noreferrer noopener\">www.cgfinland.fi<\/a>).<\/p>\n\n\n\n<p>Alla olevat selvitykset hallinto- ja ohjausj\u00e4rjestelm\u00e4st\u00e4 on laadittu hallinnointikoodin raportointivaatimuksia noudattaen. Selvitykset on annettu erill\u00e4\u00e4n yhti\u00f6n toimintakertomuksesta, mutta ne on julkaistu samanaikaisesti toimintakertomuksen, tilinp\u00e4\u00e4t\u00f6ksen ja palkitsemisraportin kanssa osana yhti\u00f6n vuosi- ja vastuullisuusraportteja.<\/p>\n\n\n\n<p>Yhti\u00f6n vuosittaiset selvitykset hallinto- ja ohjausj\u00e4rjestelm\u00e4st\u00e4 ovat saatavilla erillisin\u00e4 pdf-tiedostoina yhti\u00f6n internetsivuilla v\u00e4hint\u00e4\u00e4n kymmenen vuoden ajan. <\/p>\n\n\n<div class=\"custom-block link-boxes\">\n            <div class=\"links\">\n            <a class=\"box\" href=\"https:\/\/investors.orthexgroup.com\/wp-content\/uploads\/2026\/03\/Orthex_Selvitys_hallinto-_ja_ohjausjarjestelmasta_2025.pdf\"><h1 class=\"title\">Selvitys hallinto- ja ohjausj\u00e4rjestelm\u00e4st\u00e4 2025<\/h1><span class=\"link\">Lue lis\u00e4\u00e4<\/span><\/a><a class=\"box\" href=\"https:\/\/investors.orthexgroup.com\/wp-content\/uploads\/2025\/03\/Orthex-Selvitys-hallinto-ja-ohjausjarjestelmasta-2024.pdf\"><h1 class=\"title\">Selvitys hallinto- ja ohjausj\u00e4rjestelm\u00e4st\u00e4 2024<\/h1><span class=\"link\">Lue lis\u00e4\u00e4<\/span><\/a><a class=\"box\" href=\"https:\/\/investors.orthexgroup.com\/wp-content\/uploads\/2024\/03\/Orthex_Selvitys-hallinto-ja-ohjausjarjestelmasta-2023.pdf\"><h1 class=\"title\">Selvitys hallinto- ja ohjausj\u00e4rjestelm\u00e4st\u00e4 2023<\/h1><span class=\"link\">Lue lis\u00e4\u00e4<\/span><\/a><a class=\"box\" href=\"https:\/\/investors.orthexgroup.com\/wp-content\/uploads\/2023\/03\/Orthex-Corporate-Governance-Statement-2022.pdf\"><h1 class=\"title\">Selvitys hallinto- ja ohjausj\u00e4rjestelm\u00e4st\u00e4 2022<\/h1><span class=\"link\">Lue lis\u00e4\u00e4<\/span><\/a><a class=\"box\" href=\"https:\/\/investors.orthexgroup.com\/wp-content\/uploads\/2022\/03\/Orthex_Selvitys-hallinto-ja-ohjausjarjestelmasta-2021.pdf\"><h1 class=\"title\">Selvitys hallinto- ja ohjausj\u00e4rjestelm\u00e4st\u00e4 2021<\/h1><span class=\"link\">Lue lis\u00e4\u00e4<\/span><\/a>        <\/div>\n    <\/div>\n\n\n\n<p><\/p>\n","protected":false},"excerpt":{"rendered":"<p>Orthex Oyj on suomalainen, Nasdaq Helsinki Oy:ss\u00e4 29.3.2021 alkaen listattu julkinen osakeyhti\u00f6. Yhti\u00f6 noudattaa hallinnoinnissaan&hellip;<\/p>\n","protected":false},"author":1,"featured_media":0,"parent":691,"menu_order":0,"comment_status":"closed","ping_status":"closed","template":"","meta":{"_acf_changed":false,"footnotes":""},"class_list":["post-715","page","type-page","status-publish","hentry"],"acf":[],"yoast_head":"<!-- This site is optimized with the Yoast SEO plugin v27.4 - https:\/\/yoast.com\/product\/yoast-seo-wordpress\/ -->\n<title>Orthexin CG-selvitykset - Orthex Group<\/title>\n<meta name=\"description\" content=\"Tutustu Orthexin selvityksiin hallinto- ja ohjausj\u00e4rjestelm\u00e4st\u00e4. Selvitykset on laadittu hallinnointikoodin raportointivaatimuksia noudattaen.\" \/>\n<meta name=\"robots\" content=\"index, follow, max-snippet:-1, max-image-preview:large, max-video-preview:-1\" \/>\n<link rel=\"canonical\" href=\"https:\/\/investors.orthexgroup.com\/fi\/hallinnointi\/cg-selvitykset\/\" \/>\n<meta property=\"og:locale\" content=\"fi_FI\" \/>\n<meta property=\"og:type\" content=\"article\" \/>\n<meta property=\"og:title\" content=\"Orthexin CG-selvitykset - Orthex Group\" \/>\n<meta property=\"og:description\" content=\"Tutustu Orthexin selvityksiin hallinto- ja ohjausj\u00e4rjestelm\u00e4st\u00e4. Selvitykset on laadittu hallinnointikoodin raportointivaatimuksia noudattaen.\" \/>\n<meta property=\"og:url\" content=\"https:\/\/investors.orthexgroup.com\/fi\/hallinnointi\/cg-selvitykset\/\" \/>\n<meta property=\"og:site_name\" content=\"Orthex Group\" \/>\n<meta property=\"article:modified_time\" content=\"2026-03-17T08:03:46+00:00\" \/>\n<meta name=\"twitter:card\" content=\"summary_large_image\" \/>\n<meta name=\"twitter:label1\" content=\"Arvioitu lukuaika\" \/>\n\t<meta name=\"twitter:data1\" content=\"1 minuutti\" \/>\n<script type=\"application\/ld+json\" class=\"yoast-schema-graph\">{\"@context\":\"https:\\\/\\\/schema.org\",\"@graph\":[{\"@type\":\"WebPage\",\"@id\":\"https:\\\/\\\/investors.orthexgroup.com\\\/fi\\\/hallinnointi\\\/cg-selvitykset\\\/\",\"url\":\"https:\\\/\\\/investors.orthexgroup.com\\\/fi\\\/hallinnointi\\\/cg-selvitykset\\\/\",\"name\":\"Orthexin CG-selvitykset - Orthex Group\",\"isPartOf\":{\"@id\":\"https:\\\/\\\/investors.orthexgroup.com\\\/fi\\\/#website\"},\"datePublished\":\"2022-03-16T12:18:27+00:00\",\"dateModified\":\"2026-03-17T08:03:46+00:00\",\"description\":\"Tutustu Orthexin selvityksiin hallinto- ja ohjausj\u00e4rjestelm\u00e4st\u00e4. Selvitykset on laadittu hallinnointikoodin raportointivaatimuksia noudattaen.\",\"breadcrumb\":{\"@id\":\"https:\\\/\\\/investors.orthexgroup.com\\\/fi\\\/hallinnointi\\\/cg-selvitykset\\\/#breadcrumb\"},\"inLanguage\":\"fi\",\"potentialAction\":[{\"@type\":\"ReadAction\",\"target\":[\"https:\\\/\\\/investors.orthexgroup.com\\\/fi\\\/hallinnointi\\\/cg-selvitykset\\\/\"]}]},{\"@type\":\"BreadcrumbList\",\"@id\":\"https:\\\/\\\/investors.orthexgroup.com\\\/fi\\\/hallinnointi\\\/cg-selvitykset\\\/#breadcrumb\",\"itemListElement\":[{\"@type\":\"ListItem\",\"position\":1,\"name\":\"Etusivu\",\"item\":\"https:\\\/\\\/investors.orthexgroup.com\\\/fi\\\/\"},{\"@type\":\"ListItem\",\"position\":2,\"name\":\"Orthexin hallinnointi\",\"item\":\"https:\\\/\\\/investors.orthexgroup.com\\\/fi\\\/hallinnointi\\\/\"},{\"@type\":\"ListItem\",\"position\":3,\"name\":\"Orthexin CG-selvitykset\"}]},{\"@type\":\"WebSite\",\"@id\":\"https:\\\/\\\/investors.orthexgroup.com\\\/fi\\\/#website\",\"url\":\"https:\\\/\\\/investors.orthexgroup.com\\\/fi\\\/\",\"name\":\"Orthex Group\",\"description\":\"Tietoa Orthex Group Oyn listautumisannista\",\"publisher\":{\"@id\":\"https:\\\/\\\/investors.orthexgroup.com\\\/fi\\\/#organization\"},\"potentialAction\":[{\"@type\":\"SearchAction\",\"target\":{\"@type\":\"EntryPoint\",\"urlTemplate\":\"https:\\\/\\\/investors.orthexgroup.com\\\/fi\\\/?s={search_term_string}\"},\"query-input\":{\"@type\":\"PropertyValueSpecification\",\"valueRequired\":true,\"valueName\":\"search_term_string\"}}],\"inLanguage\":\"fi\"},{\"@type\":\"Organization\",\"@id\":\"https:\\\/\\\/investors.orthexgroup.com\\\/fi\\\/#organization\",\"name\":\"Orthex Group\",\"url\":\"https:\\\/\\\/investors.orthexgroup.com\\\/fi\\\/\",\"logo\":{\"@type\":\"ImageObject\",\"inLanguage\":\"fi\",\"@id\":\"https:\\\/\\\/investors.orthexgroup.com\\\/fi\\\/#\\\/schema\\\/logo\\\/image\\\/\",\"url\":\"https:\\\/\\\/investors.orthexgroup.com\\\/wp-content\\\/uploads\\\/2021\\\/01\\\/orthex-group-logo.svg\",\"contentUrl\":\"https:\\\/\\\/investors.orthexgroup.com\\\/wp-content\\\/uploads\\\/2021\\\/01\\\/orthex-group-logo.svg\",\"width\":129,\"height\":57,\"caption\":\"Orthex Group\"},\"image\":{\"@id\":\"https:\\\/\\\/investors.orthexgroup.com\\\/fi\\\/#\\\/schema\\\/logo\\\/image\\\/\"}}]}<\/script>\n<!-- \/ Yoast SEO plugin. -->","yoast_head_json":{"title":"Orthexin CG-selvitykset - Orthex Group","description":"Tutustu Orthexin selvityksiin hallinto- ja ohjausj\u00e4rjestelm\u00e4st\u00e4. Selvitykset on laadittu hallinnointikoodin raportointivaatimuksia noudattaen.","robots":{"index":"index","follow":"follow","max-snippet":"max-snippet:-1","max-image-preview":"max-image-preview:large","max-video-preview":"max-video-preview:-1"},"canonical":"https:\/\/investors.orthexgroup.com\/fi\/hallinnointi\/cg-selvitykset\/","og_locale":"fi_FI","og_type":"article","og_title":"Orthexin CG-selvitykset - Orthex Group","og_description":"Tutustu Orthexin selvityksiin hallinto- ja ohjausj\u00e4rjestelm\u00e4st\u00e4. Selvitykset on laadittu hallinnointikoodin raportointivaatimuksia noudattaen.","og_url":"https:\/\/investors.orthexgroup.com\/fi\/hallinnointi\/cg-selvitykset\/","og_site_name":"Orthex Group","article_modified_time":"2026-03-17T08:03:46+00:00","twitter_card":"summary_large_image","twitter_misc":{"Arvioitu lukuaika":"1 minuutti"},"schema":{"@context":"https:\/\/schema.org","@graph":[{"@type":"WebPage","@id":"https:\/\/investors.orthexgroup.com\/fi\/hallinnointi\/cg-selvitykset\/","url":"https:\/\/investors.orthexgroup.com\/fi\/hallinnointi\/cg-selvitykset\/","name":"Orthexin CG-selvitykset - Orthex Group","isPartOf":{"@id":"https:\/\/investors.orthexgroup.com\/fi\/#website"},"datePublished":"2022-03-16T12:18:27+00:00","dateModified":"2026-03-17T08:03:46+00:00","description":"Tutustu Orthexin selvityksiin hallinto- ja ohjausj\u00e4rjestelm\u00e4st\u00e4. Selvitykset on laadittu hallinnointikoodin raportointivaatimuksia noudattaen.","breadcrumb":{"@id":"https:\/\/investors.orthexgroup.com\/fi\/hallinnointi\/cg-selvitykset\/#breadcrumb"},"inLanguage":"fi","potentialAction":[{"@type":"ReadAction","target":["https:\/\/investors.orthexgroup.com\/fi\/hallinnointi\/cg-selvitykset\/"]}]},{"@type":"BreadcrumbList","@id":"https:\/\/investors.orthexgroup.com\/fi\/hallinnointi\/cg-selvitykset\/#breadcrumb","itemListElement":[{"@type":"ListItem","position":1,"name":"Etusivu","item":"https:\/\/investors.orthexgroup.com\/fi\/"},{"@type":"ListItem","position":2,"name":"Orthexin hallinnointi","item":"https:\/\/investors.orthexgroup.com\/fi\/hallinnointi\/"},{"@type":"ListItem","position":3,"name":"Orthexin CG-selvitykset"}]},{"@type":"WebSite","@id":"https:\/\/investors.orthexgroup.com\/fi\/#website","url":"https:\/\/investors.orthexgroup.com\/fi\/","name":"Orthex Group","description":"Tietoa Orthex Group Oyn listautumisannista","publisher":{"@id":"https:\/\/investors.orthexgroup.com\/fi\/#organization"},"potentialAction":[{"@type":"SearchAction","target":{"@type":"EntryPoint","urlTemplate":"https:\/\/investors.orthexgroup.com\/fi\/?s={search_term_string}"},"query-input":{"@type":"PropertyValueSpecification","valueRequired":true,"valueName":"search_term_string"}}],"inLanguage":"fi"},{"@type":"Organization","@id":"https:\/\/investors.orthexgroup.com\/fi\/#organization","name":"Orthex Group","url":"https:\/\/investors.orthexgroup.com\/fi\/","logo":{"@type":"ImageObject","inLanguage":"fi","@id":"https:\/\/investors.orthexgroup.com\/fi\/#\/schema\/logo\/image\/","url":"https:\/\/investors.orthexgroup.com\/wp-content\/uploads\/2021\/01\/orthex-group-logo.svg","contentUrl":"https:\/\/investors.orthexgroup.com\/wp-content\/uploads\/2021\/01\/orthex-group-logo.svg","width":129,"height":57,"caption":"Orthex Group"},"image":{"@id":"https:\/\/investors.orthexgroup.com\/fi\/#\/schema\/logo\/image\/"}}]}},"_links":{"self":[{"href":"https:\/\/investors.orthexgroup.com\/fi\/wp-json\/wp\/v2\/pages\/715","targetHints":{"allow":["GET"]}}],"collection":[{"href":"https:\/\/investors.orthexgroup.com\/fi\/wp-json\/wp\/v2\/pages"}],"about":[{"href":"https:\/\/investors.orthexgroup.com\/fi\/wp-json\/wp\/v2\/types\/page"}],"author":[{"embeddable":true,"href":"https:\/\/investors.orthexgroup.com\/fi\/wp-json\/wp\/v2\/users\/1"}],"replies":[{"embeddable":true,"href":"https:\/\/investors.orthexgroup.com\/fi\/wp-json\/wp\/v2\/comments?post=715"}],"version-history":[{"count":6,"href":"https:\/\/investors.orthexgroup.com\/fi\/wp-json\/wp\/v2\/pages\/715\/revisions"}],"predecessor-version":[{"id":6464,"href":"https:\/\/investors.orthexgroup.com\/fi\/wp-json\/wp\/v2\/pages\/715\/revisions\/6464"}],"up":[{"embeddable":true,"href":"https:\/\/investors.orthexgroup.com\/fi\/wp-json\/wp\/v2\/pages\/691"}],"wp:attachment":[{"href":"https:\/\/investors.orthexgroup.com\/fi\/wp-json\/wp\/v2\/media?parent=715"}],"curies":[{"name":"wp","href":"https:\/\/api.w.org\/{rel}","templated":true}]}}