{"id":718,"date":"2021-03-10T09:58:17","date_gmt":"2021-03-10T07:58:17","guid":{"rendered":"https:\/\/investors.orthexgroup.com\/?page_id=718"},"modified":"2025-06-13T14:14:58","modified_gmt":"2025-06-13T11:14:58","slug":"osake","status":"publish","type":"page","link":"https:\/\/investors.orthexgroup.com\/fi\/osake\/","title":{"rendered":"Orthexin osake"},"content":{"rendered":"\n<p>Orthexin t\u00e4ysin maksettu osakep\u00e4\u00e4oma on 80 000 euroa, ja liikkeeseen laskettujen osakkeiden lukum\u00e4\u00e4r\u00e4 on yhteens\u00e4 17 758 854. Yhti\u00f6ll\u00e4 on yksi osakesarja. Jokainen osake oikeuttaa omistajansa yhteen \u00e4\u00e4neen yhti\u00f6kokouksessa ja osakkeet tuottavat yht\u00e4l\u00e4iset oikeudet osinkoon ja muuhun varojenjakoon. Osakkeisiin ei liity \u00e4\u00e4nestysrajoituksia ja ne ovat vapaasti luovutettavissa. Osakkeilla ei ole nimellisarvoa.<\/p>\n\n\n\n<p>Osakkeet on rekister\u00f6ity Euroclear Finland Oy:n yll\u00e4pit\u00e4m\u00e4\u00e4n arvo osuusj\u00e4rjestelm\u00e4\u00e4n.<\/p>\n\n\n\n<p>Yhti\u00f6 ei omista t\u00e4ll\u00e4 hetkell\u00e4 omia osakkeita. Siirry t\u00e4st\u00e4 <a href=\"https:\/\/investors.orthexgroup.com\/fi\/osake\/osakemonitori\/\">osakemonitoriin<\/a>.<\/p>\n\n\n        <div class=\"custom-block ir-tool\">\n            <iframe id=\"69e247396a63c\" class=\"euroland-ir-tool\" src=\"https:\/\/tools.eurolandir.com\/tools\/shareseries\/?companycode=sf-ortx&#038;lang=fi-FI\" frameborder=\"0\" scrolling=\"no\" width=\"100%\"><\/iframe>\n        <\/div>\n    ","protected":false},"excerpt":{"rendered":"<p>Orthexin t\u00e4ysin maksettu osakep\u00e4\u00e4oma on 80 000 euroa, ja liikkeeseen laskettujen osakkeiden lukum\u00e4\u00e4r\u00e4 on yhteens\u00e4&hellip;<\/p>\n","protected":false},"author":1,"featured_media":0,"parent":0,"menu_order":0,"comment_status":"closed","ping_status":"closed","template":"","meta":{"_acf_changed":false,"footnotes":""},"class_list":["post-718","page","type-page","status-publish","hentry"],"acf":[],"yoast_head":"<!-- This site is optimized with the Yoast SEO plugin v27.4 - https:\/\/yoast.com\/product\/yoast-seo-wordpress\/ -->\n<title>Orthex Osake - Orthex Group<\/title>\n<meta name=\"description\" content=\"Orthexin t\u00e4ysin maksettu osakep\u00e4\u00e4oma on 80 000 euroa. Liikkeeseen laskettujen osakkeiden lukum\u00e4\u00e4r\u00e4 on yhteens\u00e4 17 758 854. Katso Orthexin osaketiedot.\" \/>\n<meta name=\"robots\" content=\"index, follow, max-snippet:-1, max-image-preview:large, max-video-preview:-1\" \/>\n<link rel=\"canonical\" href=\"https:\/\/investors.orthexgroup.com\/fi\/osake\/\" \/>\n<meta property=\"og:locale\" content=\"fi_FI\" \/>\n<meta property=\"og:type\" content=\"article\" \/>\n<meta property=\"og:title\" content=\"Orthex Osake - Orthex Group\" \/>\n<meta property=\"og:description\" content=\"Orthexin t\u00e4ysin maksettu osakep\u00e4\u00e4oma on 80 000 euroa. Liikkeeseen laskettujen osakkeiden lukum\u00e4\u00e4r\u00e4 on yhteens\u00e4 17 758 854. Katso Orthexin osaketiedot.\" \/>\n<meta property=\"og:url\" content=\"https:\/\/investors.orthexgroup.com\/fi\/osake\/\" \/>\n<meta property=\"og:site_name\" content=\"Orthex Group\" \/>\n<meta property=\"article:modified_time\" content=\"2025-06-13T11:14:58+00:00\" \/>\n<meta name=\"twitter:card\" content=\"summary_large_image\" \/>\n<meta name=\"twitter:label1\" content=\"Arvioitu lukuaika\" \/>\n\t<meta name=\"twitter:data1\" content=\"1 minuutti\" \/>\n<script type=\"application\/ld+json\" class=\"yoast-schema-graph\">{\"@context\":\"https:\\\/\\\/schema.org\",\"@graph\":[{\"@type\":\"WebPage\",\"@id\":\"https:\\\/\\\/investors.orthexgroup.com\\\/fi\\\/osake\\\/\",\"url\":\"https:\\\/\\\/investors.orthexgroup.com\\\/fi\\\/osake\\\/\",\"name\":\"Orthex Osake - Orthex Group\",\"isPartOf\":{\"@id\":\"https:\\\/\\\/investors.orthexgroup.com\\\/fi\\\/#website\"},\"datePublished\":\"2021-03-10T07:58:17+00:00\",\"dateModified\":\"2025-06-13T11:14:58+00:00\",\"description\":\"Orthexin t\u00e4ysin maksettu osakep\u00e4\u00e4oma on 80 000 euroa. Liikkeeseen laskettujen osakkeiden lukum\u00e4\u00e4r\u00e4 on yhteens\u00e4 17 758 854. Katso Orthexin osaketiedot.\",\"breadcrumb\":{\"@id\":\"https:\\\/\\\/investors.orthexgroup.com\\\/fi\\\/osake\\\/#breadcrumb\"},\"inLanguage\":\"fi\",\"potentialAction\":[{\"@type\":\"ReadAction\",\"target\":[\"https:\\\/\\\/investors.orthexgroup.com\\\/fi\\\/osake\\\/\"]}]},{\"@type\":\"BreadcrumbList\",\"@id\":\"https:\\\/\\\/investors.orthexgroup.com\\\/fi\\\/osake\\\/#breadcrumb\",\"itemListElement\":[{\"@type\":\"ListItem\",\"position\":1,\"name\":\"Etusivu\",\"item\":\"https:\\\/\\\/investors.orthexgroup.com\\\/fi\\\/\"},{\"@type\":\"ListItem\",\"position\":2,\"name\":\"Orthexin osake\"}]},{\"@type\":\"WebSite\",\"@id\":\"https:\\\/\\\/investors.orthexgroup.com\\\/fi\\\/#website\",\"url\":\"https:\\\/\\\/investors.orthexgroup.com\\\/fi\\\/\",\"name\":\"Orthex Group\",\"description\":\"Tietoa Orthex Group Oyn listautumisannista\",\"publisher\":{\"@id\":\"https:\\\/\\\/investors.orthexgroup.com\\\/fi\\\/#organization\"},\"potentialAction\":[{\"@type\":\"SearchAction\",\"target\":{\"@type\":\"EntryPoint\",\"urlTemplate\":\"https:\\\/\\\/investors.orthexgroup.com\\\/fi\\\/?s={search_term_string}\"},\"query-input\":{\"@type\":\"PropertyValueSpecification\",\"valueRequired\":true,\"valueName\":\"search_term_string\"}}],\"inLanguage\":\"fi\"},{\"@type\":\"Organization\",\"@id\":\"https:\\\/\\\/investors.orthexgroup.com\\\/fi\\\/#organization\",\"name\":\"Orthex Group\",\"url\":\"https:\\\/\\\/investors.orthexgroup.com\\\/fi\\\/\",\"logo\":{\"@type\":\"ImageObject\",\"inLanguage\":\"fi\",\"@id\":\"https:\\\/\\\/investors.orthexgroup.com\\\/fi\\\/#\\\/schema\\\/logo\\\/image\\\/\",\"url\":\"https:\\\/\\\/investors.orthexgroup.com\\\/wp-content\\\/uploads\\\/2021\\\/01\\\/orthex-group-logo.svg\",\"contentUrl\":\"https:\\\/\\\/investors.orthexgroup.com\\\/wp-content\\\/uploads\\\/2021\\\/01\\\/orthex-group-logo.svg\",\"width\":129,\"height\":57,\"caption\":\"Orthex Group\"},\"image\":{\"@id\":\"https:\\\/\\\/investors.orthexgroup.com\\\/fi\\\/#\\\/schema\\\/logo\\\/image\\\/\"}}]}<\/script>\n<!-- \/ Yoast SEO plugin. -->","yoast_head_json":{"title":"Orthex Osake - Orthex Group","description":"Orthexin t\u00e4ysin maksettu osakep\u00e4\u00e4oma on 80 000 euroa. Liikkeeseen laskettujen osakkeiden lukum\u00e4\u00e4r\u00e4 on yhteens\u00e4 17 758 854. Katso Orthexin osaketiedot.","robots":{"index":"index","follow":"follow","max-snippet":"max-snippet:-1","max-image-preview":"max-image-preview:large","max-video-preview":"max-video-preview:-1"},"canonical":"https:\/\/investors.orthexgroup.com\/fi\/osake\/","og_locale":"fi_FI","og_type":"article","og_title":"Orthex Osake - Orthex Group","og_description":"Orthexin t\u00e4ysin maksettu osakep\u00e4\u00e4oma on 80 000 euroa. Liikkeeseen laskettujen osakkeiden lukum\u00e4\u00e4r\u00e4 on yhteens\u00e4 17 758 854. Katso Orthexin osaketiedot.","og_url":"https:\/\/investors.orthexgroup.com\/fi\/osake\/","og_site_name":"Orthex Group","article_modified_time":"2025-06-13T11:14:58+00:00","twitter_card":"summary_large_image","twitter_misc":{"Arvioitu lukuaika":"1 minuutti"},"schema":{"@context":"https:\/\/schema.org","@graph":[{"@type":"WebPage","@id":"https:\/\/investors.orthexgroup.com\/fi\/osake\/","url":"https:\/\/investors.orthexgroup.com\/fi\/osake\/","name":"Orthex Osake - Orthex Group","isPartOf":{"@id":"https:\/\/investors.orthexgroup.com\/fi\/#website"},"datePublished":"2021-03-10T07:58:17+00:00","dateModified":"2025-06-13T11:14:58+00:00","description":"Orthexin t\u00e4ysin maksettu osakep\u00e4\u00e4oma on 80 000 euroa. Liikkeeseen laskettujen osakkeiden lukum\u00e4\u00e4r\u00e4 on yhteens\u00e4 17 758 854. Katso Orthexin osaketiedot.","breadcrumb":{"@id":"https:\/\/investors.orthexgroup.com\/fi\/osake\/#breadcrumb"},"inLanguage":"fi","potentialAction":[{"@type":"ReadAction","target":["https:\/\/investors.orthexgroup.com\/fi\/osake\/"]}]},{"@type":"BreadcrumbList","@id":"https:\/\/investors.orthexgroup.com\/fi\/osake\/#breadcrumb","itemListElement":[{"@type":"ListItem","position":1,"name":"Etusivu","item":"https:\/\/investors.orthexgroup.com\/fi\/"},{"@type":"ListItem","position":2,"name":"Orthexin osake"}]},{"@type":"WebSite","@id":"https:\/\/investors.orthexgroup.com\/fi\/#website","url":"https:\/\/investors.orthexgroup.com\/fi\/","name":"Orthex Group","description":"Tietoa Orthex Group Oyn listautumisannista","publisher":{"@id":"https:\/\/investors.orthexgroup.com\/fi\/#organization"},"potentialAction":[{"@type":"SearchAction","target":{"@type":"EntryPoint","urlTemplate":"https:\/\/investors.orthexgroup.com\/fi\/?s={search_term_string}"},"query-input":{"@type":"PropertyValueSpecification","valueRequired":true,"valueName":"search_term_string"}}],"inLanguage":"fi"},{"@type":"Organization","@id":"https:\/\/investors.orthexgroup.com\/fi\/#organization","name":"Orthex Group","url":"https:\/\/investors.orthexgroup.com\/fi\/","logo":{"@type":"ImageObject","inLanguage":"fi","@id":"https:\/\/investors.orthexgroup.com\/fi\/#\/schema\/logo\/image\/","url":"https:\/\/investors.orthexgroup.com\/wp-content\/uploads\/2021\/01\/orthex-group-logo.svg","contentUrl":"https:\/\/investors.orthexgroup.com\/wp-content\/uploads\/2021\/01\/orthex-group-logo.svg","width":129,"height":57,"caption":"Orthex Group"},"image":{"@id":"https:\/\/investors.orthexgroup.com\/fi\/#\/schema\/logo\/image\/"}}]}},"_links":{"self":[{"href":"https:\/\/investors.orthexgroup.com\/fi\/wp-json\/wp\/v2\/pages\/718","targetHints":{"allow":["GET"]}}],"collection":[{"href":"https:\/\/investors.orthexgroup.com\/fi\/wp-json\/wp\/v2\/pages"}],"about":[{"href":"https:\/\/investors.orthexgroup.com\/fi\/wp-json\/wp\/v2\/types\/page"}],"author":[{"embeddable":true,"href":"https:\/\/investors.orthexgroup.com\/fi\/wp-json\/wp\/v2\/users\/1"}],"replies":[{"embeddable":true,"href":"https:\/\/investors.orthexgroup.com\/fi\/wp-json\/wp\/v2\/comments?post=718"}],"version-history":[{"count":5,"href":"https:\/\/investors.orthexgroup.com\/fi\/wp-json\/wp\/v2\/pages\/718\/revisions"}],"predecessor-version":[{"id":5837,"href":"https:\/\/investors.orthexgroup.com\/fi\/wp-json\/wp\/v2\/pages\/718\/revisions\/5837"}],"wp:attachment":[{"href":"https:\/\/investors.orthexgroup.com\/fi\/wp-json\/wp\/v2\/media?parent=718"}],"curies":[{"name":"wp","href":"https:\/\/api.w.org\/{rel}","templated":true}]}}