{"id":721,"date":"2021-03-25T10:11:50","date_gmt":"2021-03-25T08:11:50","guid":{"rendered":"https:\/\/investors.orthexgroup.com\/?page_id=721"},"modified":"2025-06-19T11:22:53","modified_gmt":"2025-06-19T08:22:53","slug":"osakemonitori","status":"publish","type":"page","link":"https:\/\/investors.orthexgroup.com\/fi\/osake\/osakemonitori\/","title":{"rendered":"Orthex &#8211; Osakemonitori"},"content":{"rendered":"\n<p>Osakemonitori on interaktiivinen ty\u00f6kalu, jonka avulla voi seurata Orthexin osakekurssin kehityst\u00e4 ja kaupank\u00e4yntivolyymeja Nasdaq Helsingiss\u00e4. Tiedot esitet\u00e4\u00e4n 15 minuutin viiveell\u00e4.<\/p>\n\n\n        <div class=\"custom-block ir-tool alignwide\">\n            <iframe id=\"69e20c606176f\" class=\"euroland-ir-tool\" src=\"https:\/\/tools.eurolandir.com\/tools\/sharegraph\/?s=2148&#038;companycode=sf-ortx&#038;lang=fi-FI\" frameborder=\"0\" scrolling=\"no\" width=\"100%\"><\/iframe>\n        <\/div>\n    ","protected":false},"excerpt":{"rendered":"<p>Osakemonitori on interaktiivinen ty\u00f6kalu, jonka avulla voi seurata Orthexin osakekurssin kehityst\u00e4 ja kaupank\u00e4yntivolyymeja Nasdaq Helsingiss\u00e4.&hellip;<\/p>\n","protected":false},"author":1,"featured_media":0,"parent":718,"menu_order":0,"comment_status":"closed","ping_status":"closed","template":"","meta":{"_acf_changed":false,"footnotes":""},"class_list":["post-721","page","type-page","status-publish","hentry"],"acf":[],"yoast_head":"<!-- This site is optimized with the Yoast SEO plugin v27.4 - https:\/\/yoast.com\/product\/yoast-seo-wordpress\/ -->\n<title>Orthex kurssi - Osakemonitori - Orthex Group<\/title>\n<meta name=\"description\" content=\"Katso Orthexin osakekurssin kehitys ja kaupank\u00e4yntivolyymit Nasdaq Helsingiss\u00e4. Tiedot esitet\u00e4\u00e4n 15 minuutin viiveell\u00e4.\" \/>\n<meta name=\"robots\" content=\"index, follow, max-snippet:-1, max-image-preview:large, max-video-preview:-1\" \/>\n<link rel=\"canonical\" href=\"https:\/\/investors.orthexgroup.com\/fi\/osake\/osakemonitori\/\" \/>\n<meta property=\"og:locale\" content=\"fi_FI\" \/>\n<meta property=\"og:type\" content=\"article\" \/>\n<meta property=\"og:title\" content=\"Orthex kurssi - Osakemonitori - Orthex Group\" \/>\n<meta property=\"og:description\" content=\"Katso Orthexin osakekurssin kehitys ja kaupank\u00e4yntivolyymit Nasdaq Helsingiss\u00e4. Tiedot esitet\u00e4\u00e4n 15 minuutin viiveell\u00e4.\" \/>\n<meta property=\"og:url\" content=\"https:\/\/investors.orthexgroup.com\/fi\/osake\/osakemonitori\/\" \/>\n<meta property=\"og:site_name\" content=\"Orthex Group\" \/>\n<meta property=\"article:modified_time\" content=\"2025-06-19T08:22:53+00:00\" \/>\n<meta name=\"twitter:card\" content=\"summary_large_image\" \/>\n<meta name=\"twitter:label1\" content=\"Arvioitu lukuaika\" \/>\n\t<meta name=\"twitter:data1\" content=\"1 minuutti\" \/>\n<script type=\"application\/ld+json\" class=\"yoast-schema-graph\">{\"@context\":\"https:\\\/\\\/schema.org\",\"@graph\":[{\"@type\":\"WebPage\",\"@id\":\"https:\\\/\\\/investors.orthexgroup.com\\\/fi\\\/osake\\\/osakemonitori\\\/\",\"url\":\"https:\\\/\\\/investors.orthexgroup.com\\\/fi\\\/osake\\\/osakemonitori\\\/\",\"name\":\"Orthex kurssi - Osakemonitori - Orthex Group\",\"isPartOf\":{\"@id\":\"https:\\\/\\\/investors.orthexgroup.com\\\/fi\\\/#website\"},\"datePublished\":\"2021-03-25T08:11:50+00:00\",\"dateModified\":\"2025-06-19T08:22:53+00:00\",\"description\":\"Katso Orthexin osakekurssin kehitys ja kaupank\u00e4yntivolyymit Nasdaq Helsingiss\u00e4. Tiedot esitet\u00e4\u00e4n 15 minuutin viiveell\u00e4.\",\"breadcrumb\":{\"@id\":\"https:\\\/\\\/investors.orthexgroup.com\\\/fi\\\/osake\\\/osakemonitori\\\/#breadcrumb\"},\"inLanguage\":\"fi\",\"potentialAction\":[{\"@type\":\"ReadAction\",\"target\":[\"https:\\\/\\\/investors.orthexgroup.com\\\/fi\\\/osake\\\/osakemonitori\\\/\"]}]},{\"@type\":\"BreadcrumbList\",\"@id\":\"https:\\\/\\\/investors.orthexgroup.com\\\/fi\\\/osake\\\/osakemonitori\\\/#breadcrumb\",\"itemListElement\":[{\"@type\":\"ListItem\",\"position\":1,\"name\":\"Etusivu\",\"item\":\"https:\\\/\\\/investors.orthexgroup.com\\\/fi\\\/\"},{\"@type\":\"ListItem\",\"position\":2,\"name\":\"Orthexin osake\",\"item\":\"https:\\\/\\\/investors.orthexgroup.com\\\/fi\\\/osake\\\/\"},{\"@type\":\"ListItem\",\"position\":3,\"name\":\"Orthex &#8211; Osakemonitori\"}]},{\"@type\":\"WebSite\",\"@id\":\"https:\\\/\\\/investors.orthexgroup.com\\\/fi\\\/#website\",\"url\":\"https:\\\/\\\/investors.orthexgroup.com\\\/fi\\\/\",\"name\":\"Orthex Group\",\"description\":\"Tietoa Orthex Group Oyn listautumisannista\",\"publisher\":{\"@id\":\"https:\\\/\\\/investors.orthexgroup.com\\\/fi\\\/#organization\"},\"potentialAction\":[{\"@type\":\"SearchAction\",\"target\":{\"@type\":\"EntryPoint\",\"urlTemplate\":\"https:\\\/\\\/investors.orthexgroup.com\\\/fi\\\/?s={search_term_string}\"},\"query-input\":{\"@type\":\"PropertyValueSpecification\",\"valueRequired\":true,\"valueName\":\"search_term_string\"}}],\"inLanguage\":\"fi\"},{\"@type\":\"Organization\",\"@id\":\"https:\\\/\\\/investors.orthexgroup.com\\\/fi\\\/#organization\",\"name\":\"Orthex Group\",\"url\":\"https:\\\/\\\/investors.orthexgroup.com\\\/fi\\\/\",\"logo\":{\"@type\":\"ImageObject\",\"inLanguage\":\"fi\",\"@id\":\"https:\\\/\\\/investors.orthexgroup.com\\\/fi\\\/#\\\/schema\\\/logo\\\/image\\\/\",\"url\":\"https:\\\/\\\/investors.orthexgroup.com\\\/wp-content\\\/uploads\\\/2021\\\/01\\\/orthex-group-logo.svg\",\"contentUrl\":\"https:\\\/\\\/investors.orthexgroup.com\\\/wp-content\\\/uploads\\\/2021\\\/01\\\/orthex-group-logo.svg\",\"width\":129,\"height\":57,\"caption\":\"Orthex Group\"},\"image\":{\"@id\":\"https:\\\/\\\/investors.orthexgroup.com\\\/fi\\\/#\\\/schema\\\/logo\\\/image\\\/\"}}]}<\/script>\n<!-- \/ Yoast SEO plugin. -->","yoast_head_json":{"title":"Orthex kurssi - Osakemonitori - Orthex Group","description":"Katso Orthexin osakekurssin kehitys ja kaupank\u00e4yntivolyymit Nasdaq Helsingiss\u00e4. Tiedot esitet\u00e4\u00e4n 15 minuutin viiveell\u00e4.","robots":{"index":"index","follow":"follow","max-snippet":"max-snippet:-1","max-image-preview":"max-image-preview:large","max-video-preview":"max-video-preview:-1"},"canonical":"https:\/\/investors.orthexgroup.com\/fi\/osake\/osakemonitori\/","og_locale":"fi_FI","og_type":"article","og_title":"Orthex kurssi - Osakemonitori - Orthex Group","og_description":"Katso Orthexin osakekurssin kehitys ja kaupank\u00e4yntivolyymit Nasdaq Helsingiss\u00e4. Tiedot esitet\u00e4\u00e4n 15 minuutin viiveell\u00e4.","og_url":"https:\/\/investors.orthexgroup.com\/fi\/osake\/osakemonitori\/","og_site_name":"Orthex Group","article_modified_time":"2025-06-19T08:22:53+00:00","twitter_card":"summary_large_image","twitter_misc":{"Arvioitu lukuaika":"1 minuutti"},"schema":{"@context":"https:\/\/schema.org","@graph":[{"@type":"WebPage","@id":"https:\/\/investors.orthexgroup.com\/fi\/osake\/osakemonitori\/","url":"https:\/\/investors.orthexgroup.com\/fi\/osake\/osakemonitori\/","name":"Orthex kurssi - Osakemonitori - Orthex Group","isPartOf":{"@id":"https:\/\/investors.orthexgroup.com\/fi\/#website"},"datePublished":"2021-03-25T08:11:50+00:00","dateModified":"2025-06-19T08:22:53+00:00","description":"Katso Orthexin osakekurssin kehitys ja kaupank\u00e4yntivolyymit Nasdaq Helsingiss\u00e4. Tiedot esitet\u00e4\u00e4n 15 minuutin viiveell\u00e4.","breadcrumb":{"@id":"https:\/\/investors.orthexgroup.com\/fi\/osake\/osakemonitori\/#breadcrumb"},"inLanguage":"fi","potentialAction":[{"@type":"ReadAction","target":["https:\/\/investors.orthexgroup.com\/fi\/osake\/osakemonitori\/"]}]},{"@type":"BreadcrumbList","@id":"https:\/\/investors.orthexgroup.com\/fi\/osake\/osakemonitori\/#breadcrumb","itemListElement":[{"@type":"ListItem","position":1,"name":"Etusivu","item":"https:\/\/investors.orthexgroup.com\/fi\/"},{"@type":"ListItem","position":2,"name":"Orthexin osake","item":"https:\/\/investors.orthexgroup.com\/fi\/osake\/"},{"@type":"ListItem","position":3,"name":"Orthex &#8211; Osakemonitori"}]},{"@type":"WebSite","@id":"https:\/\/investors.orthexgroup.com\/fi\/#website","url":"https:\/\/investors.orthexgroup.com\/fi\/","name":"Orthex Group","description":"Tietoa Orthex Group Oyn listautumisannista","publisher":{"@id":"https:\/\/investors.orthexgroup.com\/fi\/#organization"},"potentialAction":[{"@type":"SearchAction","target":{"@type":"EntryPoint","urlTemplate":"https:\/\/investors.orthexgroup.com\/fi\/?s={search_term_string}"},"query-input":{"@type":"PropertyValueSpecification","valueRequired":true,"valueName":"search_term_string"}}],"inLanguage":"fi"},{"@type":"Organization","@id":"https:\/\/investors.orthexgroup.com\/fi\/#organization","name":"Orthex Group","url":"https:\/\/investors.orthexgroup.com\/fi\/","logo":{"@type":"ImageObject","inLanguage":"fi","@id":"https:\/\/investors.orthexgroup.com\/fi\/#\/schema\/logo\/image\/","url":"https:\/\/investors.orthexgroup.com\/wp-content\/uploads\/2021\/01\/orthex-group-logo.svg","contentUrl":"https:\/\/investors.orthexgroup.com\/wp-content\/uploads\/2021\/01\/orthex-group-logo.svg","width":129,"height":57,"caption":"Orthex Group"},"image":{"@id":"https:\/\/investors.orthexgroup.com\/fi\/#\/schema\/logo\/image\/"}}]}},"_links":{"self":[{"href":"https:\/\/investors.orthexgroup.com\/fi\/wp-json\/wp\/v2\/pages\/721","targetHints":{"allow":["GET"]}}],"collection":[{"href":"https:\/\/investors.orthexgroup.com\/fi\/wp-json\/wp\/v2\/pages"}],"about":[{"href":"https:\/\/investors.orthexgroup.com\/fi\/wp-json\/wp\/v2\/types\/page"}],"author":[{"embeddable":true,"href":"https:\/\/investors.orthexgroup.com\/fi\/wp-json\/wp\/v2\/users\/1"}],"replies":[{"embeddable":true,"href":"https:\/\/investors.orthexgroup.com\/fi\/wp-json\/wp\/v2\/comments?post=721"}],"version-history":[{"count":5,"href":"https:\/\/investors.orthexgroup.com\/fi\/wp-json\/wp\/v2\/pages\/721\/revisions"}],"predecessor-version":[{"id":5840,"href":"https:\/\/investors.orthexgroup.com\/fi\/wp-json\/wp\/v2\/pages\/721\/revisions\/5840"}],"up":[{"embeddable":true,"href":"https:\/\/investors.orthexgroup.com\/fi\/wp-json\/wp\/v2\/pages\/718"}],"wp:attachment":[{"href":"https:\/\/investors.orthexgroup.com\/fi\/wp-json\/wp\/v2\/media?parent=721"}],"curies":[{"name":"wp","href":"https:\/\/api.w.org\/{rel}","templated":true}]}}