{"id":725,"date":"2021-03-15T09:57:43","date_gmt":"2021-03-15T07:57:43","guid":{"rendered":"https:\/\/investors.orthexgroup.com\/?page_id=725"},"modified":"2025-06-13T14:44:25","modified_gmt":"2025-06-13T11:44:25","slug":"osakkeenomistajat","status":"publish","type":"page","link":"https:\/\/investors.orthexgroup.com\/fi\/osake\/osakkeenomistajat\/","title":{"rendered":"Orthexin osakkeenomistajat"},"content":{"rendered":"        <div class=\"custom-block ir-tool alignwide\">\n            <iframe id=\"69ecaee6019ca\" class=\"euroland-ir-tool\" src=\"https:\/\/tools.euroland.com\/majorshareholder\/sf-ortx\/?lang=fi-fi\" frameborder=\"0\" scrolling=\"no\" width=\"100%\"><\/iframe>\n        <\/div>\n    \n\n\n<div class=\"wp-block-columns is-layout-flex wp-container-core-columns-is-layout-9d6595d7 wp-block-columns-is-layout-flex\">\n<div class=\"wp-block-column is-layout-flow wp-block-column-is-layout-flow\" style=\"flex-basis:100%\"><\/div>\n<\/div>\n","protected":false},"excerpt":{"rendered":"","protected":false},"author":1,"featured_media":0,"parent":718,"menu_order":0,"comment_status":"closed","ping_status":"closed","template":"","meta":{"_acf_changed":false,"footnotes":""},"class_list":["post-725","page","type-page","status-publish","hentry"],"acf":[],"yoast_head":"<!-- This site is optimized with the Yoast SEO plugin v27.4 - https:\/\/yoast.com\/product\/yoast-seo-wordpress\/ -->\n<title>Orthex Osakkeenomistajat - Orthex Group<\/title>\n<meta name=\"description\" content=\"Ketk\u00e4 ovat Orthexin suurimmat omistajat? Katso t\u00e4\u00e4lt\u00e4 Orthexin suurimmat osakkeenomistajat ja omistusjakauma.\" \/>\n<meta name=\"robots\" content=\"index, follow, max-snippet:-1, max-image-preview:large, max-video-preview:-1\" \/>\n<link rel=\"canonical\" href=\"https:\/\/investors.orthexgroup.com\/fi\/osake\/osakkeenomistajat\/\" \/>\n<meta property=\"og:locale\" content=\"fi_FI\" \/>\n<meta property=\"og:type\" content=\"article\" \/>\n<meta property=\"og:title\" content=\"Orthex Osakkeenomistajat - Orthex Group\" \/>\n<meta property=\"og:description\" content=\"Ketk\u00e4 ovat Orthexin suurimmat omistajat? Katso t\u00e4\u00e4lt\u00e4 Orthexin suurimmat osakkeenomistajat ja omistusjakauma.\" \/>\n<meta property=\"og:url\" content=\"https:\/\/investors.orthexgroup.com\/fi\/osake\/osakkeenomistajat\/\" \/>\n<meta property=\"og:site_name\" content=\"Orthex Group\" \/>\n<meta property=\"article:modified_time\" content=\"2025-06-13T11:44:25+00:00\" \/>\n<meta name=\"twitter:card\" content=\"summary_large_image\" \/>\n<meta name=\"twitter:label1\" content=\"Arvioitu lukuaika\" \/>\n\t<meta name=\"twitter:data1\" content=\"1 minuutti\" \/>\n<script type=\"application\/ld+json\" class=\"yoast-schema-graph\">{\"@context\":\"https:\\\/\\\/schema.org\",\"@graph\":[{\"@type\":\"WebPage\",\"@id\":\"https:\\\/\\\/investors.orthexgroup.com\\\/fi\\\/osake\\\/osakkeenomistajat\\\/\",\"url\":\"https:\\\/\\\/investors.orthexgroup.com\\\/fi\\\/osake\\\/osakkeenomistajat\\\/\",\"name\":\"Orthex Osakkeenomistajat - Orthex Group\",\"isPartOf\":{\"@id\":\"https:\\\/\\\/investors.orthexgroup.com\\\/fi\\\/#website\"},\"datePublished\":\"2021-03-15T07:57:43+00:00\",\"dateModified\":\"2025-06-13T11:44:25+00:00\",\"description\":\"Ketk\u00e4 ovat Orthexin suurimmat omistajat? Katso t\u00e4\u00e4lt\u00e4 Orthexin suurimmat osakkeenomistajat ja omistusjakauma.\",\"breadcrumb\":{\"@id\":\"https:\\\/\\\/investors.orthexgroup.com\\\/fi\\\/osake\\\/osakkeenomistajat\\\/#breadcrumb\"},\"inLanguage\":\"fi\",\"potentialAction\":[{\"@type\":\"ReadAction\",\"target\":[\"https:\\\/\\\/investors.orthexgroup.com\\\/fi\\\/osake\\\/osakkeenomistajat\\\/\"]}]},{\"@type\":\"BreadcrumbList\",\"@id\":\"https:\\\/\\\/investors.orthexgroup.com\\\/fi\\\/osake\\\/osakkeenomistajat\\\/#breadcrumb\",\"itemListElement\":[{\"@type\":\"ListItem\",\"position\":1,\"name\":\"Etusivu\",\"item\":\"https:\\\/\\\/investors.orthexgroup.com\\\/fi\\\/\"},{\"@type\":\"ListItem\",\"position\":2,\"name\":\"Orthexin osake\",\"item\":\"https:\\\/\\\/investors.orthexgroup.com\\\/fi\\\/osake\\\/\"},{\"@type\":\"ListItem\",\"position\":3,\"name\":\"Orthexin osakkeenomistajat\"}]},{\"@type\":\"WebSite\",\"@id\":\"https:\\\/\\\/investors.orthexgroup.com\\\/fi\\\/#website\",\"url\":\"https:\\\/\\\/investors.orthexgroup.com\\\/fi\\\/\",\"name\":\"Orthex Group\",\"description\":\"Tietoa Orthex Group Oyn listautumisannista\",\"publisher\":{\"@id\":\"https:\\\/\\\/investors.orthexgroup.com\\\/fi\\\/#organization\"},\"potentialAction\":[{\"@type\":\"SearchAction\",\"target\":{\"@type\":\"EntryPoint\",\"urlTemplate\":\"https:\\\/\\\/investors.orthexgroup.com\\\/fi\\\/?s={search_term_string}\"},\"query-input\":{\"@type\":\"PropertyValueSpecification\",\"valueRequired\":true,\"valueName\":\"search_term_string\"}}],\"inLanguage\":\"fi\"},{\"@type\":\"Organization\",\"@id\":\"https:\\\/\\\/investors.orthexgroup.com\\\/fi\\\/#organization\",\"name\":\"Orthex Group\",\"url\":\"https:\\\/\\\/investors.orthexgroup.com\\\/fi\\\/\",\"logo\":{\"@type\":\"ImageObject\",\"inLanguage\":\"fi\",\"@id\":\"https:\\\/\\\/investors.orthexgroup.com\\\/fi\\\/#\\\/schema\\\/logo\\\/image\\\/\",\"url\":\"https:\\\/\\\/investors.orthexgroup.com\\\/wp-content\\\/uploads\\\/2021\\\/01\\\/orthex-group-logo.svg\",\"contentUrl\":\"https:\\\/\\\/investors.orthexgroup.com\\\/wp-content\\\/uploads\\\/2021\\\/01\\\/orthex-group-logo.svg\",\"width\":129,\"height\":57,\"caption\":\"Orthex Group\"},\"image\":{\"@id\":\"https:\\\/\\\/investors.orthexgroup.com\\\/fi\\\/#\\\/schema\\\/logo\\\/image\\\/\"}}]}<\/script>\n<!-- \/ Yoast SEO plugin. -->","yoast_head_json":{"title":"Orthex Osakkeenomistajat - Orthex Group","description":"Ketk\u00e4 ovat Orthexin suurimmat omistajat? Katso t\u00e4\u00e4lt\u00e4 Orthexin suurimmat osakkeenomistajat ja omistusjakauma.","robots":{"index":"index","follow":"follow","max-snippet":"max-snippet:-1","max-image-preview":"max-image-preview:large","max-video-preview":"max-video-preview:-1"},"canonical":"https:\/\/investors.orthexgroup.com\/fi\/osake\/osakkeenomistajat\/","og_locale":"fi_FI","og_type":"article","og_title":"Orthex Osakkeenomistajat - Orthex Group","og_description":"Ketk\u00e4 ovat Orthexin suurimmat omistajat? Katso t\u00e4\u00e4lt\u00e4 Orthexin suurimmat osakkeenomistajat ja omistusjakauma.","og_url":"https:\/\/investors.orthexgroup.com\/fi\/osake\/osakkeenomistajat\/","og_site_name":"Orthex Group","article_modified_time":"2025-06-13T11:44:25+00:00","twitter_card":"summary_large_image","twitter_misc":{"Arvioitu lukuaika":"1 minuutti"},"schema":{"@context":"https:\/\/schema.org","@graph":[{"@type":"WebPage","@id":"https:\/\/investors.orthexgroup.com\/fi\/osake\/osakkeenomistajat\/","url":"https:\/\/investors.orthexgroup.com\/fi\/osake\/osakkeenomistajat\/","name":"Orthex Osakkeenomistajat - Orthex Group","isPartOf":{"@id":"https:\/\/investors.orthexgroup.com\/fi\/#website"},"datePublished":"2021-03-15T07:57:43+00:00","dateModified":"2025-06-13T11:44:25+00:00","description":"Ketk\u00e4 ovat Orthexin suurimmat omistajat? Katso t\u00e4\u00e4lt\u00e4 Orthexin suurimmat osakkeenomistajat ja omistusjakauma.","breadcrumb":{"@id":"https:\/\/investors.orthexgroup.com\/fi\/osake\/osakkeenomistajat\/#breadcrumb"},"inLanguage":"fi","potentialAction":[{"@type":"ReadAction","target":["https:\/\/investors.orthexgroup.com\/fi\/osake\/osakkeenomistajat\/"]}]},{"@type":"BreadcrumbList","@id":"https:\/\/investors.orthexgroup.com\/fi\/osake\/osakkeenomistajat\/#breadcrumb","itemListElement":[{"@type":"ListItem","position":1,"name":"Etusivu","item":"https:\/\/investors.orthexgroup.com\/fi\/"},{"@type":"ListItem","position":2,"name":"Orthexin osake","item":"https:\/\/investors.orthexgroup.com\/fi\/osake\/"},{"@type":"ListItem","position":3,"name":"Orthexin osakkeenomistajat"}]},{"@type":"WebSite","@id":"https:\/\/investors.orthexgroup.com\/fi\/#website","url":"https:\/\/investors.orthexgroup.com\/fi\/","name":"Orthex Group","description":"Tietoa Orthex Group Oyn listautumisannista","publisher":{"@id":"https:\/\/investors.orthexgroup.com\/fi\/#organization"},"potentialAction":[{"@type":"SearchAction","target":{"@type":"EntryPoint","urlTemplate":"https:\/\/investors.orthexgroup.com\/fi\/?s={search_term_string}"},"query-input":{"@type":"PropertyValueSpecification","valueRequired":true,"valueName":"search_term_string"}}],"inLanguage":"fi"},{"@type":"Organization","@id":"https:\/\/investors.orthexgroup.com\/fi\/#organization","name":"Orthex Group","url":"https:\/\/investors.orthexgroup.com\/fi\/","logo":{"@type":"ImageObject","inLanguage":"fi","@id":"https:\/\/investors.orthexgroup.com\/fi\/#\/schema\/logo\/image\/","url":"https:\/\/investors.orthexgroup.com\/wp-content\/uploads\/2021\/01\/orthex-group-logo.svg","contentUrl":"https:\/\/investors.orthexgroup.com\/wp-content\/uploads\/2021\/01\/orthex-group-logo.svg","width":129,"height":57,"caption":"Orthex Group"},"image":{"@id":"https:\/\/investors.orthexgroup.com\/fi\/#\/schema\/logo\/image\/"}}]}},"_links":{"self":[{"href":"https:\/\/investors.orthexgroup.com\/fi\/wp-json\/wp\/v2\/pages\/725","targetHints":{"allow":["GET"]}}],"collection":[{"href":"https:\/\/investors.orthexgroup.com\/fi\/wp-json\/wp\/v2\/pages"}],"about":[{"href":"https:\/\/investors.orthexgroup.com\/fi\/wp-json\/wp\/v2\/types\/page"}],"author":[{"embeddable":true,"href":"https:\/\/investors.orthexgroup.com\/fi\/wp-json\/wp\/v2\/users\/1"}],"replies":[{"embeddable":true,"href":"https:\/\/investors.orthexgroup.com\/fi\/wp-json\/wp\/v2\/comments?post=725"}],"version-history":[{"count":5,"href":"https:\/\/investors.orthexgroup.com\/fi\/wp-json\/wp\/v2\/pages\/725\/revisions"}],"predecessor-version":[{"id":5842,"href":"https:\/\/investors.orthexgroup.com\/fi\/wp-json\/wp\/v2\/pages\/725\/revisions\/5842"}],"up":[{"embeddable":true,"href":"https:\/\/investors.orthexgroup.com\/fi\/wp-json\/wp\/v2\/pages\/718"}],"wp:attachment":[{"href":"https:\/\/investors.orthexgroup.com\/fi\/wp-json\/wp\/v2\/media?parent=725"}],"curies":[{"name":"wp","href":"https:\/\/api.w.org\/{rel}","templated":true}]}}