{"id":727,"date":"2021-03-15T11:10:23","date_gmt":"2021-03-15T09:10:23","guid":{"rendered":"https:\/\/investors.orthexgroup.com\/?page_id=727"},"modified":"2025-06-13T15:34:19","modified_gmt":"2025-06-13T12:34:19","slug":"liputusilmoitukset","status":"publish","type":"page","link":"https:\/\/investors.orthexgroup.com\/fi\/osake\/liputusilmoitukset\/","title":{"rendered":"Liputusilmoitukset"},"content":{"rendered":"\n<p>Listayhti\u00f6n osakkeenomistajalla on velvollisuus ilmoittaa omistus- ja \u00e4\u00e4niosuuksiensa muutoksista arvopaperimarkkinalain m\u00e4\u00e4rittelemien rajojen mukaisesti Finanssivalvonnalle ja listayhti\u00f6lle, jonka osakkeita muutos koskee. Listayhti\u00f6n on julkistettava osakkeenomistajan tekem\u00e4 liputusilmoitus.<\/p>\n\n\n\n<p>Arvopaperimarkkinalaissa on m\u00e4\u00e4ritelty rajat, joissa tapauksissa liputusilmoitus on teht\u00e4v\u00e4. Ilmoitus on teht\u00e4v\u00e4, kun omistusosuus saavuttaa tai ylitt\u00e4\u00e4 5, 10, 15, 20, 25, 30, 50, 66,7 (2\/3) tai 90 prosenttia yhti\u00f6n \u00e4\u00e4nim\u00e4\u00e4r\u00e4st\u00e4 tai osakkeiden lukum\u00e4\u00e4r\u00e4st\u00e4 taikka v\u00e4henee alle 5, 10, 15, 20, 25, 30, 50, 66,7 (2\/3) tai 90 prosentin yhti\u00f6n \u00e4\u00e4nim\u00e4\u00e4r\u00e4st\u00e4 tai osakkeiden lukum\u00e4\u00e4r\u00e4st\u00e4.<\/p>\n\n\n\n<p>Liputusilmoitus on teht\u00e4v\u00e4 ilman aiheetonta viivytyst\u00e4, kuitenkin viimeist\u00e4\u00e4n seuraavana kaupank\u00e4yntip\u00e4iv\u00e4n\u00e4 sen j\u00e4lkeen, kun osakkeenomistaja sai tiet\u00e4\u00e4 tai h\u00e4nen olisi pit\u00e4nyt tiet\u00e4\u00e4 liputusrajan rikkovasta transaktiosta.<\/p>\n\n\n\n<p>Liputusilmoitukset tulee toimittaa ilman aiheetonta viivytyst\u00e4 Orthexille s\u00e4hk\u00f6postiosoitteeseen ir(at)orthexgroup.com.<\/p>\n\n\n\n<p>Lue lis\u00e4\u00e4 Finanssivalvonnan internet-sivuilta:<\/p>\n\n\n\n<p><a href=\"https:\/\/www.finanssivalvonta.fi\/paaomamarkkinat\/liikkeeseenlaskijat-ja-sijoittajat\/liputus\/\" target=\"_blank\" rel=\"noreferrer noopener\">https:\/\/www.finanssivalvonta.fi\/paaomamarkkinat\/liikkeeseenlaskijat-ja-sijoittajat\/liputus\/<\/a><\/p>\n","protected":false},"excerpt":{"rendered":"<p>Listayhti\u00f6n osakkeenomistajalla on velvollisuus ilmoittaa omistus- ja \u00e4\u00e4niosuuksiensa muutoksista arvopaperimarkkinalain m\u00e4\u00e4rittelemien rajojen mukaisesti Finanssivalvonnalle ja&hellip;<\/p>\n","protected":false},"author":1,"featured_media":0,"parent":718,"menu_order":0,"comment_status":"closed","ping_status":"closed","template":"","meta":{"_acf_changed":false,"footnotes":""},"class_list":["post-727","page","type-page","status-publish","hentry"],"acf":[],"yoast_head":"<!-- This site is optimized with the Yoast SEO plugin v27.1.1 - https:\/\/yoast.com\/product\/yoast-seo-wordpress\/ -->\n<title>Orthex Liputusilmoitukset - Orthex Group<\/title>\n<meta name=\"description\" content=\"Katso t\u00e4\u00e4lt\u00e4 ohjeet, miten toimittaa arvopaperimarkkinalain mukaiset liputusilmoitukset Orthexille.\" \/>\n<meta name=\"robots\" content=\"index, follow, max-snippet:-1, max-image-preview:large, max-video-preview:-1\" \/>\n<link rel=\"canonical\" href=\"https:\/\/investors.orthexgroup.com\/fi\/osake\/liputusilmoitukset\/\" \/>\n<meta property=\"og:locale\" content=\"fi_FI\" \/>\n<meta property=\"og:type\" content=\"article\" \/>\n<meta property=\"og:title\" content=\"Orthex Liputusilmoitukset - Orthex Group\" \/>\n<meta property=\"og:description\" content=\"Katso t\u00e4\u00e4lt\u00e4 ohjeet, miten toimittaa arvopaperimarkkinalain mukaiset liputusilmoitukset Orthexille.\" \/>\n<meta property=\"og:url\" content=\"https:\/\/investors.orthexgroup.com\/fi\/osake\/liputusilmoitukset\/\" \/>\n<meta property=\"og:site_name\" content=\"Orthex Group\" \/>\n<meta property=\"article:modified_time\" content=\"2025-06-13T12:34:19+00:00\" \/>\n<meta name=\"twitter:card\" content=\"summary_large_image\" \/>\n<meta name=\"twitter:label1\" content=\"Arvioitu lukuaika\" \/>\n\t<meta name=\"twitter:data1\" content=\"1 minuutti\" \/>\n<script type=\"application\/ld+json\" class=\"yoast-schema-graph\">{\"@context\":\"https:\/\/schema.org\",\"@graph\":[{\"@type\":\"WebPage\",\"@id\":\"https:\/\/investors.orthexgroup.com\/fi\/osake\/liputusilmoitukset\/\",\"url\":\"https:\/\/investors.orthexgroup.com\/fi\/osake\/liputusilmoitukset\/\",\"name\":\"Orthex Liputusilmoitukset - Orthex Group\",\"isPartOf\":{\"@id\":\"https:\/\/investors.orthexgroup.com\/fi\/#website\"},\"datePublished\":\"2021-03-15T09:10:23+00:00\",\"dateModified\":\"2025-06-13T12:34:19+00:00\",\"description\":\"Katso t\u00e4\u00e4lt\u00e4 ohjeet, miten toimittaa arvopaperimarkkinalain mukaiset liputusilmoitukset Orthexille.\",\"breadcrumb\":{\"@id\":\"https:\/\/investors.orthexgroup.com\/fi\/osake\/liputusilmoitukset\/#breadcrumb\"},\"inLanguage\":\"fi\",\"potentialAction\":[{\"@type\":\"ReadAction\",\"target\":[\"https:\/\/investors.orthexgroup.com\/fi\/osake\/liputusilmoitukset\/\"]}]},{\"@type\":\"BreadcrumbList\",\"@id\":\"https:\/\/investors.orthexgroup.com\/fi\/osake\/liputusilmoitukset\/#breadcrumb\",\"itemListElement\":[{\"@type\":\"ListItem\",\"position\":1,\"name\":\"Etusivu\",\"item\":\"https:\/\/investors.orthexgroup.com\/fi\/\"},{\"@type\":\"ListItem\",\"position\":2,\"name\":\"Orthexin osake\",\"item\":\"https:\/\/investors.orthexgroup.com\/fi\/osake\/\"},{\"@type\":\"ListItem\",\"position\":3,\"name\":\"Liputusilmoitukset\"}]},{\"@type\":\"WebSite\",\"@id\":\"https:\/\/investors.orthexgroup.com\/fi\/#website\",\"url\":\"https:\/\/investors.orthexgroup.com\/fi\/\",\"name\":\"Orthex Group\",\"description\":\"Tietoa Orthex Group Oyn listautumisannista\",\"publisher\":{\"@id\":\"https:\/\/investors.orthexgroup.com\/fi\/#organization\"},\"potentialAction\":[{\"@type\":\"SearchAction\",\"target\":{\"@type\":\"EntryPoint\",\"urlTemplate\":\"https:\/\/investors.orthexgroup.com\/fi\/?s={search_term_string}\"},\"query-input\":{\"@type\":\"PropertyValueSpecification\",\"valueRequired\":true,\"valueName\":\"search_term_string\"}}],\"inLanguage\":\"fi\"},{\"@type\":\"Organization\",\"@id\":\"https:\/\/investors.orthexgroup.com\/fi\/#organization\",\"name\":\"Orthex Group\",\"url\":\"https:\/\/investors.orthexgroup.com\/fi\/\",\"logo\":{\"@type\":\"ImageObject\",\"inLanguage\":\"fi\",\"@id\":\"https:\/\/investors.orthexgroup.com\/fi\/#\/schema\/logo\/image\/\",\"url\":\"https:\/\/investors.orthexgroup.com\/wp-content\/uploads\/2021\/01\/orthex-group-logo.svg\",\"contentUrl\":\"https:\/\/investors.orthexgroup.com\/wp-content\/uploads\/2021\/01\/orthex-group-logo.svg\",\"width\":129,\"height\":57,\"caption\":\"Orthex Group\"},\"image\":{\"@id\":\"https:\/\/investors.orthexgroup.com\/fi\/#\/schema\/logo\/image\/\"}}]}<\/script>\n<!-- \/ Yoast SEO plugin. -->","yoast_head_json":{"title":"Orthex Liputusilmoitukset - Orthex Group","description":"Katso t\u00e4\u00e4lt\u00e4 ohjeet, miten toimittaa arvopaperimarkkinalain mukaiset liputusilmoitukset Orthexille.","robots":{"index":"index","follow":"follow","max-snippet":"max-snippet:-1","max-image-preview":"max-image-preview:large","max-video-preview":"max-video-preview:-1"},"canonical":"https:\/\/investors.orthexgroup.com\/fi\/osake\/liputusilmoitukset\/","og_locale":"fi_FI","og_type":"article","og_title":"Orthex Liputusilmoitukset - Orthex Group","og_description":"Katso t\u00e4\u00e4lt\u00e4 ohjeet, miten toimittaa arvopaperimarkkinalain mukaiset liputusilmoitukset Orthexille.","og_url":"https:\/\/investors.orthexgroup.com\/fi\/osake\/liputusilmoitukset\/","og_site_name":"Orthex Group","article_modified_time":"2025-06-13T12:34:19+00:00","twitter_card":"summary_large_image","twitter_misc":{"Arvioitu lukuaika":"1 minuutti"},"schema":{"@context":"https:\/\/schema.org","@graph":[{"@type":"WebPage","@id":"https:\/\/investors.orthexgroup.com\/fi\/osake\/liputusilmoitukset\/","url":"https:\/\/investors.orthexgroup.com\/fi\/osake\/liputusilmoitukset\/","name":"Orthex Liputusilmoitukset - Orthex Group","isPartOf":{"@id":"https:\/\/investors.orthexgroup.com\/fi\/#website"},"datePublished":"2021-03-15T09:10:23+00:00","dateModified":"2025-06-13T12:34:19+00:00","description":"Katso t\u00e4\u00e4lt\u00e4 ohjeet, miten toimittaa arvopaperimarkkinalain mukaiset liputusilmoitukset Orthexille.","breadcrumb":{"@id":"https:\/\/investors.orthexgroup.com\/fi\/osake\/liputusilmoitukset\/#breadcrumb"},"inLanguage":"fi","potentialAction":[{"@type":"ReadAction","target":["https:\/\/investors.orthexgroup.com\/fi\/osake\/liputusilmoitukset\/"]}]},{"@type":"BreadcrumbList","@id":"https:\/\/investors.orthexgroup.com\/fi\/osake\/liputusilmoitukset\/#breadcrumb","itemListElement":[{"@type":"ListItem","position":1,"name":"Etusivu","item":"https:\/\/investors.orthexgroup.com\/fi\/"},{"@type":"ListItem","position":2,"name":"Orthexin osake","item":"https:\/\/investors.orthexgroup.com\/fi\/osake\/"},{"@type":"ListItem","position":3,"name":"Liputusilmoitukset"}]},{"@type":"WebSite","@id":"https:\/\/investors.orthexgroup.com\/fi\/#website","url":"https:\/\/investors.orthexgroup.com\/fi\/","name":"Orthex Group","description":"Tietoa Orthex Group Oyn listautumisannista","publisher":{"@id":"https:\/\/investors.orthexgroup.com\/fi\/#organization"},"potentialAction":[{"@type":"SearchAction","target":{"@type":"EntryPoint","urlTemplate":"https:\/\/investors.orthexgroup.com\/fi\/?s={search_term_string}"},"query-input":{"@type":"PropertyValueSpecification","valueRequired":true,"valueName":"search_term_string"}}],"inLanguage":"fi"},{"@type":"Organization","@id":"https:\/\/investors.orthexgroup.com\/fi\/#organization","name":"Orthex Group","url":"https:\/\/investors.orthexgroup.com\/fi\/","logo":{"@type":"ImageObject","inLanguage":"fi","@id":"https:\/\/investors.orthexgroup.com\/fi\/#\/schema\/logo\/image\/","url":"https:\/\/investors.orthexgroup.com\/wp-content\/uploads\/2021\/01\/orthex-group-logo.svg","contentUrl":"https:\/\/investors.orthexgroup.com\/wp-content\/uploads\/2021\/01\/orthex-group-logo.svg","width":129,"height":57,"caption":"Orthex Group"},"image":{"@id":"https:\/\/investors.orthexgroup.com\/fi\/#\/schema\/logo\/image\/"}}]}},"_links":{"self":[{"href":"https:\/\/investors.orthexgroup.com\/fi\/wp-json\/wp\/v2\/pages\/727","targetHints":{"allow":["GET"]}}],"collection":[{"href":"https:\/\/investors.orthexgroup.com\/fi\/wp-json\/wp\/v2\/pages"}],"about":[{"href":"https:\/\/investors.orthexgroup.com\/fi\/wp-json\/wp\/v2\/types\/page"}],"author":[{"embeddable":true,"href":"https:\/\/investors.orthexgroup.com\/fi\/wp-json\/wp\/v2\/users\/1"}],"replies":[{"embeddable":true,"href":"https:\/\/investors.orthexgroup.com\/fi\/wp-json\/wp\/v2\/comments?post=727"}],"version-history":[{"count":4,"href":"https:\/\/investors.orthexgroup.com\/fi\/wp-json\/wp\/v2\/pages\/727\/revisions"}],"predecessor-version":[{"id":5411,"href":"https:\/\/investors.orthexgroup.com\/fi\/wp-json\/wp\/v2\/pages\/727\/revisions\/5411"}],"up":[{"embeddable":true,"href":"https:\/\/investors.orthexgroup.com\/fi\/wp-json\/wp\/v2\/pages\/718"}],"wp:attachment":[{"href":"https:\/\/investors.orthexgroup.com\/fi\/wp-json\/wp\/v2\/media?parent=727"}],"curies":[{"name":"wp","href":"https:\/\/api.w.org\/{rel}","templated":true}]}}