{"id":730,"date":"2021-03-15T09:57:41","date_gmt":"2021-03-15T07:57:41","guid":{"rendered":"https:\/\/investors.orthexgroup.com\/?page_id=730"},"modified":"2026-04-14T14:15:37","modified_gmt":"2026-04-14T11:15:37","slug":"osingot","status":"publish","type":"page","link":"https:\/\/investors.orthexgroup.com\/fi\/osake\/osingot\/","title":{"rendered":"Orthexin osingot"},"content":{"rendered":"\n<p>Orthexilla on osinkopolitiikka, jonka mukaan yhti\u00f6 pyrkii jakamaan vakaata ja ajan my\u00f6t\u00e4 kasvavaa osinkoa kaksi kertaa vuodessa yhteens\u00e4 v\u00e4hint\u00e4\u00e4n 50 prosenttia nettotuloksesta.<\/p>\n\n\n\n<p>Yhti\u00f6n hallitus arvioi jaettavan osingon ja Orthexin kasvuun sijoitettavien varojen m\u00e4\u00e4r\u00e4n v\u00e4lisen tasapainon vuosittain ja tekee t\u00e4m\u00e4n arvion perusteella esityksen jaettavan osingon m\u00e4\u00e4r\u00e4st\u00e4, joka voi yksitt\u00e4isen\u00e4 vuonna poiketa merkitt\u00e4v\u00e4sti osinkopolitiikan mukaisesta tavoitetasosta.<\/p>\n\n\n\n<p>Hallituksen ehdotuksen mukaisesti yhti\u00f6n varsinainen yhti\u00f6kokous 14.4.2026 p\u00e4\u00e4tti, ett\u00e4 31.12.2025 p\u00e4\u00e4ttyneelt\u00e4 tilikaudelta jaetaan osinkoa 0,23 euroa <a href=\"https:\/\/investors.orthexgroup.com\/fi\/osake\/\">osakkeelta<\/a> eli yhteens\u00e4 noin 4,1 miljoonaa euroakahdessa er\u00e4ss\u00e4 seuraavasti:<\/p>\n\n\n\n<figure class=\"wp-block-table is-style-blue-table\"><table><thead><tr><th><strong>Vuosi<\/strong><\/th><th><strong>Varojen jakamistapa<\/strong><\/th><th><strong>EUR<\/strong><\/th><th><strong>Osinko irti -p\u00e4iv\u00e4<\/strong><\/th><th><strong>T\u00e4sm\u00e4ytysp\u00e4iv\u00e4<\/strong><\/th><th><strong>Maksup\u00e4iv\u00e4<\/strong><\/th><\/tr><\/thead><tbody><tr><td>2025<\/td><td>Osingonjako<\/td><td>0,11<\/td><td>30.9.2026<\/td><td>1.10.2026<\/td><td>8.10.2026<\/td><\/tr><tr><td>2025<\/td><td>Osingonjako<\/td><td>0,12<\/td><td>15.4.2026<\/td><td>16.4.2026<\/td><td>23.4.2026<\/td><\/tr><tr><td>2024<\/td><td>Osingonjako<\/td><td>0,11<\/td><td>30.9.2025<\/td><td>1.10.2025<\/td><td>8.10.2025<\/td><\/tr><tr><td>2024<\/td><td>Osingonjako<\/td><td>0,11<\/td><td>30.4.2025<\/td><td>2.5.2025<\/td><td>9.5.2025<\/td><\/tr><tr><td>2023<\/td><td>Osingonjako<\/td><td>0,10<\/td><td>1.10.2024<\/td><td>2.10.2024<\/td><td>9.10.2024<\/td><\/tr><tr><td>2023<\/td><td>Osingonjako<\/td><td>0,11<\/td><td>10.4.2024<\/td><td>11.4.2024<\/td><td>18.4.2024<\/td><\/tr><tr><td>2022<\/td><td>Osingonjako<\/td><td>0,05<\/td><td>29.9.2023<\/td><td>2.10.2023<\/td><td>10.10.2023<\/td><\/tr><tr><td>2022<\/td><td>Osingonjako<\/td><td>0,06<\/td><td>19.4.2023<\/td><td>20.4.2023<\/td><td>27.4.2023<\/td><\/tr><tr><td>2021<\/td><td>P\u00e4\u00e4omanpalautus<\/td><td>0,09<\/td><td>30.9.2022<\/td><td>3.10.2022<\/td><td>11.10.2022<\/td><\/tr><tr><td>2021<\/td><td>P\u00e4\u00e4omanpalautus<\/td><td>0,09<\/td><td>7.4.2022<\/td><td>8.4.2022<\/td><td>21.4.2022<\/td><\/tr><\/tbody><\/table><\/figure>\n\n\n\n<p>Yhti\u00f6kokous valtuutti hallituksen tarvittaessa p\u00e4\u00e4tt\u00e4m\u00e4\u00e4n uudesta t\u00e4sm\u00e4ytysp\u00e4iv\u00e4st\u00e4 ja maksup\u00e4iv\u00e4st\u00e4 osingonmaksun toiselle er\u00e4lle, mik\u00e4li Euroclear Finland Oy:n s\u00e4\u00e4nn\u00f6t tai Suomen arvo-osuusj\u00e4rjestelm\u00e4\u00e4 koskevat s\u00e4\u00e4d\u00f6kset muuttuvat tai muutoin sit\u00e4 edellytt\u00e4v\u00e4t.<br><\/p>\n","protected":false},"excerpt":{"rendered":"<p>Orthexilla on osinkopolitiikka, jonka mukaan yhti\u00f6 pyrkii jakamaan vakaata ja ajan my\u00f6t\u00e4 kasvavaa osinkoa kaksi&hellip;<\/p>\n","protected":false},"author":1,"featured_media":0,"parent":718,"menu_order":0,"comment_status":"closed","ping_status":"closed","template":"","meta":{"_acf_changed":false,"footnotes":""},"class_list":["post-730","page","type-page","status-publish","hentry"],"acf":[],"yoast_head":"<!-- This site is optimized with the Yoast SEO plugin v27.4 - https:\/\/yoast.com\/product\/yoast-seo-wordpress\/ -->\n<title>Orthex Osinko - Orthex Group<\/title>\n<meta name=\"description\" content=\"Orthex pyrkii jakamaan vakaata osinkoa kaksi kertaa vuodessa v\u00e4hint\u00e4\u00e4n 50 prosenttia tilikauden tuloksesta. Tutustu osinkopolitiikkaan.\" \/>\n<meta name=\"robots\" content=\"index, follow, max-snippet:-1, max-image-preview:large, max-video-preview:-1\" \/>\n<link rel=\"canonical\" href=\"https:\/\/investors.orthexgroup.com\/fi\/osake\/osingot\/\" \/>\n<meta property=\"og:locale\" content=\"fi_FI\" \/>\n<meta property=\"og:type\" content=\"article\" \/>\n<meta property=\"og:title\" content=\"Orthex Osinko - Orthex Group\" \/>\n<meta property=\"og:description\" content=\"Orthex pyrkii jakamaan vakaata osinkoa kaksi kertaa vuodessa v\u00e4hint\u00e4\u00e4n 50 prosenttia tilikauden tuloksesta. Tutustu osinkopolitiikkaan.\" \/>\n<meta property=\"og:url\" content=\"https:\/\/investors.orthexgroup.com\/fi\/osake\/osingot\/\" \/>\n<meta property=\"og:site_name\" content=\"Orthex Group\" \/>\n<meta property=\"article:modified_time\" content=\"2026-04-14T11:15:37+00:00\" \/>\n<meta name=\"twitter:card\" content=\"summary_large_image\" \/>\n<meta name=\"twitter:label1\" content=\"Arvioitu lukuaika\" \/>\n\t<meta name=\"twitter:data1\" content=\"2 minuuttia\" \/>\n<script type=\"application\/ld+json\" class=\"yoast-schema-graph\">{\"@context\":\"https:\\\/\\\/schema.org\",\"@graph\":[{\"@type\":\"WebPage\",\"@id\":\"https:\\\/\\\/investors.orthexgroup.com\\\/fi\\\/osake\\\/osingot\\\/\",\"url\":\"https:\\\/\\\/investors.orthexgroup.com\\\/fi\\\/osake\\\/osingot\\\/\",\"name\":\"Orthex Osinko - Orthex Group\",\"isPartOf\":{\"@id\":\"https:\\\/\\\/investors.orthexgroup.com\\\/fi\\\/#website\"},\"datePublished\":\"2021-03-15T07:57:41+00:00\",\"dateModified\":\"2026-04-14T11:15:37+00:00\",\"description\":\"Orthex pyrkii jakamaan vakaata osinkoa kaksi kertaa vuodessa v\u00e4hint\u00e4\u00e4n 50 prosenttia tilikauden tuloksesta. Tutustu osinkopolitiikkaan.\",\"breadcrumb\":{\"@id\":\"https:\\\/\\\/investors.orthexgroup.com\\\/fi\\\/osake\\\/osingot\\\/#breadcrumb\"},\"inLanguage\":\"fi\",\"potentialAction\":[{\"@type\":\"ReadAction\",\"target\":[\"https:\\\/\\\/investors.orthexgroup.com\\\/fi\\\/osake\\\/osingot\\\/\"]}]},{\"@type\":\"BreadcrumbList\",\"@id\":\"https:\\\/\\\/investors.orthexgroup.com\\\/fi\\\/osake\\\/osingot\\\/#breadcrumb\",\"itemListElement\":[{\"@type\":\"ListItem\",\"position\":1,\"name\":\"Etusivu\",\"item\":\"https:\\\/\\\/investors.orthexgroup.com\\\/fi\\\/\"},{\"@type\":\"ListItem\",\"position\":2,\"name\":\"Orthexin osake\",\"item\":\"https:\\\/\\\/investors.orthexgroup.com\\\/fi\\\/osake\\\/\"},{\"@type\":\"ListItem\",\"position\":3,\"name\":\"Orthexin osingot\"}]},{\"@type\":\"WebSite\",\"@id\":\"https:\\\/\\\/investors.orthexgroup.com\\\/fi\\\/#website\",\"url\":\"https:\\\/\\\/investors.orthexgroup.com\\\/fi\\\/\",\"name\":\"Orthex Group\",\"description\":\"Tietoa Orthex Group Oyn listautumisannista\",\"publisher\":{\"@id\":\"https:\\\/\\\/investors.orthexgroup.com\\\/fi\\\/#organization\"},\"potentialAction\":[{\"@type\":\"SearchAction\",\"target\":{\"@type\":\"EntryPoint\",\"urlTemplate\":\"https:\\\/\\\/investors.orthexgroup.com\\\/fi\\\/?s={search_term_string}\"},\"query-input\":{\"@type\":\"PropertyValueSpecification\",\"valueRequired\":true,\"valueName\":\"search_term_string\"}}],\"inLanguage\":\"fi\"},{\"@type\":\"Organization\",\"@id\":\"https:\\\/\\\/investors.orthexgroup.com\\\/fi\\\/#organization\",\"name\":\"Orthex Group\",\"url\":\"https:\\\/\\\/investors.orthexgroup.com\\\/fi\\\/\",\"logo\":{\"@type\":\"ImageObject\",\"inLanguage\":\"fi\",\"@id\":\"https:\\\/\\\/investors.orthexgroup.com\\\/fi\\\/#\\\/schema\\\/logo\\\/image\\\/\",\"url\":\"https:\\\/\\\/investors.orthexgroup.com\\\/wp-content\\\/uploads\\\/2021\\\/01\\\/orthex-group-logo.svg\",\"contentUrl\":\"https:\\\/\\\/investors.orthexgroup.com\\\/wp-content\\\/uploads\\\/2021\\\/01\\\/orthex-group-logo.svg\",\"width\":129,\"height\":57,\"caption\":\"Orthex Group\"},\"image\":{\"@id\":\"https:\\\/\\\/investors.orthexgroup.com\\\/fi\\\/#\\\/schema\\\/logo\\\/image\\\/\"}}]}<\/script>\n<!-- \/ Yoast SEO plugin. -->","yoast_head_json":{"title":"Orthex Osinko - Orthex Group","description":"Orthex pyrkii jakamaan vakaata osinkoa kaksi kertaa vuodessa v\u00e4hint\u00e4\u00e4n 50 prosenttia tilikauden tuloksesta. Tutustu osinkopolitiikkaan.","robots":{"index":"index","follow":"follow","max-snippet":"max-snippet:-1","max-image-preview":"max-image-preview:large","max-video-preview":"max-video-preview:-1"},"canonical":"https:\/\/investors.orthexgroup.com\/fi\/osake\/osingot\/","og_locale":"fi_FI","og_type":"article","og_title":"Orthex Osinko - Orthex Group","og_description":"Orthex pyrkii jakamaan vakaata osinkoa kaksi kertaa vuodessa v\u00e4hint\u00e4\u00e4n 50 prosenttia tilikauden tuloksesta. Tutustu osinkopolitiikkaan.","og_url":"https:\/\/investors.orthexgroup.com\/fi\/osake\/osingot\/","og_site_name":"Orthex Group","article_modified_time":"2026-04-14T11:15:37+00:00","twitter_card":"summary_large_image","twitter_misc":{"Arvioitu lukuaika":"2 minuuttia"},"schema":{"@context":"https:\/\/schema.org","@graph":[{"@type":"WebPage","@id":"https:\/\/investors.orthexgroup.com\/fi\/osake\/osingot\/","url":"https:\/\/investors.orthexgroup.com\/fi\/osake\/osingot\/","name":"Orthex Osinko - Orthex Group","isPartOf":{"@id":"https:\/\/investors.orthexgroup.com\/fi\/#website"},"datePublished":"2021-03-15T07:57:41+00:00","dateModified":"2026-04-14T11:15:37+00:00","description":"Orthex pyrkii jakamaan vakaata osinkoa kaksi kertaa vuodessa v\u00e4hint\u00e4\u00e4n 50 prosenttia tilikauden tuloksesta. Tutustu osinkopolitiikkaan.","breadcrumb":{"@id":"https:\/\/investors.orthexgroup.com\/fi\/osake\/osingot\/#breadcrumb"},"inLanguage":"fi","potentialAction":[{"@type":"ReadAction","target":["https:\/\/investors.orthexgroup.com\/fi\/osake\/osingot\/"]}]},{"@type":"BreadcrumbList","@id":"https:\/\/investors.orthexgroup.com\/fi\/osake\/osingot\/#breadcrumb","itemListElement":[{"@type":"ListItem","position":1,"name":"Etusivu","item":"https:\/\/investors.orthexgroup.com\/fi\/"},{"@type":"ListItem","position":2,"name":"Orthexin osake","item":"https:\/\/investors.orthexgroup.com\/fi\/osake\/"},{"@type":"ListItem","position":3,"name":"Orthexin osingot"}]},{"@type":"WebSite","@id":"https:\/\/investors.orthexgroup.com\/fi\/#website","url":"https:\/\/investors.orthexgroup.com\/fi\/","name":"Orthex Group","description":"Tietoa Orthex Group Oyn listautumisannista","publisher":{"@id":"https:\/\/investors.orthexgroup.com\/fi\/#organization"},"potentialAction":[{"@type":"SearchAction","target":{"@type":"EntryPoint","urlTemplate":"https:\/\/investors.orthexgroup.com\/fi\/?s={search_term_string}"},"query-input":{"@type":"PropertyValueSpecification","valueRequired":true,"valueName":"search_term_string"}}],"inLanguage":"fi"},{"@type":"Organization","@id":"https:\/\/investors.orthexgroup.com\/fi\/#organization","name":"Orthex Group","url":"https:\/\/investors.orthexgroup.com\/fi\/","logo":{"@type":"ImageObject","inLanguage":"fi","@id":"https:\/\/investors.orthexgroup.com\/fi\/#\/schema\/logo\/image\/","url":"https:\/\/investors.orthexgroup.com\/wp-content\/uploads\/2021\/01\/orthex-group-logo.svg","contentUrl":"https:\/\/investors.orthexgroup.com\/wp-content\/uploads\/2021\/01\/orthex-group-logo.svg","width":129,"height":57,"caption":"Orthex Group"},"image":{"@id":"https:\/\/investors.orthexgroup.com\/fi\/#\/schema\/logo\/image\/"}}]}},"_links":{"self":[{"href":"https:\/\/investors.orthexgroup.com\/fi\/wp-json\/wp\/v2\/pages\/730","targetHints":{"allow":["GET"]}}],"collection":[{"href":"https:\/\/investors.orthexgroup.com\/fi\/wp-json\/wp\/v2\/pages"}],"about":[{"href":"https:\/\/investors.orthexgroup.com\/fi\/wp-json\/wp\/v2\/types\/page"}],"author":[{"embeddable":true,"href":"https:\/\/investors.orthexgroup.com\/fi\/wp-json\/wp\/v2\/users\/1"}],"replies":[{"embeddable":true,"href":"https:\/\/investors.orthexgroup.com\/fi\/wp-json\/wp\/v2\/comments?post=730"}],"version-history":[{"count":6,"href":"https:\/\/investors.orthexgroup.com\/fi\/wp-json\/wp\/v2\/pages\/730\/revisions"}],"predecessor-version":[{"id":6565,"href":"https:\/\/investors.orthexgroup.com\/fi\/wp-json\/wp\/v2\/pages\/730\/revisions\/6565"}],"up":[{"embeddable":true,"href":"https:\/\/investors.orthexgroup.com\/fi\/wp-json\/wp\/v2\/pages\/718"}],"wp:attachment":[{"href":"https:\/\/investors.orthexgroup.com\/fi\/wp-json\/wp\/v2\/media?parent=730"}],"curies":[{"name":"wp","href":"https:\/\/api.w.org\/{rel}","templated":true}]}}