{"id":732,"date":"2021-03-15T09:57:20","date_gmt":"2021-03-15T07:57:20","guid":{"rendered":"https:\/\/investors.orthexgroup.com\/?page_id=732"},"modified":"2026-04-14T14:43:12","modified_gmt":"2026-04-14T11:43:12","slug":"valtuutukset","status":"publish","type":"page","link":"https:\/\/investors.orthexgroup.com\/fi\/osake\/valtuutukset\/","title":{"rendered":"Valtuutukset"},"content":{"rendered":"\n<p>Orthex Oyj:n <a href=\"https:\/\/investors.orthexgroup.com\/fi\/hallinnointi\/yhtiokokous\/yk2026\/\">varsinainen yhti\u00f6kokous<\/a> antoi 14.4.2026 hallitukselle seuraavat valtuutukset:<\/p>\n\n\n\n<h3 class=\"wp-block-heading\">Valtuutus p\u00e4\u00e4tt\u00e4\u00e4 yhti\u00f6n omien osakkeiden hankkimisesta<\/h3>\n\n\n\n<p>Yhti\u00f6kokous p\u00e4\u00e4tti valtuuttaa hallituksen p\u00e4\u00e4tt\u00e4m\u00e4\u00e4n yhti\u00f6n omien osakkeiden hankkimisesta. Hallitus on valtuutuksen nojalla oikeutettu p\u00e4\u00e4tt\u00e4m\u00e4\u00e4n enint\u00e4\u00e4n 175 000 yhti\u00f6n oman osakkeen hankkimisesta. M\u00e4\u00e4r\u00e4 vastaa noin 1,0 prosenttia yhti\u00f6n kaikista osakkeista. Hallitus voi valtuutuksen perusteella p\u00e4\u00e4tt\u00e4\u00e4 osakkeiden hankkimisesta vain yhti\u00f6n vapaalla omalla p\u00e4\u00e4omalla. Hallitus valtuutettiin p\u00e4\u00e4tt\u00e4m\u00e4\u00e4n muista omien osakkeiden hankkimiseen liittyvist\u00e4 ehdoista. Valtuutus on voimassa 30.6.2027 saakka.<\/p>\n\n\n\n<h3 class=\"wp-block-heading\">Valtuutus p\u00e4\u00e4tt\u00e4\u00e4 osakeannista ja osakkeisiin oikeuttavien erityisten oikeuksien antamisesta<\/h3>\n\n\n\n<p>Yhti\u00f6kokous valtuutti hallituksen p\u00e4\u00e4tt\u00e4m\u00e4\u00e4n uusien osakkeiden antamisesta, yhti\u00f6n hallussa olevien omien osakkeiden luovuttamisesta ja osakeyhti\u00f6lain 10 luvun 1 \u00a7:ss\u00e4 tarkoitettujen optio- ja muiden erityisten oikeuksien antamisesta. Uusia osakkeita voidaan antaa tai yhti\u00f6n hallussa olevia omia osakkeita luovuttaa yhdess\u00e4 tai useammassa er\u00e4ss\u00e4 yhteens\u00e4 enint\u00e4\u00e4n 1 600 000 kappaletta (mukaan lukien erityisten oikeuksien perusteella annettavat osakkeet), mik\u00e4 vastaa noin 9 prosenttia yhti\u00f6n kaikista osakkeista.<\/p>\n\n\n\n<p>Uudet osakkeet voidaan antaa ja yhti\u00f6ll\u00e4 olevat omat osakkeet luovuttaa yhti\u00f6n osakkeenomistajille siin\u00e4 suhteessa kuin he ennest\u00e4\u00e4n omistavat yhti\u00f6n osakkeita, tai osakkeenomistajan etuoikeudesta poiketen suunnatulla osakeannilla, jos siihen on yhti\u00f6n kannalta painava taloudellinen syy. Uudet osakkeet voidaan antaa my\u00f6s maksuttomana osakeantina yhti\u00f6lle itselleen.<\/p>\n\n\n\n<p>Uusien osakkeiden merkint\u00e4hinta ja yhti\u00f6n omista osakkeista maksettava m\u00e4\u00e4r\u00e4 on merkitt\u00e4v\u00e4 sijoitetun vapaan oman p\u00e4\u00e4oman rahastoon. Valtuutukset kumosivat kaikki aikaisemmat osakeantia sek\u00e4 osakkeisiin oikeuttavien erityisten oikeuksien antamista koskevat valtuutukset. Hallitus valtuutettiin p\u00e4\u00e4tt\u00e4m\u00e4\u00e4n kaikista muista uusien osakkeiden antamiseen, yhti\u00f6n hallussa olevien omien osakkeiden luovuttamiseen tai osakkeisiin oikeuttavien erityisten oikeuksien antamiseen liittyvist\u00e4 seikoista. Valtuutukset ovat voimassa 30.6.2027 saakka.<\/p>\n","protected":false},"excerpt":{"rendered":"<p>Orthex Oyj:n varsinainen yhti\u00f6kokous antoi 14.4.2026 hallitukselle seuraavat valtuutukset: Valtuutus p\u00e4\u00e4tt\u00e4\u00e4 yhti\u00f6n omien osakkeiden hankkimisesta&hellip;<\/p>\n","protected":false},"author":1,"featured_media":0,"parent":718,"menu_order":0,"comment_status":"closed","ping_status":"closed","template":"","meta":{"_acf_changed":false,"footnotes":""},"class_list":["post-732","page","type-page","status-publish","hentry"],"acf":[],"yoast_head":"<!-- This site is optimized with the Yoast SEO plugin v27.4 - https:\/\/yoast.com\/product\/yoast-seo-wordpress\/ -->\n<title>Orthex Valtuutukset - Orthex Group<\/title>\n<meta name=\"description\" content=\"T\u00e4\u00e4lt\u00e4 l\u00f6yd\u00e4t Orthex Oyj:n yhti\u00f6kokouksen hallitukselle antamat valtuutukset.\" \/>\n<meta name=\"robots\" content=\"index, follow, max-snippet:-1, max-image-preview:large, max-video-preview:-1\" \/>\n<link rel=\"canonical\" href=\"https:\/\/investors.orthexgroup.com\/fi\/osake\/valtuutukset\/\" \/>\n<meta property=\"og:locale\" content=\"fi_FI\" \/>\n<meta property=\"og:type\" content=\"article\" \/>\n<meta property=\"og:title\" content=\"Orthex Valtuutukset - Orthex Group\" \/>\n<meta property=\"og:description\" content=\"T\u00e4\u00e4lt\u00e4 l\u00f6yd\u00e4t Orthex Oyj:n yhti\u00f6kokouksen hallitukselle antamat valtuutukset.\" \/>\n<meta property=\"og:url\" content=\"https:\/\/investors.orthexgroup.com\/fi\/osake\/valtuutukset\/\" \/>\n<meta property=\"og:site_name\" content=\"Orthex Group\" \/>\n<meta property=\"article:modified_time\" content=\"2026-04-14T11:43:12+00:00\" \/>\n<meta name=\"twitter:card\" content=\"summary_large_image\" \/>\n<meta name=\"twitter:label1\" content=\"Arvioitu lukuaika\" \/>\n\t<meta name=\"twitter:data1\" content=\"2 minuuttia\" \/>\n<script type=\"application\/ld+json\" class=\"yoast-schema-graph\">{\"@context\":\"https:\\\/\\\/schema.org\",\"@graph\":[{\"@type\":\"WebPage\",\"@id\":\"https:\\\/\\\/investors.orthexgroup.com\\\/fi\\\/osake\\\/valtuutukset\\\/\",\"url\":\"https:\\\/\\\/investors.orthexgroup.com\\\/fi\\\/osake\\\/valtuutukset\\\/\",\"name\":\"Orthex Valtuutukset - Orthex Group\",\"isPartOf\":{\"@id\":\"https:\\\/\\\/investors.orthexgroup.com\\\/fi\\\/#website\"},\"datePublished\":\"2021-03-15T07:57:20+00:00\",\"dateModified\":\"2026-04-14T11:43:12+00:00\",\"description\":\"T\u00e4\u00e4lt\u00e4 l\u00f6yd\u00e4t Orthex Oyj:n yhti\u00f6kokouksen hallitukselle antamat valtuutukset.\",\"breadcrumb\":{\"@id\":\"https:\\\/\\\/investors.orthexgroup.com\\\/fi\\\/osake\\\/valtuutukset\\\/#breadcrumb\"},\"inLanguage\":\"fi\",\"potentialAction\":[{\"@type\":\"ReadAction\",\"target\":[\"https:\\\/\\\/investors.orthexgroup.com\\\/fi\\\/osake\\\/valtuutukset\\\/\"]}]},{\"@type\":\"BreadcrumbList\",\"@id\":\"https:\\\/\\\/investors.orthexgroup.com\\\/fi\\\/osake\\\/valtuutukset\\\/#breadcrumb\",\"itemListElement\":[{\"@type\":\"ListItem\",\"position\":1,\"name\":\"Etusivu\",\"item\":\"https:\\\/\\\/investors.orthexgroup.com\\\/fi\\\/\"},{\"@type\":\"ListItem\",\"position\":2,\"name\":\"Orthexin osake\",\"item\":\"https:\\\/\\\/investors.orthexgroup.com\\\/fi\\\/osake\\\/\"},{\"@type\":\"ListItem\",\"position\":3,\"name\":\"Valtuutukset\"}]},{\"@type\":\"WebSite\",\"@id\":\"https:\\\/\\\/investors.orthexgroup.com\\\/fi\\\/#website\",\"url\":\"https:\\\/\\\/investors.orthexgroup.com\\\/fi\\\/\",\"name\":\"Orthex Group\",\"description\":\"Tietoa Orthex Group Oyn listautumisannista\",\"publisher\":{\"@id\":\"https:\\\/\\\/investors.orthexgroup.com\\\/fi\\\/#organization\"},\"potentialAction\":[{\"@type\":\"SearchAction\",\"target\":{\"@type\":\"EntryPoint\",\"urlTemplate\":\"https:\\\/\\\/investors.orthexgroup.com\\\/fi\\\/?s={search_term_string}\"},\"query-input\":{\"@type\":\"PropertyValueSpecification\",\"valueRequired\":true,\"valueName\":\"search_term_string\"}}],\"inLanguage\":\"fi\"},{\"@type\":\"Organization\",\"@id\":\"https:\\\/\\\/investors.orthexgroup.com\\\/fi\\\/#organization\",\"name\":\"Orthex Group\",\"url\":\"https:\\\/\\\/investors.orthexgroup.com\\\/fi\\\/\",\"logo\":{\"@type\":\"ImageObject\",\"inLanguage\":\"fi\",\"@id\":\"https:\\\/\\\/investors.orthexgroup.com\\\/fi\\\/#\\\/schema\\\/logo\\\/image\\\/\",\"url\":\"https:\\\/\\\/investors.orthexgroup.com\\\/wp-content\\\/uploads\\\/2021\\\/01\\\/orthex-group-logo.svg\",\"contentUrl\":\"https:\\\/\\\/investors.orthexgroup.com\\\/wp-content\\\/uploads\\\/2021\\\/01\\\/orthex-group-logo.svg\",\"width\":129,\"height\":57,\"caption\":\"Orthex Group\"},\"image\":{\"@id\":\"https:\\\/\\\/investors.orthexgroup.com\\\/fi\\\/#\\\/schema\\\/logo\\\/image\\\/\"}}]}<\/script>\n<!-- \/ Yoast SEO plugin. -->","yoast_head_json":{"title":"Orthex Valtuutukset - Orthex Group","description":"T\u00e4\u00e4lt\u00e4 l\u00f6yd\u00e4t Orthex Oyj:n yhti\u00f6kokouksen hallitukselle antamat valtuutukset.","robots":{"index":"index","follow":"follow","max-snippet":"max-snippet:-1","max-image-preview":"max-image-preview:large","max-video-preview":"max-video-preview:-1"},"canonical":"https:\/\/investors.orthexgroup.com\/fi\/osake\/valtuutukset\/","og_locale":"fi_FI","og_type":"article","og_title":"Orthex Valtuutukset - Orthex Group","og_description":"T\u00e4\u00e4lt\u00e4 l\u00f6yd\u00e4t Orthex Oyj:n yhti\u00f6kokouksen hallitukselle antamat valtuutukset.","og_url":"https:\/\/investors.orthexgroup.com\/fi\/osake\/valtuutukset\/","og_site_name":"Orthex Group","article_modified_time":"2026-04-14T11:43:12+00:00","twitter_card":"summary_large_image","twitter_misc":{"Arvioitu lukuaika":"2 minuuttia"},"schema":{"@context":"https:\/\/schema.org","@graph":[{"@type":"WebPage","@id":"https:\/\/investors.orthexgroup.com\/fi\/osake\/valtuutukset\/","url":"https:\/\/investors.orthexgroup.com\/fi\/osake\/valtuutukset\/","name":"Orthex Valtuutukset - Orthex Group","isPartOf":{"@id":"https:\/\/investors.orthexgroup.com\/fi\/#website"},"datePublished":"2021-03-15T07:57:20+00:00","dateModified":"2026-04-14T11:43:12+00:00","description":"T\u00e4\u00e4lt\u00e4 l\u00f6yd\u00e4t Orthex Oyj:n yhti\u00f6kokouksen hallitukselle antamat valtuutukset.","breadcrumb":{"@id":"https:\/\/investors.orthexgroup.com\/fi\/osake\/valtuutukset\/#breadcrumb"},"inLanguage":"fi","potentialAction":[{"@type":"ReadAction","target":["https:\/\/investors.orthexgroup.com\/fi\/osake\/valtuutukset\/"]}]},{"@type":"BreadcrumbList","@id":"https:\/\/investors.orthexgroup.com\/fi\/osake\/valtuutukset\/#breadcrumb","itemListElement":[{"@type":"ListItem","position":1,"name":"Etusivu","item":"https:\/\/investors.orthexgroup.com\/fi\/"},{"@type":"ListItem","position":2,"name":"Orthexin osake","item":"https:\/\/investors.orthexgroup.com\/fi\/osake\/"},{"@type":"ListItem","position":3,"name":"Valtuutukset"}]},{"@type":"WebSite","@id":"https:\/\/investors.orthexgroup.com\/fi\/#website","url":"https:\/\/investors.orthexgroup.com\/fi\/","name":"Orthex Group","description":"Tietoa Orthex Group Oyn listautumisannista","publisher":{"@id":"https:\/\/investors.orthexgroup.com\/fi\/#organization"},"potentialAction":[{"@type":"SearchAction","target":{"@type":"EntryPoint","urlTemplate":"https:\/\/investors.orthexgroup.com\/fi\/?s={search_term_string}"},"query-input":{"@type":"PropertyValueSpecification","valueRequired":true,"valueName":"search_term_string"}}],"inLanguage":"fi"},{"@type":"Organization","@id":"https:\/\/investors.orthexgroup.com\/fi\/#organization","name":"Orthex Group","url":"https:\/\/investors.orthexgroup.com\/fi\/","logo":{"@type":"ImageObject","inLanguage":"fi","@id":"https:\/\/investors.orthexgroup.com\/fi\/#\/schema\/logo\/image\/","url":"https:\/\/investors.orthexgroup.com\/wp-content\/uploads\/2021\/01\/orthex-group-logo.svg","contentUrl":"https:\/\/investors.orthexgroup.com\/wp-content\/uploads\/2021\/01\/orthex-group-logo.svg","width":129,"height":57,"caption":"Orthex Group"},"image":{"@id":"https:\/\/investors.orthexgroup.com\/fi\/#\/schema\/logo\/image\/"}}]}},"_links":{"self":[{"href":"https:\/\/investors.orthexgroup.com\/fi\/wp-json\/wp\/v2\/pages\/732","targetHints":{"allow":["GET"]}}],"collection":[{"href":"https:\/\/investors.orthexgroup.com\/fi\/wp-json\/wp\/v2\/pages"}],"about":[{"href":"https:\/\/investors.orthexgroup.com\/fi\/wp-json\/wp\/v2\/types\/page"}],"author":[{"embeddable":true,"href":"https:\/\/investors.orthexgroup.com\/fi\/wp-json\/wp\/v2\/users\/1"}],"replies":[{"embeddable":true,"href":"https:\/\/investors.orthexgroup.com\/fi\/wp-json\/wp\/v2\/comments?post=732"}],"version-history":[{"count":6,"href":"https:\/\/investors.orthexgroup.com\/fi\/wp-json\/wp\/v2\/pages\/732\/revisions"}],"predecessor-version":[{"id":6580,"href":"https:\/\/investors.orthexgroup.com\/fi\/wp-json\/wp\/v2\/pages\/732\/revisions\/6580"}],"up":[{"embeddable":true,"href":"https:\/\/investors.orthexgroup.com\/fi\/wp-json\/wp\/v2\/pages\/718"}],"wp:attachment":[{"href":"https:\/\/investors.orthexgroup.com\/fi\/wp-json\/wp\/v2\/media?parent=732"}],"curies":[{"name":"wp","href":"https:\/\/api.w.org\/{rel}","templated":true}]}}