{"id":734,"date":"2021-05-11T08:24:41","date_gmt":"2021-05-11T05:24:41","guid":{"rendered":"https:\/\/investors.orthexgroup.com\/?page_id=734"},"modified":"2026-04-27T10:21:52","modified_gmt":"2026-04-27T07:21:52","slug":"analyytikot","status":"publish","type":"page","link":"https:\/\/investors.orthexgroup.com\/fi\/sijoittajasuhteet\/analyytikot\/","title":{"rendered":"Analyytikot"},"content":{"rendered":"\n<p>Orthexin tietojen mukaan ainakin alla mainitut analyytikot seuraavat Orthexia. Lista ei v\u00e4ltt\u00e4m\u00e4tt\u00e4 kata kaikkia yhti\u00f6t\u00e4 seuraavia analyytikoita. Analyytikot seuraavat Orthexia sijoituskohteena omasta aloitteestaan tai yhti\u00f6n kanssa tekem\u00e4ns\u00e4 sopimuksen perusteella, Yhti\u00f6 ei vastaa analyyseissa esitetyist\u00e4 arvioista.<\/p>\n\n\n\n<figure class=\"wp-block-table is-style-blue-table\"><table><thead><tr><th><strong>Yritys<\/strong><\/th><th><strong>Analyytikko<\/strong><\/th><th><strong>Email<\/strong><\/th><\/tr><\/thead><tbody><tr><td><strong>Nordea<\/strong><\/td><td>Svante Krokfors<\/td><td>svante.krokfors@nordea.com<\/td><\/tr><tr><td><\/td><td>Joni Sandvall<\/td><td>joni.sandvall@nordea.com<\/td><\/tr><tr><td><strong>Carnegie Investment Bank, Finland Branch<\/strong><\/td><td>Tommy Ilmoni<\/td><td>tommy.ilmoni@carnegie.fi<\/td><\/tr><tr><td><\/td><td>Pia Rosqvist-Heinsalmi<\/td><td>pia.rosqvist-heinsalmi@carnegie.fi<\/td><\/tr><tr><td><strong>Inderes<\/strong><\/td><td>Thomas Westerholm<\/td><td>thomas.westerholm@inderes.fi<\/td><\/tr><tr><td><strong>Analyst Group<\/strong><\/td><td>Axel Ljunghammer<\/td><td>axel@analystgroup.se<\/td><\/tr><\/tbody><\/table><\/figure>\n","protected":false},"excerpt":{"rendered":"<p>Orthexin tietojen mukaan ainakin alla mainitut analyytikot seuraavat Orthexia. Lista ei v\u00e4ltt\u00e4m\u00e4tt\u00e4 kata kaikkia yhti\u00f6t\u00e4&hellip;<\/p>\n","protected":false},"author":1,"featured_media":0,"parent":738,"menu_order":0,"comment_status":"closed","ping_status":"closed","template":"","meta":{"_acf_changed":false,"footnotes":""},"class_list":["post-734","page","type-page","status-publish","hentry"],"acf":[],"yoast_head":"<!-- This site is optimized with the Yoast SEO plugin v27.4 - https:\/\/yoast.com\/product\/yoast-seo-wordpress\/ -->\n<title>Analyytikot - Orthex Group<\/title>\n<meta name=\"description\" content=\"Tutustu Orthexia seuraaviin analyytikoihin.\" \/>\n<meta name=\"robots\" content=\"index, follow, max-snippet:-1, max-image-preview:large, max-video-preview:-1\" \/>\n<link rel=\"canonical\" href=\"https:\/\/investors.orthexgroup.com\/fi\/sijoittajasuhteet\/analyytikot\/\" \/>\n<meta property=\"og:locale\" content=\"fi_FI\" \/>\n<meta property=\"og:type\" content=\"article\" \/>\n<meta property=\"og:title\" content=\"Analyytikot - Orthex Group\" \/>\n<meta property=\"og:description\" content=\"Tutustu Orthexia seuraaviin analyytikoihin.\" \/>\n<meta property=\"og:url\" content=\"https:\/\/investors.orthexgroup.com\/fi\/sijoittajasuhteet\/analyytikot\/\" \/>\n<meta property=\"og:site_name\" content=\"Orthex Group\" \/>\n<meta property=\"article:modified_time\" content=\"2026-04-27T07:21:52+00:00\" \/>\n<meta name=\"twitter:card\" content=\"summary_large_image\" \/>\n<meta name=\"twitter:label1\" content=\"Arvioitu lukuaika\" \/>\n\t<meta name=\"twitter:data1\" content=\"1 minuutti\" \/>\n<script type=\"application\/ld+json\" class=\"yoast-schema-graph\">{\"@context\":\"https:\\\/\\\/schema.org\",\"@graph\":[{\"@type\":\"WebPage\",\"@id\":\"https:\\\/\\\/investors.orthexgroup.com\\\/fi\\\/sijoittajasuhteet\\\/analyytikot\\\/\",\"url\":\"https:\\\/\\\/investors.orthexgroup.com\\\/fi\\\/sijoittajasuhteet\\\/analyytikot\\\/\",\"name\":\"Analyytikot - Orthex Group\",\"isPartOf\":{\"@id\":\"https:\\\/\\\/investors.orthexgroup.com\\\/fi\\\/#website\"},\"datePublished\":\"2021-05-11T05:24:41+00:00\",\"dateModified\":\"2026-04-27T07:21:52+00:00\",\"description\":\"Tutustu Orthexia seuraaviin analyytikoihin.\",\"breadcrumb\":{\"@id\":\"https:\\\/\\\/investors.orthexgroup.com\\\/fi\\\/sijoittajasuhteet\\\/analyytikot\\\/#breadcrumb\"},\"inLanguage\":\"fi\",\"potentialAction\":[{\"@type\":\"ReadAction\",\"target\":[\"https:\\\/\\\/investors.orthexgroup.com\\\/fi\\\/sijoittajasuhteet\\\/analyytikot\\\/\"]}]},{\"@type\":\"BreadcrumbList\",\"@id\":\"https:\\\/\\\/investors.orthexgroup.com\\\/fi\\\/sijoittajasuhteet\\\/analyytikot\\\/#breadcrumb\",\"itemListElement\":[{\"@type\":\"ListItem\",\"position\":1,\"name\":\"Etusivu\",\"item\":\"https:\\\/\\\/investors.orthexgroup.com\\\/fi\\\/\"},{\"@type\":\"ListItem\",\"position\":2,\"name\":\"Sijoittajasuhteet\",\"item\":\"https:\\\/\\\/investors.orthexgroup.com\\\/fi\\\/sijoittajasuhteet\\\/\"},{\"@type\":\"ListItem\",\"position\":3,\"name\":\"Analyytikot\"}]},{\"@type\":\"WebSite\",\"@id\":\"https:\\\/\\\/investors.orthexgroup.com\\\/fi\\\/#website\",\"url\":\"https:\\\/\\\/investors.orthexgroup.com\\\/fi\\\/\",\"name\":\"Orthex Group\",\"description\":\"Tietoa Orthex Group Oyn listautumisannista\",\"publisher\":{\"@id\":\"https:\\\/\\\/investors.orthexgroup.com\\\/fi\\\/#organization\"},\"potentialAction\":[{\"@type\":\"SearchAction\",\"target\":{\"@type\":\"EntryPoint\",\"urlTemplate\":\"https:\\\/\\\/investors.orthexgroup.com\\\/fi\\\/?s={search_term_string}\"},\"query-input\":{\"@type\":\"PropertyValueSpecification\",\"valueRequired\":true,\"valueName\":\"search_term_string\"}}],\"inLanguage\":\"fi\"},{\"@type\":\"Organization\",\"@id\":\"https:\\\/\\\/investors.orthexgroup.com\\\/fi\\\/#organization\",\"name\":\"Orthex Group\",\"url\":\"https:\\\/\\\/investors.orthexgroup.com\\\/fi\\\/\",\"logo\":{\"@type\":\"ImageObject\",\"inLanguage\":\"fi\",\"@id\":\"https:\\\/\\\/investors.orthexgroup.com\\\/fi\\\/#\\\/schema\\\/logo\\\/image\\\/\",\"url\":\"https:\\\/\\\/investors.orthexgroup.com\\\/wp-content\\\/uploads\\\/2021\\\/01\\\/orthex-group-logo.svg\",\"contentUrl\":\"https:\\\/\\\/investors.orthexgroup.com\\\/wp-content\\\/uploads\\\/2021\\\/01\\\/orthex-group-logo.svg\",\"width\":129,\"height\":57,\"caption\":\"Orthex Group\"},\"image\":{\"@id\":\"https:\\\/\\\/investors.orthexgroup.com\\\/fi\\\/#\\\/schema\\\/logo\\\/image\\\/\"}}]}<\/script>\n<!-- \/ Yoast SEO plugin. -->","yoast_head_json":{"title":"Analyytikot - Orthex Group","description":"Tutustu Orthexia seuraaviin analyytikoihin.","robots":{"index":"index","follow":"follow","max-snippet":"max-snippet:-1","max-image-preview":"max-image-preview:large","max-video-preview":"max-video-preview:-1"},"canonical":"https:\/\/investors.orthexgroup.com\/fi\/sijoittajasuhteet\/analyytikot\/","og_locale":"fi_FI","og_type":"article","og_title":"Analyytikot - Orthex Group","og_description":"Tutustu Orthexia seuraaviin analyytikoihin.","og_url":"https:\/\/investors.orthexgroup.com\/fi\/sijoittajasuhteet\/analyytikot\/","og_site_name":"Orthex Group","article_modified_time":"2026-04-27T07:21:52+00:00","twitter_card":"summary_large_image","twitter_misc":{"Arvioitu lukuaika":"1 minuutti"},"schema":{"@context":"https:\/\/schema.org","@graph":[{"@type":"WebPage","@id":"https:\/\/investors.orthexgroup.com\/fi\/sijoittajasuhteet\/analyytikot\/","url":"https:\/\/investors.orthexgroup.com\/fi\/sijoittajasuhteet\/analyytikot\/","name":"Analyytikot - Orthex Group","isPartOf":{"@id":"https:\/\/investors.orthexgroup.com\/fi\/#website"},"datePublished":"2021-05-11T05:24:41+00:00","dateModified":"2026-04-27T07:21:52+00:00","description":"Tutustu Orthexia seuraaviin analyytikoihin.","breadcrumb":{"@id":"https:\/\/investors.orthexgroup.com\/fi\/sijoittajasuhteet\/analyytikot\/#breadcrumb"},"inLanguage":"fi","potentialAction":[{"@type":"ReadAction","target":["https:\/\/investors.orthexgroup.com\/fi\/sijoittajasuhteet\/analyytikot\/"]}]},{"@type":"BreadcrumbList","@id":"https:\/\/investors.orthexgroup.com\/fi\/sijoittajasuhteet\/analyytikot\/#breadcrumb","itemListElement":[{"@type":"ListItem","position":1,"name":"Etusivu","item":"https:\/\/investors.orthexgroup.com\/fi\/"},{"@type":"ListItem","position":2,"name":"Sijoittajasuhteet","item":"https:\/\/investors.orthexgroup.com\/fi\/sijoittajasuhteet\/"},{"@type":"ListItem","position":3,"name":"Analyytikot"}]},{"@type":"WebSite","@id":"https:\/\/investors.orthexgroup.com\/fi\/#website","url":"https:\/\/investors.orthexgroup.com\/fi\/","name":"Orthex Group","description":"Tietoa Orthex Group Oyn listautumisannista","publisher":{"@id":"https:\/\/investors.orthexgroup.com\/fi\/#organization"},"potentialAction":[{"@type":"SearchAction","target":{"@type":"EntryPoint","urlTemplate":"https:\/\/investors.orthexgroup.com\/fi\/?s={search_term_string}"},"query-input":{"@type":"PropertyValueSpecification","valueRequired":true,"valueName":"search_term_string"}}],"inLanguage":"fi"},{"@type":"Organization","@id":"https:\/\/investors.orthexgroup.com\/fi\/#organization","name":"Orthex Group","url":"https:\/\/investors.orthexgroup.com\/fi\/","logo":{"@type":"ImageObject","inLanguage":"fi","@id":"https:\/\/investors.orthexgroup.com\/fi\/#\/schema\/logo\/image\/","url":"https:\/\/investors.orthexgroup.com\/wp-content\/uploads\/2021\/01\/orthex-group-logo.svg","contentUrl":"https:\/\/investors.orthexgroup.com\/wp-content\/uploads\/2021\/01\/orthex-group-logo.svg","width":129,"height":57,"caption":"Orthex Group"},"image":{"@id":"https:\/\/investors.orthexgroup.com\/fi\/#\/schema\/logo\/image\/"}}]}},"_links":{"self":[{"href":"https:\/\/investors.orthexgroup.com\/fi\/wp-json\/wp\/v2\/pages\/734","targetHints":{"allow":["GET"]}}],"collection":[{"href":"https:\/\/investors.orthexgroup.com\/fi\/wp-json\/wp\/v2\/pages"}],"about":[{"href":"https:\/\/investors.orthexgroup.com\/fi\/wp-json\/wp\/v2\/types\/page"}],"author":[{"embeddable":true,"href":"https:\/\/investors.orthexgroup.com\/fi\/wp-json\/wp\/v2\/users\/1"}],"replies":[{"embeddable":true,"href":"https:\/\/investors.orthexgroup.com\/fi\/wp-json\/wp\/v2\/comments?post=734"}],"version-history":[{"count":7,"href":"https:\/\/investors.orthexgroup.com\/fi\/wp-json\/wp\/v2\/pages\/734\/revisions"}],"predecessor-version":[{"id":6609,"href":"https:\/\/investors.orthexgroup.com\/fi\/wp-json\/wp\/v2\/pages\/734\/revisions\/6609"}],"up":[{"embeddable":true,"href":"https:\/\/investors.orthexgroup.com\/fi\/wp-json\/wp\/v2\/pages\/738"}],"wp:attachment":[{"href":"https:\/\/investors.orthexgroup.com\/fi\/wp-json\/wp\/v2\/media?parent=734"}],"curies":[{"name":"wp","href":"https:\/\/api.w.org\/{rel}","templated":true}]}}