{"id":741,"date":"2021-03-25T10:23:40","date_gmt":"2021-03-25T08:23:40","guid":{"rendered":"https:\/\/investors.orthexgroup.com\/?page_id=741"},"modified":"2025-08-05T11:59:24","modified_gmt":"2025-08-05T08:59:24","slug":"tiedonantopolitiikka","status":"publish","type":"page","link":"https:\/\/investors.orthexgroup.com\/fi\/sijoittajasuhteet\/tiedonantopolitiikka\/","title":{"rendered":"Orthexin tiedonantopolitiikka"},"content":{"rendered":"\n<p>T\u00e4ss\u00e4 tiedonantopolitiikassa kuvataan Orthex Oyj:n (\u201dOrthex\u201d tai \u201dYhti\u00f6\u201d) keskeiset periaatteet Yhti\u00f6n arvonmuodostukseen vaikuttavien tietojen julkistamisesta Yhti\u00f6n sidosryhmille ja viestinn\u00e4st\u00e4 p\u00e4\u00e4omamarkkinoille. Tiedonantopolitiikan periaatteet koskevat Yhti\u00f6t\u00e4 ja sen tyt\u00e4ryhti\u00f6it\u00e4.<\/p>\n\n\n\n<p>Orthex noudattaa viestinn\u00e4ss\u00e4\u00e4n Suomen lains\u00e4\u00e4d\u00e4nt\u00f6\u00e4, markkinoiden v\u00e4\u00e4rink\u00e4ytt\u00f6asetuksen (EU No. 596\/2014) m\u00e4\u00e4r\u00e4yksi\u00e4, Nasdaq Helsinki Oy:n (\u201dNasdaq Helsinki\u201d) s\u00e4\u00e4nt\u00f6j\u00e4 ja ohjeita sek\u00e4 Euroopan arvopaperimarkkinaviranomaisen (ESMA) ja Finanssivalvonnan ohjeita. Yhti\u00f6 noudattaa my\u00f6s Suomen listayhti\u00f6iden hallinnointikoodia ja Yhti\u00f6n sis\u00e4isi\u00e4 s\u00e4\u00e4nt\u00f6j\u00e4 ja ohjeita.<\/p>\n\n\n\n<p>Orthexin hallitus on hyv\u00e4ksynyt t\u00e4m\u00e4n tiedonantopolitiikan 17.12.2020.<\/p>\n\n\n\n<h2 class=\"wp-block-heading\">1. Tavoitteet ja periaatteet<\/h2>\n\n\n\n<ol class=\"wp-block-list\"><\/ol>\n\n\n\n<p>Orthexin viestinn\u00e4n tavoitteena on varmistaa, ett\u00e4 kaikilla p\u00e4\u00e4omamarkkinoiden osapuolilla on&nbsp; yht\u00e4aikaisesti ja viipym\u00e4tt\u00e4 k\u00e4yt\u00f6ss\u00e4\u00e4n yhdenmukainen, riitt\u00e4v\u00e4 ja olennainen tieto Yhti\u00f6\u00f6n ja sen liiketoimintaan liittyvist\u00e4 olennaisista asioista, jotka voivat vaikuttaa Orthexin rahoitusv\u00e4lineiden&nbsp; arvoon, ja ett\u00e4 julkistetut tiedot antavat oikeat ja riitt\u00e4v\u00e4t tiedot Yhti\u00f6n toiminnasta.<\/p>\n\n\n\n<p>Orthexin sijoittajaviestinn\u00e4n p\u00e4\u00e4periaatteet ovat avoimuus, oikea-aikaisuus, luotettavuus, l\u00e4pin\u00e4kyvyys, johdonmukaisuus, ymm\u00e4rrett\u00e4vyys ja tasapuolisuus. Yhti\u00f6 viestii johdonmukaisesti sek\u00e4 my\u00f6nteisist\u00e4&nbsp; ett\u00e4 kielteisist\u00e4 asioista.<\/p>\n\n\n\n<p>Orthexin virallinen raportointikieli on suomi. Yhti\u00f6 julkaisee kaikki <a href=\"https:\/\/investors.orthexgroup.com\/fi\/media\/\">p\u00f6rssi- ja lehdist\u00f6tiedotteet<\/a>\u00a0 suomeksi ja englanniksi.<\/p>\n\n\n\n<h2 class=\"wp-block-heading\">2.&nbsp;<strong>Tiedotettavat asiat<\/strong><\/h2>\n\n\n\n<p>Tiedon julkistaminen kattaa s\u00e4\u00e4nn\u00f6llisen ja jatkuvan tiedonantovelvollisuuden. Yhti\u00f6 julkistaa&nbsp; tiedonantovelvollisuuden piiriin kuuluvat tiedot mahdollisimman pian ja yht\u00e4aikaisesti kaikille sidosryhmille.<\/p>\n\n\n\n<p>S\u00e4\u00e4nn\u00f6llisen tiedonantovelvollisuuden raportit sis\u00e4lt\u00e4v\u00e4t keskeiset tiedot yhti\u00f6n taloudellisesta asemasta, tuloksesta ja niiden kehityksest\u00e4. Yhti\u00f6 raportoi taloudelliset lukunsa konsernitasolla.<\/p>\n\n\n\n<p>Yhti\u00f6 julkistaa toimintakertomuksen sis\u00e4lt\u00e4en selvityksen muista kuin taloudellisista tiedoista, tilinp\u00e4\u00e4t\u00f6ksen sek\u00e4 tilintarkastuskertomuksen viimeist\u00e4\u00e4n kolmea viikkoa ennen yhti\u00f6kokousta, joka p\u00e4\u00e4tt\u00e4\u00e4 tilinp\u00e4\u00e4t\u00f6ksen vahvistamisesta. Lis\u00e4ksi Yhti\u00f6 julkistaa selvityksen hallinto- ja ohjausj\u00e4rjestelm\u00e4st\u00e4 sek\u00e4 palkitsemisraportin toimintakertomuksen julkistamisen yhteydess\u00e4.<\/p>\n\n\n\n<p>Mahdollisimman pian julkistettavaa sis\u00e4piiritietoa voivat olla muun muassa seuraavat:<\/p>\n\n\n\n<ul class=\"wp-block-list\">\n<li>merkitt\u00e4v\u00e4t muutokset strategiassa<\/li>\n\n\n\n<li>merkitt\u00e4v\u00e4t investointip\u00e4\u00e4t\u00f6kset<\/li>\n\n\n\n<li>merkitt\u00e4v\u00e4t organisaatiomuutokset<\/li>\n\n\n\n<li>merkitt\u00e4v\u00e4t yritysostot, divestoinnit, yhteisyrityssopimukset ja rahoitusj\u00e4rjestelyt<\/li>\n\n\n\n<li>muutokset hallituksen tai johtoryhm\u00e4n kokoonpanossa tai tilintarkastajan vaihtuminen<\/li>\n\n\n\n<li>olennaiset tulevaisuudenn\u00e4kymien muutokset<\/li>\n\n\n\n<li>merkitt\u00e4v\u00e4t oikeudenk\u00e4ynnit tai muut viranomaismenettelyt sek\u00e4 niiss\u00e4 annetut p\u00e4\u00e4t\u00f6kset<\/li>\n<\/ul>\n\n\n\n<p>Lis\u00e4ksi Yhti\u00f6 tiedottaa p\u00f6rssitiedotteina muun muassa johdon liiketoimet ja muut tiedotettavat asiat p\u00f6rssin s\u00e4\u00e4nt\u00f6jen mukaisesti.<\/p>\n\n\n\n<h3 class=\"wp-block-heading\"><strong>P\u00f6rssi- ja lehdist\u00f6tiedotteet<\/strong><\/h3>\n\n\n\n<p>Orthexin julkistamat tiedotteet on jaettu kahteen ryhm\u00e4\u00e4n: p\u00f6rssitiedotteisiin ja lehdist\u00f6tiedotteisiin. Tiedotteen tyyppi m\u00e4\u00e4r\u00e4ytyy tietojen olennaisuuden ja merkitt\u00e4vyyden perusteella.<\/p>\n\n\n\n<h4 class=\"wp-block-heading\">P\u00f6rssitiedotteet<\/h4>\n\n\n\n<p>Yhti\u00f6 julkistaa p\u00f6rssitiedotteella mahdollisimman pian sis\u00e4piiritiedon sek\u00e4 muut kohdassa kaksi mainitut asiat. Lis\u00e4ksi Yhti\u00f6 julkistaa p\u00f6rssitiedotteena s\u00e4\u00e4nn\u00f6llisen tiedonantovelvollisuuden piiriin kuuluvat muut tiedot.<\/p>\n\n\n\n<p>P\u00f6rssitiedotteet toimitetaan Nasdaq Helsingille ja keskeisille tiedotusv\u00e4lineille sek\u00e4 julkaistaan Yhti\u00f6n verkkosivuilla.<\/p>\n\n\n\n<h4 class=\"wp-block-heading\">Lehdist\u00f6tiedotteet<\/h4>\n\n\n\n<p>Yleis- ja ammattimedialle suunnatut lehdist\u00f6tiedotteet kertovat Yhti\u00f6n liiketoimintaan liittyvist\u00e4 tapahtumista, jotka eiv\u00e4t t\u00e4yt\u00e4 p\u00f6rssitiedotteen kriteerej\u00e4, mutta joilla arvioidaan olevan uutisarvoa tai yleist\u00e4 mielenkiintoa Yhti\u00f6n sidosryhmien keskuudessa.&nbsp;<\/p>\n\n\n\n<h2 class=\"wp-block-heading\">3.&nbsp;<strong>Sis\u00e4piiritiedon julkistamisvelvollisuus ja julkistamisen lykk\u00e4\u00e4minen<\/strong><\/h2>\n\n\n\n<p>Yhti\u00f6 julkistaa sis\u00e4piiritiedon niin pian kuin mahdollista, ellei julkistamista lyk\u00e4t\u00e4 markkinoiden v\u00e4\u00e4rink\u00e4ytt\u00f6asetuksen mukaisesti, jolloin markkinoiden v\u00e4\u00e4rink\u00e4ytt\u00f6asetuksessa lykk\u00e4\u00e4miselle asetettujen ehtojen tulee t\u00e4ytytty\u00e4. Markkinoiden v\u00e4\u00e4rink\u00e4ytt\u00f6asetuksen mukaan Yhti\u00f6n on mahdollista lyk\u00e4t\u00e4 sis\u00e4piiritiedon julkistamista, mik\u00e4li kaikki seuraavat ehdot t\u00e4yttyv\u00e4t:<\/p>\n\n\n\n<ul class=\"wp-block-list\">\n<li>julkistaminen todenn\u00e4k\u00f6isesti vaarantaisi Yhti\u00f6n oikeutetut edut,<\/li>\n\n\n\n<li>julkistamisen lykk\u00e4\u00e4minen ei todenn\u00e4k\u00f6isesti johtaisi yleis\u00f6\u00e4 harhaan, ja<\/li>\n\n\n\n<li>Yhti\u00f6 pystyy takaamaan tiedon s\u00e4ilymisen luottamuksellisena.<\/li>\n<\/ul>\n\n\n\n<p>Yhti\u00f6n hallitus ja toimitusjohtaja p\u00e4\u00e4tt\u00e4v\u00e4t yhdess\u00e4 sis\u00e4piiritiedon julkistamisen lykk\u00e4\u00e4misest\u00e4 lykk\u00e4\u00e4misperusteiden t\u00e4yttymist\u00e4 koskevan arvioinnin perusteella. Toimitusjohtaja voi poikkeustapauksissa tehd\u00e4 lykk\u00e4ysp\u00e4\u00e4t\u00f6ksen yksin, mik\u00e4li se asian kiireellisyyden vuoksi on perusteltua.<\/p>\n\n\n\n<p>Lykk\u00e4ysp\u00e4\u00e4t\u00f6ksen yhteydess\u00e4 julkistamisen lykk\u00e4\u00e4misedellytykset dokumentoidaan, perustetaan asiaa koskeva sis\u00e4piirihanke ja tehd\u00e4\u00e4n muodollinen lykk\u00e4\u00e4misp\u00e4\u00e4t\u00f6s. Yhti\u00f6 julkistaa lyk\u00e4tyn tiedon mahdollisimman pian kun lykk\u00e4yksen edellytykset eiv\u00e4t en\u00e4\u00e4 t\u00e4yty. Yhti\u00f6 ilmoittaa Finanssivalvonnalle lykk\u00e4ysp\u00e4\u00e4t\u00f6ksest\u00e4 sis\u00e4piiritiedon julkistamisen yhteydess\u00e4.<\/p>\n\n\n\n<h2 class=\"wp-block-heading\">4.&nbsp;<strong>Sis\u00e4piiri<\/strong><\/h2>\n\n\n\n<p>Yhti\u00f6 noudattaa <a href=\"https:\/\/investors.orthexgroup.com\/fi\/hallinnointi\/sisapiirihallinto\/\">sis\u00e4piiriohjeistuksessa ja sis\u00e4piirihallinnossa<\/a> markkinoiden v\u00e4\u00e4rink\u00e4ytt\u00f6asetusta ja sen nojalla annettujen m\u00e4\u00e4r\u00e4ysten vaatimuksia. Lis\u00e4ksi Yhti\u00f6 noudattaa Yhti\u00f6n hallituksen hyv\u00e4ksym\u00e4\u00e4 sis\u00e4piiriohjetta.<\/p>\n\n\n\n<p>Henkil\u00f6, joka toimii Yhti\u00f6ss\u00e4 johtoteht\u00e4viss\u00e4 tai on m\u00e4\u00e4ritelty kuuluvaksi kaupank\u00e4yntirajoitusten piiriin&nbsp; ei saa toteuttaa suoraan tai v\u00e4lillisesti liiketoimia omaan lukuunsa tai kolmannen osapuolen lukuun suljetun ajanjakson aikana. Suljettu ikkuna alkaa kolmekymment\u00e4 (30) p\u00e4iv\u00e4\u00e4 ennen kyseisen tilinp\u00e4\u00e4t\u00f6stiedotteen, puolivuosikatsauksen tai osavuosikatsauksen julkistamista ja p\u00e4\u00e4ttyy 24 tuntia tilinp\u00e4\u00e4t\u00f6stiedotteen, puolivuosikatsauksen tai osavuosikatsauksen julkistamisen j\u00e4lkeen. Yhti\u00f6 ei hanki omia osakkeitaan t\u00e4n\u00e4 aikana.<\/p>\n\n\n\n<p>Yhti\u00f6ll\u00e4 on k\u00e4yt\u00f6ss\u00e4 <a href=\"https:\/\/investors.orthexgroup.com\/fi\/hallinnointi\/ilmoituskanava\/\">whistleblowing-kanava<\/a>, jonka kautta Yhti\u00f6n ty\u00f6ntekij\u00e4t voivat ilmoittaa, jos on perusteltu syy ep\u00e4ill\u00e4, ett\u00e4 joku Yhti\u00f6n palveluksessa oleva henkil\u00f6 olisi rikkonut arvopaperimarkkinoita koskevaa lains\u00e4\u00e4d\u00e4nt\u00f6\u00e4 ja s\u00e4\u00e4nn\u00f6ksi\u00e4. Jos rikkomuksesta syntyy ep\u00e4ily tai jos rikkomus pystyt\u00e4\u00e4n n\u00e4ytt\u00e4m\u00e4\u00e4n toteen, asia vied\u00e4\u00e4n toimivaltaisten viranomaisten tutkittavaksi.<\/p>\n\n\n\n<h2 class=\"wp-block-heading\">5.&nbsp;<strong>Tulevaisuuden n\u00e4kym\u00e4t ja tulosvaroitukset<\/strong><\/h2>\n\n\n\n<p>Orthex antaa mahdollisimman pian tulosvaroituksen, jos Yhti\u00f6 arvioi, ett\u00e4 sen tulos tai taloudellinen asema poikkeaa odottamattomalla tavalla ja merkitt\u00e4v\u00e4sti, joko positiivisesti tai negatiivisesti, Yhti\u00f6n aiemmin julkistamasta arviosta tai siit\u00e4, mit\u00e4 Yhti\u00f6n aikaisemmin julkistamien tietojen perusteella voidaan perustellusti p\u00e4\u00e4tell\u00e4 ja jos kyseisell\u00e4 poikkeamalla voi olla olennainen vaikutus Yhti\u00f6n rahoitusv\u00e4lineiden arvoon. Tulosvaroituksen antamista koskeva p\u00e4\u00e4t\u00f6s perustuu Yhti\u00f6n aiemmin esitt\u00e4miin tietoihin&nbsp; ja vallitsevaan markkinatilanteeseen.<\/p>\n\n\n\n<p>Hallitus ja toimitusjohtaja tekev\u00e4t yhdess\u00e4 p\u00e4\u00e4t\u00f6ksen tulosvaroituksen antamisesta.<\/p>\n\n\n\n<h2 class=\"wp-block-heading\">6.&nbsp;<strong>Viestint\u00e4kanavat<\/strong><\/h2>\n\n\n\n<p>Sijoittajaviestinn\u00e4n ensisijainen kanava ovat Orthexin verkkosivut. Yhti\u00f6n tavoitteena on tarjota verkkosivuillaan luotettavaa ja ajankohtaista tietoa, jotta Yhti\u00f6n sidosryhmill\u00e4 on k\u00e4ytett\u00e4viss\u00e4\u00e4n riitt\u00e4v\u00e4t tiedot Yhti\u00f6n ja sen rahoitusv\u00e4lineiden arvonm\u00e4\u00e4rityksen tueksi.<\/p>\n\n\n\n<p>Orthexin p\u00f6rssitiedotteet julkaistaan samanaikaisesti Nasdaq Helsingille, keskeisille tiedotusv\u00e4lineille ja Yhti\u00f6n sijoittajasivuilla. Yhti\u00f6n julkistamat p\u00f6rssi- ja lehdist\u00f6tiedotteet ovat saatavilla Yhti\u00f6n sijoittajasivuilla v\u00e4hint\u00e4\u00e4n viisi vuotta niiden julkistamisesta. Taloudelliset raportit, selvitykset hallinto- ja ohjausj\u00e4rjestelm\u00e4st\u00e4 sek\u00e4 palkitsemisraportit ovat saatavilla v\u00e4hint\u00e4\u00e4n kymmenen vuoden ajan niiden julkaisusta.<\/p>\n\n\n\n<p>Muu olennainen aineisto, kuten esitykset sek\u00e4 webcast- ja puhelinkonferenssien tallenteet ovat saatavilla Yhti\u00f6n verkkosivuilla v\u00e4hint\u00e4\u00e4n viiden vuoden ajan.<\/p>\n\n\n\n<p>Yhti\u00f6 hy\u00f6dynt\u00e4\u00e4 sosiaalista mediaa viestinn\u00e4ss\u00e4\u00e4n. Sosiaalinen media ei kuitenkaan ole Yhti\u00f6n ensisijainen viestint\u00e4kanava tiedonantovelvollisuuden piiriin kuuluvan tiedon osalta.<\/p>\n\n\n\n<h2 class=\"wp-block-heading\">7.&nbsp;<strong>Sijoittaja-, analyytikko- ja mediasuhteet<\/strong><\/h2>\n\n\n\n<p>Orthex tapaa aktiivisesti p\u00e4\u00e4omamarkkinoiden ja median edustajia ja vastaa osakkeenomistajien, sijoittajien, analyytikkojen ja median kysymyksiin ilman aiheetonta viivytyst\u00e4. Toimitusjohtaja ja talousjohtaja vastaavat ensisijaisesti sijoittaja- ja analyytikkosuhteista. Konserniviestint\u00e4 koordinoi mediatapahtumia.<\/p>\n\n\n\n<p>Tapaamisten tavoitteena on antaa tietoa Orthexista ja sen toimintaymp\u00e4rist\u00f6st\u00e4. Keskustelut median ja p\u00e4\u00e4omamarkkinoiden edustajien kanssa perustuvat Yhti\u00f6n aiemmin julkaisemiin tai markkinoilla yleisesti saatavilla oleviin tietoihin. Niiss\u00e4 ei tuoda esille julkistamattomia tietoja tai t\u00e4ydent\u00e4vi\u00e4 tietoja, joilla voi olla vaikutusta Yhti\u00f6n rahoitusv\u00e4lineiden arvonmuodostukseen ja jotka voivat muodostaa sis\u00e4piiritietoa yhdess\u00e4 aiemmin julkistetun tiedon kanssa.<\/p>\n\n\n\n<p>Yhti\u00f6t\u00e4 seuraavat analyytikot ja n\u00e4iden arviot Yhti\u00f6st\u00e4 voidaan julkaista Yhti\u00f6n verkkosivuilla. Analyytikkojen mielipiteet, arviot tai ennusteet Yhti\u00f6n tuloksesta ovat analyytikoiden omia, eiv\u00e4tk\u00e4 ne edusta Yhti\u00f6n tai sen johdon mielipiteit\u00e4, arvioita tai ennusteita.<\/p>\n\n\n\n<p>Yhti\u00f6 voi pyydett\u00e4ess\u00e4 tarkastaa analyytikon laatiman analyysin tai raportin, mutta ainoastaan tosiasioiden paikkansapit\u00e4vyyden ja julkistettujen tietojen osalta. Yhti\u00f6 ei kommentoi p\u00e4\u00e4omamarkkinoiden edustajien tekemi\u00e4 arvioita tai ennusteita eik\u00e4 ota vastuuta niist\u00e4. Yhti\u00f6 ei kommentoi Yhti\u00f6n arvonmuodostusta tai Yhti\u00f6n rahoitusv\u00e4lineiden arvon kehityst\u00e4, suosi yksitt\u00e4ist\u00e4 analyytikkoa tai jaa analyytikkojen raportteja sijoitusyhteis\u00f6lle.<\/p>\n\n\n\n<h2 class=\"wp-block-heading\">8.&nbsp;<strong>Vastuut ja puhehenkil\u00f6t<\/strong><\/h2>\n\n\n\n<p>Hallitus k\u00e4sittelee ja hyv\u00e4ksyy tilinp\u00e4\u00e4t\u00f6ksen, hallituksen toimintakertomuksen, puolivuosikatsaukset ja osavuosikatsaukset. Hallitusta edustaa ensisijaisesti hallituksen puheenjohtaja.&nbsp;<\/p>\n\n\n\n<p>Hallitus hyv\u00e4ksyy s\u00e4\u00e4nn\u00f6llisen tiedonantovelvollisuuden piiriin kuuluvat raportit ja tiedotteet. Lis\u00e4ksi hallitus hyv\u00e4ksyy merkitt\u00e4v\u00e4t p\u00f6rssitiedotteet, kuten toimitusjohtajan nimitystiedotteen. Toimitusjohtaja, tai toissijaisesti talousjohtaja, hyv\u00e4ksyy sis\u00e4piiritiedon julkistamiseen liittyv\u00e4t ja muut p\u00f6rssitiedotteet.<\/p>\n\n\n\n<p>Lain mukaan Yhti\u00f6t\u00e4 edustaa hallitus kaikissa asioissa ja toimitusjohtaja kaikissa toimitusjohtajan toimivaltaan kuuluvissa asioissa. Toimitusjohtajalla, konsernin talousjohtajalla tai muulla toimitusjohtajan valtuuttamalla henkil\u00f6ll\u00e4 on oikeus antaa lausuntoja Orthexin puolesta. Talousjohtaja edustaa Yhti\u00f6t\u00e4 Yhti\u00f6n taloudellista kehityst\u00e4 koskevissa asioissa. Markkinointijohtaja vastaa ensisijaisesti mediasuhteista.<\/p>\n\n\n\n<p>Kriisitilanteissa viestint\u00e4\u00e4 johtaa toimitusjohtaja. Kriisiviestinn\u00e4st\u00e4 vastaavat siihen nimetyt henkil\u00f6t. Viestinn\u00e4n tavoitteena on tiedon jakaminen luotettavasti, nopeasti, selke\u00e4sti, proaktiivisesti ja avoimesti.<\/p>\n\n\n\n<h2 class=\"wp-block-heading\">9.&nbsp;<strong>Huhut ja tietovuodot<\/strong><\/h2>\n\n\n\n<p>Orthex ei kommentoi markkinahuhuja, osakekurssinsa kehityst\u00e4, asiakkaitaan tai kilpailijoitaan tai valmisteilla olevia liiketoimia ellei t\u00e4m\u00e4 ole v\u00e4ltt\u00e4m\u00e4t\u00f6nt\u00e4 olennaisten tai virheellisten tietojen oikaisemiseksi. Yhti\u00f6 voi harkita p\u00f6rssitiedotteen julkistamista oikaistakseen selv\u00e4sti virheellisi\u00e4 tai harhaanjohtavia tietoja, joilla on todenn\u00e4k\u00f6isesti merkitt\u00e4v\u00e4 vaikutus Yhti\u00f6n rahoitusv\u00e4lineiden arvonmuodostukseen.<\/p>\n\n\n\n<p>Jos luottamuksellista ja olennaista tietoa on vuotanut julkisuuteen tai sis\u00e4piiritiedon luottamuksellisuutta ei voida taata, Yhti\u00f6 julkistaa asian p\u00f6rssitiedotteena mahdollisimman pian.<\/p>\n\n\n\n<h2 class=\"wp-block-heading\">10.&nbsp;<strong>Hiljainen jakso<\/strong><\/h2>\n\n\n\n<p>Orthex noudattaa 30 p\u00e4iv\u00e4n hiljaista jaksoa ennen osavuosikatsauksen, puolivuosikatsauksen tai tilinp\u00e4\u00e4t\u00f6stiedotteen julkaisua. T\u00e4n\u00e4 aikana Yhti\u00f6 ei kommentoi medialle tai muille tahoille Yhti\u00f6n taloudellista tilaa, markkinoita tai tulevaisuuden n\u00e4kymi\u00e4. Hiljaisen jakson aikana Yhti\u00f6 ei tapaa p\u00e4\u00e4omamarkkinoiden edustajia.<\/p>\n\n\n\n<p>Jos jokin hiljaisen jakson aikainen tapahtuma edellytt\u00e4\u00e4 v\u00e4lit\u00f6nt\u00e4 julkistamista, Yhti\u00f6 julkistaa tiedot p\u00f6rssitiedotteena viipym\u00e4tt\u00e4, jonka j\u00e4lkeen se voi kommentoida kyseist\u00e4 tapahtumaa.<\/p>\n\n\n\n<h2 class=\"wp-block-heading\">11.&nbsp;<strong>Tulkinnat, poikkeamat ja yll\u00e4pito<\/strong><\/h2>\n\n\n\n<p>Toimitusjohtaja tai h\u00e4nen nime\u00e4m\u00e4ns\u00e4 henkil\u00f6 vastaa tiedonantopolitiikan valvonnasta ja tulkinnasta. Yksitt\u00e4istapauksissa ja painavista syist\u00e4 toimitusjohtajalla on oikeus poiketa tiedonantopolitiikasta lakien ja s\u00e4\u00e4nn\u00f6sten sallimissa rajoissa.<\/p>\n\n\n\n<p>Yhti\u00f6n hallitus p\u00e4\u00e4tt\u00e4\u00e4 tiedonantopolitiikan muuttamisesta. Johtoryhm\u00e4 voi tehd\u00e4 v\u00e4h\u00e4isi\u00e4 tai teknisluontoisia muutoksia t\u00e4h\u00e4n politiikkaan.<\/p>\n","protected":false},"excerpt":{"rendered":"<p>T\u00e4ss\u00e4 tiedonantopolitiikassa kuvataan Orthex Oyj:n (\u201dOrthex\u201d tai \u201dYhti\u00f6\u201d) keskeiset periaatteet Yhti\u00f6n arvonmuodostukseen vaikuttavien tietojen julkistamisesta&hellip;<\/p>\n","protected":false},"author":1,"featured_media":0,"parent":738,"menu_order":0,"comment_status":"closed","ping_status":"closed","template":"","meta":{"_acf_changed":false,"footnotes":""},"class_list":["post-741","page","type-page","status-publish","hentry"],"acf":[],"yoast_head":"<!-- This site is optimized with the Yoast SEO plugin v27.1.1 - https:\/\/yoast.com\/product\/yoast-seo-wordpress\/ -->\n<title>Orthexin tiedonantopolitiikka - Orthex Group<\/title>\n<meta name=\"description\" content=\"Tutustu Orthexin tiedonantopolitiikkaan. Varmistamme avoimen, s\u00e4\u00e4nn\u00f6llisen ja tasapuolisen tiedon jakamisen markkinoille.\" \/>\n<meta name=\"robots\" content=\"index, follow, max-snippet:-1, max-image-preview:large, max-video-preview:-1\" \/>\n<link rel=\"canonical\" href=\"https:\/\/investors.orthexgroup.com\/fi\/sijoittajasuhteet\/tiedonantopolitiikka\/\" \/>\n<meta property=\"og:locale\" content=\"fi_FI\" \/>\n<meta property=\"og:type\" content=\"article\" \/>\n<meta property=\"og:title\" content=\"Orthexin tiedonantopolitiikka - Orthex Group\" \/>\n<meta property=\"og:description\" content=\"Tutustu Orthexin tiedonantopolitiikkaan. Varmistamme avoimen, s\u00e4\u00e4nn\u00f6llisen ja tasapuolisen tiedon jakamisen markkinoille.\" \/>\n<meta property=\"og:url\" content=\"https:\/\/investors.orthexgroup.com\/fi\/sijoittajasuhteet\/tiedonantopolitiikka\/\" \/>\n<meta property=\"og:site_name\" content=\"Orthex Group\" \/>\n<meta property=\"article:modified_time\" content=\"2025-08-05T08:59:24+00:00\" \/>\n<meta name=\"twitter:card\" content=\"summary_large_image\" \/>\n<meta name=\"twitter:label1\" content=\"Arvioitu lukuaika\" \/>\n\t<meta name=\"twitter:data1\" content=\"6 minuuttia\" \/>\n<script type=\"application\/ld+json\" class=\"yoast-schema-graph\">{\"@context\":\"https:\/\/schema.org\",\"@graph\":[{\"@type\":\"WebPage\",\"@id\":\"https:\/\/investors.orthexgroup.com\/fi\/sijoittajasuhteet\/tiedonantopolitiikka\/\",\"url\":\"https:\/\/investors.orthexgroup.com\/fi\/sijoittajasuhteet\/tiedonantopolitiikka\/\",\"name\":\"Orthexin tiedonantopolitiikka - Orthex Group\",\"isPartOf\":{\"@id\":\"https:\/\/investors.orthexgroup.com\/fi\/#website\"},\"datePublished\":\"2021-03-25T08:23:40+00:00\",\"dateModified\":\"2025-08-05T08:59:24+00:00\",\"description\":\"Tutustu Orthexin tiedonantopolitiikkaan. Varmistamme avoimen, s\u00e4\u00e4nn\u00f6llisen ja tasapuolisen tiedon jakamisen markkinoille.\",\"breadcrumb\":{\"@id\":\"https:\/\/investors.orthexgroup.com\/fi\/sijoittajasuhteet\/tiedonantopolitiikka\/#breadcrumb\"},\"inLanguage\":\"fi\",\"potentialAction\":[{\"@type\":\"ReadAction\",\"target\":[\"https:\/\/investors.orthexgroup.com\/fi\/sijoittajasuhteet\/tiedonantopolitiikka\/\"]}]},{\"@type\":\"BreadcrumbList\",\"@id\":\"https:\/\/investors.orthexgroup.com\/fi\/sijoittajasuhteet\/tiedonantopolitiikka\/#breadcrumb\",\"itemListElement\":[{\"@type\":\"ListItem\",\"position\":1,\"name\":\"Etusivu\",\"item\":\"https:\/\/investors.orthexgroup.com\/fi\/\"},{\"@type\":\"ListItem\",\"position\":2,\"name\":\"Sijoittajasuhteet\",\"item\":\"https:\/\/investors.orthexgroup.com\/fi\/sijoittajasuhteet\/\"},{\"@type\":\"ListItem\",\"position\":3,\"name\":\"Orthexin tiedonantopolitiikka\"}]},{\"@type\":\"WebSite\",\"@id\":\"https:\/\/investors.orthexgroup.com\/fi\/#website\",\"url\":\"https:\/\/investors.orthexgroup.com\/fi\/\",\"name\":\"Orthex Group\",\"description\":\"Tietoa Orthex Group Oyn listautumisannista\",\"publisher\":{\"@id\":\"https:\/\/investors.orthexgroup.com\/fi\/#organization\"},\"potentialAction\":[{\"@type\":\"SearchAction\",\"target\":{\"@type\":\"EntryPoint\",\"urlTemplate\":\"https:\/\/investors.orthexgroup.com\/fi\/?s={search_term_string}\"},\"query-input\":{\"@type\":\"PropertyValueSpecification\",\"valueRequired\":true,\"valueName\":\"search_term_string\"}}],\"inLanguage\":\"fi\"},{\"@type\":\"Organization\",\"@id\":\"https:\/\/investors.orthexgroup.com\/fi\/#organization\",\"name\":\"Orthex Group\",\"url\":\"https:\/\/investors.orthexgroup.com\/fi\/\",\"logo\":{\"@type\":\"ImageObject\",\"inLanguage\":\"fi\",\"@id\":\"https:\/\/investors.orthexgroup.com\/fi\/#\/schema\/logo\/image\/\",\"url\":\"https:\/\/investors.orthexgroup.com\/wp-content\/uploads\/2021\/01\/orthex-group-logo.svg\",\"contentUrl\":\"https:\/\/investors.orthexgroup.com\/wp-content\/uploads\/2021\/01\/orthex-group-logo.svg\",\"width\":129,\"height\":57,\"caption\":\"Orthex Group\"},\"image\":{\"@id\":\"https:\/\/investors.orthexgroup.com\/fi\/#\/schema\/logo\/image\/\"}}]}<\/script>\n<!-- \/ Yoast SEO plugin. -->","yoast_head_json":{"title":"Orthexin tiedonantopolitiikka - Orthex Group","description":"Tutustu Orthexin tiedonantopolitiikkaan. Varmistamme avoimen, s\u00e4\u00e4nn\u00f6llisen ja tasapuolisen tiedon jakamisen markkinoille.","robots":{"index":"index","follow":"follow","max-snippet":"max-snippet:-1","max-image-preview":"max-image-preview:large","max-video-preview":"max-video-preview:-1"},"canonical":"https:\/\/investors.orthexgroup.com\/fi\/sijoittajasuhteet\/tiedonantopolitiikka\/","og_locale":"fi_FI","og_type":"article","og_title":"Orthexin tiedonantopolitiikka - Orthex Group","og_description":"Tutustu Orthexin tiedonantopolitiikkaan. Varmistamme avoimen, s\u00e4\u00e4nn\u00f6llisen ja tasapuolisen tiedon jakamisen markkinoille.","og_url":"https:\/\/investors.orthexgroup.com\/fi\/sijoittajasuhteet\/tiedonantopolitiikka\/","og_site_name":"Orthex Group","article_modified_time":"2025-08-05T08:59:24+00:00","twitter_card":"summary_large_image","twitter_misc":{"Arvioitu lukuaika":"6 minuuttia"},"schema":{"@context":"https:\/\/schema.org","@graph":[{"@type":"WebPage","@id":"https:\/\/investors.orthexgroup.com\/fi\/sijoittajasuhteet\/tiedonantopolitiikka\/","url":"https:\/\/investors.orthexgroup.com\/fi\/sijoittajasuhteet\/tiedonantopolitiikka\/","name":"Orthexin tiedonantopolitiikka - Orthex Group","isPartOf":{"@id":"https:\/\/investors.orthexgroup.com\/fi\/#website"},"datePublished":"2021-03-25T08:23:40+00:00","dateModified":"2025-08-05T08:59:24+00:00","description":"Tutustu Orthexin tiedonantopolitiikkaan. Varmistamme avoimen, s\u00e4\u00e4nn\u00f6llisen ja tasapuolisen tiedon jakamisen markkinoille.","breadcrumb":{"@id":"https:\/\/investors.orthexgroup.com\/fi\/sijoittajasuhteet\/tiedonantopolitiikka\/#breadcrumb"},"inLanguage":"fi","potentialAction":[{"@type":"ReadAction","target":["https:\/\/investors.orthexgroup.com\/fi\/sijoittajasuhteet\/tiedonantopolitiikka\/"]}]},{"@type":"BreadcrumbList","@id":"https:\/\/investors.orthexgroup.com\/fi\/sijoittajasuhteet\/tiedonantopolitiikka\/#breadcrumb","itemListElement":[{"@type":"ListItem","position":1,"name":"Etusivu","item":"https:\/\/investors.orthexgroup.com\/fi\/"},{"@type":"ListItem","position":2,"name":"Sijoittajasuhteet","item":"https:\/\/investors.orthexgroup.com\/fi\/sijoittajasuhteet\/"},{"@type":"ListItem","position":3,"name":"Orthexin tiedonantopolitiikka"}]},{"@type":"WebSite","@id":"https:\/\/investors.orthexgroup.com\/fi\/#website","url":"https:\/\/investors.orthexgroup.com\/fi\/","name":"Orthex Group","description":"Tietoa Orthex Group Oyn listautumisannista","publisher":{"@id":"https:\/\/investors.orthexgroup.com\/fi\/#organization"},"potentialAction":[{"@type":"SearchAction","target":{"@type":"EntryPoint","urlTemplate":"https:\/\/investors.orthexgroup.com\/fi\/?s={search_term_string}"},"query-input":{"@type":"PropertyValueSpecification","valueRequired":true,"valueName":"search_term_string"}}],"inLanguage":"fi"},{"@type":"Organization","@id":"https:\/\/investors.orthexgroup.com\/fi\/#organization","name":"Orthex Group","url":"https:\/\/investors.orthexgroup.com\/fi\/","logo":{"@type":"ImageObject","inLanguage":"fi","@id":"https:\/\/investors.orthexgroup.com\/fi\/#\/schema\/logo\/image\/","url":"https:\/\/investors.orthexgroup.com\/wp-content\/uploads\/2021\/01\/orthex-group-logo.svg","contentUrl":"https:\/\/investors.orthexgroup.com\/wp-content\/uploads\/2021\/01\/orthex-group-logo.svg","width":129,"height":57,"caption":"Orthex Group"},"image":{"@id":"https:\/\/investors.orthexgroup.com\/fi\/#\/schema\/logo\/image\/"}}]}},"_links":{"self":[{"href":"https:\/\/investors.orthexgroup.com\/fi\/wp-json\/wp\/v2\/pages\/741","targetHints":{"allow":["GET"]}}],"collection":[{"href":"https:\/\/investors.orthexgroup.com\/fi\/wp-json\/wp\/v2\/pages"}],"about":[{"href":"https:\/\/investors.orthexgroup.com\/fi\/wp-json\/wp\/v2\/types\/page"}],"author":[{"embeddable":true,"href":"https:\/\/investors.orthexgroup.com\/fi\/wp-json\/wp\/v2\/users\/1"}],"replies":[{"embeddable":true,"href":"https:\/\/investors.orthexgroup.com\/fi\/wp-json\/wp\/v2\/comments?post=741"}],"version-history":[{"count":5,"href":"https:\/\/investors.orthexgroup.com\/fi\/wp-json\/wp\/v2\/pages\/741\/revisions"}],"predecessor-version":[{"id":5907,"href":"https:\/\/investors.orthexgroup.com\/fi\/wp-json\/wp\/v2\/pages\/741\/revisions\/5907"}],"up":[{"embeddable":true,"href":"https:\/\/investors.orthexgroup.com\/fi\/wp-json\/wp\/v2\/pages\/738"}],"wp:attachment":[{"href":"https:\/\/investors.orthexgroup.com\/fi\/wp-json\/wp\/v2\/media?parent=741"}],"curies":[{"name":"wp","href":"https:\/\/api.w.org\/{rel}","templated":true}]}}