{"id":742,"date":"2021-03-30T15:04:19","date_gmt":"2021-03-30T12:04:19","guid":{"rendered":"https:\/\/investors.orthexgroup.com\/?page_id=742"},"modified":"2026-04-08T11:15:47","modified_gmt":"2026-04-08T08:15:47","slug":"sijoittajakalenteri","status":"publish","type":"page","link":"https:\/\/investors.orthexgroup.com\/fi\/sijoittajasuhteet\/sijoittajakalenteri\/","title":{"rendered":"Orthexin sijoittajakalenteri"},"content":{"rendered":"\n<h3 class=\"wp-block-heading\">Taloudellinen tiedottaminen vuonna 2026<\/h3>\n\n\n\n<figure class=\"wp-block-table is-style-blue-table\"><table><thead><tr><th>Ajankohta<\/th><th>Tapahtuma<\/th><\/tr><\/thead><tbody><tr><td>3.2.-4.3.2026<\/td><td>Hiljainen jakso<\/td><\/tr><tr><td>17.2.2026<\/td><td>Osakkeenomistaja voi vaatia yhti\u00f6kokoukselle kuuluvan asian sis\u00e4llytt\u00e4mist\u00e4<br>yhti\u00f6kokouksen esityslistalle. Jotta vaatimus huomioidaan, se tulee toimittaa<br>kirjallisesti yhti\u00f6n hallitukselle l\u00e4hett\u00e4m\u00e4ll\u00e4 s\u00e4hk\u00f6posti osoitteeseen<br>ir(at)orthexgroup.com viimeist\u00e4\u00e4n 17. helmikuuta 2026.&nbsp;&nbsp;<\/td><\/tr><tr><td>5.3.2026<\/td><td>Tilinp\u00e4\u00e4t\u00f6stiedote vuodelta 2025<\/td><\/tr><tr><td>17.3.2026<\/td><td>Vuosi- ja vastuullisuusraportti 2025<\/td><\/tr><tr><td>14.4.2026<\/td><td>Orthex Oyj:n varsinainen yhti\u00f6kokous 2026 <\/td><\/tr><tr><td>7.4.-6.5.2026<\/td><td>Hiljainen jakso<\/td><\/tr><tr><td>7.5.2026<\/td><td>Osavuosikatsaus tammi-maaliskuu 2026<\/td><\/tr><tr><td>19.7.-17.8.2026<\/td><td>Hiljainen jakso<\/td><\/tr><tr><td>18.8.2026<\/td><td>Puolivuosikatsaus tammi-kes\u00e4kuu 2026<\/td><\/tr><tr><td>6.10.-4.11.2026<\/td><td>Hiljainen jakso<\/td><\/tr><tr><td>5.11.2026<\/td><td>Osavuosikatsaus tammi-syyskuu 2026<\/td><\/tr><\/tbody><\/table><\/figure>\n\n\n\n<h3 class=\"wp-block-heading\">Taloudellinen tiedottaminen vuonna 2025<\/h3>\n\n\n\n<figure class=\"wp-block-table is-style-blue-table\"><table><thead><tr><th>Ajankohta<\/th><th>Tapahtuma<\/th><\/tr><\/thead><tbody><tr><td>10.2.-11.3.2025<\/td><td>Hiljainen jakso<\/td><\/tr><tr><td>12.2.2025<\/td><td>Osakkeenomistaja voi vaatia yhti\u00f6kokoukselle kuuluvan asian sis\u00e4llytt\u00e4mist\u00e4<br>yhti\u00f6kokouksen esityslistalle. Jotta vaatimus huomioidaan, se tulee toimittaa<br>kirjallisesti yhti\u00f6n hallitukselle l\u00e4hett\u00e4m\u00e4ll\u00e4 s\u00e4hk\u00f6posti osoitteeseen<br>ir(at)orthexgroup.com viimeist\u00e4\u00e4n 12. helmikuuta 2025.&nbsp;&nbsp;<\/td><\/tr><tr><td>12.3.2025<\/td><td>Tilinp\u00e4\u00e4t\u00f6stiedote vuodelta 2024<\/td><\/tr><tr><td>Viikko 13\/2025<\/td><td>Vuosi- ja vastuullisuusraportti 2024<\/td><\/tr><tr><td>15.4.-14.5.2025<\/td><td>Hiljainen jakso<\/td><\/tr><tr><td>29.4.2025<\/td><td>Orthex Oyj:n varsinainen yhti\u00f6kokous<\/td><\/tr><tr><td>15.5.2025<\/td><td>Osavuosikatsaus tammi-maaliskuu 2025<\/td><\/tr><tr><td>22.7.-20.8.2025<\/td><td>Hiljainen jakso<\/td><\/tr><tr><td>21.8.2025<\/td><td>Puolivuosikatsaus tammi-kes\u00e4kuu 2025<\/td><\/tr><tr><td>14.10.-12.11.2025<\/td><td>Hiljainen jakso<\/td><\/tr><tr><td>13.11.2025<\/td><td>Osavuosikatsaus tammi-syyskuu 2025<\/td><\/tr><\/tbody><\/table><\/figure>\n\n\n\n<p><\/p>\n","protected":false},"excerpt":{"rendered":"<p>Taloudellinen tiedottaminen vuonna 2026 Ajankohta Tapahtuma 3.2.-4.3.2026 Hiljainen jakso 17.2.2026 Osakkeenomistaja voi vaatia yhti\u00f6kokoukselle kuuluvan&hellip;<\/p>\n","protected":false},"author":1,"featured_media":0,"parent":738,"menu_order":0,"comment_status":"closed","ping_status":"closed","template":"","meta":{"_acf_changed":false,"footnotes":""},"class_list":["post-742","page","type-page","status-publish","hentry"],"acf":[],"yoast_head":"<!-- This site is optimized with the Yoast SEO plugin v27.1.1 - https:\/\/yoast.com\/product\/yoast-seo-wordpress\/ -->\n<title>Orthexin sijoittajakalenteri - Orthex Group<\/title>\n<meta name=\"description\" content=\"Tutustu Orthexin sijoittajakalenteriin. Kaikki t\u00e4rke\u00e4t p\u00e4iv\u00e4m\u00e4\u00e4r\u00e4t, kuten tulosjulkistukset ja yhti\u00f6kokoukset, yhteen koottuna.\" \/>\n<meta name=\"robots\" content=\"index, follow, max-snippet:-1, max-image-preview:large, max-video-preview:-1\" \/>\n<link rel=\"canonical\" href=\"https:\/\/investors.orthexgroup.com\/fi\/sijoittajasuhteet\/sijoittajakalenteri\/\" \/>\n<meta property=\"og:locale\" content=\"fi_FI\" \/>\n<meta property=\"og:type\" content=\"article\" \/>\n<meta property=\"og:title\" content=\"Orthexin sijoittajakalenteri - Orthex Group\" \/>\n<meta property=\"og:description\" content=\"Tutustu Orthexin sijoittajakalenteriin. Kaikki t\u00e4rke\u00e4t p\u00e4iv\u00e4m\u00e4\u00e4r\u00e4t, kuten tulosjulkistukset ja yhti\u00f6kokoukset, yhteen koottuna.\" \/>\n<meta property=\"og:url\" content=\"https:\/\/investors.orthexgroup.com\/fi\/sijoittajasuhteet\/sijoittajakalenteri\/\" \/>\n<meta property=\"og:site_name\" content=\"Orthex Group\" \/>\n<meta property=\"article:modified_time\" content=\"2026-04-08T08:15:47+00:00\" \/>\n<meta name=\"twitter:card\" content=\"summary_large_image\" \/>\n<meta name=\"twitter:label1\" content=\"Arvioitu lukuaika\" \/>\n\t<meta name=\"twitter:data1\" content=\"1 minuutti\" \/>\n<script type=\"application\/ld+json\" class=\"yoast-schema-graph\">{\"@context\":\"https:\/\/schema.org\",\"@graph\":[{\"@type\":\"WebPage\",\"@id\":\"https:\/\/investors.orthexgroup.com\/fi\/sijoittajasuhteet\/sijoittajakalenteri\/\",\"url\":\"https:\/\/investors.orthexgroup.com\/fi\/sijoittajasuhteet\/sijoittajakalenteri\/\",\"name\":\"Orthexin sijoittajakalenteri - Orthex Group\",\"isPartOf\":{\"@id\":\"https:\/\/investors.orthexgroup.com\/fi\/#website\"},\"datePublished\":\"2021-03-30T12:04:19+00:00\",\"dateModified\":\"2026-04-08T08:15:47+00:00\",\"description\":\"Tutustu Orthexin sijoittajakalenteriin. Kaikki t\u00e4rke\u00e4t p\u00e4iv\u00e4m\u00e4\u00e4r\u00e4t, kuten tulosjulkistukset ja yhti\u00f6kokoukset, yhteen koottuna.\",\"breadcrumb\":{\"@id\":\"https:\/\/investors.orthexgroup.com\/fi\/sijoittajasuhteet\/sijoittajakalenteri\/#breadcrumb\"},\"inLanguage\":\"fi\",\"potentialAction\":[{\"@type\":\"ReadAction\",\"target\":[\"https:\/\/investors.orthexgroup.com\/fi\/sijoittajasuhteet\/sijoittajakalenteri\/\"]}]},{\"@type\":\"BreadcrumbList\",\"@id\":\"https:\/\/investors.orthexgroup.com\/fi\/sijoittajasuhteet\/sijoittajakalenteri\/#breadcrumb\",\"itemListElement\":[{\"@type\":\"ListItem\",\"position\":1,\"name\":\"Etusivu\",\"item\":\"https:\/\/investors.orthexgroup.com\/fi\/\"},{\"@type\":\"ListItem\",\"position\":2,\"name\":\"Sijoittajasuhteet\",\"item\":\"https:\/\/investors.orthexgroup.com\/fi\/sijoittajasuhteet\/\"},{\"@type\":\"ListItem\",\"position\":3,\"name\":\"Orthexin sijoittajakalenteri\"}]},{\"@type\":\"WebSite\",\"@id\":\"https:\/\/investors.orthexgroup.com\/fi\/#website\",\"url\":\"https:\/\/investors.orthexgroup.com\/fi\/\",\"name\":\"Orthex Group\",\"description\":\"Tietoa Orthex Group Oyn listautumisannista\",\"publisher\":{\"@id\":\"https:\/\/investors.orthexgroup.com\/fi\/#organization\"},\"potentialAction\":[{\"@type\":\"SearchAction\",\"target\":{\"@type\":\"EntryPoint\",\"urlTemplate\":\"https:\/\/investors.orthexgroup.com\/fi\/?s={search_term_string}\"},\"query-input\":{\"@type\":\"PropertyValueSpecification\",\"valueRequired\":true,\"valueName\":\"search_term_string\"}}],\"inLanguage\":\"fi\"},{\"@type\":\"Organization\",\"@id\":\"https:\/\/investors.orthexgroup.com\/fi\/#organization\",\"name\":\"Orthex Group\",\"url\":\"https:\/\/investors.orthexgroup.com\/fi\/\",\"logo\":{\"@type\":\"ImageObject\",\"inLanguage\":\"fi\",\"@id\":\"https:\/\/investors.orthexgroup.com\/fi\/#\/schema\/logo\/image\/\",\"url\":\"https:\/\/investors.orthexgroup.com\/wp-content\/uploads\/2021\/01\/orthex-group-logo.svg\",\"contentUrl\":\"https:\/\/investors.orthexgroup.com\/wp-content\/uploads\/2021\/01\/orthex-group-logo.svg\",\"width\":129,\"height\":57,\"caption\":\"Orthex Group\"},\"image\":{\"@id\":\"https:\/\/investors.orthexgroup.com\/fi\/#\/schema\/logo\/image\/\"}}]}<\/script>\n<!-- \/ Yoast SEO plugin. -->","yoast_head_json":{"title":"Orthexin sijoittajakalenteri - Orthex Group","description":"Tutustu Orthexin sijoittajakalenteriin. Kaikki t\u00e4rke\u00e4t p\u00e4iv\u00e4m\u00e4\u00e4r\u00e4t, kuten tulosjulkistukset ja yhti\u00f6kokoukset, yhteen koottuna.","robots":{"index":"index","follow":"follow","max-snippet":"max-snippet:-1","max-image-preview":"max-image-preview:large","max-video-preview":"max-video-preview:-1"},"canonical":"https:\/\/investors.orthexgroup.com\/fi\/sijoittajasuhteet\/sijoittajakalenteri\/","og_locale":"fi_FI","og_type":"article","og_title":"Orthexin sijoittajakalenteri - Orthex Group","og_description":"Tutustu Orthexin sijoittajakalenteriin. Kaikki t\u00e4rke\u00e4t p\u00e4iv\u00e4m\u00e4\u00e4r\u00e4t, kuten tulosjulkistukset ja yhti\u00f6kokoukset, yhteen koottuna.","og_url":"https:\/\/investors.orthexgroup.com\/fi\/sijoittajasuhteet\/sijoittajakalenteri\/","og_site_name":"Orthex Group","article_modified_time":"2026-04-08T08:15:47+00:00","twitter_card":"summary_large_image","twitter_misc":{"Arvioitu lukuaika":"1 minuutti"},"schema":{"@context":"https:\/\/schema.org","@graph":[{"@type":"WebPage","@id":"https:\/\/investors.orthexgroup.com\/fi\/sijoittajasuhteet\/sijoittajakalenteri\/","url":"https:\/\/investors.orthexgroup.com\/fi\/sijoittajasuhteet\/sijoittajakalenteri\/","name":"Orthexin sijoittajakalenteri - Orthex Group","isPartOf":{"@id":"https:\/\/investors.orthexgroup.com\/fi\/#website"},"datePublished":"2021-03-30T12:04:19+00:00","dateModified":"2026-04-08T08:15:47+00:00","description":"Tutustu Orthexin sijoittajakalenteriin. Kaikki t\u00e4rke\u00e4t p\u00e4iv\u00e4m\u00e4\u00e4r\u00e4t, kuten tulosjulkistukset ja yhti\u00f6kokoukset, yhteen koottuna.","breadcrumb":{"@id":"https:\/\/investors.orthexgroup.com\/fi\/sijoittajasuhteet\/sijoittajakalenteri\/#breadcrumb"},"inLanguage":"fi","potentialAction":[{"@type":"ReadAction","target":["https:\/\/investors.orthexgroup.com\/fi\/sijoittajasuhteet\/sijoittajakalenteri\/"]}]},{"@type":"BreadcrumbList","@id":"https:\/\/investors.orthexgroup.com\/fi\/sijoittajasuhteet\/sijoittajakalenteri\/#breadcrumb","itemListElement":[{"@type":"ListItem","position":1,"name":"Etusivu","item":"https:\/\/investors.orthexgroup.com\/fi\/"},{"@type":"ListItem","position":2,"name":"Sijoittajasuhteet","item":"https:\/\/investors.orthexgroup.com\/fi\/sijoittajasuhteet\/"},{"@type":"ListItem","position":3,"name":"Orthexin sijoittajakalenteri"}]},{"@type":"WebSite","@id":"https:\/\/investors.orthexgroup.com\/fi\/#website","url":"https:\/\/investors.orthexgroup.com\/fi\/","name":"Orthex Group","description":"Tietoa Orthex Group Oyn listautumisannista","publisher":{"@id":"https:\/\/investors.orthexgroup.com\/fi\/#organization"},"potentialAction":[{"@type":"SearchAction","target":{"@type":"EntryPoint","urlTemplate":"https:\/\/investors.orthexgroup.com\/fi\/?s={search_term_string}"},"query-input":{"@type":"PropertyValueSpecification","valueRequired":true,"valueName":"search_term_string"}}],"inLanguage":"fi"},{"@type":"Organization","@id":"https:\/\/investors.orthexgroup.com\/fi\/#organization","name":"Orthex Group","url":"https:\/\/investors.orthexgroup.com\/fi\/","logo":{"@type":"ImageObject","inLanguage":"fi","@id":"https:\/\/investors.orthexgroup.com\/fi\/#\/schema\/logo\/image\/","url":"https:\/\/investors.orthexgroup.com\/wp-content\/uploads\/2021\/01\/orthex-group-logo.svg","contentUrl":"https:\/\/investors.orthexgroup.com\/wp-content\/uploads\/2021\/01\/orthex-group-logo.svg","width":129,"height":57,"caption":"Orthex Group"},"image":{"@id":"https:\/\/investors.orthexgroup.com\/fi\/#\/schema\/logo\/image\/"}}]}},"_links":{"self":[{"href":"https:\/\/investors.orthexgroup.com\/fi\/wp-json\/wp\/v2\/pages\/742","targetHints":{"allow":["GET"]}}],"collection":[{"href":"https:\/\/investors.orthexgroup.com\/fi\/wp-json\/wp\/v2\/pages"}],"about":[{"href":"https:\/\/investors.orthexgroup.com\/fi\/wp-json\/wp\/v2\/types\/page"}],"author":[{"embeddable":true,"href":"https:\/\/investors.orthexgroup.com\/fi\/wp-json\/wp\/v2\/users\/1"}],"replies":[{"embeddable":true,"href":"https:\/\/investors.orthexgroup.com\/fi\/wp-json\/wp\/v2\/comments?post=742"}],"version-history":[{"count":9,"href":"https:\/\/investors.orthexgroup.com\/fi\/wp-json\/wp\/v2\/pages\/742\/revisions"}],"predecessor-version":[{"id":6534,"href":"https:\/\/investors.orthexgroup.com\/fi\/wp-json\/wp\/v2\/pages\/742\/revisions\/6534"}],"up":[{"embeddable":true,"href":"https:\/\/investors.orthexgroup.com\/fi\/wp-json\/wp\/v2\/pages\/738"}],"wp:attachment":[{"href":"https:\/\/investors.orthexgroup.com\/fi\/wp-json\/wp\/v2\/media?parent=742"}],"curies":[{"name":"wp","href":"https:\/\/api.w.org\/{rel}","templated":true}]}}