{"id":745,"date":"2021-03-25T16:33:04","date_gmt":"2021-03-25T14:33:04","guid":{"rendered":"https:\/\/investors.orthexgroup.com\/?page_id=745"},"modified":"2025-07-11T16:01:14","modified_gmt":"2025-07-11T13:01:14","slug":"media","status":"publish","type":"page","link":"https:\/\/investors.orthexgroup.com\/fi\/media\/","title":{"rendered":"Media"},"content":{"rendered":"\n<div class=\"custom-block newsletter-form-block\" id=\"newsletter\">\n    <div class=\"container\">\n        <div class=\"row\"><h2 class=\"form-title col-12\">Tilaa tiedotteet s\u00e4hk\u00f6postiisi<\/h2><\/div>\n            <form class=\"newsletter-form row\" method=\"post\" action=\"https:\/\/publish.ne.cision.com\/Subscription\/SubscribeWithCaptcha\" name=\"PageForm\">\n                                <input type=\"hidden\" name=\"subscriptionUniqueIdentifier\" value=\"30a33a62cc\" \/>\n                \n                                <input type=\"hidden\" name=\"Replylanguage\" value=\"fi\">\n\n                                <input type=\"hidden\" name=\"redirectUrlSubscriptionSuccess\" value=\"https:\/\/investors.orthexgroup.com\/fi\/wp-json\/wp\/v2\/pages\/745?sub=success\" \/>\n                <input type=\"hidden\" name=\"redirectUrlSubscriptionFailed\" value=\"https:\/\/investors.orthexgroup.com\/fi\/wp-json\/wp\/v2\/pages\/745\" \/>\n\n                                <div class=\"col-md-6 col-lg-4\">\n                    <div class=\"form-check\">\n                        <input type=\"checkbox\" class=\"form-check-input\" name=\"Language\" value=\"en\" id=\"LanguageEn\" \/>\n                        <label class=\"form-check-label\" for=\"LanguageEn\">Englanniksi<\/label>\n                    <\/div>\n                    <div class=\"form-check\">\n                        <input type=\"checkbox\" class=\"form-check-input\" name=\"Language\" value=\"fi\" id=\"LanguageFi\" \/>\n                        <label class=\"form-check-label\" for=\"LanguageFi\">Suomeksi<\/label>\n                    <\/div>\n                <\/div>\n\n                                <div class=\"col-md-6 col-lg-4\">\n                    <div class=\"form-check\">\n                        <input type=\"checkbox\" class=\"form-check-input\" name=\"customcategory\" value=\"066d132f,99dea7dd,636c802e,5e377580,61229a6b\" id=\"category_0\" \/>\n                        <label class=\"form-check-label\" for=\"category_0\">Kaikki tiedotteet<\/label>\n                    <\/div>\n                    <div class=\"form-check\">\n                        <input type=\"checkbox\" class=\"form-check-input\" name=\"customcategory\" value=\"066d132f\" id=\"category_1\" \/>\n                        <label class=\"form-check-label\" for=\"category_1\">P\u00f6rssitiedotteet<\/label>\n                    <\/div>\n                    <div class=\"form-check\">\n                        <input type=\"checkbox\" class=\"form-check-input\" name=\"customcategory\" value=\"99dea7dd\" id=\"category_2\" \/>\n                        <label class=\"form-check-label\" for=\"category_2\">Johdon liiketoimet<\/label>\n                    <\/div>\n                    <div class=\"form-check\">\n                        <input type=\"checkbox\" class=\"form-check-input\" name=\"customcategory\" value=\"636c802e\" id=\"category_3\" \/>\n                        <label class=\"form-check-label\" for=\"category_3\">Liputusilmoitukset<\/label>\n                    <\/div>\n                    <div class=\"form-check\">\n                        <input type=\"checkbox\" class=\"form-check-input\" name=\"customcategory\" value=\"5e377580\" id=\"category_4\" \/>\n                        <label class=\"form-check-label\" for=\"category_4\">Lehdist\u00f6tiedotteet<\/label>\n                    <\/div>\n                    <!-- <div class=\"form-check\">\n                        <input type=\"checkbox\" class=\"form-check-input\" name=\"customcategory\" value=\"61229a6b\" id=\"category_5\" \/>\n                        <label class=\"form-check-label\" for=\"category_5\"><\/label>\n                    <\/div> -->\n                <\/div>\n\n\n                <div class=\"col-lg-8 text-wrap\">\n                                        <div class=\"form-group row align-items-center\">\n                        <label for=\"name\" class=\"col-md-3 col-form-label\">Nimi<\/label>\n                        <div class=\"col-md-9\">\n                            <input type=\"text\" name=\"Name\" class=\"form-control\" placeholder=\"Etunimi Sukunimi\" size=\"30\" id=\"name\" \/>\n                        <\/div>\n                    <\/div>\n                    \n                                        <div class=\"form-group row align-items-center\">\n                        <label for=\"email\" class=\"col-md-3 col-form-label\">S\u00e4hk\u00f6posti*<\/label>\n                        <div class=\"col-md-9\">\n                            <input type=\"text\" name=\"Email\" placeholder=\"etunimi.sukunimi@email.com\" id=\"email\" class=\"form-control\" required \/>\n                        <\/div>\n                    <\/div>\n                <\/div>\n\n                                <div class=\"col-12\">\n                    <div class=\"g-recaptcha\" data-sitekey=\"6LfZkqIaAAAAAO7YNwzVdgOBmiSUFbaa7WO9tk8A\" data-callback=\"recaptchaCallback\" data-hl=\"en\"><\/div>\n                                            <br>\n                        <div class=\"form-check\">\n                            <input type=\"checkbox\" class=\"form-check-input\" name=\"privacyPolicy\" id=\"privacyPolicy\" required onclick=\"privacyChange();\"\/>\n                            <label class=\"form-check-label\" for=\"privacyPolicy\">\n                            Olen lukenut ja hyv\u00e4ksyn <a href=\"https:\/\/investors.orthexgroup.com\/fi\/tietosuoja\/\" target=\"_blank\">tietosuojaselosteen<\/a>.                            <\/label>\n                        <\/div>\n                                        <button type=\"submit\" disabled class=\"button submitBtn\">L\u00e4het\u00e4<\/button>\n                <\/div>\n            <\/form>\n            <script>\n                let privacy = false;\n                let recaptcha = false;\n                \n                function recaptchaCallback() {\n                    recaptcha = true;\n                    handleButton();\n                };\n                \n                function privacyChange() {\n                    privacy = !privacy;\n                    handleButton();\n                };\n                \n                function handleButton() {\n                    if(privacy && recaptcha) {\n                        jQuery('.submitBtn').removeAttr('disabled');\n                    }\n                    else {\n                        jQuery('.submitBtn').attr('disabled', 'disabled');\n                    }\n                }\n            <\/script>\n            <\/div>\n<\/div>\n","protected":false},"excerpt":{"rendered":"","protected":false},"author":1,"featured_media":0,"parent":0,"menu_order":0,"comment_status":"closed","ping_status":"closed","template":"page-releases.php","meta":{"_acf_changed":false,"footnotes":""},"class_list":["post-745","page","type-page","status-publish","hentry"],"acf":[],"yoast_head":"<!-- This site is optimized with the Yoast SEO plugin v27.1.1 - https:\/\/yoast.com\/product\/yoast-seo-wordpress\/ -->\n<title>Orthex Tiedotteet &amp; Media - Orthex Group<\/title>\n<meta name=\"description\" content=\"T\u00e4\u00e4lt\u00e4 l\u00f6yd\u00e4t Orthex-uutiset: P\u00f6rssitiedotteet, johdon liiketoimet ja lehdist\u00f6tiedotteet. Voit my\u00f6s tilata tiedotteet s\u00e4hk\u00f6postiisi.\" \/>\n<meta name=\"robots\" content=\"index, follow, max-snippet:-1, max-image-preview:large, max-video-preview:-1\" \/>\n<link rel=\"canonical\" href=\"https:\/\/investors.orthexgroup.com\/fi\/media\/\" \/>\n<meta property=\"og:locale\" content=\"fi_FI\" \/>\n<meta property=\"og:type\" content=\"article\" \/>\n<meta property=\"og:title\" content=\"Orthex Tiedotteet &amp; Media - Orthex Group\" \/>\n<meta property=\"og:description\" content=\"T\u00e4\u00e4lt\u00e4 l\u00f6yd\u00e4t Orthex-uutiset: P\u00f6rssitiedotteet, johdon liiketoimet ja lehdist\u00f6tiedotteet. Voit my\u00f6s tilata tiedotteet s\u00e4hk\u00f6postiisi.\" \/>\n<meta property=\"og:url\" content=\"https:\/\/investors.orthexgroup.com\/fi\/media\/\" \/>\n<meta property=\"og:site_name\" content=\"Orthex Group\" \/>\n<meta property=\"article:modified_time\" content=\"2025-07-11T13:01:14+00:00\" \/>\n<meta name=\"twitter:card\" content=\"summary_large_image\" \/>\n<meta name=\"twitter:label1\" content=\"Arvioitu lukuaika\" \/>\n\t<meta name=\"twitter:data1\" content=\"1 minuutti\" \/>\n<script type=\"application\/ld+json\" class=\"yoast-schema-graph\">{\"@context\":\"https:\/\/schema.org\",\"@graph\":[{\"@type\":\"WebPage\",\"@id\":\"https:\/\/investors.orthexgroup.com\/fi\/media\/\",\"url\":\"https:\/\/investors.orthexgroup.com\/fi\/media\/\",\"name\":\"Orthex Tiedotteet & Media - Orthex Group\",\"isPartOf\":{\"@id\":\"https:\/\/investors.orthexgroup.com\/fi\/#website\"},\"datePublished\":\"2021-03-25T14:33:04+00:00\",\"dateModified\":\"2025-07-11T13:01:14+00:00\",\"description\":\"T\u00e4\u00e4lt\u00e4 l\u00f6yd\u00e4t Orthex-uutiset: P\u00f6rssitiedotteet, johdon liiketoimet ja lehdist\u00f6tiedotteet. Voit my\u00f6s tilata tiedotteet s\u00e4hk\u00f6postiisi.\",\"breadcrumb\":{\"@id\":\"https:\/\/investors.orthexgroup.com\/fi\/media\/#breadcrumb\"},\"inLanguage\":\"fi\",\"potentialAction\":[{\"@type\":\"ReadAction\",\"target\":[\"https:\/\/investors.orthexgroup.com\/fi\/media\/\"]}]},{\"@type\":\"BreadcrumbList\",\"@id\":\"https:\/\/investors.orthexgroup.com\/fi\/media\/#breadcrumb\",\"itemListElement\":[{\"@type\":\"ListItem\",\"position\":1,\"name\":\"Etusivu\",\"item\":\"https:\/\/investors.orthexgroup.com\/fi\/\"},{\"@type\":\"ListItem\",\"position\":2,\"name\":\"Media\"}]},{\"@type\":\"WebSite\",\"@id\":\"https:\/\/investors.orthexgroup.com\/fi\/#website\",\"url\":\"https:\/\/investors.orthexgroup.com\/fi\/\",\"name\":\"Orthex Group\",\"description\":\"Tietoa Orthex Group Oyn listautumisannista\",\"publisher\":{\"@id\":\"https:\/\/investors.orthexgroup.com\/fi\/#organization\"},\"potentialAction\":[{\"@type\":\"SearchAction\",\"target\":{\"@type\":\"EntryPoint\",\"urlTemplate\":\"https:\/\/investors.orthexgroup.com\/fi\/?s={search_term_string}\"},\"query-input\":{\"@type\":\"PropertyValueSpecification\",\"valueRequired\":true,\"valueName\":\"search_term_string\"}}],\"inLanguage\":\"fi\"},{\"@type\":\"Organization\",\"@id\":\"https:\/\/investors.orthexgroup.com\/fi\/#organization\",\"name\":\"Orthex Group\",\"url\":\"https:\/\/investors.orthexgroup.com\/fi\/\",\"logo\":{\"@type\":\"ImageObject\",\"inLanguage\":\"fi\",\"@id\":\"https:\/\/investors.orthexgroup.com\/fi\/#\/schema\/logo\/image\/\",\"url\":\"https:\/\/investors.orthexgroup.com\/wp-content\/uploads\/2021\/01\/orthex-group-logo.svg\",\"contentUrl\":\"https:\/\/investors.orthexgroup.com\/wp-content\/uploads\/2021\/01\/orthex-group-logo.svg\",\"width\":129,\"height\":57,\"caption\":\"Orthex Group\"},\"image\":{\"@id\":\"https:\/\/investors.orthexgroup.com\/fi\/#\/schema\/logo\/image\/\"}}]}<\/script>\n<!-- \/ Yoast SEO plugin. -->","yoast_head_json":{"title":"Orthex Tiedotteet & Media - Orthex Group","description":"T\u00e4\u00e4lt\u00e4 l\u00f6yd\u00e4t Orthex-uutiset: P\u00f6rssitiedotteet, johdon liiketoimet ja lehdist\u00f6tiedotteet. Voit my\u00f6s tilata tiedotteet s\u00e4hk\u00f6postiisi.","robots":{"index":"index","follow":"follow","max-snippet":"max-snippet:-1","max-image-preview":"max-image-preview:large","max-video-preview":"max-video-preview:-1"},"canonical":"https:\/\/investors.orthexgroup.com\/fi\/media\/","og_locale":"fi_FI","og_type":"article","og_title":"Orthex Tiedotteet & Media - Orthex Group","og_description":"T\u00e4\u00e4lt\u00e4 l\u00f6yd\u00e4t Orthex-uutiset: P\u00f6rssitiedotteet, johdon liiketoimet ja lehdist\u00f6tiedotteet. Voit my\u00f6s tilata tiedotteet s\u00e4hk\u00f6postiisi.","og_url":"https:\/\/investors.orthexgroup.com\/fi\/media\/","og_site_name":"Orthex Group","article_modified_time":"2025-07-11T13:01:14+00:00","twitter_card":"summary_large_image","twitter_misc":{"Arvioitu lukuaika":"1 minuutti"},"schema":{"@context":"https:\/\/schema.org","@graph":[{"@type":"WebPage","@id":"https:\/\/investors.orthexgroup.com\/fi\/media\/","url":"https:\/\/investors.orthexgroup.com\/fi\/media\/","name":"Orthex Tiedotteet & Media - Orthex Group","isPartOf":{"@id":"https:\/\/investors.orthexgroup.com\/fi\/#website"},"datePublished":"2021-03-25T14:33:04+00:00","dateModified":"2025-07-11T13:01:14+00:00","description":"T\u00e4\u00e4lt\u00e4 l\u00f6yd\u00e4t Orthex-uutiset: P\u00f6rssitiedotteet, johdon liiketoimet ja lehdist\u00f6tiedotteet. Voit my\u00f6s tilata tiedotteet s\u00e4hk\u00f6postiisi.","breadcrumb":{"@id":"https:\/\/investors.orthexgroup.com\/fi\/media\/#breadcrumb"},"inLanguage":"fi","potentialAction":[{"@type":"ReadAction","target":["https:\/\/investors.orthexgroup.com\/fi\/media\/"]}]},{"@type":"BreadcrumbList","@id":"https:\/\/investors.orthexgroup.com\/fi\/media\/#breadcrumb","itemListElement":[{"@type":"ListItem","position":1,"name":"Etusivu","item":"https:\/\/investors.orthexgroup.com\/fi\/"},{"@type":"ListItem","position":2,"name":"Media"}]},{"@type":"WebSite","@id":"https:\/\/investors.orthexgroup.com\/fi\/#website","url":"https:\/\/investors.orthexgroup.com\/fi\/","name":"Orthex Group","description":"Tietoa Orthex Group Oyn listautumisannista","publisher":{"@id":"https:\/\/investors.orthexgroup.com\/fi\/#organization"},"potentialAction":[{"@type":"SearchAction","target":{"@type":"EntryPoint","urlTemplate":"https:\/\/investors.orthexgroup.com\/fi\/?s={search_term_string}"},"query-input":{"@type":"PropertyValueSpecification","valueRequired":true,"valueName":"search_term_string"}}],"inLanguage":"fi"},{"@type":"Organization","@id":"https:\/\/investors.orthexgroup.com\/fi\/#organization","name":"Orthex Group","url":"https:\/\/investors.orthexgroup.com\/fi\/","logo":{"@type":"ImageObject","inLanguage":"fi","@id":"https:\/\/investors.orthexgroup.com\/fi\/#\/schema\/logo\/image\/","url":"https:\/\/investors.orthexgroup.com\/wp-content\/uploads\/2021\/01\/orthex-group-logo.svg","contentUrl":"https:\/\/investors.orthexgroup.com\/wp-content\/uploads\/2021\/01\/orthex-group-logo.svg","width":129,"height":57,"caption":"Orthex Group"},"image":{"@id":"https:\/\/investors.orthexgroup.com\/fi\/#\/schema\/logo\/image\/"}}]}},"_links":{"self":[{"href":"https:\/\/investors.orthexgroup.com\/fi\/wp-json\/wp\/v2\/pages\/745","targetHints":{"allow":["GET"]}}],"collection":[{"href":"https:\/\/investors.orthexgroup.com\/fi\/wp-json\/wp\/v2\/pages"}],"about":[{"href":"https:\/\/investors.orthexgroup.com\/fi\/wp-json\/wp\/v2\/types\/page"}],"author":[{"embeddable":true,"href":"https:\/\/investors.orthexgroup.com\/fi\/wp-json\/wp\/v2\/users\/1"}],"replies":[{"embeddable":true,"href":"https:\/\/investors.orthexgroup.com\/fi\/wp-json\/wp\/v2\/comments?post=745"}],"version-history":[{"count":5,"href":"https:\/\/investors.orthexgroup.com\/fi\/wp-json\/wp\/v2\/pages\/745\/revisions"}],"predecessor-version":[{"id":3894,"href":"https:\/\/investors.orthexgroup.com\/fi\/wp-json\/wp\/v2\/pages\/745\/revisions\/3894"}],"wp:attachment":[{"href":"https:\/\/investors.orthexgroup.com\/fi\/wp-json\/wp\/v2\/media?parent=745"}],"curies":[{"name":"wp","href":"https:\/\/api.w.org\/{rel}","templated":true}]}}